{"id":8693,"date":"2023-06-28T13:58:21","date_gmt":"2023-06-28T10:58:21","guid":{"rendered":"https:\/\/eestispaad.ee\/product\/kinkekaart-100\/"},"modified":"2026-02-13T11:33:31","modified_gmt":"2026-02-13T09:33:31","slug":"davanukarte-100","status":"publish","type":"product","link":"https:\/\/eestispaad.ee\/lv\/product\/davanukarte-100\/","title":{"rendered":"D\u0101vanu karte 100\u20ac"},"content":{"rendered":"<ul>\r\n<li>J\u016bs varat izv\u0113l\u0113ties piem\u0113rotu pakalpojumu par d\u0101vanu kart\u0113 nor\u0101d\u012bto summu.<\/li>\r\n<li>D\u0101vanu karte ir der\u012bga 12 m\u0113ne\u0161us. D\u0101vanu karti var izmantot uz kartes nor\u0101d\u012btaj\u0101 der\u012bguma termi\u0146\u0101.<\/li>\r\n<li>D\u0101vanu karte nav atmaks\u0101jama, un to nevar apmain\u012bt pret skaidru naudu.<\/li>\r\n<li>Ja pirkuma summa ir maz\u0101ka par kartes v\u0113rt\u012bbu, neizmantot\u0101 summa netiks atmaks\u0101ta.<\/li>\r\n<\/ul>\r\n<p><strong>D\u0101vanu karti var izmantot:<\/strong><\/p>\r\n<ul>\r\n<li><a href=\"https:\/\/www.aurakeskus.ee\/\">Aura Keskus<\/a><\/li>\r\n<!-- \/wp:post-content -->\r\n\r\n<!-- wp:list-item -->\r\n<li><a href=\"https:\/\/eestispaad.ee\/hotel\/estonia-medical-spa-hotel\/\">Estonia Medical Spa &amp; Hotel<\/a><\/li>\r\n<!-- \/wp:list-item -->\r\n\r\n<!-- wp:list-item -->\r\n<li><a href=\"https:\/\/eestispaad.ee\/hotel\/estonia-resort-hotel-spa\/\">Estonia Resort Hotel &amp; Spa<\/a><\/li>\r\n<!-- \/wp:list-item -->\r\n\r\n<!-- wp:list-item -->\r\n<li><a href=\"https:\/\/eestispaad.ee\/hotel\/fra-mare-thalasso-spa\/\">Fra Mare Thalasso Spa<\/a><\/li>\r\n<!-- \/wp:list-item -->\r\n\r\n<!-- wp:list-item -->\r\n<li><a href=\"https:\/\/eestispaad.ee\/hotel\/kalev-spa-hotell-veekeskus\/\">Kalev Spa Hotell &amp; Veekeskus<\/a><\/li>\r\n<!-- \/wp:list-item -->\r\n\r\n<!-- wp:list-item -->\r\n<li><a href=\"https:\/\/eestispaad.ee\/hotel\/lossispaa-wagenkull\/\">Lossispaa Wagenk\u00fcll<\/a><\/li>\r\n<!-- \/wp:list-item -->\r\n\r\n<!-- wp:list-item -->\r\n<li><a href=\"https:\/\/eestispaad.ee\/hotel\/narva-joesuu-medical-spa\/\">Narva-J\u00f5esuu Medical Spa<\/a><\/li>\r\n<!-- \/wp:list-item -->\r\n\r\n<!-- wp:list-item -->\r\n<li><a href=\"https:\/\/eestispaad.ee\/hotel\/puhajarve-spa-puhkekeskus\/\">P\u00fchaj\u00e4rve Spa &amp; Puhkekeskus<\/a><\/li>\r\n<!-- \/wp:list-item -->\r\n\r\n<!-- wp:list-item -->\r\n<li><a href=\"https:\/\/eestispaad.ee\/hotel\/suure-jaani-tervisekoda-veekeskus\/\">Suure-Jaani Tervisekoda<\/a><\/li>\r\n<!-- \/wp:list-item -->\r\n\r\n<!-- wp:list-item -->\r\n<li><a href=\"https:\/\/eestispaad.ee\/hotel\/tervis-ravispaahotell\/\">Tervis Ravispaahotell<\/a><\/li>\r\n<!-- \/wp:list-item -->\r\n\r\n<!-- wp:list-item -->\r\n<li><a href=\"https:\/\/eestispaad.ee\/hotel\/tervise-paradiis-spaa-hotell-ja-veekeskus\/\">Tervise Paradiis Spa Hotell &amp; Veekeskus<\/a><\/li>\r\n<!-- \/wp:list-item -->\r\n\r\n<!-- wp:list-item -->\r\n<li><a href=\"https:\/\/eestispaad.ee\/hotel\/toila-spa-hotell\/\">Toila Spa Hotell<\/a><\/li>\r\n<!-- \/wp:list-item -->\r\n\r\n<!-- wp:list-item -->\r\n<li><a href=\"https:\/\/eestispaad.ee\/hotel\/varska-kuurortravikeskus\/\">V\u00e4rska Kuurortravikeskus<\/a><\/li>\r\n<!-- \/wp:list-item -->\r\n\r\n<!-- wp:list-item -->\r\n<li><a href=\"https:\/\/eestispaad.ee\/hotel\/viiking-spaa-hotell\/\">Viiking Spa Hotel<\/a><\/li>\r\n<!-- \/wp:list-item -->\r\n\r\n<!-- wp:list-item -->\r\n<li><a href=\"https:\/\/eestispaad.ee\/hotel\/v-spa\/\">V Spa<\/a><\/li>\r\n<!-- \/wp:list-item --><\/ul>\r\n<!-- \/wp:list -->","protected":false},"excerpt":{"rendered":"<p>J\u016bs varat izv\u0113l\u0113ties piem\u0113rotu pakalpojumu par d\u0101vanu kart\u0113 nor\u0101d\u012bto summu. D\u0101vanu karte ir der\u012bga 12 m\u0113ne\u0161us. D\u0101vanu karti var izmantot uz kartes nor\u0101d\u012btaj\u0101 der\u012bguma termi\u0146\u0101. D\u0101vanu karte nav atmaks\u0101jama, un to nevar apmain\u012bt pret skaidru naudu. Ja pirkuma summa ir maz\u0101ka par kartes v\u0113rt\u012bbu, neizmantot\u0101 summa netiks atmaks\u0101ta. D\u0101vanu karti var izmantot: Aura Keskus Estonia [&hellip;]<\/p>\n","protected":false},"featured_media":8695,"comment_status":"open","ping_status":"closed","template":"","meta":[],"product_brand":[],"product_cat":[636],"product_tag":[],"class_list":{"0":"post-8693","1":"product","2":"type-product","3":"status-publish","4":"has-post-thumbnail","6":"product_cat-davanu-karte","8":"first","9":"instock","10":"virtual","11":"purchasable","12":"product-type-simple"},"acf":[],"yoast_head":"<!-- This site is optimized with the Yoast SEO plugin v26.8 - https:\/\/yoast.com\/product\/yoast-seo-wordpress\/ -->\n<title>D\u0101vanu karte 100\u20ac spaahotellidele \u00fcle Eesti - Eestispaad<\/title>\n<meta name=\"description\" content=\"Eesti spaade kinkekaart - see on ideaalne v\u00f5imalus kinkida oma l\u00e4hedasele meeldej\u00e4\u00e4vaid elamusi ja l\u00f5\u00f5gastavaid puhkusehetki. Leia k\u00f5ige lemmikum spaa!\" \/>\n<meta name=\"robots\" content=\"index, follow, max-snippet:-1, max-image-preview:large, max-video-preview:-1\" \/>\n<link rel=\"canonical\" href=\"https:\/\/eestispaad.ee\/lv\/product\/davanukarte-100\/\" \/>\n<meta property=\"og:locale\" content=\"lv_LV\" \/>\n<meta property=\"og:type\" content=\"article\" \/>\n<meta property=\"og:title\" content=\"D\u0101vanu karte 100\u20ac spaahotellidele \u00fcle Eesti - Eestispaad\" \/>\n<meta property=\"og:description\" content=\"Eesti spaade kinkekaart - see on ideaalne v\u00f5imalus kinkida oma l\u00e4hedasele meeldej\u00e4\u00e4vaid elamusi ja l\u00f5\u00f5gastavaid puhkusehetki. Leia k\u00f5ige lemmikum spaa!\" \/>\n<meta property=\"og:url\" content=\"https:\/\/eestispaad.ee\/lv\/product\/davanukarte-100\/\" \/>\n<meta property=\"og:site_name\" content=\"Eestispaad\" \/>\n<meta property=\"article:publisher\" content=\"https:\/\/www.facebook.com\/estonianspas\" \/>\n<meta property=\"article:modified_time\" content=\"2026-02-13T09:33:31+00:00\" \/>\n<meta property=\"og:image\" content=\"https:\/\/eestispaad.ee\/wp-content\/uploads\/2023\/06\/espal_kinkekaart_hotell_1080x1080_Insta2.jpg\" \/>\n\t<meta property=\"og:image:width\" content=\"1080\" \/>\n\t<meta property=\"og:image:height\" content=\"770\" \/>\n\t<meta property=\"og:image:type\" content=\"image\/jpeg\" \/>\n<meta name=\"twitter:card\" content=\"summary_large_image\" \/>\n<meta name=\"twitter:label1\" content=\"Est. reading time\" \/>\n\t<meta name=\"twitter:data1\" content=\"1 minute\" \/>\n<script type=\"application\/ld+json\" class=\"yoast-schema-graph\">{\"@context\":\"https:\/\/schema.org\",\"@graph\":[{\"@type\":\"WebPage\",\"@id\":\"https:\/\/eestispaad.ee\/lv\/product\/davanukarte-100\/\",\"url\":\"https:\/\/eestispaad.ee\/lv\/product\/davanukarte-100\/\",\"name\":\"D\u0101vanu karte 100\u20ac spaahotellidele \u00fcle Eesti - Eestispaad\",\"isPartOf\":{\"@id\":\"https:\/\/eestispaad.ee\/#website\"},\"primaryImageOfPage\":{\"@id\":\"https:\/\/eestispaad.ee\/lv\/product\/davanukarte-100\/#primaryimage\"},\"image\":{\"@id\":\"https:\/\/eestispaad.ee\/lv\/product\/davanukarte-100\/#primaryimage\"},\"thumbnailUrl\":\"https:\/\/eestispaad.ee\/wp-content\/uploads\/2023\/06\/espal_kinkekaart_hotell_1080x1080_Insta2.jpg\",\"datePublished\":\"2023-06-28T10:58:21+00:00\",\"dateModified\":\"2026-02-13T09:33:31+00:00\",\"description\":\"Eesti spaade kinkekaart - see on ideaalne v\u00f5imalus kinkida oma l\u00e4hedasele meeldej\u00e4\u00e4vaid elamusi ja l\u00f5\u00f5gastavaid puhkusehetki. Leia k\u00f5ige lemmikum spaa!\",\"breadcrumb\":{\"@id\":\"https:\/\/eestispaad.ee\/lv\/product\/davanukarte-100\/#breadcrumb\"},\"inLanguage\":\"lv-LV\",\"potentialAction\":[{\"@type\":\"ReadAction\",\"target\":[\"https:\/\/eestispaad.ee\/lv\/product\/davanukarte-100\/\"]}]},{\"@type\":\"ImageObject\",\"inLanguage\":\"lv-LV\",\"@id\":\"https:\/\/eestispaad.ee\/lv\/product\/davanukarte-100\/#primaryimage\",\"url\":\"https:\/\/eestispaad.ee\/wp-content\/uploads\/2023\/06\/espal_kinkekaart_hotell_1080x1080_Insta2.jpg\",\"contentUrl\":\"https:\/\/eestispaad.ee\/wp-content\/uploads\/2023\/06\/espal_kinkekaart_hotell_1080x1080_Insta2.jpg\",\"width\":1080,\"height\":770},{\"@type\":\"BreadcrumbList\",\"@id\":\"https:\/\/eestispaad.ee\/lv\/product\/davanukarte-100\/#breadcrumb\",\"itemListElement\":[{\"@type\":\"ListItem\",\"position\":1,\"name\":\"Home\",\"item\":\"https:\/\/eestispaad.ee\/lv\/\"},{\"@type\":\"ListItem\",\"position\":2,\"name\":\"Shop\",\"item\":\"https:\/\/eestispaad.ee\/lv\/shop\/\"},{\"@type\":\"ListItem\",\"position\":3,\"name\":\"D\u0101vanu karte 100\u20ac\"}]},{\"@type\":\"WebSite\",\"@id\":\"https:\/\/eestispaad.ee\/#website\",\"url\":\"https:\/\/eestispaad.ee\/\",\"name\":\"Eesti spaad\",\"description\":\"\",\"publisher\":{\"@id\":\"https:\/\/eestispaad.ee\/#organization\"},\"potentialAction\":[{\"@type\":\"SearchAction\",\"target\":{\"@type\":\"EntryPoint\",\"urlTemplate\":\"https:\/\/eestispaad.ee\/?s={search_term_string}\"},\"query-input\":{\"@type\":\"PropertyValueSpecification\",\"valueRequired\":true,\"valueName\":\"search_term_string\"}}],\"inLanguage\":\"lv-LV\"},{\"@type\":\"Organization\",\"@id\":\"https:\/\/eestispaad.ee\/#organization\",\"name\":\"Eesti spaad\",\"url\":\"https:\/\/eestispaad.ee\/\",\"logo\":{\"@type\":\"ImageObject\",\"inLanguage\":\"lv-LV\",\"@id\":\"https:\/\/eestispaad.ee\/#\/schema\/logo\/image\/\",\"url\":\"https:\/\/eestispaad.ee\/wp-content\/uploads\/2023\/12\/Screenshot-2023-12-09-at-21.42.51.png\",\"contentUrl\":\"https:\/\/eestispaad.ee\/wp-content\/uploads\/2023\/12\/Screenshot-2023-12-09-at-21.42.51.png\",\"width\":2130,\"height\":396,\"caption\":\"Eesti spaad\"},\"image\":{\"@id\":\"https:\/\/eestispaad.ee\/#\/schema\/logo\/image\/\"},\"sameAs\":[\"https:\/\/www.facebook.com\/estonianspas\"]}]}<\/script>\n<!-- \/ Yoast SEO plugin. -->","yoast_head_json":{"title":"D\u0101vanu karte 100\u20ac spaahotellidele \u00fcle Eesti - Eestispaad","description":"Eesti spaade kinkekaart - see on ideaalne v\u00f5imalus kinkida oma l\u00e4hedasele meeldej\u00e4\u00e4vaid elamusi ja l\u00f5\u00f5gastavaid puhkusehetki. Leia k\u00f5ige lemmikum spaa!","robots":{"index":"index","follow":"follow","max-snippet":"max-snippet:-1","max-image-preview":"max-image-preview:large","max-video-preview":"max-video-preview:-1"},"canonical":"https:\/\/eestispaad.ee\/lv\/product\/davanukarte-100\/","og_locale":"lv_LV","og_type":"article","og_title":"D\u0101vanu karte 100\u20ac spaahotellidele \u00fcle Eesti - Eestispaad","og_description":"Eesti spaade kinkekaart - see on ideaalne v\u00f5imalus kinkida oma l\u00e4hedasele meeldej\u00e4\u00e4vaid elamusi ja l\u00f5\u00f5gastavaid puhkusehetki. Leia k\u00f5ige lemmikum spaa!","og_url":"https:\/\/eestispaad.ee\/lv\/product\/davanukarte-100\/","og_site_name":"Eestispaad","article_publisher":"https:\/\/www.facebook.com\/estonianspas","article_modified_time":"2026-02-13T09:33:31+00:00","og_image":[{"width":1080,"height":770,"url":"https:\/\/eestispaad.ee\/wp-content\/uploads\/2023\/06\/espal_kinkekaart_hotell_1080x1080_Insta2.jpg","type":"image\/jpeg"}],"twitter_card":"summary_large_image","twitter_misc":{"Est. reading time":"1 minute"},"schema":{"@context":"https:\/\/schema.org","@graph":[{"@type":"WebPage","@id":"https:\/\/eestispaad.ee\/lv\/product\/davanukarte-100\/","url":"https:\/\/eestispaad.ee\/lv\/product\/davanukarte-100\/","name":"D\u0101vanu karte 100\u20ac spaahotellidele \u00fcle Eesti - Eestispaad","isPartOf":{"@id":"https:\/\/eestispaad.ee\/#website"},"primaryImageOfPage":{"@id":"https:\/\/eestispaad.ee\/lv\/product\/davanukarte-100\/#primaryimage"},"image":{"@id":"https:\/\/eestispaad.ee\/lv\/product\/davanukarte-100\/#primaryimage"},"thumbnailUrl":"https:\/\/eestispaad.ee\/wp-content\/uploads\/2023\/06\/espal_kinkekaart_hotell_1080x1080_Insta2.jpg","datePublished":"2023-06-28T10:58:21+00:00","dateModified":"2026-02-13T09:33:31+00:00","description":"Eesti spaade kinkekaart - see on ideaalne v\u00f5imalus kinkida oma l\u00e4hedasele meeldej\u00e4\u00e4vaid elamusi ja l\u00f5\u00f5gastavaid puhkusehetki. Leia k\u00f5ige lemmikum spaa!","breadcrumb":{"@id":"https:\/\/eestispaad.ee\/lv\/product\/davanukarte-100\/#breadcrumb"},"inLanguage":"lv-LV","potentialAction":[{"@type":"ReadAction","target":["https:\/\/eestispaad.ee\/lv\/product\/davanukarte-100\/"]}]},{"@type":"ImageObject","inLanguage":"lv-LV","@id":"https:\/\/eestispaad.ee\/lv\/product\/davanukarte-100\/#primaryimage","url":"https:\/\/eestispaad.ee\/wp-content\/uploads\/2023\/06\/espal_kinkekaart_hotell_1080x1080_Insta2.jpg","contentUrl":"https:\/\/eestispaad.ee\/wp-content\/uploads\/2023\/06\/espal_kinkekaart_hotell_1080x1080_Insta2.jpg","width":1080,"height":770},{"@type":"BreadcrumbList","@id":"https:\/\/eestispaad.ee\/lv\/product\/davanukarte-100\/#breadcrumb","itemListElement":[{"@type":"ListItem","position":1,"name":"Home","item":"https:\/\/eestispaad.ee\/lv\/"},{"@type":"ListItem","position":2,"name":"Shop","item":"https:\/\/eestispaad.ee\/lv\/shop\/"},{"@type":"ListItem","position":3,"name":"D\u0101vanu karte 100\u20ac"}]},{"@type":"WebSite","@id":"https:\/\/eestispaad.ee\/#website","url":"https:\/\/eestispaad.ee\/","name":"Eesti spaad","description":"","publisher":{"@id":"https:\/\/eestispaad.ee\/#organization"},"potentialAction":[{"@type":"SearchAction","target":{"@type":"EntryPoint","urlTemplate":"https:\/\/eestispaad.ee\/?s={search_term_string}"},"query-input":{"@type":"PropertyValueSpecification","valueRequired":true,"valueName":"search_term_string"}}],"inLanguage":"lv-LV"},{"@type":"Organization","@id":"https:\/\/eestispaad.ee\/#organization","name":"Eesti spaad","url":"https:\/\/eestispaad.ee\/","logo":{"@type":"ImageObject","inLanguage":"lv-LV","@id":"https:\/\/eestispaad.ee\/#\/schema\/logo\/image\/","url":"https:\/\/eestispaad.ee\/wp-content\/uploads\/2023\/12\/Screenshot-2023-12-09-at-21.42.51.png","contentUrl":"https:\/\/eestispaad.ee\/wp-content\/uploads\/2023\/12\/Screenshot-2023-12-09-at-21.42.51.png","width":2130,"height":396,"caption":"Eesti spaad"},"image":{"@id":"https:\/\/eestispaad.ee\/#\/schema\/logo\/image\/"},"sameAs":["https:\/\/www.facebook.com\/estonianspas"]}]}},"_links":{"self":[{"href":"https:\/\/eestispaad.ee\/lv\/wp-json\/wp\/v2\/product\/8693","targetHints":{"allow":["GET"]}}],"collection":[{"href":"https:\/\/eestispaad.ee\/lv\/wp-json\/wp\/v2\/product"}],"about":[{"href":"https:\/\/eestispaad.ee\/lv\/wp-json\/wp\/v2\/types\/product"}],"replies":[{"embeddable":true,"href":"https:\/\/eestispaad.ee\/lv\/wp-json\/wp\/v2\/comments?post=8693"}],"wp:featuredmedia":[{"embeddable":true,"href":"https:\/\/eestispaad.ee\/lv\/wp-json\/wp\/v2\/media\/8695"}],"wp:attachment":[{"href":"https:\/\/eestispaad.ee\/lv\/wp-json\/wp\/v2\/media?parent=8693"}],"wp:term":[{"taxonomy":"product_brand","embeddable":true,"href":"https:\/\/eestispaad.ee\/lv\/wp-json\/wp\/v2\/product_brand?post=8693"},{"taxonomy":"product_cat","embeddable":true,"href":"https:\/\/eestispaad.ee\/lv\/wp-json\/wp\/v2\/product_cat?post=8693"},{"taxonomy":"product_tag","embeddable":true,"href":"https:\/\/eestispaad.ee\/lv\/wp-json\/wp\/v2\/product_tag?post=8693"}],"curies":[{"name":"wp","href":"https:\/\/api.w.org\/{rel}","templated":true}]}}