{"id":7557,"date":"2024-05-22T16:21:02","date_gmt":"2024-05-22T13:21:02","guid":{"rendered":"https:\/\/eestispaad.ee\/?post_type=product&#038;p=7557"},"modified":"2024-05-22T16:27:51","modified_gmt":"2024-05-22T13:27:51","slug":"trim-slim-ar-infrasarkano-paklaju-75-min-v-spa","status":"publish","type":"product","link":"https:\/\/eestispaad.ee\/lv\/product\/trim-slim-ar-infrasarkano-paklaju-75-min-v-spa\/","title":{"rendered":"Trim &amp; Slim ar infrasarkano pakl\u0101ju (75 min) V Spa"},"content":{"rendered":"<p>\u0160okol\u0101des-piparm\u0113tru \u0137ermeni slaidino\u0161a proced\u016bra ar infrasarkano segu. Proced\u016bra ietver visa \u0137erme\u0146a p\u012blingu ar piparm\u0113tru-\u0161okol\u0101des skrubi, \u0137erme\u0146a masku ar j\u016bras miner\u0101liem un pretcelul\u012bta kr\u0113mu. infrasarkan\u0101 sega aktiviz\u0113 maskas iedarb\u012bbu. Prooced\u016bra pal\u012bdz mazin\u0101t celul\u012btu, atsvaidzina un sniedz atvieglojuma saj\u016btu.<\/p>\n<p>Infrasarkan\u0101s segas temperat\u016bras diapazons ir 40-50 gr\u0101di. Indik\u0101cijas: celul\u012bts, musku\u013cu sasprindzin\u0101jums, va\u013c\u012bga \u0101da, miega probl\u0113mas, piet\u016bkums. Kontrindik\u0101cijas: \u0101das slim\u012bbas, apdegumi, mugurkaula slim\u012bbas, v\u012brusu slim\u012bbas ar drudzi, elektrokardiostimulators, l\u016bzumi, cukura diab\u0113ts, audz\u0113ji, nesen veiktas oper\u0101cijas, osteoporoze, asinsspiediena slim\u012bbas, gr\u016btniec\u012bba, z\u012bd\u012b\u0161ana, anhidroze, implanti (ar\u012b met\u0101la loc\u012btavas).<\/p>\n","protected":false},"excerpt":{"rendered":"<p>\u0160okol\u0101des-piparm\u0113tru \u0137ermeni slaidino\u0161a proced\u016bra ar infrasarkano segu. Proced\u016bra ietver visa \u0137erme\u0146a p\u012blingu ar piparm\u0113tru-\u0161okol\u0101des skrubi, \u0137erme\u0146a masku ar j\u016bras miner\u0101liem un pretcelul\u012bta kr\u0113mu. infrasarkan\u0101 sega aktiviz\u0113 maskas iedarb\u012bbu. Prooced\u016bra pal\u012bdz mazin\u0101t celul\u012btu, atsvaidzina un sniedz atvieglojuma saj\u016btu. Infrasarkan\u0101s segas temperat\u016bras diapazons ir 40-50 gr\u0101di. Indik\u0101cijas: celul\u012bts, musku\u013cu sasprindzin\u0101jums, va\u013c\u012bga \u0101da, miega probl\u0113mas, piet\u016bkums. Kontrindik\u0101cijas: \u0101das [&hellip;]<\/p>\n","protected":false},"featured_media":7553,"comment_status":"open","ping_status":"closed","template":"","meta":[],"product_brand":[],"product_cat":[458],"product_tag":[],"class_list":{"0":"post-7557","1":"product","2":"type-product","3":"status-publish","4":"has-post-thumbnail","6":"product_cat-proceduras","8":"first","9":"instock","10":"virtual","11":"purchasable","12":"product-type-simple"},"acf":[],"yoast_head":"<!-- This site is optimized with the Yoast SEO plugin v26.8 - https:\/\/yoast.com\/product\/yoast-seo-wordpress\/ -->\n<title>Trim &amp; Slim ar infrasarkano pakl\u0101ju (75 min) V Spa - Eestispaad<\/title>\n<meta name=\"robots\" content=\"index, follow, max-snippet:-1, max-image-preview:large, max-video-preview:-1\" \/>\n<link rel=\"canonical\" href=\"https:\/\/eestispaad.ee\/lv\/product\/trim-slim-ar-infrasarkano-paklaju-75-min-v-spa\/\" \/>\n<meta property=\"og:locale\" content=\"lv_LV\" \/>\n<meta property=\"og:type\" content=\"article\" \/>\n<meta property=\"og:title\" content=\"Trim &amp; Slim ar infrasarkano pakl\u0101ju (75 min) V Spa - Eestispaad\" \/>\n<meta property=\"og:description\" content=\"\u0160okol\u0101des-piparm\u0113tru \u0137ermeni slaidino\u0161a proced\u016bra ar infrasarkano segu. Proced\u016bra ietver visa \u0137erme\u0146a p\u012blingu ar piparm\u0113tru-\u0161okol\u0101des skrubi, \u0137erme\u0146a masku ar j\u016bras miner\u0101liem un pretcelul\u012bta kr\u0113mu. infrasarkan\u0101 sega aktiviz\u0113 maskas iedarb\u012bbu. Prooced\u016bra pal\u012bdz mazin\u0101t celul\u012btu, atsvaidzina un sniedz atvieglojuma saj\u016btu. Infrasarkan\u0101s segas temperat\u016bras diapazons ir 40-50 gr\u0101di. Indik\u0101cijas: celul\u012bts, musku\u013cu sasprindzin\u0101jums, va\u013c\u012bga \u0101da, miega probl\u0113mas, piet\u016bkums. Kontrindik\u0101cijas: \u0101das [&hellip;]\" \/>\n<meta property=\"og:url\" content=\"https:\/\/eestispaad.ee\/lv\/product\/trim-slim-ar-infrasarkano-paklaju-75-min-v-spa\/\" \/>\n<meta property=\"og:site_name\" content=\"Eestispaad\" \/>\n<meta property=\"article:publisher\" content=\"https:\/\/www.facebook.com\/estonianspas\" \/>\n<meta property=\"article:modified_time\" content=\"2024-05-22T13:27:51+00:00\" \/>\n<meta property=\"og:image\" content=\"https:\/\/eestispaad.ee\/wp-content\/uploads\/2024\/05\/PA7A1057-copy-scaled.jpg\" \/>\n\t<meta property=\"og:image:width\" content=\"2560\" \/>\n\t<meta property=\"og:image:height\" content=\"1688\" \/>\n\t<meta property=\"og:image:type\" content=\"image\/jpeg\" \/>\n<meta name=\"twitter:card\" content=\"summary_large_image\" \/>\n<meta name=\"twitter:label1\" content=\"Est. reading time\" \/>\n\t<meta name=\"twitter:data1\" content=\"1 minute\" \/>\n<script type=\"application\/ld+json\" class=\"yoast-schema-graph\">{\"@context\":\"https:\/\/schema.org\",\"@graph\":[{\"@type\":\"WebPage\",\"@id\":\"https:\/\/eestispaad.ee\/lv\/product\/trim-slim-ar-infrasarkano-paklaju-75-min-v-spa\/\",\"url\":\"https:\/\/eestispaad.ee\/lv\/product\/trim-slim-ar-infrasarkano-paklaju-75-min-v-spa\/\",\"name\":\"Trim &amp; Slim ar infrasarkano pakl\u0101ju (75 min) V Spa - Eestispaad\",\"isPartOf\":{\"@id\":\"https:\/\/eestispaad.ee\/#website\"},\"primaryImageOfPage\":{\"@id\":\"https:\/\/eestispaad.ee\/lv\/product\/trim-slim-ar-infrasarkano-paklaju-75-min-v-spa\/#primaryimage\"},\"image\":{\"@id\":\"https:\/\/eestispaad.ee\/lv\/product\/trim-slim-ar-infrasarkano-paklaju-75-min-v-spa\/#primaryimage\"},\"thumbnailUrl\":\"https:\/\/eestispaad.ee\/wp-content\/uploads\/2024\/05\/PA7A1057-copy-scaled.jpg\",\"datePublished\":\"2024-05-22T13:21:02+00:00\",\"dateModified\":\"2024-05-22T13:27:51+00:00\",\"breadcrumb\":{\"@id\":\"https:\/\/eestispaad.ee\/lv\/product\/trim-slim-ar-infrasarkano-paklaju-75-min-v-spa\/#breadcrumb\"},\"inLanguage\":\"lv-LV\",\"potentialAction\":[{\"@type\":\"ReadAction\",\"target\":[\"https:\/\/eestispaad.ee\/lv\/product\/trim-slim-ar-infrasarkano-paklaju-75-min-v-spa\/\"]}]},{\"@type\":\"ImageObject\",\"inLanguage\":\"lv-LV\",\"@id\":\"https:\/\/eestispaad.ee\/lv\/product\/trim-slim-ar-infrasarkano-paklaju-75-min-v-spa\/#primaryimage\",\"url\":\"https:\/\/eestispaad.ee\/wp-content\/uploads\/2024\/05\/PA7A1057-copy-scaled.jpg\",\"contentUrl\":\"https:\/\/eestispaad.ee\/wp-content\/uploads\/2024\/05\/PA7A1057-copy-scaled.jpg\",\"width\":2560,\"height\":1688},{\"@type\":\"BreadcrumbList\",\"@id\":\"https:\/\/eestispaad.ee\/lv\/product\/trim-slim-ar-infrasarkano-paklaju-75-min-v-spa\/#breadcrumb\",\"itemListElement\":[{\"@type\":\"ListItem\",\"position\":1,\"name\":\"Home\",\"item\":\"https:\/\/eestispaad.ee\/lv\/\"},{\"@type\":\"ListItem\",\"position\":2,\"name\":\"Shop\",\"item\":\"https:\/\/eestispaad.ee\/lv\/shop\/\"},{\"@type\":\"ListItem\",\"position\":3,\"name\":\"Trim &amp; Slim ar infrasarkano pakl\u0101ju (75 min) V Spa\"}]},{\"@type\":\"WebSite\",\"@id\":\"https:\/\/eestispaad.ee\/#website\",\"url\":\"https:\/\/eestispaad.ee\/\",\"name\":\"Eesti spaad\",\"description\":\"\",\"publisher\":{\"@id\":\"https:\/\/eestispaad.ee\/#organization\"},\"potentialAction\":[{\"@type\":\"SearchAction\",\"target\":{\"@type\":\"EntryPoint\",\"urlTemplate\":\"https:\/\/eestispaad.ee\/?s={search_term_string}\"},\"query-input\":{\"@type\":\"PropertyValueSpecification\",\"valueRequired\":true,\"valueName\":\"search_term_string\"}}],\"inLanguage\":\"lv-LV\"},{\"@type\":\"Organization\",\"@id\":\"https:\/\/eestispaad.ee\/#organization\",\"name\":\"Eesti spaad\",\"url\":\"https:\/\/eestispaad.ee\/\",\"logo\":{\"@type\":\"ImageObject\",\"inLanguage\":\"lv-LV\",\"@id\":\"https:\/\/eestispaad.ee\/#\/schema\/logo\/image\/\",\"url\":\"https:\/\/eestispaad.ee\/wp-content\/uploads\/2023\/12\/Screenshot-2023-12-09-at-21.42.51.png\",\"contentUrl\":\"https:\/\/eestispaad.ee\/wp-content\/uploads\/2023\/12\/Screenshot-2023-12-09-at-21.42.51.png\",\"width\":2130,\"height\":396,\"caption\":\"Eesti spaad\"},\"image\":{\"@id\":\"https:\/\/eestispaad.ee\/#\/schema\/logo\/image\/\"},\"sameAs\":[\"https:\/\/www.facebook.com\/estonianspas\"]}]}<\/script>\n<!-- \/ Yoast SEO plugin. -->","yoast_head_json":{"title":"Trim &amp; Slim ar infrasarkano pakl\u0101ju (75 min) V Spa - Eestispaad","robots":{"index":"index","follow":"follow","max-snippet":"max-snippet:-1","max-image-preview":"max-image-preview:large","max-video-preview":"max-video-preview:-1"},"canonical":"https:\/\/eestispaad.ee\/lv\/product\/trim-slim-ar-infrasarkano-paklaju-75-min-v-spa\/","og_locale":"lv_LV","og_type":"article","og_title":"Trim &amp; Slim ar infrasarkano pakl\u0101ju (75 min) V Spa - Eestispaad","og_description":"\u0160okol\u0101des-piparm\u0113tru \u0137ermeni slaidino\u0161a proced\u016bra ar infrasarkano segu. Proced\u016bra ietver visa \u0137erme\u0146a p\u012blingu ar piparm\u0113tru-\u0161okol\u0101des skrubi, \u0137erme\u0146a masku ar j\u016bras miner\u0101liem un pretcelul\u012bta kr\u0113mu. infrasarkan\u0101 sega aktiviz\u0113 maskas iedarb\u012bbu. Prooced\u016bra pal\u012bdz mazin\u0101t celul\u012btu, atsvaidzina un sniedz atvieglojuma saj\u016btu. Infrasarkan\u0101s segas temperat\u016bras diapazons ir 40-50 gr\u0101di. Indik\u0101cijas: celul\u012bts, musku\u013cu sasprindzin\u0101jums, va\u013c\u012bga \u0101da, miega probl\u0113mas, piet\u016bkums. Kontrindik\u0101cijas: \u0101das [&hellip;]","og_url":"https:\/\/eestispaad.ee\/lv\/product\/trim-slim-ar-infrasarkano-paklaju-75-min-v-spa\/","og_site_name":"Eestispaad","article_publisher":"https:\/\/www.facebook.com\/estonianspas","article_modified_time":"2024-05-22T13:27:51+00:00","og_image":[{"width":2560,"height":1688,"url":"https:\/\/eestispaad.ee\/wp-content\/uploads\/2024\/05\/PA7A1057-copy-scaled.jpg","type":"image\/jpeg"}],"twitter_card":"summary_large_image","twitter_misc":{"Est. reading time":"1 minute"},"schema":{"@context":"https:\/\/schema.org","@graph":[{"@type":"WebPage","@id":"https:\/\/eestispaad.ee\/lv\/product\/trim-slim-ar-infrasarkano-paklaju-75-min-v-spa\/","url":"https:\/\/eestispaad.ee\/lv\/product\/trim-slim-ar-infrasarkano-paklaju-75-min-v-spa\/","name":"Trim &amp; Slim ar infrasarkano pakl\u0101ju (75 min) V Spa - Eestispaad","isPartOf":{"@id":"https:\/\/eestispaad.ee\/#website"},"primaryImageOfPage":{"@id":"https:\/\/eestispaad.ee\/lv\/product\/trim-slim-ar-infrasarkano-paklaju-75-min-v-spa\/#primaryimage"},"image":{"@id":"https:\/\/eestispaad.ee\/lv\/product\/trim-slim-ar-infrasarkano-paklaju-75-min-v-spa\/#primaryimage"},"thumbnailUrl":"https:\/\/eestispaad.ee\/wp-content\/uploads\/2024\/05\/PA7A1057-copy-scaled.jpg","datePublished":"2024-05-22T13:21:02+00:00","dateModified":"2024-05-22T13:27:51+00:00","breadcrumb":{"@id":"https:\/\/eestispaad.ee\/lv\/product\/trim-slim-ar-infrasarkano-paklaju-75-min-v-spa\/#breadcrumb"},"inLanguage":"lv-LV","potentialAction":[{"@type":"ReadAction","target":["https:\/\/eestispaad.ee\/lv\/product\/trim-slim-ar-infrasarkano-paklaju-75-min-v-spa\/"]}]},{"@type":"ImageObject","inLanguage":"lv-LV","@id":"https:\/\/eestispaad.ee\/lv\/product\/trim-slim-ar-infrasarkano-paklaju-75-min-v-spa\/#primaryimage","url":"https:\/\/eestispaad.ee\/wp-content\/uploads\/2024\/05\/PA7A1057-copy-scaled.jpg","contentUrl":"https:\/\/eestispaad.ee\/wp-content\/uploads\/2024\/05\/PA7A1057-copy-scaled.jpg","width":2560,"height":1688},{"@type":"BreadcrumbList","@id":"https:\/\/eestispaad.ee\/lv\/product\/trim-slim-ar-infrasarkano-paklaju-75-min-v-spa\/#breadcrumb","itemListElement":[{"@type":"ListItem","position":1,"name":"Home","item":"https:\/\/eestispaad.ee\/lv\/"},{"@type":"ListItem","position":2,"name":"Shop","item":"https:\/\/eestispaad.ee\/lv\/shop\/"},{"@type":"ListItem","position":3,"name":"Trim &amp; Slim ar infrasarkano pakl\u0101ju (75 min) V Spa"}]},{"@type":"WebSite","@id":"https:\/\/eestispaad.ee\/#website","url":"https:\/\/eestispaad.ee\/","name":"Eesti spaad","description":"","publisher":{"@id":"https:\/\/eestispaad.ee\/#organization"},"potentialAction":[{"@type":"SearchAction","target":{"@type":"EntryPoint","urlTemplate":"https:\/\/eestispaad.ee\/?s={search_term_string}"},"query-input":{"@type":"PropertyValueSpecification","valueRequired":true,"valueName":"search_term_string"}}],"inLanguage":"lv-LV"},{"@type":"Organization","@id":"https:\/\/eestispaad.ee\/#organization","name":"Eesti spaad","url":"https:\/\/eestispaad.ee\/","logo":{"@type":"ImageObject","inLanguage":"lv-LV","@id":"https:\/\/eestispaad.ee\/#\/schema\/logo\/image\/","url":"https:\/\/eestispaad.ee\/wp-content\/uploads\/2023\/12\/Screenshot-2023-12-09-at-21.42.51.png","contentUrl":"https:\/\/eestispaad.ee\/wp-content\/uploads\/2023\/12\/Screenshot-2023-12-09-at-21.42.51.png","width":2130,"height":396,"caption":"Eesti spaad"},"image":{"@id":"https:\/\/eestispaad.ee\/#\/schema\/logo\/image\/"},"sameAs":["https:\/\/www.facebook.com\/estonianspas"]}]}},"_links":{"self":[{"href":"https:\/\/eestispaad.ee\/lv\/wp-json\/wp\/v2\/product\/7557","targetHints":{"allow":["GET"]}}],"collection":[{"href":"https:\/\/eestispaad.ee\/lv\/wp-json\/wp\/v2\/product"}],"about":[{"href":"https:\/\/eestispaad.ee\/lv\/wp-json\/wp\/v2\/types\/product"}],"replies":[{"embeddable":true,"href":"https:\/\/eestispaad.ee\/lv\/wp-json\/wp\/v2\/comments?post=7557"}],"wp:featuredmedia":[{"embeddable":true,"href":"https:\/\/eestispaad.ee\/lv\/wp-json\/wp\/v2\/media\/7553"}],"wp:attachment":[{"href":"https:\/\/eestispaad.ee\/lv\/wp-json\/wp\/v2\/media?parent=7557"}],"wp:term":[{"taxonomy":"product_brand","embeddable":true,"href":"https:\/\/eestispaad.ee\/lv\/wp-json\/wp\/v2\/product_brand?post=7557"},{"taxonomy":"product_cat","embeddable":true,"href":"https:\/\/eestispaad.ee\/lv\/wp-json\/wp\/v2\/product_cat?post=7557"},{"taxonomy":"product_tag","embeddable":true,"href":"https:\/\/eestispaad.ee\/lv\/wp-json\/wp\/v2\/product_tag?post=7557"}],"curies":[{"name":"wp","href":"https:\/\/api.w.org\/{rel}","templated":true}]}}