{"id":7537,"date":"2024-05-22T14:30:59","date_gmt":"2024-05-22T11:30:59","guid":{"rendered":"https:\/\/eestispaad.ee\/?post_type=product&#038;p=7537"},"modified":"2024-05-22T14:37:26","modified_gmt":"2024-05-22T11:37:26","slug":"dzintara-rituals-105-min-v-spa","status":"publish","type":"product","link":"https:\/\/eestispaad.ee\/lv\/product\/dzintara-rituals-105-min-v-spa\/","title":{"rendered":"Dzintara ritu\u0101ls (105 min) V Spa"},"content":{"rendered":"<p>Dzintars (grie\u0137iski elektron), d\u0113\u013c savas oran\u017e-dzelten\u0101s kr\u0101sas un v\u0113rt\u012bguma, kop\u0161 seniem laikiem tiek uzskat\u012bts par Baltijas zeltu. Att\u012brot, \u0137ermeni, garu un domas, dzintara ritu\u0101ls sniegs jums pozit\u012bvas ener\u0123ijas l\u0101di\u0146u.<\/p>\n<p>V Spa dzintara ritu\u0101la gait\u0101 ar gl\u0101sto\u0161\u0101m un mas\u0113jo\u0161\u0101m kust\u012bb\u0101m j\u016bsu \u0137ermenim tiks uzkl\u0101ts smalks dzintara pulveris. Turpin\u0101jum\u0101 seko iedarb\u012bba uz noteikt\u0101m \u0137erme\u0146a zon\u0101m, izmantojot \u012bpa\u0161us, siltus s\u0101ls un dzintara pulvera maisi\u0146us, bet ritu\u0101la nosl\u0113gum\u0101 tiek veikta br\u012bni\u0161\u0137\u012bga mas\u0101\u017ea ar siltu e\u013c\u013cu un dzintaru.<\/p>\n","protected":false},"excerpt":{"rendered":"<p>Dzintars (grie\u0137iski elektron), d\u0113\u013c savas oran\u017e-dzelten\u0101s kr\u0101sas un v\u0113rt\u012bguma, kop\u0161 seniem laikiem tiek uzskat\u012bts par Baltijas zeltu. Att\u012brot, \u0137ermeni, garu un domas, dzintara ritu\u0101ls sniegs jums pozit\u012bvas ener\u0123ijas l\u0101di\u0146u. V Spa dzintara ritu\u0101la gait\u0101 ar gl\u0101sto\u0161\u0101m un mas\u0113jo\u0161\u0101m kust\u012bb\u0101m j\u016bsu \u0137ermenim tiks uzkl\u0101ts smalks dzintara pulveris. Turpin\u0101jum\u0101 seko iedarb\u012bba uz noteikt\u0101m \u0137erme\u0146a zon\u0101m, izmantojot \u012bpa\u0161us, [&hellip;]<\/p>\n","protected":false},"featured_media":7248,"comment_status":"open","ping_status":"closed","template":"","meta":[],"product_brand":[],"product_cat":[458],"product_tag":[],"class_list":{"0":"post-7537","1":"product","2":"type-product","3":"status-publish","4":"has-post-thumbnail","6":"product_cat-proceduras","8":"first","9":"instock","10":"sale","11":"virtual","12":"purchasable","13":"product-type-simple"},"acf":[],"yoast_head":"<!-- This site is optimized with the Yoast SEO plugin v26.8 - https:\/\/yoast.com\/product\/yoast-seo-wordpress\/ -->\n<title>Dzintara ritu\u0101ls (105 min) V Spa - Eestispaad<\/title>\n<meta name=\"robots\" content=\"index, follow, max-snippet:-1, max-image-preview:large, max-video-preview:-1\" \/>\n<link rel=\"canonical\" href=\"https:\/\/eestispaad.ee\/lv\/product\/dzintara-rituals-105-min-v-spa\/\" \/>\n<meta property=\"og:locale\" content=\"lv_LV\" \/>\n<meta property=\"og:type\" content=\"article\" \/>\n<meta property=\"og:title\" content=\"Dzintara ritu\u0101ls (105 min) V Spa - Eestispaad\" \/>\n<meta property=\"og:description\" content=\"Dzintars (grie\u0137iski elektron), d\u0113\u013c savas oran\u017e-dzelten\u0101s kr\u0101sas un v\u0113rt\u012bguma, kop\u0161 seniem laikiem tiek uzskat\u012bts par Baltijas zeltu. Att\u012brot, \u0137ermeni, garu un domas, dzintara ritu\u0101ls sniegs jums pozit\u012bvas ener\u0123ijas l\u0101di\u0146u. V Spa dzintara ritu\u0101la gait\u0101 ar gl\u0101sto\u0161\u0101m un mas\u0113jo\u0161\u0101m kust\u012bb\u0101m j\u016bsu \u0137ermenim tiks uzkl\u0101ts smalks dzintara pulveris. Turpin\u0101jum\u0101 seko iedarb\u012bba uz noteikt\u0101m \u0137erme\u0146a zon\u0101m, izmantojot \u012bpa\u0161us, [&hellip;]\" \/>\n<meta property=\"og:url\" content=\"https:\/\/eestispaad.ee\/lv\/product\/dzintara-rituals-105-min-v-spa\/\" \/>\n<meta property=\"og:site_name\" content=\"Eestispaad\" \/>\n<meta property=\"article:publisher\" content=\"https:\/\/www.facebook.com\/estonianspas\" \/>\n<meta property=\"article:modified_time\" content=\"2024-05-22T11:37:26+00:00\" \/>\n<meta property=\"og:image\" content=\"https:\/\/eestispaad.ee\/wp-content\/uploads\/2024\/02\/VSpa-taimekubud.jpg\" \/>\n\t<meta property=\"og:image:width\" content=\"2200\" \/>\n\t<meta property=\"og:image:height\" content=\"1650\" \/>\n\t<meta property=\"og:image:type\" content=\"image\/jpeg\" \/>\n<meta name=\"twitter:card\" content=\"summary_large_image\" \/>\n<meta name=\"twitter:label1\" content=\"Est. reading time\" \/>\n\t<meta name=\"twitter:data1\" content=\"1 minute\" \/>\n<script type=\"application\/ld+json\" class=\"yoast-schema-graph\">{\"@context\":\"https:\/\/schema.org\",\"@graph\":[{\"@type\":\"WebPage\",\"@id\":\"https:\/\/eestispaad.ee\/lv\/product\/dzintara-rituals-105-min-v-spa\/\",\"url\":\"https:\/\/eestispaad.ee\/lv\/product\/dzintara-rituals-105-min-v-spa\/\",\"name\":\"Dzintara ritu\u0101ls (105 min) V Spa - Eestispaad\",\"isPartOf\":{\"@id\":\"https:\/\/eestispaad.ee\/#website\"},\"primaryImageOfPage\":{\"@id\":\"https:\/\/eestispaad.ee\/lv\/product\/dzintara-rituals-105-min-v-spa\/#primaryimage\"},\"image\":{\"@id\":\"https:\/\/eestispaad.ee\/lv\/product\/dzintara-rituals-105-min-v-spa\/#primaryimage\"},\"thumbnailUrl\":\"https:\/\/eestispaad.ee\/wp-content\/uploads\/2024\/02\/VSpa-taimekubud.jpg\",\"datePublished\":\"2024-05-22T11:30:59+00:00\",\"dateModified\":\"2024-05-22T11:37:26+00:00\",\"breadcrumb\":{\"@id\":\"https:\/\/eestispaad.ee\/lv\/product\/dzintara-rituals-105-min-v-spa\/#breadcrumb\"},\"inLanguage\":\"lv-LV\",\"potentialAction\":[{\"@type\":\"ReadAction\",\"target\":[\"https:\/\/eestispaad.ee\/lv\/product\/dzintara-rituals-105-min-v-spa\/\"]}]},{\"@type\":\"ImageObject\",\"inLanguage\":\"lv-LV\",\"@id\":\"https:\/\/eestispaad.ee\/lv\/product\/dzintara-rituals-105-min-v-spa\/#primaryimage\",\"url\":\"https:\/\/eestispaad.ee\/wp-content\/uploads\/2024\/02\/VSpa-taimekubud.jpg\",\"contentUrl\":\"https:\/\/eestispaad.ee\/wp-content\/uploads\/2024\/02\/VSpa-taimekubud.jpg\",\"width\":2200,\"height\":1650,\"caption\":\"V Spa massaa\u017e\"},{\"@type\":\"BreadcrumbList\",\"@id\":\"https:\/\/eestispaad.ee\/lv\/product\/dzintara-rituals-105-min-v-spa\/#breadcrumb\",\"itemListElement\":[{\"@type\":\"ListItem\",\"position\":1,\"name\":\"Home\",\"item\":\"https:\/\/eestispaad.ee\/lv\/\"},{\"@type\":\"ListItem\",\"position\":2,\"name\":\"Shop\",\"item\":\"https:\/\/eestispaad.ee\/lv\/shop\/\"},{\"@type\":\"ListItem\",\"position\":3,\"name\":\"Dzintara ritu\u0101ls (105 min) V Spa\"}]},{\"@type\":\"WebSite\",\"@id\":\"https:\/\/eestispaad.ee\/#website\",\"url\":\"https:\/\/eestispaad.ee\/\",\"name\":\"Eesti spaad\",\"description\":\"\",\"publisher\":{\"@id\":\"https:\/\/eestispaad.ee\/#organization\"},\"potentialAction\":[{\"@type\":\"SearchAction\",\"target\":{\"@type\":\"EntryPoint\",\"urlTemplate\":\"https:\/\/eestispaad.ee\/?s={search_term_string}\"},\"query-input\":{\"@type\":\"PropertyValueSpecification\",\"valueRequired\":true,\"valueName\":\"search_term_string\"}}],\"inLanguage\":\"lv-LV\"},{\"@type\":\"Organization\",\"@id\":\"https:\/\/eestispaad.ee\/#organization\",\"name\":\"Eesti spaad\",\"url\":\"https:\/\/eestispaad.ee\/\",\"logo\":{\"@type\":\"ImageObject\",\"inLanguage\":\"lv-LV\",\"@id\":\"https:\/\/eestispaad.ee\/#\/schema\/logo\/image\/\",\"url\":\"https:\/\/eestispaad.ee\/wp-content\/uploads\/2023\/12\/Screenshot-2023-12-09-at-21.42.51.png\",\"contentUrl\":\"https:\/\/eestispaad.ee\/wp-content\/uploads\/2023\/12\/Screenshot-2023-12-09-at-21.42.51.png\",\"width\":2130,\"height\":396,\"caption\":\"Eesti spaad\"},\"image\":{\"@id\":\"https:\/\/eestispaad.ee\/#\/schema\/logo\/image\/\"},\"sameAs\":[\"https:\/\/www.facebook.com\/estonianspas\"]}]}<\/script>\n<!-- \/ Yoast SEO plugin. -->","yoast_head_json":{"title":"Dzintara ritu\u0101ls (105 min) V Spa - Eestispaad","robots":{"index":"index","follow":"follow","max-snippet":"max-snippet:-1","max-image-preview":"max-image-preview:large","max-video-preview":"max-video-preview:-1"},"canonical":"https:\/\/eestispaad.ee\/lv\/product\/dzintara-rituals-105-min-v-spa\/","og_locale":"lv_LV","og_type":"article","og_title":"Dzintara ritu\u0101ls (105 min) V Spa - Eestispaad","og_description":"Dzintars (grie\u0137iski elektron), d\u0113\u013c savas oran\u017e-dzelten\u0101s kr\u0101sas un v\u0113rt\u012bguma, kop\u0161 seniem laikiem tiek uzskat\u012bts par Baltijas zeltu. Att\u012brot, \u0137ermeni, garu un domas, dzintara ritu\u0101ls sniegs jums pozit\u012bvas ener\u0123ijas l\u0101di\u0146u. V Spa dzintara ritu\u0101la gait\u0101 ar gl\u0101sto\u0161\u0101m un mas\u0113jo\u0161\u0101m kust\u012bb\u0101m j\u016bsu \u0137ermenim tiks uzkl\u0101ts smalks dzintara pulveris. Turpin\u0101jum\u0101 seko iedarb\u012bba uz noteikt\u0101m \u0137erme\u0146a zon\u0101m, izmantojot \u012bpa\u0161us, [&hellip;]","og_url":"https:\/\/eestispaad.ee\/lv\/product\/dzintara-rituals-105-min-v-spa\/","og_site_name":"Eestispaad","article_publisher":"https:\/\/www.facebook.com\/estonianspas","article_modified_time":"2024-05-22T11:37:26+00:00","og_image":[{"width":2200,"height":1650,"url":"https:\/\/eestispaad.ee\/wp-content\/uploads\/2024\/02\/VSpa-taimekubud.jpg","type":"image\/jpeg"}],"twitter_card":"summary_large_image","twitter_misc":{"Est. reading time":"1 minute"},"schema":{"@context":"https:\/\/schema.org","@graph":[{"@type":"WebPage","@id":"https:\/\/eestispaad.ee\/lv\/product\/dzintara-rituals-105-min-v-spa\/","url":"https:\/\/eestispaad.ee\/lv\/product\/dzintara-rituals-105-min-v-spa\/","name":"Dzintara ritu\u0101ls (105 min) V Spa - Eestispaad","isPartOf":{"@id":"https:\/\/eestispaad.ee\/#website"},"primaryImageOfPage":{"@id":"https:\/\/eestispaad.ee\/lv\/product\/dzintara-rituals-105-min-v-spa\/#primaryimage"},"image":{"@id":"https:\/\/eestispaad.ee\/lv\/product\/dzintara-rituals-105-min-v-spa\/#primaryimage"},"thumbnailUrl":"https:\/\/eestispaad.ee\/wp-content\/uploads\/2024\/02\/VSpa-taimekubud.jpg","datePublished":"2024-05-22T11:30:59+00:00","dateModified":"2024-05-22T11:37:26+00:00","breadcrumb":{"@id":"https:\/\/eestispaad.ee\/lv\/product\/dzintara-rituals-105-min-v-spa\/#breadcrumb"},"inLanguage":"lv-LV","potentialAction":[{"@type":"ReadAction","target":["https:\/\/eestispaad.ee\/lv\/product\/dzintara-rituals-105-min-v-spa\/"]}]},{"@type":"ImageObject","inLanguage":"lv-LV","@id":"https:\/\/eestispaad.ee\/lv\/product\/dzintara-rituals-105-min-v-spa\/#primaryimage","url":"https:\/\/eestispaad.ee\/wp-content\/uploads\/2024\/02\/VSpa-taimekubud.jpg","contentUrl":"https:\/\/eestispaad.ee\/wp-content\/uploads\/2024\/02\/VSpa-taimekubud.jpg","width":2200,"height":1650,"caption":"V Spa massaa\u017e"},{"@type":"BreadcrumbList","@id":"https:\/\/eestispaad.ee\/lv\/product\/dzintara-rituals-105-min-v-spa\/#breadcrumb","itemListElement":[{"@type":"ListItem","position":1,"name":"Home","item":"https:\/\/eestispaad.ee\/lv\/"},{"@type":"ListItem","position":2,"name":"Shop","item":"https:\/\/eestispaad.ee\/lv\/shop\/"},{"@type":"ListItem","position":3,"name":"Dzintara ritu\u0101ls (105 min) V Spa"}]},{"@type":"WebSite","@id":"https:\/\/eestispaad.ee\/#website","url":"https:\/\/eestispaad.ee\/","name":"Eesti spaad","description":"","publisher":{"@id":"https:\/\/eestispaad.ee\/#organization"},"potentialAction":[{"@type":"SearchAction","target":{"@type":"EntryPoint","urlTemplate":"https:\/\/eestispaad.ee\/?s={search_term_string}"},"query-input":{"@type":"PropertyValueSpecification","valueRequired":true,"valueName":"search_term_string"}}],"inLanguage":"lv-LV"},{"@type":"Organization","@id":"https:\/\/eestispaad.ee\/#organization","name":"Eesti spaad","url":"https:\/\/eestispaad.ee\/","logo":{"@type":"ImageObject","inLanguage":"lv-LV","@id":"https:\/\/eestispaad.ee\/#\/schema\/logo\/image\/","url":"https:\/\/eestispaad.ee\/wp-content\/uploads\/2023\/12\/Screenshot-2023-12-09-at-21.42.51.png","contentUrl":"https:\/\/eestispaad.ee\/wp-content\/uploads\/2023\/12\/Screenshot-2023-12-09-at-21.42.51.png","width":2130,"height":396,"caption":"Eesti spaad"},"image":{"@id":"https:\/\/eestispaad.ee\/#\/schema\/logo\/image\/"},"sameAs":["https:\/\/www.facebook.com\/estonianspas"]}]}},"_links":{"self":[{"href":"https:\/\/eestispaad.ee\/lv\/wp-json\/wp\/v2\/product\/7537","targetHints":{"allow":["GET"]}}],"collection":[{"href":"https:\/\/eestispaad.ee\/lv\/wp-json\/wp\/v2\/product"}],"about":[{"href":"https:\/\/eestispaad.ee\/lv\/wp-json\/wp\/v2\/types\/product"}],"replies":[{"embeddable":true,"href":"https:\/\/eestispaad.ee\/lv\/wp-json\/wp\/v2\/comments?post=7537"}],"wp:featuredmedia":[{"embeddable":true,"href":"https:\/\/eestispaad.ee\/lv\/wp-json\/wp\/v2\/media\/7248"}],"wp:attachment":[{"href":"https:\/\/eestispaad.ee\/lv\/wp-json\/wp\/v2\/media?parent=7537"}],"wp:term":[{"taxonomy":"product_brand","embeddable":true,"href":"https:\/\/eestispaad.ee\/lv\/wp-json\/wp\/v2\/product_brand?post=7537"},{"taxonomy":"product_cat","embeddable":true,"href":"https:\/\/eestispaad.ee\/lv\/wp-json\/wp\/v2\/product_cat?post=7537"},{"taxonomy":"product_tag","embeddable":true,"href":"https:\/\/eestispaad.ee\/lv\/wp-json\/wp\/v2\/product_tag?post=7537"}],"curies":[{"name":"wp","href":"https:\/\/api.w.org\/{rel}","templated":true}]}}