{"id":7531,"date":"2024-05-22T13:42:17","date_gmt":"2024-05-22T10:42:17","guid":{"rendered":"https:\/\/eestispaad.ee\/?post_type=product&#038;p=7531"},"modified":"2024-05-22T14:23:11","modified_gmt":"2024-05-22T11:23:11","slug":"bernu-masaza-30-45-min","status":"publish","type":"product","link":"https:\/\/eestispaad.ee\/lv\/product\/bernu-masaza-30-45-min\/","title":{"rendered":"B\u0113rnu mas\u0101\u017ea (30\/45 min) V Spa"},"content":{"rendered":"<p>Relaks\u0113jo\u0161a proced\u016bra b\u0113rniem, kuras laik\u0101 b\u0113rna \u0137ermenis tiek mas\u0113ts ar gl\u0101sto\u0161\u0101m kust\u012bb\u0101m, izmantojot e\u013c\u013cu ar pat\u012bkamu arom\u0101tu.<\/p>\n<p>Proced\u016brai piem\u0113rotais vecums: 5-15 gadi.<\/p>\n","protected":false},"excerpt":{"rendered":"<p>Relaks\u0113jo\u0161a proced\u016bra b\u0113rniem, kuras laik\u0101 b\u0113rna \u0137ermenis tiek mas\u0113ts ar gl\u0101sto\u0161\u0101m kust\u012bb\u0101m, izmantojot e\u013c\u013cu ar pat\u012bkamu arom\u0101tu. Proced\u016brai piem\u0113rotais vecums: 5-15 gadi.<\/p>\n","protected":false},"featured_media":7432,"comment_status":"open","ping_status":"closed","template":"","meta":[],"product_brand":[],"product_cat":[458],"product_tag":[],"class_list":{"0":"post-7531","1":"product","2":"type-product","3":"status-publish","4":"has-post-thumbnail","6":"product_cat-proceduras","8":"first","9":"instock","10":"virtual","11":"purchasable","12":"product-type-simple"},"acf":[],"yoast_head":"<!-- This site is optimized with the Yoast SEO plugin v26.8 - https:\/\/yoast.com\/product\/yoast-seo-wordpress\/ -->\n<title>B\u0113rnu mas\u0101\u017ea (30\/45 min) V Spa - Eestispaad<\/title>\n<meta name=\"robots\" content=\"index, follow, max-snippet:-1, max-image-preview:large, max-video-preview:-1\" \/>\n<link rel=\"canonical\" href=\"https:\/\/eestispaad.ee\/lv\/product\/bernu-masaza-30-45-min\/\" \/>\n<meta property=\"og:locale\" content=\"lv_LV\" \/>\n<meta property=\"og:type\" content=\"article\" \/>\n<meta property=\"og:title\" content=\"B\u0113rnu mas\u0101\u017ea (30\/45 min) V Spa - Eestispaad\" \/>\n<meta property=\"og:description\" content=\"Relaks\u0113jo\u0161a proced\u016bra b\u0113rniem, kuras laik\u0101 b\u0113rna \u0137ermenis tiek mas\u0113ts ar gl\u0101sto\u0161\u0101m kust\u012bb\u0101m, izmantojot e\u013c\u013cu ar pat\u012bkamu arom\u0101tu. Proced\u016brai piem\u0113rotais vecums: 5-15 gadi.\" \/>\n<meta property=\"og:url\" content=\"https:\/\/eestispaad.ee\/lv\/product\/bernu-masaza-30-45-min\/\" \/>\n<meta property=\"og:site_name\" content=\"Eestispaad\" \/>\n<meta property=\"article:publisher\" content=\"https:\/\/www.facebook.com\/estonianspas\" \/>\n<meta property=\"article:modified_time\" content=\"2024-05-22T11:23:11+00:00\" \/>\n<meta property=\"og:image\" content=\"https:\/\/eestispaad.ee\/wp-content\/uploads\/2024\/02\/VSpa-lastemassaaz.jpg\" \/>\n\t<meta property=\"og:image:width\" content=\"1365\" \/>\n\t<meta property=\"og:image:height\" content=\"2048\" \/>\n\t<meta property=\"og:image:type\" content=\"image\/jpeg\" \/>\n<meta name=\"twitter:card\" content=\"summary_large_image\" \/>\n<meta name=\"twitter:label1\" content=\"Est. reading time\" \/>\n\t<meta name=\"twitter:data1\" content=\"1 minute\" \/>\n<script type=\"application\/ld+json\" class=\"yoast-schema-graph\">{\"@context\":\"https:\/\/schema.org\",\"@graph\":[{\"@type\":\"WebPage\",\"@id\":\"https:\/\/eestispaad.ee\/lv\/product\/bernu-masaza-30-45-min\/\",\"url\":\"https:\/\/eestispaad.ee\/lv\/product\/bernu-masaza-30-45-min\/\",\"name\":\"B\u0113rnu mas\u0101\u017ea (30\/45 min) V Spa - Eestispaad\",\"isPartOf\":{\"@id\":\"https:\/\/eestispaad.ee\/#website\"},\"primaryImageOfPage\":{\"@id\":\"https:\/\/eestispaad.ee\/lv\/product\/bernu-masaza-30-45-min\/#primaryimage\"},\"image\":{\"@id\":\"https:\/\/eestispaad.ee\/lv\/product\/bernu-masaza-30-45-min\/#primaryimage\"},\"thumbnailUrl\":\"https:\/\/eestispaad.ee\/wp-content\/uploads\/2024\/02\/VSpa-lastemassaaz.jpg\",\"datePublished\":\"2024-05-22T10:42:17+00:00\",\"dateModified\":\"2024-05-22T11:23:11+00:00\",\"breadcrumb\":{\"@id\":\"https:\/\/eestispaad.ee\/lv\/product\/bernu-masaza-30-45-min\/#breadcrumb\"},\"inLanguage\":\"lv-LV\",\"potentialAction\":[{\"@type\":\"ReadAction\",\"target\":[\"https:\/\/eestispaad.ee\/lv\/product\/bernu-masaza-30-45-min\/\"]}]},{\"@type\":\"ImageObject\",\"inLanguage\":\"lv-LV\",\"@id\":\"https:\/\/eestispaad.ee\/lv\/product\/bernu-masaza-30-45-min\/#primaryimage\",\"url\":\"https:\/\/eestispaad.ee\/wp-content\/uploads\/2024\/02\/VSpa-lastemassaaz.jpg\",\"contentUrl\":\"https:\/\/eestispaad.ee\/wp-content\/uploads\/2024\/02\/VSpa-lastemassaaz.jpg\",\"width\":1365,\"height\":2048},{\"@type\":\"BreadcrumbList\",\"@id\":\"https:\/\/eestispaad.ee\/lv\/product\/bernu-masaza-30-45-min\/#breadcrumb\",\"itemListElement\":[{\"@type\":\"ListItem\",\"position\":1,\"name\":\"Home\",\"item\":\"https:\/\/eestispaad.ee\/lv\/\"},{\"@type\":\"ListItem\",\"position\":2,\"name\":\"Shop\",\"item\":\"https:\/\/eestispaad.ee\/lv\/shop\/\"},{\"@type\":\"ListItem\",\"position\":3,\"name\":\"B\u0113rnu mas\u0101\u017ea (30\/45 min) V Spa\"}]},{\"@type\":\"WebSite\",\"@id\":\"https:\/\/eestispaad.ee\/#website\",\"url\":\"https:\/\/eestispaad.ee\/\",\"name\":\"Eesti spaad\",\"description\":\"\",\"publisher\":{\"@id\":\"https:\/\/eestispaad.ee\/#organization\"},\"potentialAction\":[{\"@type\":\"SearchAction\",\"target\":{\"@type\":\"EntryPoint\",\"urlTemplate\":\"https:\/\/eestispaad.ee\/?s={search_term_string}\"},\"query-input\":{\"@type\":\"PropertyValueSpecification\",\"valueRequired\":true,\"valueName\":\"search_term_string\"}}],\"inLanguage\":\"lv-LV\"},{\"@type\":\"Organization\",\"@id\":\"https:\/\/eestispaad.ee\/#organization\",\"name\":\"Eesti spaad\",\"url\":\"https:\/\/eestispaad.ee\/\",\"logo\":{\"@type\":\"ImageObject\",\"inLanguage\":\"lv-LV\",\"@id\":\"https:\/\/eestispaad.ee\/#\/schema\/logo\/image\/\",\"url\":\"https:\/\/eestispaad.ee\/wp-content\/uploads\/2023\/12\/Screenshot-2023-12-09-at-21.42.51.png\",\"contentUrl\":\"https:\/\/eestispaad.ee\/wp-content\/uploads\/2023\/12\/Screenshot-2023-12-09-at-21.42.51.png\",\"width\":2130,\"height\":396,\"caption\":\"Eesti spaad\"},\"image\":{\"@id\":\"https:\/\/eestispaad.ee\/#\/schema\/logo\/image\/\"},\"sameAs\":[\"https:\/\/www.facebook.com\/estonianspas\"]}]}<\/script>\n<!-- \/ Yoast SEO plugin. -->","yoast_head_json":{"title":"B\u0113rnu mas\u0101\u017ea (30\/45 min) V Spa - Eestispaad","robots":{"index":"index","follow":"follow","max-snippet":"max-snippet:-1","max-image-preview":"max-image-preview:large","max-video-preview":"max-video-preview:-1"},"canonical":"https:\/\/eestispaad.ee\/lv\/product\/bernu-masaza-30-45-min\/","og_locale":"lv_LV","og_type":"article","og_title":"B\u0113rnu mas\u0101\u017ea (30\/45 min) V Spa - Eestispaad","og_description":"Relaks\u0113jo\u0161a proced\u016bra b\u0113rniem, kuras laik\u0101 b\u0113rna \u0137ermenis tiek mas\u0113ts ar gl\u0101sto\u0161\u0101m kust\u012bb\u0101m, izmantojot e\u013c\u013cu ar pat\u012bkamu arom\u0101tu. Proced\u016brai piem\u0113rotais vecums: 5-15 gadi.","og_url":"https:\/\/eestispaad.ee\/lv\/product\/bernu-masaza-30-45-min\/","og_site_name":"Eestispaad","article_publisher":"https:\/\/www.facebook.com\/estonianspas","article_modified_time":"2024-05-22T11:23:11+00:00","og_image":[{"width":1365,"height":2048,"url":"https:\/\/eestispaad.ee\/wp-content\/uploads\/2024\/02\/VSpa-lastemassaaz.jpg","type":"image\/jpeg"}],"twitter_card":"summary_large_image","twitter_misc":{"Est. reading time":"1 minute"},"schema":{"@context":"https:\/\/schema.org","@graph":[{"@type":"WebPage","@id":"https:\/\/eestispaad.ee\/lv\/product\/bernu-masaza-30-45-min\/","url":"https:\/\/eestispaad.ee\/lv\/product\/bernu-masaza-30-45-min\/","name":"B\u0113rnu mas\u0101\u017ea (30\/45 min) V Spa - Eestispaad","isPartOf":{"@id":"https:\/\/eestispaad.ee\/#website"},"primaryImageOfPage":{"@id":"https:\/\/eestispaad.ee\/lv\/product\/bernu-masaza-30-45-min\/#primaryimage"},"image":{"@id":"https:\/\/eestispaad.ee\/lv\/product\/bernu-masaza-30-45-min\/#primaryimage"},"thumbnailUrl":"https:\/\/eestispaad.ee\/wp-content\/uploads\/2024\/02\/VSpa-lastemassaaz.jpg","datePublished":"2024-05-22T10:42:17+00:00","dateModified":"2024-05-22T11:23:11+00:00","breadcrumb":{"@id":"https:\/\/eestispaad.ee\/lv\/product\/bernu-masaza-30-45-min\/#breadcrumb"},"inLanguage":"lv-LV","potentialAction":[{"@type":"ReadAction","target":["https:\/\/eestispaad.ee\/lv\/product\/bernu-masaza-30-45-min\/"]}]},{"@type":"ImageObject","inLanguage":"lv-LV","@id":"https:\/\/eestispaad.ee\/lv\/product\/bernu-masaza-30-45-min\/#primaryimage","url":"https:\/\/eestispaad.ee\/wp-content\/uploads\/2024\/02\/VSpa-lastemassaaz.jpg","contentUrl":"https:\/\/eestispaad.ee\/wp-content\/uploads\/2024\/02\/VSpa-lastemassaaz.jpg","width":1365,"height":2048},{"@type":"BreadcrumbList","@id":"https:\/\/eestispaad.ee\/lv\/product\/bernu-masaza-30-45-min\/#breadcrumb","itemListElement":[{"@type":"ListItem","position":1,"name":"Home","item":"https:\/\/eestispaad.ee\/lv\/"},{"@type":"ListItem","position":2,"name":"Shop","item":"https:\/\/eestispaad.ee\/lv\/shop\/"},{"@type":"ListItem","position":3,"name":"B\u0113rnu mas\u0101\u017ea (30\/45 min) V Spa"}]},{"@type":"WebSite","@id":"https:\/\/eestispaad.ee\/#website","url":"https:\/\/eestispaad.ee\/","name":"Eesti spaad","description":"","publisher":{"@id":"https:\/\/eestispaad.ee\/#organization"},"potentialAction":[{"@type":"SearchAction","target":{"@type":"EntryPoint","urlTemplate":"https:\/\/eestispaad.ee\/?s={search_term_string}"},"query-input":{"@type":"PropertyValueSpecification","valueRequired":true,"valueName":"search_term_string"}}],"inLanguage":"lv-LV"},{"@type":"Organization","@id":"https:\/\/eestispaad.ee\/#organization","name":"Eesti spaad","url":"https:\/\/eestispaad.ee\/","logo":{"@type":"ImageObject","inLanguage":"lv-LV","@id":"https:\/\/eestispaad.ee\/#\/schema\/logo\/image\/","url":"https:\/\/eestispaad.ee\/wp-content\/uploads\/2023\/12\/Screenshot-2023-12-09-at-21.42.51.png","contentUrl":"https:\/\/eestispaad.ee\/wp-content\/uploads\/2023\/12\/Screenshot-2023-12-09-at-21.42.51.png","width":2130,"height":396,"caption":"Eesti spaad"},"image":{"@id":"https:\/\/eestispaad.ee\/#\/schema\/logo\/image\/"},"sameAs":["https:\/\/www.facebook.com\/estonianspas"]}]}},"_links":{"self":[{"href":"https:\/\/eestispaad.ee\/lv\/wp-json\/wp\/v2\/product\/7531","targetHints":{"allow":["GET"]}}],"collection":[{"href":"https:\/\/eestispaad.ee\/lv\/wp-json\/wp\/v2\/product"}],"about":[{"href":"https:\/\/eestispaad.ee\/lv\/wp-json\/wp\/v2\/types\/product"}],"replies":[{"embeddable":true,"href":"https:\/\/eestispaad.ee\/lv\/wp-json\/wp\/v2\/comments?post=7531"}],"wp:featuredmedia":[{"embeddable":true,"href":"https:\/\/eestispaad.ee\/lv\/wp-json\/wp\/v2\/media\/7432"}],"wp:attachment":[{"href":"https:\/\/eestispaad.ee\/lv\/wp-json\/wp\/v2\/media?parent=7531"}],"wp:term":[{"taxonomy":"product_brand","embeddable":true,"href":"https:\/\/eestispaad.ee\/lv\/wp-json\/wp\/v2\/product_brand?post=7531"},{"taxonomy":"product_cat","embeddable":true,"href":"https:\/\/eestispaad.ee\/lv\/wp-json\/wp\/v2\/product_cat?post=7531"},{"taxonomy":"product_tag","embeddable":true,"href":"https:\/\/eestispaad.ee\/lv\/wp-json\/wp\/v2\/product_tag?post=7531"}],"curies":[{"name":"wp","href":"https:\/\/api.w.org\/{rel}","templated":true}]}}