{"id":7519,"date":"2024-05-22T11:24:18","date_gmt":"2024-05-22T08:24:18","guid":{"rendered":"https:\/\/eestispaad.ee\/?post_type=product&#038;p=7519"},"modified":"2026-02-18T13:14:19","modified_gmt":"2026-02-18T11:14:19","slug":"masaza-toposajai-maminai-60-min","status":"publish","type":"product","link":"https:\/\/eestispaad.ee\/lv\/product\/masaza-toposajai-maminai-60-min\/","title":{"rendered":"Mas\u0101\u017ea topo\u0161ajai m\u0101mi\u0146ai (30\/60 min) V Spa"},"content":{"rendered":"<p>B\u0113rni\u0146a gaid\u012bbas ir br\u012bni\u0161\u0137\u012bgs, maiguma pilns laiks sievietes dz\u012bv\u0113, t\u0101p\u0113c \u0161aj\u0101 \u0137erme\u0146a mas\u0101\u017e\u0101 tiek izmantoti vien\u012bgi gl\u0101sto\u0161i un relaks\u0113jo\u0161i pa\u0146\u0113mieni. Proced\u016bra tiek piem\u0113rota katras klientes induvidu\u0101laj\u0101m v\u0113lm\u0113m. Proced\u016bra atsl\u0101bina musku\u013cus, mazina t\u016bsku un uzlabo asinsriti. N\u0101c un izbaudi \u0161o proced\u016bru, ko ir peln\u012bjusi katra topo\u0161\u0101 m\u0101mi\u0146a.<\/p>\n","protected":false},"excerpt":{"rendered":"<p>B\u0113rni\u0146a gaid\u012bbas ir br\u012bni\u0161\u0137\u012bgs, maiguma pilns laiks sievietes dz\u012bv\u0113, t\u0101p\u0113c \u0161aj\u0101 \u0137erme\u0146a mas\u0101\u017e\u0101 tiek izmantoti vien\u012bgi gl\u0101sto\u0161i un relaks\u0113jo\u0161i pa\u0146\u0113mieni. Proced\u016bra tiek piem\u0113rota katras klientes induvidu\u0101laj\u0101m v\u0113lm\u0113m. Proced\u016bra atsl\u0101bina musku\u013cus, mazina t\u016bsku un uzlabo asinsriti. N\u0101c un izbaudi \u0161o proced\u016bru, ko ir peln\u012bjusi katra topo\u0161\u0101 m\u0101mi\u0146a.<\/p>\n","protected":false},"featured_media":7394,"comment_status":"open","ping_status":"closed","template":"","meta":[],"product_brand":[],"product_cat":[458],"product_tag":[],"class_list":{"0":"post-7519","1":"product","2":"type-product","3":"status-publish","4":"has-post-thumbnail","6":"product_cat-proceduras","8":"first","9":"instock","10":"virtual","11":"purchasable","12":"product-type-simple"},"acf":[],"yoast_head":"<!-- This site is optimized with the Yoast SEO plugin v26.8 - https:\/\/yoast.com\/product\/yoast-seo-wordpress\/ -->\n<title>Mas\u0101\u017ea topo\u0161ajai m\u0101mi\u0146ai (30\/60 min) V Spa - Eestispaad<\/title>\n<meta name=\"robots\" content=\"index, follow, max-snippet:-1, max-image-preview:large, max-video-preview:-1\" \/>\n<link rel=\"canonical\" href=\"https:\/\/eestispaad.ee\/lv\/product\/masaza-toposajai-maminai-60-min\/\" \/>\n<meta property=\"og:locale\" content=\"lv_LV\" \/>\n<meta property=\"og:type\" content=\"article\" \/>\n<meta property=\"og:title\" content=\"Mas\u0101\u017ea topo\u0161ajai m\u0101mi\u0146ai (30\/60 min) V Spa - Eestispaad\" \/>\n<meta property=\"og:description\" content=\"B\u0113rni\u0146a gaid\u012bbas ir br\u012bni\u0161\u0137\u012bgs, maiguma pilns laiks sievietes dz\u012bv\u0113, t\u0101p\u0113c \u0161aj\u0101 \u0137erme\u0146a mas\u0101\u017e\u0101 tiek izmantoti vien\u012bgi gl\u0101sto\u0161i un relaks\u0113jo\u0161i pa\u0146\u0113mieni. Proced\u016bra tiek piem\u0113rota katras klientes induvidu\u0101laj\u0101m v\u0113lm\u0113m. Proced\u016bra atsl\u0101bina musku\u013cus, mazina t\u016bsku un uzlabo asinsriti. N\u0101c un izbaudi \u0161o proced\u016bru, ko ir peln\u012bjusi katra topo\u0161\u0101 m\u0101mi\u0146a.\" \/>\n<meta property=\"og:url\" content=\"https:\/\/eestispaad.ee\/lv\/product\/masaza-toposajai-maminai-60-min\/\" \/>\n<meta property=\"og:site_name\" content=\"Eestispaad\" \/>\n<meta property=\"article:publisher\" content=\"https:\/\/www.facebook.com\/estonianspas\" \/>\n<meta property=\"article:modified_time\" content=\"2026-02-18T11:14:19+00:00\" \/>\n<meta property=\"og:image\" content=\"https:\/\/eestispaad.ee\/wp-content\/uploads\/2024\/02\/VSpa-lapseootus.jpg\" \/>\n\t<meta property=\"og:image:width\" content=\"2048\" \/>\n\t<meta property=\"og:image:height\" content=\"1365\" \/>\n\t<meta property=\"og:image:type\" content=\"image\/jpeg\" \/>\n<meta name=\"twitter:card\" content=\"summary_large_image\" \/>\n<meta name=\"twitter:label1\" content=\"Est. reading time\" \/>\n\t<meta name=\"twitter:data1\" content=\"1 minute\" \/>\n<script type=\"application\/ld+json\" class=\"yoast-schema-graph\">{\"@context\":\"https:\/\/schema.org\",\"@graph\":[{\"@type\":\"WebPage\",\"@id\":\"https:\/\/eestispaad.ee\/lv\/product\/masaza-toposajai-maminai-60-min\/\",\"url\":\"https:\/\/eestispaad.ee\/lv\/product\/masaza-toposajai-maminai-60-min\/\",\"name\":\"Mas\u0101\u017ea topo\u0161ajai m\u0101mi\u0146ai (30\/60 min) V Spa - Eestispaad\",\"isPartOf\":{\"@id\":\"https:\/\/eestispaad.ee\/#website\"},\"primaryImageOfPage\":{\"@id\":\"https:\/\/eestispaad.ee\/lv\/product\/masaza-toposajai-maminai-60-min\/#primaryimage\"},\"image\":{\"@id\":\"https:\/\/eestispaad.ee\/lv\/product\/masaza-toposajai-maminai-60-min\/#primaryimage\"},\"thumbnailUrl\":\"https:\/\/eestispaad.ee\/wp-content\/uploads\/2024\/02\/VSpa-lapseootus.jpg\",\"datePublished\":\"2024-05-22T08:24:18+00:00\",\"dateModified\":\"2026-02-18T11:14:19+00:00\",\"breadcrumb\":{\"@id\":\"https:\/\/eestispaad.ee\/lv\/product\/masaza-toposajai-maminai-60-min\/#breadcrumb\"},\"inLanguage\":\"lv-LV\",\"potentialAction\":[{\"@type\":\"ReadAction\",\"target\":[\"https:\/\/eestispaad.ee\/lv\/product\/masaza-toposajai-maminai-60-min\/\"]}]},{\"@type\":\"ImageObject\",\"inLanguage\":\"lv-LV\",\"@id\":\"https:\/\/eestispaad.ee\/lv\/product\/masaza-toposajai-maminai-60-min\/#primaryimage\",\"url\":\"https:\/\/eestispaad.ee\/wp-content\/uploads\/2024\/02\/VSpa-lapseootus.jpg\",\"contentUrl\":\"https:\/\/eestispaad.ee\/wp-content\/uploads\/2024\/02\/VSpa-lapseootus.jpg\",\"width\":2048,\"height\":1365},{\"@type\":\"BreadcrumbList\",\"@id\":\"https:\/\/eestispaad.ee\/lv\/product\/masaza-toposajai-maminai-60-min\/#breadcrumb\",\"itemListElement\":[{\"@type\":\"ListItem\",\"position\":1,\"name\":\"Home\",\"item\":\"https:\/\/eestispaad.ee\/lv\/\"},{\"@type\":\"ListItem\",\"position\":2,\"name\":\"Shop\",\"item\":\"https:\/\/eestispaad.ee\/lv\/shop\/\"},{\"@type\":\"ListItem\",\"position\":3,\"name\":\"Mas\u0101\u017ea topo\u0161ajai m\u0101mi\u0146ai (30\/60 min) V Spa\"}]},{\"@type\":\"WebSite\",\"@id\":\"https:\/\/eestispaad.ee\/#website\",\"url\":\"https:\/\/eestispaad.ee\/\",\"name\":\"Eesti spaad\",\"description\":\"\",\"publisher\":{\"@id\":\"https:\/\/eestispaad.ee\/#organization\"},\"potentialAction\":[{\"@type\":\"SearchAction\",\"target\":{\"@type\":\"EntryPoint\",\"urlTemplate\":\"https:\/\/eestispaad.ee\/?s={search_term_string}\"},\"query-input\":{\"@type\":\"PropertyValueSpecification\",\"valueRequired\":true,\"valueName\":\"search_term_string\"}}],\"inLanguage\":\"lv-LV\"},{\"@type\":\"Organization\",\"@id\":\"https:\/\/eestispaad.ee\/#organization\",\"name\":\"Eesti spaad\",\"url\":\"https:\/\/eestispaad.ee\/\",\"logo\":{\"@type\":\"ImageObject\",\"inLanguage\":\"lv-LV\",\"@id\":\"https:\/\/eestispaad.ee\/#\/schema\/logo\/image\/\",\"url\":\"https:\/\/eestispaad.ee\/wp-content\/uploads\/2023\/12\/Screenshot-2023-12-09-at-21.42.51.png\",\"contentUrl\":\"https:\/\/eestispaad.ee\/wp-content\/uploads\/2023\/12\/Screenshot-2023-12-09-at-21.42.51.png\",\"width\":2130,\"height\":396,\"caption\":\"Eesti spaad\"},\"image\":{\"@id\":\"https:\/\/eestispaad.ee\/#\/schema\/logo\/image\/\"},\"sameAs\":[\"https:\/\/www.facebook.com\/estonianspas\"]}]}<\/script>\n<!-- \/ Yoast SEO plugin. -->","yoast_head_json":{"title":"Mas\u0101\u017ea topo\u0161ajai m\u0101mi\u0146ai (30\/60 min) V Spa - Eestispaad","robots":{"index":"index","follow":"follow","max-snippet":"max-snippet:-1","max-image-preview":"max-image-preview:large","max-video-preview":"max-video-preview:-1"},"canonical":"https:\/\/eestispaad.ee\/lv\/product\/masaza-toposajai-maminai-60-min\/","og_locale":"lv_LV","og_type":"article","og_title":"Mas\u0101\u017ea topo\u0161ajai m\u0101mi\u0146ai (30\/60 min) V Spa - Eestispaad","og_description":"B\u0113rni\u0146a gaid\u012bbas ir br\u012bni\u0161\u0137\u012bgs, maiguma pilns laiks sievietes dz\u012bv\u0113, t\u0101p\u0113c \u0161aj\u0101 \u0137erme\u0146a mas\u0101\u017e\u0101 tiek izmantoti vien\u012bgi gl\u0101sto\u0161i un relaks\u0113jo\u0161i pa\u0146\u0113mieni. Proced\u016bra tiek piem\u0113rota katras klientes induvidu\u0101laj\u0101m v\u0113lm\u0113m. Proced\u016bra atsl\u0101bina musku\u013cus, mazina t\u016bsku un uzlabo asinsriti. N\u0101c un izbaudi \u0161o proced\u016bru, ko ir peln\u012bjusi katra topo\u0161\u0101 m\u0101mi\u0146a.","og_url":"https:\/\/eestispaad.ee\/lv\/product\/masaza-toposajai-maminai-60-min\/","og_site_name":"Eestispaad","article_publisher":"https:\/\/www.facebook.com\/estonianspas","article_modified_time":"2026-02-18T11:14:19+00:00","og_image":[{"width":2048,"height":1365,"url":"https:\/\/eestispaad.ee\/wp-content\/uploads\/2024\/02\/VSpa-lapseootus.jpg","type":"image\/jpeg"}],"twitter_card":"summary_large_image","twitter_misc":{"Est. reading time":"1 minute"},"schema":{"@context":"https:\/\/schema.org","@graph":[{"@type":"WebPage","@id":"https:\/\/eestispaad.ee\/lv\/product\/masaza-toposajai-maminai-60-min\/","url":"https:\/\/eestispaad.ee\/lv\/product\/masaza-toposajai-maminai-60-min\/","name":"Mas\u0101\u017ea topo\u0161ajai m\u0101mi\u0146ai (30\/60 min) V Spa - Eestispaad","isPartOf":{"@id":"https:\/\/eestispaad.ee\/#website"},"primaryImageOfPage":{"@id":"https:\/\/eestispaad.ee\/lv\/product\/masaza-toposajai-maminai-60-min\/#primaryimage"},"image":{"@id":"https:\/\/eestispaad.ee\/lv\/product\/masaza-toposajai-maminai-60-min\/#primaryimage"},"thumbnailUrl":"https:\/\/eestispaad.ee\/wp-content\/uploads\/2024\/02\/VSpa-lapseootus.jpg","datePublished":"2024-05-22T08:24:18+00:00","dateModified":"2026-02-18T11:14:19+00:00","breadcrumb":{"@id":"https:\/\/eestispaad.ee\/lv\/product\/masaza-toposajai-maminai-60-min\/#breadcrumb"},"inLanguage":"lv-LV","potentialAction":[{"@type":"ReadAction","target":["https:\/\/eestispaad.ee\/lv\/product\/masaza-toposajai-maminai-60-min\/"]}]},{"@type":"ImageObject","inLanguage":"lv-LV","@id":"https:\/\/eestispaad.ee\/lv\/product\/masaza-toposajai-maminai-60-min\/#primaryimage","url":"https:\/\/eestispaad.ee\/wp-content\/uploads\/2024\/02\/VSpa-lapseootus.jpg","contentUrl":"https:\/\/eestispaad.ee\/wp-content\/uploads\/2024\/02\/VSpa-lapseootus.jpg","width":2048,"height":1365},{"@type":"BreadcrumbList","@id":"https:\/\/eestispaad.ee\/lv\/product\/masaza-toposajai-maminai-60-min\/#breadcrumb","itemListElement":[{"@type":"ListItem","position":1,"name":"Home","item":"https:\/\/eestispaad.ee\/lv\/"},{"@type":"ListItem","position":2,"name":"Shop","item":"https:\/\/eestispaad.ee\/lv\/shop\/"},{"@type":"ListItem","position":3,"name":"Mas\u0101\u017ea topo\u0161ajai m\u0101mi\u0146ai (30\/60 min) V Spa"}]},{"@type":"WebSite","@id":"https:\/\/eestispaad.ee\/#website","url":"https:\/\/eestispaad.ee\/","name":"Eesti spaad","description":"","publisher":{"@id":"https:\/\/eestispaad.ee\/#organization"},"potentialAction":[{"@type":"SearchAction","target":{"@type":"EntryPoint","urlTemplate":"https:\/\/eestispaad.ee\/?s={search_term_string}"},"query-input":{"@type":"PropertyValueSpecification","valueRequired":true,"valueName":"search_term_string"}}],"inLanguage":"lv-LV"},{"@type":"Organization","@id":"https:\/\/eestispaad.ee\/#organization","name":"Eesti spaad","url":"https:\/\/eestispaad.ee\/","logo":{"@type":"ImageObject","inLanguage":"lv-LV","@id":"https:\/\/eestispaad.ee\/#\/schema\/logo\/image\/","url":"https:\/\/eestispaad.ee\/wp-content\/uploads\/2023\/12\/Screenshot-2023-12-09-at-21.42.51.png","contentUrl":"https:\/\/eestispaad.ee\/wp-content\/uploads\/2023\/12\/Screenshot-2023-12-09-at-21.42.51.png","width":2130,"height":396,"caption":"Eesti spaad"},"image":{"@id":"https:\/\/eestispaad.ee\/#\/schema\/logo\/image\/"},"sameAs":["https:\/\/www.facebook.com\/estonianspas"]}]}},"_links":{"self":[{"href":"https:\/\/eestispaad.ee\/lv\/wp-json\/wp\/v2\/product\/7519","targetHints":{"allow":["GET"]}}],"collection":[{"href":"https:\/\/eestispaad.ee\/lv\/wp-json\/wp\/v2\/product"}],"about":[{"href":"https:\/\/eestispaad.ee\/lv\/wp-json\/wp\/v2\/types\/product"}],"replies":[{"embeddable":true,"href":"https:\/\/eestispaad.ee\/lv\/wp-json\/wp\/v2\/comments?post=7519"}],"wp:featuredmedia":[{"embeddable":true,"href":"https:\/\/eestispaad.ee\/lv\/wp-json\/wp\/v2\/media\/7394"}],"wp:attachment":[{"href":"https:\/\/eestispaad.ee\/lv\/wp-json\/wp\/v2\/media?parent=7519"}],"wp:term":[{"taxonomy":"product_brand","embeddable":true,"href":"https:\/\/eestispaad.ee\/lv\/wp-json\/wp\/v2\/product_brand?post=7519"},{"taxonomy":"product_cat","embeddable":true,"href":"https:\/\/eestispaad.ee\/lv\/wp-json\/wp\/v2\/product_cat?post=7519"},{"taxonomy":"product_tag","embeddable":true,"href":"https:\/\/eestispaad.ee\/lv\/wp-json\/wp\/v2\/product_tag?post=7519"}],"curies":[{"name":"wp","href":"https:\/\/api.w.org\/{rel}","templated":true}]}}