{"id":6883,"date":"2023-11-09T12:16:21","date_gmt":"2023-11-09T10:16:21","guid":{"rendered":"https:\/\/eestispaad.ee\/product\/fra-mare-thalasso-spa-day-spaa-sauna-ja-basseinikeskuse-paase-e-n\/"},"modified":"2023-11-09T12:16:21","modified_gmt":"2023-11-09T10:16:21","slug":"fra-mare-thalasso-spa-day-spaa-sauna-ja-basseinikeskuse-paase-e-n","status":"publish","type":"product","link":"https:\/\/eestispaad.ee\/lv\/product\/fra-mare-thalasso-spa-day-spaa-sauna-ja-basseinikeskuse-paase-e-n\/","title":{"rendered":"Fra Mare Thalasso SPA Day Spaa sauna- ja basseinikeskuse p\u00e4\u00e4se E-N"},"content":{"rendered":"<p>Thalasso Day Spaa sauna- ja basseinikeskuses ootavad Sind 6 sauna (Soome saun max 110\u00b0C, Soome saun max 70\u00b0C, aurusaun max 60\u00b0C, soolasaun max 60\u00b0C, sanaarium max 60\u00b0C, infrapunasaun max 40\u00b0C-60\u00b0C, sisebassein, soojendatav v\u00e4libassein, massaa\u017eibassein ehk jacuzzi, l\u00f5\u00f5gastusala ehk lebola ja Kneipp-teraapia rada. Eraldi saab rentida ka mullivanni, lounge-t\u00fc\u00fcpi istumisala ja aurusaunaga privaatsauna \u201eMeresaun.\u201c<\/p>\n<p><strong>Thalasso Day SPA keskus on avatud E-N kl 15-21, R-L kl 13-22, P kl 8-21.<\/strong><\/p>\n<p><strong>Kuni 2 \u2013 aastane (k.a.) laps k\u00fclastab keskust tasuta. Kuni 14 \u2013 aastane saab k\u00fclastada keskust ainult koos t\u00e4iskasvanuga.<\/strong><\/p>\n<p>Perekaardi omanikule ja tema pereliikmetele Perekaardi ette n\u00e4itamisel soodustus k\u00fclastuse t\u00e4ishinnast -25%.<\/p>\n<p><strong>Day SPA basseini- ja saunaparki saab k\u00fclastada eelregistreerimise alusel telefonidel 472 4600, 472 4612 v\u00f5i <a href=\"mailto:spa@framare.ee\">spa@framare.ee<\/a><br \/>\nIlma eelneva broneeringuta ei saa me Teile garanteerida kohtade olemasolu day spaas!<\/strong><\/p>\n<p>Soovitame kaasa v\u00f5tta saunalina, ujumisriided ja kummist rannajalatsid, siis tunned ennast meie juures veelgi mugavamalt.<\/p>\n","protected":false},"excerpt":{"rendered":"<p>Thalasso Day Spaa sauna- ja basseinikeskuses ootavad Sind 6 sauna (Soome saun max 110\u00b0C, Soome saun max 70\u00b0C, aurusaun max 60\u00b0C, soolasaun max 60\u00b0C, sanaarium max 60\u00b0C, infrapunasaun max 40\u00b0C-60\u00b0C, sisebassein, soojendatav v\u00e4libassein, massaa\u017eibassein ehk jacuzzi, l\u00f5\u00f5gastusala ehk lebola ja Kneipp-teraapia rada. Eraldi saab rentida ka mullivanni, lounge-t\u00fc\u00fcpi istumisala ja aurusaunaga privaatsauna \u201eMeresaun.\u201c Thalasso Day [&hellip;]<\/p>\n","protected":false},"featured_media":6884,"comment_status":"open","ping_status":"closed","template":"","meta":[],"product_brand":[],"product_cat":[462],"product_tag":[],"class_list":{"0":"post-6883","1":"product","2":"type-product","3":"status-publish","4":"has-post-thumbnail","6":"product_cat-pirtis-un-baseini","8":"first","9":"instock","10":"virtual","11":"purchasable","12":"product-type-simple"},"acf":[],"yoast_head":"<!-- This site is optimized with the Yoast SEO plugin v26.8 - https:\/\/yoast.com\/product\/yoast-seo-wordpress\/ -->\n<title>Fra Mare Thalasso SPA Day Spaa sauna- ja basseinikeskuse p\u00e4\u00e4se E-N - Eestispaad<\/title>\n<meta name=\"robots\" content=\"index, follow, max-snippet:-1, max-image-preview:large, max-video-preview:-1\" \/>\n<link rel=\"canonical\" href=\"https:\/\/eestispaad.ee\/lv\/product\/fra-mare-thalasso-spa-day-spaa-sauna-ja-basseinikeskuse-paase-e-n\/\" \/>\n<meta property=\"og:locale\" content=\"lv_LV\" \/>\n<meta property=\"og:type\" content=\"article\" \/>\n<meta property=\"og:title\" content=\"Fra Mare Thalasso SPA Day Spaa sauna- ja basseinikeskuse p\u00e4\u00e4se E-N - Eestispaad\" \/>\n<meta property=\"og:description\" content=\"Thalasso Day Spaa sauna- ja basseinikeskuses ootavad Sind 6 sauna (Soome saun max 110\u00b0C, Soome saun max 70\u00b0C, aurusaun max 60\u00b0C, soolasaun max 60\u00b0C, sanaarium max 60\u00b0C, infrapunasaun max 40\u00b0C-60\u00b0C, sisebassein, soojendatav v\u00e4libassein, massaa\u017eibassein ehk jacuzzi, l\u00f5\u00f5gastusala ehk lebola ja Kneipp-teraapia rada. Eraldi saab rentida ka mullivanni, lounge-t\u00fc\u00fcpi istumisala ja aurusaunaga privaatsauna \u201eMeresaun.\u201c Thalasso Day [&hellip;]\" \/>\n<meta property=\"og:url\" content=\"https:\/\/eestispaad.ee\/lv\/product\/fra-mare-thalasso-spa-day-spaa-sauna-ja-basseinikeskuse-paase-e-n\/\" \/>\n<meta property=\"og:site_name\" content=\"Eestispaad\" \/>\n<meta property=\"article:publisher\" content=\"https:\/\/www.facebook.com\/estonianspas\" \/>\n<meta name=\"twitter:card\" content=\"summary_large_image\" \/>\n<meta name=\"twitter:label1\" content=\"Est. reading time\" \/>\n\t<meta name=\"twitter:data1\" content=\"1 minute\" \/>\n<script type=\"application\/ld+json\" class=\"yoast-schema-graph\">{\"@context\":\"https:\/\/schema.org\",\"@graph\":[{\"@type\":\"WebPage\",\"@id\":\"https:\/\/eestispaad.ee\/lv\/product\/fra-mare-thalasso-spa-day-spaa-sauna-ja-basseinikeskuse-paase-e-n\/\",\"url\":\"https:\/\/eestispaad.ee\/lv\/product\/fra-mare-thalasso-spa-day-spaa-sauna-ja-basseinikeskuse-paase-e-n\/\",\"name\":\"Fra Mare Thalasso SPA Day Spaa sauna- ja basseinikeskuse p\u00e4\u00e4se E-N - Eestispaad\",\"isPartOf\":{\"@id\":\"https:\/\/eestispaad.ee\/#website\"},\"primaryImageOfPage\":{\"@id\":\"https:\/\/eestispaad.ee\/lv\/product\/fra-mare-thalasso-spa-day-spaa-sauna-ja-basseinikeskuse-paase-e-n\/#primaryimage\"},\"image\":{\"@id\":\"https:\/\/eestispaad.ee\/lv\/product\/fra-mare-thalasso-spa-day-spaa-sauna-ja-basseinikeskuse-paase-e-n\/#primaryimage\"},\"thumbnailUrl\":\"https:\/\/eestispaad.ee\/wp-content\/uploads\/2023\/11\/Fra-Mare-Thalasso-SPA-sisebassein-Eduard-Laur.jpg\",\"datePublished\":\"2023-11-09T10:16:21+00:00\",\"breadcrumb\":{\"@id\":\"https:\/\/eestispaad.ee\/lv\/product\/fra-mare-thalasso-spa-day-spaa-sauna-ja-basseinikeskuse-paase-e-n\/#breadcrumb\"},\"inLanguage\":\"lv-LV\",\"potentialAction\":[{\"@type\":\"ReadAction\",\"target\":[\"https:\/\/eestispaad.ee\/lv\/product\/fra-mare-thalasso-spa-day-spaa-sauna-ja-basseinikeskuse-paase-e-n\/\"]}]},{\"@type\":\"ImageObject\",\"inLanguage\":\"lv-LV\",\"@id\":\"https:\/\/eestispaad.ee\/lv\/product\/fra-mare-thalasso-spa-day-spaa-sauna-ja-basseinikeskuse-paase-e-n\/#primaryimage\",\"url\":\"https:\/\/eestispaad.ee\/wp-content\/uploads\/2023\/11\/Fra-Mare-Thalasso-SPA-sisebassein-Eduard-Laur.jpg\",\"contentUrl\":\"https:\/\/eestispaad.ee\/wp-content\/uploads\/2023\/11\/Fra-Mare-Thalasso-SPA-sisebassein-Eduard-Laur.jpg\",\"width\":1772,\"height\":879},{\"@type\":\"BreadcrumbList\",\"@id\":\"https:\/\/eestispaad.ee\/lv\/product\/fra-mare-thalasso-spa-day-spaa-sauna-ja-basseinikeskuse-paase-e-n\/#breadcrumb\",\"itemListElement\":[{\"@type\":\"ListItem\",\"position\":1,\"name\":\"Home\",\"item\":\"https:\/\/eestispaad.ee\/lv\/\"},{\"@type\":\"ListItem\",\"position\":2,\"name\":\"Shop\",\"item\":\"https:\/\/eestispaad.ee\/lv\/shop\/\"},{\"@type\":\"ListItem\",\"position\":3,\"name\":\"Fra Mare Thalasso SPA Day Spaa sauna- ja basseinikeskuse p\u00e4\u00e4se E-N\"}]},{\"@type\":\"WebSite\",\"@id\":\"https:\/\/eestispaad.ee\/#website\",\"url\":\"https:\/\/eestispaad.ee\/\",\"name\":\"Eesti spaad\",\"description\":\"\",\"publisher\":{\"@id\":\"https:\/\/eestispaad.ee\/#organization\"},\"potentialAction\":[{\"@type\":\"SearchAction\",\"target\":{\"@type\":\"EntryPoint\",\"urlTemplate\":\"https:\/\/eestispaad.ee\/?s={search_term_string}\"},\"query-input\":{\"@type\":\"PropertyValueSpecification\",\"valueRequired\":true,\"valueName\":\"search_term_string\"}}],\"inLanguage\":\"lv-LV\"},{\"@type\":\"Organization\",\"@id\":\"https:\/\/eestispaad.ee\/#organization\",\"name\":\"Eesti spaad\",\"url\":\"https:\/\/eestispaad.ee\/\",\"logo\":{\"@type\":\"ImageObject\",\"inLanguage\":\"lv-LV\",\"@id\":\"https:\/\/eestispaad.ee\/#\/schema\/logo\/image\/\",\"url\":\"https:\/\/eestispaad.ee\/wp-content\/uploads\/2023\/12\/Screenshot-2023-12-09-at-21.42.51.png\",\"contentUrl\":\"https:\/\/eestispaad.ee\/wp-content\/uploads\/2023\/12\/Screenshot-2023-12-09-at-21.42.51.png\",\"width\":2130,\"height\":396,\"caption\":\"Eesti spaad\"},\"image\":{\"@id\":\"https:\/\/eestispaad.ee\/#\/schema\/logo\/image\/\"},\"sameAs\":[\"https:\/\/www.facebook.com\/estonianspas\"]}]}<\/script>\n<!-- \/ Yoast SEO plugin. -->","yoast_head_json":{"title":"Fra Mare Thalasso SPA Day Spaa sauna- ja basseinikeskuse p\u00e4\u00e4se E-N - Eestispaad","robots":{"index":"index","follow":"follow","max-snippet":"max-snippet:-1","max-image-preview":"max-image-preview:large","max-video-preview":"max-video-preview:-1"},"canonical":"https:\/\/eestispaad.ee\/lv\/product\/fra-mare-thalasso-spa-day-spaa-sauna-ja-basseinikeskuse-paase-e-n\/","og_locale":"lv_LV","og_type":"article","og_title":"Fra Mare Thalasso SPA Day Spaa sauna- ja basseinikeskuse p\u00e4\u00e4se E-N - Eestispaad","og_description":"Thalasso Day Spaa sauna- ja basseinikeskuses ootavad Sind 6 sauna (Soome saun max 110\u00b0C, Soome saun max 70\u00b0C, aurusaun max 60\u00b0C, soolasaun max 60\u00b0C, sanaarium max 60\u00b0C, infrapunasaun max 40\u00b0C-60\u00b0C, sisebassein, soojendatav v\u00e4libassein, massaa\u017eibassein ehk jacuzzi, l\u00f5\u00f5gastusala ehk lebola ja Kneipp-teraapia rada. Eraldi saab rentida ka mullivanni, lounge-t\u00fc\u00fcpi istumisala ja aurusaunaga privaatsauna \u201eMeresaun.\u201c Thalasso Day [&hellip;]","og_url":"https:\/\/eestispaad.ee\/lv\/product\/fra-mare-thalasso-spa-day-spaa-sauna-ja-basseinikeskuse-paase-e-n\/","og_site_name":"Eestispaad","article_publisher":"https:\/\/www.facebook.com\/estonianspas","twitter_card":"summary_large_image","twitter_misc":{"Est. reading time":"1 minute"},"schema":{"@context":"https:\/\/schema.org","@graph":[{"@type":"WebPage","@id":"https:\/\/eestispaad.ee\/lv\/product\/fra-mare-thalasso-spa-day-spaa-sauna-ja-basseinikeskuse-paase-e-n\/","url":"https:\/\/eestispaad.ee\/lv\/product\/fra-mare-thalasso-spa-day-spaa-sauna-ja-basseinikeskuse-paase-e-n\/","name":"Fra Mare Thalasso SPA Day Spaa sauna- ja basseinikeskuse p\u00e4\u00e4se E-N - Eestispaad","isPartOf":{"@id":"https:\/\/eestispaad.ee\/#website"},"primaryImageOfPage":{"@id":"https:\/\/eestispaad.ee\/lv\/product\/fra-mare-thalasso-spa-day-spaa-sauna-ja-basseinikeskuse-paase-e-n\/#primaryimage"},"image":{"@id":"https:\/\/eestispaad.ee\/lv\/product\/fra-mare-thalasso-spa-day-spaa-sauna-ja-basseinikeskuse-paase-e-n\/#primaryimage"},"thumbnailUrl":"https:\/\/eestispaad.ee\/wp-content\/uploads\/2023\/11\/Fra-Mare-Thalasso-SPA-sisebassein-Eduard-Laur.jpg","datePublished":"2023-11-09T10:16:21+00:00","breadcrumb":{"@id":"https:\/\/eestispaad.ee\/lv\/product\/fra-mare-thalasso-spa-day-spaa-sauna-ja-basseinikeskuse-paase-e-n\/#breadcrumb"},"inLanguage":"lv-LV","potentialAction":[{"@type":"ReadAction","target":["https:\/\/eestispaad.ee\/lv\/product\/fra-mare-thalasso-spa-day-spaa-sauna-ja-basseinikeskuse-paase-e-n\/"]}]},{"@type":"ImageObject","inLanguage":"lv-LV","@id":"https:\/\/eestispaad.ee\/lv\/product\/fra-mare-thalasso-spa-day-spaa-sauna-ja-basseinikeskuse-paase-e-n\/#primaryimage","url":"https:\/\/eestispaad.ee\/wp-content\/uploads\/2023\/11\/Fra-Mare-Thalasso-SPA-sisebassein-Eduard-Laur.jpg","contentUrl":"https:\/\/eestispaad.ee\/wp-content\/uploads\/2023\/11\/Fra-Mare-Thalasso-SPA-sisebassein-Eduard-Laur.jpg","width":1772,"height":879},{"@type":"BreadcrumbList","@id":"https:\/\/eestispaad.ee\/lv\/product\/fra-mare-thalasso-spa-day-spaa-sauna-ja-basseinikeskuse-paase-e-n\/#breadcrumb","itemListElement":[{"@type":"ListItem","position":1,"name":"Home","item":"https:\/\/eestispaad.ee\/lv\/"},{"@type":"ListItem","position":2,"name":"Shop","item":"https:\/\/eestispaad.ee\/lv\/shop\/"},{"@type":"ListItem","position":3,"name":"Fra Mare Thalasso SPA Day Spaa sauna- ja basseinikeskuse p\u00e4\u00e4se E-N"}]},{"@type":"WebSite","@id":"https:\/\/eestispaad.ee\/#website","url":"https:\/\/eestispaad.ee\/","name":"Eesti spaad","description":"","publisher":{"@id":"https:\/\/eestispaad.ee\/#organization"},"potentialAction":[{"@type":"SearchAction","target":{"@type":"EntryPoint","urlTemplate":"https:\/\/eestispaad.ee\/?s={search_term_string}"},"query-input":{"@type":"PropertyValueSpecification","valueRequired":true,"valueName":"search_term_string"}}],"inLanguage":"lv-LV"},{"@type":"Organization","@id":"https:\/\/eestispaad.ee\/#organization","name":"Eesti spaad","url":"https:\/\/eestispaad.ee\/","logo":{"@type":"ImageObject","inLanguage":"lv-LV","@id":"https:\/\/eestispaad.ee\/#\/schema\/logo\/image\/","url":"https:\/\/eestispaad.ee\/wp-content\/uploads\/2023\/12\/Screenshot-2023-12-09-at-21.42.51.png","contentUrl":"https:\/\/eestispaad.ee\/wp-content\/uploads\/2023\/12\/Screenshot-2023-12-09-at-21.42.51.png","width":2130,"height":396,"caption":"Eesti spaad"},"image":{"@id":"https:\/\/eestispaad.ee\/#\/schema\/logo\/image\/"},"sameAs":["https:\/\/www.facebook.com\/estonianspas"]}]}},"_links":{"self":[{"href":"https:\/\/eestispaad.ee\/lv\/wp-json\/wp\/v2\/product\/6883","targetHints":{"allow":["GET"]}}],"collection":[{"href":"https:\/\/eestispaad.ee\/lv\/wp-json\/wp\/v2\/product"}],"about":[{"href":"https:\/\/eestispaad.ee\/lv\/wp-json\/wp\/v2\/types\/product"}],"replies":[{"embeddable":true,"href":"https:\/\/eestispaad.ee\/lv\/wp-json\/wp\/v2\/comments?post=6883"}],"wp:featuredmedia":[{"embeddable":true,"href":"https:\/\/eestispaad.ee\/lv\/wp-json\/wp\/v2\/media\/6884"}],"wp:attachment":[{"href":"https:\/\/eestispaad.ee\/lv\/wp-json\/wp\/v2\/media?parent=6883"}],"wp:term":[{"taxonomy":"product_brand","embeddable":true,"href":"https:\/\/eestispaad.ee\/lv\/wp-json\/wp\/v2\/product_brand?post=6883"},{"taxonomy":"product_cat","embeddable":true,"href":"https:\/\/eestispaad.ee\/lv\/wp-json\/wp\/v2\/product_cat?post=6883"},{"taxonomy":"product_tag","embeddable":true,"href":"https:\/\/eestispaad.ee\/lv\/wp-json\/wp\/v2\/product_tag?post=6883"}],"curies":[{"name":"wp","href":"https:\/\/api.w.org\/{rel}","templated":true}]}}