{"id":12286,"date":"2023-12-11T15:17:10","date_gmt":"2023-12-11T13:17:10","guid":{"rendered":"https:\/\/eestispaad.ee\/product\/troopikatuba\/"},"modified":"2026-04-30T13:46:45","modified_gmt":"2026-04-30T10:46:45","slug":"troopikatuba","status":"publish","type":"product","link":"https:\/\/eestispaad.ee\/lv\/product\/troopikatuba\/","title":{"rendered":"Tropu istaba \u2014 relaks\u0101cijas terapija emocion\u0101l\u0101s un musku\u013cu spriedzes mazin\u0101\u0161anai"},"content":{"rendered":"<p data-start=\"0\" data-end=\"183\">Piln\u012bga \u0137erme\u0146a un pr\u0101ta relaks\u0101cija tevi gaida Tropu istab\u0101. Sienas \u016bdenskritums, pat\u012bkams, maigs apgaismojums un tropisk\u0101 za\u013cuma pal\u012bdz\u0113s aizmirst par ikdienas darbiem un probl\u0113m\u0101m.<\/p>\n<p data-start=\"185\" data-end=\"438\">Tu iegrimsti bezkontakta term\u0101laj\u0101 vann\u0101, un siltais \u016bdens matracis maigi tevi ieskauj, sniedzot siltumu un relaks\u0101ciju. Tavs \u0137ermenis k\u013c\u016bst viegls un bezsvara, un tu sajut\u012bsi, k\u0101 stress atk\u0101pjas, bet trauksmes un spriedzes viet\u0101 n\u0101k miers un harmonija.<\/p>\n<p data-start=\"440\" data-end=\"666\">Sienas \u016bdenskritums, pat\u012bkams, maigs apgaismojums un dz\u012bv\u0101 tropisk\u0101 za\u013cuma pal\u012bdz\u0113s aizmirst par ikdienas darbiem un probl\u0113m\u0101m. Proced\u016bra jau ir k\u013cuvusi par p\u0101rdo\u0161anas hitu! Uzd\u0101vini ar\u012b sev \u0161o baud\u012bjumu \u2014 tu to esi peln\u012bjusi.<\/p>\n<p data-start=\"668\" data-end=\"765\" data-is-last-node=\"\" data-is-only-node=\"\">Iesak\u0101m veikt proced\u016bru kursa veid\u0101, lai nov\u0113rstu bezmiega att\u012bst\u012bbu un izvair\u012btos no p\u0101rslodzes.<\/p>\n<div>Papildu inform\u0101cija un rezerv\u0101cija:<br data-start=\"35\" data-end=\"38\" \/>T\u0101lrunis: +372 35 99 523<br data-start=\"62\" data-end=\"65\" \/>E-pasts: <a class=\"decorated-link cursor-pointer\" rel=\"noopener\" data-start=\"74\" data-end=\"92\" data-is-last-node=\"\">ilu@narvajoesuu.ee<\/a><\/div>\n","protected":false},"excerpt":{"rendered":"<p data-start=\"0\" data-end=\"183\">Piln\u012bga \u0137erme\u0146a un pr\u0101ta relaks\u0101cija tevi gaida Tropu istab\u0101. Sienas \u016bdenskritums, pat\u012bkams, maigs apgaismojums un tropisk\u0101 za\u013cuma pal\u012bdz\u0113s aizmirst par ikdienas darbiem un probl\u0113m\u0101m.<\/p>\n<p data-start=\"185\" data-end=\"438\">Tu iegrimsti bezkontakta term\u0101laj\u0101 vann\u0101, un siltais \u016bdens matracis maigi tevi ieskauj, sniedzot siltumu un relaks\u0101ciju. Tavs \u0137ermenis k\u013c\u016bst viegls un bezsvara, un tu sajut\u012bsi, k\u0101 stress atk\u0101pjas, bet trauksmes un spriedzes viet\u0101 n\u0101k miers un harmonija.<\/p>\n<p data-start=\"440\" data-end=\"666\">Sienas \u016bdenskritums, pat\u012bkams, maigs apgaismojums un dz\u012bv\u0101 tropisk\u0101 za\u013cuma pal\u012bdz\u0113s aizmirst par ikdienas darbiem un probl\u0113m\u0101m. Proced\u016bra jau ir k\u013cuvusi par p\u0101rdo\u0161anas hitu! Uzd\u0101vini ar\u012b sev \u0161o baud\u012bjumu \u2014 tu to esi peln\u012bjusi.<\/p>\n<p data-start=\"668\" data-end=\"765\" data-is-last-node=\"\" data-is-only-node=\"\">Iesak\u0101m veikt proced\u016bru kursa veid\u0101, lai nov\u0113rstu bezmiega att\u012bst\u012bbu un izvair\u012btos no p\u0101rslodzes.<\/p>\n","protected":false},"featured_media":12288,"comment_status":"open","ping_status":"closed","template":"","meta":[],"product_brand":[],"product_cat":[458],"product_tag":[],"class_list":{"0":"post-12286","1":"product","2":"type-product","3":"status-publish","4":"has-post-thumbnail","6":"product_cat-proceduras","8":"first","9":"instock","10":"virtual","11":"purchasable","12":"product-type-simple"},"acf":[],"yoast_head":"<!-- This site is optimized with the Yoast SEO plugin v26.8 - https:\/\/yoast.com\/product\/yoast-seo-wordpress\/ -->\n<title>Tropu istaba \u2014 relaks\u0101cijas terapija emocion\u0101l\u0101s un musku\u013cu spriedzes mazin\u0101\u0161anai Narva-J\u00f5esuu Medical Spa - Eestispaad<\/title>\n<meta name=\"description\" content=\"\u041f\u043e\u043b\u043d\u043e\u0435 \u0440\u0430\u0441\u0441\u043b\u0430\u0431\u043b\u0435\u043d\u0438\u0435 \u0442\u0435\u043b\u0430 \u0438 \u0440\u0430\u0437\u0443\u043c\u0430 \u0436\u0434\u0451\u0442 \u0442\u0435\u0431\u044f \u0432 \u0422\u0440\u043e\u043f\u0438\u0447\u0435\u0441\u043a\u043e\u0439 \u043a\u043e\u043c\u043d\u0430\u0442\u0435. \u041d\u0430\u0441\u0442\u0435\u043d\u043d\u044b\u0439 \u0432\u043e\u0434\u043e\u043f\u0430\u0434, \u043f\u0440\u0438\u044f\u0442\u043d\u044b\u0439 \u043f\u0440\u0438\u0433\u043b\u0443\u0448\u0451\u043d\u043d\u044b\u0439 \u0441\u0432\u0435\u0442 \u0438 \u0442\u0440\u043e\u043f\u0438\u0447\u0435\u0441\u043a\u0430\u044f \u0437\u0435\u043b\u0435\u043d\u044c \u043f\u043e\u043c\u043e\u0433\u0443\u0442 \u0437\u0430\u0431\u044b\u0442\u044c \u043e \u0442\u0435\u043a\u0443\u0449\u0438\u0445 \u0434\u0435\u043b\u0430\u0445 \u0438 \u043f\u0440\u043e\u0431\u043b\u0435\u043c\u0430\u0445\" \/>\n<meta name=\"robots\" content=\"index, follow, max-snippet:-1, max-image-preview:large, max-video-preview:-1\" \/>\n<link rel=\"canonical\" href=\"https:\/\/eestispaad.ee\/lv\/product\/troopikatuba\/\" \/>\n<meta property=\"og:locale\" content=\"lv_LV\" \/>\n<meta property=\"og:type\" content=\"article\" \/>\n<meta property=\"og:title\" content=\"Tropu istaba \u2014 relaks\u0101cijas terapija emocion\u0101l\u0101s un musku\u013cu spriedzes mazin\u0101\u0161anai Narva-J\u00f5esuu Medical Spa - Eestispaad\" \/>\n<meta property=\"og:description\" content=\"\u041f\u043e\u043b\u043d\u043e\u0435 \u0440\u0430\u0441\u0441\u043b\u0430\u0431\u043b\u0435\u043d\u0438\u0435 \u0442\u0435\u043b\u0430 \u0438 \u0440\u0430\u0437\u0443\u043c\u0430 \u0436\u0434\u0451\u0442 \u0442\u0435\u0431\u044f \u0432 \u0422\u0440\u043e\u043f\u0438\u0447\u0435\u0441\u043a\u043e\u0439 \u043a\u043e\u043c\u043d\u0430\u0442\u0435. \u041d\u0430\u0441\u0442\u0435\u043d\u043d\u044b\u0439 \u0432\u043e\u0434\u043e\u043f\u0430\u0434, \u043f\u0440\u0438\u044f\u0442\u043d\u044b\u0439 \u043f\u0440\u0438\u0433\u043b\u0443\u0448\u0451\u043d\u043d\u044b\u0439 \u0441\u0432\u0435\u0442 \u0438 \u0442\u0440\u043e\u043f\u0438\u0447\u0435\u0441\u043a\u0430\u044f \u0437\u0435\u043b\u0435\u043d\u044c \u043f\u043e\u043c\u043e\u0433\u0443\u0442 \u0437\u0430\u0431\u044b\u0442\u044c \u043e \u0442\u0435\u043a\u0443\u0449\u0438\u0445 \u0434\u0435\u043b\u0430\u0445 \u0438 \u043f\u0440\u043e\u0431\u043b\u0435\u043c\u0430\u0445\" \/>\n<meta property=\"og:url\" content=\"https:\/\/eestispaad.ee\/lv\/product\/troopikatuba\/\" \/>\n<meta property=\"og:site_name\" content=\"Eestispaad\" \/>\n<meta property=\"article:publisher\" content=\"https:\/\/www.facebook.com\/estonianspas\" \/>\n<meta property=\"article:modified_time\" content=\"2026-04-30T10:46:45+00:00\" \/>\n<meta property=\"og:image\" content=\"https:\/\/eestispaad.ee\/wp-content\/uploads\/2023\/11\/Troopika-tuba-1024x576.png\" \/>\n\t<meta property=\"og:image:width\" content=\"1024\" \/>\n\t<meta property=\"og:image:height\" content=\"576\" \/>\n\t<meta property=\"og:image:type\" content=\"image\/png\" \/>\n<meta name=\"twitter:card\" content=\"summary_large_image\" \/>\n<meta name=\"twitter:label1\" content=\"Est. reading time\" \/>\n\t<meta name=\"twitter:data1\" content=\"1 minute\" \/>\n<script type=\"application\/ld+json\" class=\"yoast-schema-graph\">{\"@context\":\"https:\/\/schema.org\",\"@graph\":[{\"@type\":\"WebPage\",\"@id\":\"https:\/\/eestispaad.ee\/lv\/product\/troopikatuba\/\",\"url\":\"https:\/\/eestispaad.ee\/lv\/product\/troopikatuba\/\",\"name\":\"Tropu istaba \u2014 relaks\u0101cijas terapija emocion\u0101l\u0101s un musku\u013cu spriedzes mazin\u0101\u0161anai Narva-J\u00f5esuu Medical Spa - Eestispaad\",\"isPartOf\":{\"@id\":\"https:\/\/eestispaad.ee\/#website\"},\"primaryImageOfPage\":{\"@id\":\"https:\/\/eestispaad.ee\/lv\/product\/troopikatuba\/#primaryimage\"},\"image\":{\"@id\":\"https:\/\/eestispaad.ee\/lv\/product\/troopikatuba\/#primaryimage\"},\"thumbnailUrl\":\"https:\/\/eestispaad.ee\/wp-content\/uploads\/2023\/11\/Troopika-tuba.png\",\"datePublished\":\"2023-12-11T13:17:10+00:00\",\"dateModified\":\"2026-04-30T10:46:45+00:00\",\"description\":\"\u041f\u043e\u043b\u043d\u043e\u0435 \u0440\u0430\u0441\u0441\u043b\u0430\u0431\u043b\u0435\u043d\u0438\u0435 \u0442\u0435\u043b\u0430 \u0438 \u0440\u0430\u0437\u0443\u043c\u0430 \u0436\u0434\u0451\u0442 \u0442\u0435\u0431\u044f \u0432 \u0422\u0440\u043e\u043f\u0438\u0447\u0435\u0441\u043a\u043e\u0439 \u043a\u043e\u043c\u043d\u0430\u0442\u0435. \u041d\u0430\u0441\u0442\u0435\u043d\u043d\u044b\u0439 \u0432\u043e\u0434\u043e\u043f\u0430\u0434, \u043f\u0440\u0438\u044f\u0442\u043d\u044b\u0439 \u043f\u0440\u0438\u0433\u043b\u0443\u0448\u0451\u043d\u043d\u044b\u0439 \u0441\u0432\u0435\u0442 \u0438 \u0442\u0440\u043e\u043f\u0438\u0447\u0435\u0441\u043a\u0430\u044f \u0437\u0435\u043b\u0435\u043d\u044c \u043f\u043e\u043c\u043e\u0433\u0443\u0442 \u0437\u0430\u0431\u044b\u0442\u044c \u043e \u0442\u0435\u043a\u0443\u0449\u0438\u0445 \u0434\u0435\u043b\u0430\u0445 \u0438 \u043f\u0440\u043e\u0431\u043b\u0435\u043c\u0430\u0445\",\"breadcrumb\":{\"@id\":\"https:\/\/eestispaad.ee\/lv\/product\/troopikatuba\/#breadcrumb\"},\"inLanguage\":\"lv-LV\",\"potentialAction\":[{\"@type\":\"ReadAction\",\"target\":[\"https:\/\/eestispaad.ee\/lv\/product\/troopikatuba\/\"]}]},{\"@type\":\"ImageObject\",\"inLanguage\":\"lv-LV\",\"@id\":\"https:\/\/eestispaad.ee\/lv\/product\/troopikatuba\/#primaryimage\",\"url\":\"https:\/\/eestispaad.ee\/wp-content\/uploads\/2023\/11\/Troopika-tuba.png\",\"contentUrl\":\"https:\/\/eestispaad.ee\/wp-content\/uploads\/2023\/11\/Troopika-tuba.png\",\"width\":1600,\"height\":900},{\"@type\":\"BreadcrumbList\",\"@id\":\"https:\/\/eestispaad.ee\/lv\/product\/troopikatuba\/#breadcrumb\",\"itemListElement\":[{\"@type\":\"ListItem\",\"position\":1,\"name\":\"Home\",\"item\":\"https:\/\/eestispaad.ee\/lv\/\"},{\"@type\":\"ListItem\",\"position\":2,\"name\":\"Shop\",\"item\":\"https:\/\/eestispaad.ee\/lv\/shop\/\"},{\"@type\":\"ListItem\",\"position\":3,\"name\":\"Tropu istaba \u2014 relaks\u0101cijas terapija emocion\u0101l\u0101s un musku\u013cu spriedzes mazin\u0101\u0161anai\"}]},{\"@type\":\"WebSite\",\"@id\":\"https:\/\/eestispaad.ee\/#website\",\"url\":\"https:\/\/eestispaad.ee\/\",\"name\":\"Eesti spaad\",\"description\":\"\",\"publisher\":{\"@id\":\"https:\/\/eestispaad.ee\/#organization\"},\"potentialAction\":[{\"@type\":\"SearchAction\",\"target\":{\"@type\":\"EntryPoint\",\"urlTemplate\":\"https:\/\/eestispaad.ee\/?s={search_term_string}\"},\"query-input\":{\"@type\":\"PropertyValueSpecification\",\"valueRequired\":true,\"valueName\":\"search_term_string\"}}],\"inLanguage\":\"lv-LV\"},{\"@type\":\"Organization\",\"@id\":\"https:\/\/eestispaad.ee\/#organization\",\"name\":\"Eesti spaad\",\"url\":\"https:\/\/eestispaad.ee\/\",\"logo\":{\"@type\":\"ImageObject\",\"inLanguage\":\"lv-LV\",\"@id\":\"https:\/\/eestispaad.ee\/#\/schema\/logo\/image\/\",\"url\":\"https:\/\/eestispaad.ee\/wp-content\/uploads\/2023\/12\/Screenshot-2023-12-09-at-21.42.51.png\",\"contentUrl\":\"https:\/\/eestispaad.ee\/wp-content\/uploads\/2023\/12\/Screenshot-2023-12-09-at-21.42.51.png\",\"width\":2130,\"height\":396,\"caption\":\"Eesti spaad\"},\"image\":{\"@id\":\"https:\/\/eestispaad.ee\/#\/schema\/logo\/image\/\"},\"sameAs\":[\"https:\/\/www.facebook.com\/estonianspas\"]}]}<\/script>\n<!-- \/ Yoast SEO plugin. -->","yoast_head_json":{"title":"Tropu istaba \u2014 relaks\u0101cijas terapija emocion\u0101l\u0101s un musku\u013cu spriedzes mazin\u0101\u0161anai Narva-J\u00f5esuu Medical Spa - Eestispaad","description":"\u041f\u043e\u043b\u043d\u043e\u0435 \u0440\u0430\u0441\u0441\u043b\u0430\u0431\u043b\u0435\u043d\u0438\u0435 \u0442\u0435\u043b\u0430 \u0438 \u0440\u0430\u0437\u0443\u043c\u0430 \u0436\u0434\u0451\u0442 \u0442\u0435\u0431\u044f \u0432 \u0422\u0440\u043e\u043f\u0438\u0447\u0435\u0441\u043a\u043e\u0439 \u043a\u043e\u043c\u043d\u0430\u0442\u0435. \u041d\u0430\u0441\u0442\u0435\u043d\u043d\u044b\u0439 \u0432\u043e\u0434\u043e\u043f\u0430\u0434, \u043f\u0440\u0438\u044f\u0442\u043d\u044b\u0439 \u043f\u0440\u0438\u0433\u043b\u0443\u0448\u0451\u043d\u043d\u044b\u0439 \u0441\u0432\u0435\u0442 \u0438 \u0442\u0440\u043e\u043f\u0438\u0447\u0435\u0441\u043a\u0430\u044f \u0437\u0435\u043b\u0435\u043d\u044c \u043f\u043e\u043c\u043e\u0433\u0443\u0442 \u0437\u0430\u0431\u044b\u0442\u044c \u043e \u0442\u0435\u043a\u0443\u0449\u0438\u0445 \u0434\u0435\u043b\u0430\u0445 \u0438 \u043f\u0440\u043e\u0431\u043b\u0435\u043c\u0430\u0445","robots":{"index":"index","follow":"follow","max-snippet":"max-snippet:-1","max-image-preview":"max-image-preview:large","max-video-preview":"max-video-preview:-1"},"canonical":"https:\/\/eestispaad.ee\/lv\/product\/troopikatuba\/","og_locale":"lv_LV","og_type":"article","og_title":"Tropu istaba \u2014 relaks\u0101cijas terapija emocion\u0101l\u0101s un musku\u013cu spriedzes mazin\u0101\u0161anai Narva-J\u00f5esuu Medical Spa - Eestispaad","og_description":"\u041f\u043e\u043b\u043d\u043e\u0435 \u0440\u0430\u0441\u0441\u043b\u0430\u0431\u043b\u0435\u043d\u0438\u0435 \u0442\u0435\u043b\u0430 \u0438 \u0440\u0430\u0437\u0443\u043c\u0430 \u0436\u0434\u0451\u0442 \u0442\u0435\u0431\u044f \u0432 \u0422\u0440\u043e\u043f\u0438\u0447\u0435\u0441\u043a\u043e\u0439 \u043a\u043e\u043c\u043d\u0430\u0442\u0435. \u041d\u0430\u0441\u0442\u0435\u043d\u043d\u044b\u0439 \u0432\u043e\u0434\u043e\u043f\u0430\u0434, \u043f\u0440\u0438\u044f\u0442\u043d\u044b\u0439 \u043f\u0440\u0438\u0433\u043b\u0443\u0448\u0451\u043d\u043d\u044b\u0439 \u0441\u0432\u0435\u0442 \u0438 \u0442\u0440\u043e\u043f\u0438\u0447\u0435\u0441\u043a\u0430\u044f \u0437\u0435\u043b\u0435\u043d\u044c \u043f\u043e\u043c\u043e\u0433\u0443\u0442 \u0437\u0430\u0431\u044b\u0442\u044c \u043e \u0442\u0435\u043a\u0443\u0449\u0438\u0445 \u0434\u0435\u043b\u0430\u0445 \u0438 \u043f\u0440\u043e\u0431\u043b\u0435\u043c\u0430\u0445","og_url":"https:\/\/eestispaad.ee\/lv\/product\/troopikatuba\/","og_site_name":"Eestispaad","article_publisher":"https:\/\/www.facebook.com\/estonianspas","article_modified_time":"2026-04-30T10:46:45+00:00","og_image":[{"width":1024,"height":576,"url":"https:\/\/eestispaad.ee\/wp-content\/uploads\/2023\/11\/Troopika-tuba-1024x576.png","type":"image\/png"}],"twitter_card":"summary_large_image","twitter_misc":{"Est. reading time":"1 minute"},"schema":{"@context":"https:\/\/schema.org","@graph":[{"@type":"WebPage","@id":"https:\/\/eestispaad.ee\/lv\/product\/troopikatuba\/","url":"https:\/\/eestispaad.ee\/lv\/product\/troopikatuba\/","name":"Tropu istaba \u2014 relaks\u0101cijas terapija emocion\u0101l\u0101s un musku\u013cu spriedzes mazin\u0101\u0161anai Narva-J\u00f5esuu Medical Spa - Eestispaad","isPartOf":{"@id":"https:\/\/eestispaad.ee\/#website"},"primaryImageOfPage":{"@id":"https:\/\/eestispaad.ee\/lv\/product\/troopikatuba\/#primaryimage"},"image":{"@id":"https:\/\/eestispaad.ee\/lv\/product\/troopikatuba\/#primaryimage"},"thumbnailUrl":"https:\/\/eestispaad.ee\/wp-content\/uploads\/2023\/11\/Troopika-tuba.png","datePublished":"2023-12-11T13:17:10+00:00","dateModified":"2026-04-30T10:46:45+00:00","description":"\u041f\u043e\u043b\u043d\u043e\u0435 \u0440\u0430\u0441\u0441\u043b\u0430\u0431\u043b\u0435\u043d\u0438\u0435 \u0442\u0435\u043b\u0430 \u0438 \u0440\u0430\u0437\u0443\u043c\u0430 \u0436\u0434\u0451\u0442 \u0442\u0435\u0431\u044f \u0432 \u0422\u0440\u043e\u043f\u0438\u0447\u0435\u0441\u043a\u043e\u0439 \u043a\u043e\u043c\u043d\u0430\u0442\u0435. \u041d\u0430\u0441\u0442\u0435\u043d\u043d\u044b\u0439 \u0432\u043e\u0434\u043e\u043f\u0430\u0434, \u043f\u0440\u0438\u044f\u0442\u043d\u044b\u0439 \u043f\u0440\u0438\u0433\u043b\u0443\u0448\u0451\u043d\u043d\u044b\u0439 \u0441\u0432\u0435\u0442 \u0438 \u0442\u0440\u043e\u043f\u0438\u0447\u0435\u0441\u043a\u0430\u044f \u0437\u0435\u043b\u0435\u043d\u044c \u043f\u043e\u043c\u043e\u0433\u0443\u0442 \u0437\u0430\u0431\u044b\u0442\u044c \u043e \u0442\u0435\u043a\u0443\u0449\u0438\u0445 \u0434\u0435\u043b\u0430\u0445 \u0438 \u043f\u0440\u043e\u0431\u043b\u0435\u043c\u0430\u0445","breadcrumb":{"@id":"https:\/\/eestispaad.ee\/lv\/product\/troopikatuba\/#breadcrumb"},"inLanguage":"lv-LV","potentialAction":[{"@type":"ReadAction","target":["https:\/\/eestispaad.ee\/lv\/product\/troopikatuba\/"]}]},{"@type":"ImageObject","inLanguage":"lv-LV","@id":"https:\/\/eestispaad.ee\/lv\/product\/troopikatuba\/#primaryimage","url":"https:\/\/eestispaad.ee\/wp-content\/uploads\/2023\/11\/Troopika-tuba.png","contentUrl":"https:\/\/eestispaad.ee\/wp-content\/uploads\/2023\/11\/Troopika-tuba.png","width":1600,"height":900},{"@type":"BreadcrumbList","@id":"https:\/\/eestispaad.ee\/lv\/product\/troopikatuba\/#breadcrumb","itemListElement":[{"@type":"ListItem","position":1,"name":"Home","item":"https:\/\/eestispaad.ee\/lv\/"},{"@type":"ListItem","position":2,"name":"Shop","item":"https:\/\/eestispaad.ee\/lv\/shop\/"},{"@type":"ListItem","position":3,"name":"Tropu istaba \u2014 relaks\u0101cijas terapija emocion\u0101l\u0101s un musku\u013cu spriedzes mazin\u0101\u0161anai"}]},{"@type":"WebSite","@id":"https:\/\/eestispaad.ee\/#website","url":"https:\/\/eestispaad.ee\/","name":"Eesti spaad","description":"","publisher":{"@id":"https:\/\/eestispaad.ee\/#organization"},"potentialAction":[{"@type":"SearchAction","target":{"@type":"EntryPoint","urlTemplate":"https:\/\/eestispaad.ee\/?s={search_term_string}"},"query-input":{"@type":"PropertyValueSpecification","valueRequired":true,"valueName":"search_term_string"}}],"inLanguage":"lv-LV"},{"@type":"Organization","@id":"https:\/\/eestispaad.ee\/#organization","name":"Eesti spaad","url":"https:\/\/eestispaad.ee\/","logo":{"@type":"ImageObject","inLanguage":"lv-LV","@id":"https:\/\/eestispaad.ee\/#\/schema\/logo\/image\/","url":"https:\/\/eestispaad.ee\/wp-content\/uploads\/2023\/12\/Screenshot-2023-12-09-at-21.42.51.png","contentUrl":"https:\/\/eestispaad.ee\/wp-content\/uploads\/2023\/12\/Screenshot-2023-12-09-at-21.42.51.png","width":2130,"height":396,"caption":"Eesti spaad"},"image":{"@id":"https:\/\/eestispaad.ee\/#\/schema\/logo\/image\/"},"sameAs":["https:\/\/www.facebook.com\/estonianspas"]}]}},"_links":{"self":[{"href":"https:\/\/eestispaad.ee\/lv\/wp-json\/wp\/v2\/product\/12286","targetHints":{"allow":["GET"]}}],"collection":[{"href":"https:\/\/eestispaad.ee\/lv\/wp-json\/wp\/v2\/product"}],"about":[{"href":"https:\/\/eestispaad.ee\/lv\/wp-json\/wp\/v2\/types\/product"}],"replies":[{"embeddable":true,"href":"https:\/\/eestispaad.ee\/lv\/wp-json\/wp\/v2\/comments?post=12286"}],"wp:featuredmedia":[{"embeddable":true,"href":"https:\/\/eestispaad.ee\/lv\/wp-json\/wp\/v2\/media\/12288"}],"wp:attachment":[{"href":"https:\/\/eestispaad.ee\/lv\/wp-json\/wp\/v2\/media?parent=12286"}],"wp:term":[{"taxonomy":"product_brand","embeddable":true,"href":"https:\/\/eestispaad.ee\/lv\/wp-json\/wp\/v2\/product_brand?post=12286"},{"taxonomy":"product_cat","embeddable":true,"href":"https:\/\/eestispaad.ee\/lv\/wp-json\/wp\/v2\/product_cat?post=12286"},{"taxonomy":"product_tag","embeddable":true,"href":"https:\/\/eestispaad.ee\/lv\/wp-json\/wp\/v2\/product_tag?post=12286"}],"curies":[{"name":"wp","href":"https:\/\/api.w.org\/{rel}","templated":true}]}}