{"id":12273,"date":"2023-12-13T16:11:59","date_gmt":"2023-12-13T14:11:59","guid":{"rendered":"https:\/\/eestispaad.ee\/product\/klassikaline-seljamassaaz-20-min\/"},"modified":"2026-04-30T12:33:45","modified_gmt":"2026-04-30T09:33:45","slug":"klassikaline-seljamassaaz-20-min","status":"publish","type":"product","link":"https:\/\/eestispaad.ee\/lv\/product\/klassikaline-seljamassaaz-20-min\/","title":{"rendered":"Klasisk\u0101 mas\u0101\u017ea (20 min)"},"content":{"rendered":"<p>Uzlabo \u0101das elpo\u0161anas funkciju. Mas\u0101\u017eas iedarb\u012bb\u0101 tiek atdal\u012btas novecoju\u0161\u0101s \u0101das \u0161\u016bnas, papla\u0161in\u0101s asinsvadi, uzlabojas asinsrite un tiek aktiviz\u0113ta \u0101das receptoru funkcija. Uzlabojas \u0101das un musku\u013cu tonuss, \u0101da k\u013c\u016bst gluda un elast\u012bga.<\/p>\n","protected":false},"excerpt":{"rendered":"<p>Uzlabo \u0101das elpo\u0161anas funkciju. Mas\u0101\u017eas iedarb\u012bb\u0101 tiek atdal\u012btas novecoju\u0161\u0101s \u0101das \u0161\u016bnas, papla\u0161in\u0101s asinsvadi, uzlabojas asinsrite un tiek aktiviz\u0113ta \u0101das receptoru funkcija. Uzlabojas \u0101das un musku\u013cu tonuss, \u0101da k\u013c\u016bst gluda un elast\u012bga.<\/p>\n","protected":false},"featured_media":12274,"comment_status":"open","ping_status":"closed","template":"","meta":[],"product_brand":[],"product_cat":[470,458],"product_tag":[845],"class_list":{"0":"post-12273","1":"product","2":"type-product","3":"status-publish","4":"has-post-thumbnail","6":"product_cat-papildus-pakalpojumi","7":"product_cat-proceduras","8":"product_tag-massaaz","10":"first","11":"instock","12":"virtual","13":"purchasable","14":"product-type-simple"},"acf":[],"yoast_head":"<!-- This site is optimized with the Yoast SEO plugin v26.8 - https:\/\/yoast.com\/product\/yoast-seo-wordpress\/ -->\n<title>Klasisk\u0101 mas\u0101\u017ea (20 min) - Eestispaad<\/title>\n<meta name=\"robots\" content=\"index, follow, max-snippet:-1, max-image-preview:large, max-video-preview:-1\" \/>\n<link rel=\"canonical\" href=\"https:\/\/eestispaad.ee\/lv\/product\/klassikaline-seljamassaaz-20-min\/\" \/>\n<meta property=\"og:locale\" content=\"lv_LV\" \/>\n<meta property=\"og:type\" content=\"article\" \/>\n<meta property=\"og:title\" content=\"Klasisk\u0101 mas\u0101\u017ea (20 min) - Eestispaad\" \/>\n<meta property=\"og:description\" content=\"Uzlabo \u0101das elpo\u0161anas funkciju. Mas\u0101\u017eas iedarb\u012bb\u0101 tiek atdal\u012btas novecoju\u0161\u0101s \u0101das \u0161\u016bnas, papla\u0161in\u0101s asinsvadi, uzlabojas asinsrite un tiek aktiviz\u0113ta \u0101das receptoru funkcija. Uzlabojas \u0101das un musku\u013cu tonuss, \u0101da k\u013c\u016bst gluda un elast\u012bga.\" \/>\n<meta property=\"og:url\" content=\"https:\/\/eestispaad.ee\/lv\/product\/klassikaline-seljamassaaz-20-min\/\" \/>\n<meta property=\"og:site_name\" content=\"Eestispaad\" \/>\n<meta property=\"article:publisher\" content=\"https:\/\/www.facebook.com\/estonianspas\" \/>\n<meta property=\"article:modified_time\" content=\"2026-04-30T09:33:45+00:00\" \/>\n<meta property=\"og:image\" content=\"https:\/\/eestispaad.ee\/wp-content\/uploads\/2023\/12\/Narva-Joesuu-Medical-Spa-26.png\" \/>\n\t<meta property=\"og:image:width\" content=\"1600\" \/>\n\t<meta property=\"og:image:height\" content=\"900\" \/>\n\t<meta property=\"og:image:type\" content=\"image\/png\" \/>\n<meta name=\"twitter:card\" content=\"summary_large_image\" \/>\n<meta name=\"twitter:label1\" content=\"Est. reading time\" \/>\n\t<meta name=\"twitter:data1\" content=\"1 minute\" \/>\n<script type=\"application\/ld+json\" class=\"yoast-schema-graph\">{\"@context\":\"https:\/\/schema.org\",\"@graph\":[{\"@type\":\"WebPage\",\"@id\":\"https:\/\/eestispaad.ee\/lv\/product\/klassikaline-seljamassaaz-20-min\/\",\"url\":\"https:\/\/eestispaad.ee\/lv\/product\/klassikaline-seljamassaaz-20-min\/\",\"name\":\"Klasisk\u0101 mas\u0101\u017ea (20 min) - Eestispaad\",\"isPartOf\":{\"@id\":\"https:\/\/eestispaad.ee\/#website\"},\"primaryImageOfPage\":{\"@id\":\"https:\/\/eestispaad.ee\/lv\/product\/klassikaline-seljamassaaz-20-min\/#primaryimage\"},\"image\":{\"@id\":\"https:\/\/eestispaad.ee\/lv\/product\/klassikaline-seljamassaaz-20-min\/#primaryimage\"},\"thumbnailUrl\":\"https:\/\/eestispaad.ee\/wp-content\/uploads\/2023\/12\/Narva-Joesuu-Medical-Spa-26.png\",\"datePublished\":\"2023-12-13T14:11:59+00:00\",\"dateModified\":\"2026-04-30T09:33:45+00:00\",\"breadcrumb\":{\"@id\":\"https:\/\/eestispaad.ee\/lv\/product\/klassikaline-seljamassaaz-20-min\/#breadcrumb\"},\"inLanguage\":\"lv-LV\",\"potentialAction\":[{\"@type\":\"ReadAction\",\"target\":[\"https:\/\/eestispaad.ee\/lv\/product\/klassikaline-seljamassaaz-20-min\/\"]}]},{\"@type\":\"ImageObject\",\"inLanguage\":\"lv-LV\",\"@id\":\"https:\/\/eestispaad.ee\/lv\/product\/klassikaline-seljamassaaz-20-min\/#primaryimage\",\"url\":\"https:\/\/eestispaad.ee\/wp-content\/uploads\/2023\/12\/Narva-Joesuu-Medical-Spa-26.png\",\"contentUrl\":\"https:\/\/eestispaad.ee\/wp-content\/uploads\/2023\/12\/Narva-Joesuu-Medical-Spa-26.png\",\"width\":1600,\"height\":900},{\"@type\":\"BreadcrumbList\",\"@id\":\"https:\/\/eestispaad.ee\/lv\/product\/klassikaline-seljamassaaz-20-min\/#breadcrumb\",\"itemListElement\":[{\"@type\":\"ListItem\",\"position\":1,\"name\":\"Home\",\"item\":\"https:\/\/eestispaad.ee\/lv\/\"},{\"@type\":\"ListItem\",\"position\":2,\"name\":\"Shop\",\"item\":\"https:\/\/eestispaad.ee\/lv\/shop\/\"},{\"@type\":\"ListItem\",\"position\":3,\"name\":\"Klasisk\u0101 mas\u0101\u017ea (20 min)\"}]},{\"@type\":\"WebSite\",\"@id\":\"https:\/\/eestispaad.ee\/#website\",\"url\":\"https:\/\/eestispaad.ee\/\",\"name\":\"Eesti spaad\",\"description\":\"\",\"publisher\":{\"@id\":\"https:\/\/eestispaad.ee\/#organization\"},\"potentialAction\":[{\"@type\":\"SearchAction\",\"target\":{\"@type\":\"EntryPoint\",\"urlTemplate\":\"https:\/\/eestispaad.ee\/?s={search_term_string}\"},\"query-input\":{\"@type\":\"PropertyValueSpecification\",\"valueRequired\":true,\"valueName\":\"search_term_string\"}}],\"inLanguage\":\"lv-LV\"},{\"@type\":\"Organization\",\"@id\":\"https:\/\/eestispaad.ee\/#organization\",\"name\":\"Eesti spaad\",\"url\":\"https:\/\/eestispaad.ee\/\",\"logo\":{\"@type\":\"ImageObject\",\"inLanguage\":\"lv-LV\",\"@id\":\"https:\/\/eestispaad.ee\/#\/schema\/logo\/image\/\",\"url\":\"https:\/\/eestispaad.ee\/wp-content\/uploads\/2023\/12\/Screenshot-2023-12-09-at-21.42.51.png\",\"contentUrl\":\"https:\/\/eestispaad.ee\/wp-content\/uploads\/2023\/12\/Screenshot-2023-12-09-at-21.42.51.png\",\"width\":2130,\"height\":396,\"caption\":\"Eesti spaad\"},\"image\":{\"@id\":\"https:\/\/eestispaad.ee\/#\/schema\/logo\/image\/\"},\"sameAs\":[\"https:\/\/www.facebook.com\/estonianspas\"]}]}<\/script>\n<!-- \/ Yoast SEO plugin. -->","yoast_head_json":{"title":"Klasisk\u0101 mas\u0101\u017ea (20 min) - Eestispaad","robots":{"index":"index","follow":"follow","max-snippet":"max-snippet:-1","max-image-preview":"max-image-preview:large","max-video-preview":"max-video-preview:-1"},"canonical":"https:\/\/eestispaad.ee\/lv\/product\/klassikaline-seljamassaaz-20-min\/","og_locale":"lv_LV","og_type":"article","og_title":"Klasisk\u0101 mas\u0101\u017ea (20 min) - Eestispaad","og_description":"Uzlabo \u0101das elpo\u0161anas funkciju. Mas\u0101\u017eas iedarb\u012bb\u0101 tiek atdal\u012btas novecoju\u0161\u0101s \u0101das \u0161\u016bnas, papla\u0161in\u0101s asinsvadi, uzlabojas asinsrite un tiek aktiviz\u0113ta \u0101das receptoru funkcija. Uzlabojas \u0101das un musku\u013cu tonuss, \u0101da k\u013c\u016bst gluda un elast\u012bga.","og_url":"https:\/\/eestispaad.ee\/lv\/product\/klassikaline-seljamassaaz-20-min\/","og_site_name":"Eestispaad","article_publisher":"https:\/\/www.facebook.com\/estonianspas","article_modified_time":"2026-04-30T09:33:45+00:00","og_image":[{"width":1600,"height":900,"url":"https:\/\/eestispaad.ee\/wp-content\/uploads\/2023\/12\/Narva-Joesuu-Medical-Spa-26.png","type":"image\/png"}],"twitter_card":"summary_large_image","twitter_misc":{"Est. reading time":"1 minute"},"schema":{"@context":"https:\/\/schema.org","@graph":[{"@type":"WebPage","@id":"https:\/\/eestispaad.ee\/lv\/product\/klassikaline-seljamassaaz-20-min\/","url":"https:\/\/eestispaad.ee\/lv\/product\/klassikaline-seljamassaaz-20-min\/","name":"Klasisk\u0101 mas\u0101\u017ea (20 min) - Eestispaad","isPartOf":{"@id":"https:\/\/eestispaad.ee\/#website"},"primaryImageOfPage":{"@id":"https:\/\/eestispaad.ee\/lv\/product\/klassikaline-seljamassaaz-20-min\/#primaryimage"},"image":{"@id":"https:\/\/eestispaad.ee\/lv\/product\/klassikaline-seljamassaaz-20-min\/#primaryimage"},"thumbnailUrl":"https:\/\/eestispaad.ee\/wp-content\/uploads\/2023\/12\/Narva-Joesuu-Medical-Spa-26.png","datePublished":"2023-12-13T14:11:59+00:00","dateModified":"2026-04-30T09:33:45+00:00","breadcrumb":{"@id":"https:\/\/eestispaad.ee\/lv\/product\/klassikaline-seljamassaaz-20-min\/#breadcrumb"},"inLanguage":"lv-LV","potentialAction":[{"@type":"ReadAction","target":["https:\/\/eestispaad.ee\/lv\/product\/klassikaline-seljamassaaz-20-min\/"]}]},{"@type":"ImageObject","inLanguage":"lv-LV","@id":"https:\/\/eestispaad.ee\/lv\/product\/klassikaline-seljamassaaz-20-min\/#primaryimage","url":"https:\/\/eestispaad.ee\/wp-content\/uploads\/2023\/12\/Narva-Joesuu-Medical-Spa-26.png","contentUrl":"https:\/\/eestispaad.ee\/wp-content\/uploads\/2023\/12\/Narva-Joesuu-Medical-Spa-26.png","width":1600,"height":900},{"@type":"BreadcrumbList","@id":"https:\/\/eestispaad.ee\/lv\/product\/klassikaline-seljamassaaz-20-min\/#breadcrumb","itemListElement":[{"@type":"ListItem","position":1,"name":"Home","item":"https:\/\/eestispaad.ee\/lv\/"},{"@type":"ListItem","position":2,"name":"Shop","item":"https:\/\/eestispaad.ee\/lv\/shop\/"},{"@type":"ListItem","position":3,"name":"Klasisk\u0101 mas\u0101\u017ea (20 min)"}]},{"@type":"WebSite","@id":"https:\/\/eestispaad.ee\/#website","url":"https:\/\/eestispaad.ee\/","name":"Eesti spaad","description":"","publisher":{"@id":"https:\/\/eestispaad.ee\/#organization"},"potentialAction":[{"@type":"SearchAction","target":{"@type":"EntryPoint","urlTemplate":"https:\/\/eestispaad.ee\/?s={search_term_string}"},"query-input":{"@type":"PropertyValueSpecification","valueRequired":true,"valueName":"search_term_string"}}],"inLanguage":"lv-LV"},{"@type":"Organization","@id":"https:\/\/eestispaad.ee\/#organization","name":"Eesti spaad","url":"https:\/\/eestispaad.ee\/","logo":{"@type":"ImageObject","inLanguage":"lv-LV","@id":"https:\/\/eestispaad.ee\/#\/schema\/logo\/image\/","url":"https:\/\/eestispaad.ee\/wp-content\/uploads\/2023\/12\/Screenshot-2023-12-09-at-21.42.51.png","contentUrl":"https:\/\/eestispaad.ee\/wp-content\/uploads\/2023\/12\/Screenshot-2023-12-09-at-21.42.51.png","width":2130,"height":396,"caption":"Eesti spaad"},"image":{"@id":"https:\/\/eestispaad.ee\/#\/schema\/logo\/image\/"},"sameAs":["https:\/\/www.facebook.com\/estonianspas"]}]}},"_links":{"self":[{"href":"https:\/\/eestispaad.ee\/lv\/wp-json\/wp\/v2\/product\/12273","targetHints":{"allow":["GET"]}}],"collection":[{"href":"https:\/\/eestispaad.ee\/lv\/wp-json\/wp\/v2\/product"}],"about":[{"href":"https:\/\/eestispaad.ee\/lv\/wp-json\/wp\/v2\/types\/product"}],"replies":[{"embeddable":true,"href":"https:\/\/eestispaad.ee\/lv\/wp-json\/wp\/v2\/comments?post=12273"}],"wp:featuredmedia":[{"embeddable":true,"href":"https:\/\/eestispaad.ee\/lv\/wp-json\/wp\/v2\/media\/12274"}],"wp:attachment":[{"href":"https:\/\/eestispaad.ee\/lv\/wp-json\/wp\/v2\/media?parent=12273"}],"wp:term":[{"taxonomy":"product_brand","embeddable":true,"href":"https:\/\/eestispaad.ee\/lv\/wp-json\/wp\/v2\/product_brand?post=12273"},{"taxonomy":"product_cat","embeddable":true,"href":"https:\/\/eestispaad.ee\/lv\/wp-json\/wp\/v2\/product_cat?post=12273"},{"taxonomy":"product_tag","embeddable":true,"href":"https:\/\/eestispaad.ee\/lv\/wp-json\/wp\/v2\/product_tag?post=12273"}],"curies":[{"name":"wp","href":"https:\/\/api.w.org\/{rel}","templated":true}]}}