{"id":12266,"date":"2023-12-22T15:01:31","date_gmt":"2023-12-22T13:01:31","guid":{"rendered":"https:\/\/eestispaad.ee\/product\/vr-elamus\/"},"modified":"2026-04-30T12:28:09","modified_gmt":"2026-04-30T09:28:09","slug":"vr-elamus","status":"publish","type":"product","link":"https:\/\/eestispaad.ee\/lv\/product\/vr-elamus\/","title":{"rendered":"VR istaba (virtu\u0101l\u0101s realit\u0101tes pieredze)"},"content":{"rendered":"<p>M\u016bsu smadzenes bie\u017ei j\u016btas p\u0101rslogotas, un t\u0101p\u0113c mums ir gr\u016bti iegaum\u0113t kaut ko jaunu, par\u0101d\u0101s hronisks nogurums, m\u0113s netiekam gal\u0101 ar darba uzdevumiem, un pasliktin\u0101s dz\u012bves kvalit\u0101te.<\/p>\n<div class=\"wp-playlist wp-video-playlist wp-playlist-light\">\n\t\t<video controls=\"controls\" preload=\"none\" width=\"640\"\n\t\t height=\"360\"\t><\/video>\n\t<div class=\"wp-playlist-next\"><\/div>\n\t<div class=\"wp-playlist-prev\"><\/div>\n\t<noscript>\n\t<ol>\n\t\t<li><a href='https:\/\/eestispaad.ee\/wp-content\/uploads\/2023\/12\/Njoesuu-6okt.mp4'>Njoesuu 6okt<\/a><\/li>\t<\/ol>\n\t<\/noscript>\n\t<script type=\"application\/json\" class=\"wp-playlist-script\">{\"type\":\"video\",\"tracklist\":true,\"tracknumbers\":true,\"images\":true,\"artists\":true,\"tracks\":[{\"src\":\"https:\/\/eestispaad.ee\/wp-content\/uploads\/2023\/12\/Njoesuu-6okt.mp4\",\"type\":\"video\/mp4\",\"title\":\"Njoesuu 6okt\",\"caption\":\"\",\"description\":\"\",\"meta\":{\"length_formatted\":\"0:38\"},\"dimensions\":{\"original\":{\"width\":1280,\"height\":720},\"resized\":{\"width\":640,\"height\":360}},\"image\":{\"src\":\"https:\/\/eestispaad.ee\/wp-includes\/images\/media\/video.svg\",\"width\":48,\"height\":64},\"thumb\":{\"src\":\"https:\/\/eestispaad.ee\/wp-includes\/images\/media\/video.svg\",\"width\":48,\"height\":64}}]}<\/script>\n<\/div>\n\t\n<p data-start=\"0\" data-end=\"360\">VR istaba ir ide\u0101la vieta tiem, kuriem nepiecie\u0161ama \u201cp\u0101rstart\u0113\u0161an\u0101s\u201d un dzi\u013ca relaks\u0101cija. M\u0113s esam izveidoju\u0161i \u0161o telpu, balstoties uz zin\u0101tniskiem p\u0113t\u012bjumiem par smadze\u0146u darb\u012bbu. Tropiska saulaina pludmale un j\u016bras vi\u013c\u0146u ska\u0146as baud\u012bjums, viegls br\u012bze un silts pludmales smiltis zem k\u0101j\u0101m \u2014 tas viss sniedz smadzen\u0113m sign\u0101lu, ka ir pien\u0101cis laiks atp\u016bsties.<\/p>\n<p data-start=\"362\" data-end=\"497\" data-is-last-node=\"\" data-is-only-node=\"\">VR pieredze pal\u012bdz \u201cp\u0101rstart\u0113t\u201d smadzenes, samazin\u0101t stresa l\u012bmeni un mazin\u0101t nogurumu. N\u0101ciet un izmantojiet zin\u0101tnes sp\u0113ku sav\u0101 lab\u0101.<\/p>\n<div>\n<p data-start=\"0\" data-end=\"35\">Papildu inform\u0101cija un rezerv\u0101cija:<br \/>\nT\u0101lrunis: +372 35 99 523<br data-start=\"61\" data-end=\"64\" \/>E-pasts: <a class=\"decorated-link cursor-pointer\" rel=\"noopener\" data-start=\"73\" data-end=\"91\" data-is-last-node=\"\">ilu@narvajoesuu.ee<\/a><\/p>\n<\/div>\n","protected":false},"excerpt":{"rendered":"<p class=\"wp-el\">M\u016bsu smadzenes bie\u017ei j\u016btas p\u0101rslogotas, un t\u0101p\u0113c mums ir gr\u016bti iegaum\u0113t kaut ko jaunu, par\u0101d\u0101s hronisks nogurums, m\u0113s netiekam gal\u0101 ar darba uzdevumiem, un pasliktin\u0101s dz\u012bves kvalit\u0101te.<\/p>\n<p data-start=\"0\" data-end=\"360\">VR istaba ir ide\u0101la vieta tiem, kuriem nepiecie\u0161ama \u201cp\u0101rstart\u0113\u0161an\u0101s\u201d un dzi\u013ca relaks\u0101cija. M\u0113s esam izveidoju\u0161i \u0161o telpu, balstoties uz zin\u0101tniskiem p\u0113t\u012bjumiem par smadze\u0146u darb\u012bbu. Tropiska saulaina pludmale un j\u016bras vi\u013c\u0146u ska\u0146as baud\u012bjums, viegls br\u012bze un silts pludmales smiltis zem k\u0101j\u0101m \u2014 tas viss sniedz smadzen\u0113m sign\u0101lu, ka ir pien\u0101cis laiks atp\u016bsties.<\/p>\n<p data-start=\"362\" data-end=\"497\" data-is-last-node=\"\" data-is-only-node=\"\">VR pieredze pal\u012bdz \u201cp\u0101rstart\u0113t\u201d smadzenes, samazin\u0101t stresa l\u012bmeni un mazin\u0101t nogurumu. N\u0101ciet un izmantojiet zin\u0101tnes sp\u0113ku sav\u0101 lab\u0101.<\/p>\n","protected":false},"featured_media":12268,"comment_status":"open","ping_status":"closed","template":"","meta":[],"product_brand":[],"product_cat":[458],"product_tag":[],"class_list":{"0":"post-12266","1":"product","2":"type-product","3":"status-publish","4":"has-post-thumbnail","6":"product_cat-proceduras","8":"first","9":"instock","10":"virtual","11":"purchasable","12":"product-type-simple"},"acf":[],"yoast_head":"<!-- This site is optimized with the Yoast SEO plugin v26.8 - https:\/\/yoast.com\/product\/yoast-seo-wordpress\/ -->\n<title>VR elamus Narva-J\u00f5esuu Medical Spas - Eestispaad<\/title>\n<meta name=\"description\" content=\"VR istaba ir ide\u0101la vieta tiem, kuriem nepiecie\u0161ama \u201cp\u0101rstart\u0113\u0161an\u0101s\u201d un dzi\u013ca relaks\u0101cija. M\u0113s esam izveidoju\u0161i \u0161o telpu, balstoties uz zin\u0101tniskiem p\u0113t\u012bjumiem par smadze\u0146u darb\u012bbu.\" \/>\n<meta name=\"robots\" content=\"index, follow, max-snippet:-1, max-image-preview:large, max-video-preview:-1\" \/>\n<link rel=\"canonical\" href=\"https:\/\/eestispaad.ee\/lv\/product\/vr-elamus\/\" \/>\n<meta property=\"og:locale\" content=\"lv_LV\" \/>\n<meta property=\"og:type\" content=\"article\" \/>\n<meta property=\"og:title\" content=\"VR elamus Narva-J\u00f5esuu Medical Spas - Eestispaad\" \/>\n<meta property=\"og:description\" content=\"VR istaba ir ide\u0101la vieta tiem, kuriem nepiecie\u0161ama \u201cp\u0101rstart\u0113\u0161an\u0101s\u201d un dzi\u013ca relaks\u0101cija. M\u0113s esam izveidoju\u0161i \u0161o telpu, balstoties uz zin\u0101tniskiem p\u0113t\u012bjumiem par smadze\u0146u darb\u012bbu.\" \/>\n<meta property=\"og:url\" content=\"https:\/\/eestispaad.ee\/lv\/product\/vr-elamus\/\" \/>\n<meta property=\"og:site_name\" content=\"Eestispaad\" \/>\n<meta property=\"article:publisher\" content=\"https:\/\/www.facebook.com\/estonianspas\" \/>\n<meta property=\"article:modified_time\" content=\"2026-04-30T09:28:09+00:00\" \/>\n<meta property=\"og:image\" content=\"https:\/\/eestispaad.ee\/wp-content\/uploads\/2023\/12\/Narva-Joesuu-Medical-Spa-27.png\" \/>\n\t<meta property=\"og:image:width\" content=\"1600\" \/>\n\t<meta property=\"og:image:height\" content=\"900\" \/>\n\t<meta property=\"og:image:type\" content=\"image\/png\" \/>\n<meta name=\"twitter:card\" content=\"summary_large_image\" \/>\n<meta name=\"twitter:label1\" content=\"Est. reading time\" \/>\n\t<meta name=\"twitter:data1\" content=\"1 minute\" \/>\n<script type=\"application\/ld+json\" class=\"yoast-schema-graph\">{\"@context\":\"https:\/\/schema.org\",\"@graph\":[{\"@type\":\"WebPage\",\"@id\":\"https:\/\/eestispaad.ee\/lv\/product\/vr-elamus\/\",\"url\":\"https:\/\/eestispaad.ee\/lv\/product\/vr-elamus\/\",\"name\":\"VR elamus Narva-J\u00f5esuu Medical Spas - Eestispaad\",\"isPartOf\":{\"@id\":\"https:\/\/eestispaad.ee\/#website\"},\"primaryImageOfPage\":{\"@id\":\"https:\/\/eestispaad.ee\/lv\/product\/vr-elamus\/#primaryimage\"},\"image\":{\"@id\":\"https:\/\/eestispaad.ee\/lv\/product\/vr-elamus\/#primaryimage\"},\"thumbnailUrl\":\"https:\/\/eestispaad.ee\/wp-content\/uploads\/2023\/12\/Narva-Joesuu-Medical-Spa-27.png\",\"datePublished\":\"2023-12-22T13:01:31+00:00\",\"dateModified\":\"2026-04-30T09:28:09+00:00\",\"description\":\"VR istaba ir ide\u0101la vieta tiem, kuriem nepiecie\u0161ama \u201cp\u0101rstart\u0113\u0161an\u0101s\u201d un dzi\u013ca relaks\u0101cija. M\u0113s esam izveidoju\u0161i \u0161o telpu, balstoties uz zin\u0101tniskiem p\u0113t\u012bjumiem par smadze\u0146u darb\u012bbu.\",\"breadcrumb\":{\"@id\":\"https:\/\/eestispaad.ee\/lv\/product\/vr-elamus\/#breadcrumb\"},\"inLanguage\":\"lv-LV\",\"potentialAction\":[{\"@type\":\"ReadAction\",\"target\":[\"https:\/\/eestispaad.ee\/lv\/product\/vr-elamus\/\"]}]},{\"@type\":\"ImageObject\",\"inLanguage\":\"lv-LV\",\"@id\":\"https:\/\/eestispaad.ee\/lv\/product\/vr-elamus\/#primaryimage\",\"url\":\"https:\/\/eestispaad.ee\/wp-content\/uploads\/2023\/12\/Narva-Joesuu-Medical-Spa-27.png\",\"contentUrl\":\"https:\/\/eestispaad.ee\/wp-content\/uploads\/2023\/12\/Narva-Joesuu-Medical-Spa-27.png\",\"width\":1600,\"height\":900},{\"@type\":\"BreadcrumbList\",\"@id\":\"https:\/\/eestispaad.ee\/lv\/product\/vr-elamus\/#breadcrumb\",\"itemListElement\":[{\"@type\":\"ListItem\",\"position\":1,\"name\":\"Home\",\"item\":\"https:\/\/eestispaad.ee\/lv\/\"},{\"@type\":\"ListItem\",\"position\":2,\"name\":\"Shop\",\"item\":\"https:\/\/eestispaad.ee\/lv\/shop\/\"},{\"@type\":\"ListItem\",\"position\":3,\"name\":\"VR istaba (virtu\u0101l\u0101s realit\u0101tes pieredze)\"}]},{\"@type\":\"WebSite\",\"@id\":\"https:\/\/eestispaad.ee\/#website\",\"url\":\"https:\/\/eestispaad.ee\/\",\"name\":\"Eesti spaad\",\"description\":\"\",\"publisher\":{\"@id\":\"https:\/\/eestispaad.ee\/#organization\"},\"potentialAction\":[{\"@type\":\"SearchAction\",\"target\":{\"@type\":\"EntryPoint\",\"urlTemplate\":\"https:\/\/eestispaad.ee\/?s={search_term_string}\"},\"query-input\":{\"@type\":\"PropertyValueSpecification\",\"valueRequired\":true,\"valueName\":\"search_term_string\"}}],\"inLanguage\":\"lv-LV\"},{\"@type\":\"Organization\",\"@id\":\"https:\/\/eestispaad.ee\/#organization\",\"name\":\"Eesti spaad\",\"url\":\"https:\/\/eestispaad.ee\/\",\"logo\":{\"@type\":\"ImageObject\",\"inLanguage\":\"lv-LV\",\"@id\":\"https:\/\/eestispaad.ee\/#\/schema\/logo\/image\/\",\"url\":\"https:\/\/eestispaad.ee\/wp-content\/uploads\/2023\/12\/Screenshot-2023-12-09-at-21.42.51.png\",\"contentUrl\":\"https:\/\/eestispaad.ee\/wp-content\/uploads\/2023\/12\/Screenshot-2023-12-09-at-21.42.51.png\",\"width\":2130,\"height\":396,\"caption\":\"Eesti spaad\"},\"image\":{\"@id\":\"https:\/\/eestispaad.ee\/#\/schema\/logo\/image\/\"},\"sameAs\":[\"https:\/\/www.facebook.com\/estonianspas\"]}]}<\/script>\n<!-- \/ Yoast SEO plugin. -->","yoast_head_json":{"title":"VR elamus Narva-J\u00f5esuu Medical Spas - Eestispaad","description":"VR istaba ir ide\u0101la vieta tiem, kuriem nepiecie\u0161ama \u201cp\u0101rstart\u0113\u0161an\u0101s\u201d un dzi\u013ca relaks\u0101cija. M\u0113s esam izveidoju\u0161i \u0161o telpu, balstoties uz zin\u0101tniskiem p\u0113t\u012bjumiem par smadze\u0146u darb\u012bbu.","robots":{"index":"index","follow":"follow","max-snippet":"max-snippet:-1","max-image-preview":"max-image-preview:large","max-video-preview":"max-video-preview:-1"},"canonical":"https:\/\/eestispaad.ee\/lv\/product\/vr-elamus\/","og_locale":"lv_LV","og_type":"article","og_title":"VR elamus Narva-J\u00f5esuu Medical Spas - Eestispaad","og_description":"VR istaba ir ide\u0101la vieta tiem, kuriem nepiecie\u0161ama \u201cp\u0101rstart\u0113\u0161an\u0101s\u201d un dzi\u013ca relaks\u0101cija. M\u0113s esam izveidoju\u0161i \u0161o telpu, balstoties uz zin\u0101tniskiem p\u0113t\u012bjumiem par smadze\u0146u darb\u012bbu.","og_url":"https:\/\/eestispaad.ee\/lv\/product\/vr-elamus\/","og_site_name":"Eestispaad","article_publisher":"https:\/\/www.facebook.com\/estonianspas","article_modified_time":"2026-04-30T09:28:09+00:00","og_image":[{"width":1600,"height":900,"url":"https:\/\/eestispaad.ee\/wp-content\/uploads\/2023\/12\/Narva-Joesuu-Medical-Spa-27.png","type":"image\/png"}],"twitter_card":"summary_large_image","twitter_misc":{"Est. reading time":"1 minute"},"schema":{"@context":"https:\/\/schema.org","@graph":[{"@type":"WebPage","@id":"https:\/\/eestispaad.ee\/lv\/product\/vr-elamus\/","url":"https:\/\/eestispaad.ee\/lv\/product\/vr-elamus\/","name":"VR elamus Narva-J\u00f5esuu Medical Spas - Eestispaad","isPartOf":{"@id":"https:\/\/eestispaad.ee\/#website"},"primaryImageOfPage":{"@id":"https:\/\/eestispaad.ee\/lv\/product\/vr-elamus\/#primaryimage"},"image":{"@id":"https:\/\/eestispaad.ee\/lv\/product\/vr-elamus\/#primaryimage"},"thumbnailUrl":"https:\/\/eestispaad.ee\/wp-content\/uploads\/2023\/12\/Narva-Joesuu-Medical-Spa-27.png","datePublished":"2023-12-22T13:01:31+00:00","dateModified":"2026-04-30T09:28:09+00:00","description":"VR istaba ir ide\u0101la vieta tiem, kuriem nepiecie\u0161ama \u201cp\u0101rstart\u0113\u0161an\u0101s\u201d un dzi\u013ca relaks\u0101cija. M\u0113s esam izveidoju\u0161i \u0161o telpu, balstoties uz zin\u0101tniskiem p\u0113t\u012bjumiem par smadze\u0146u darb\u012bbu.","breadcrumb":{"@id":"https:\/\/eestispaad.ee\/lv\/product\/vr-elamus\/#breadcrumb"},"inLanguage":"lv-LV","potentialAction":[{"@type":"ReadAction","target":["https:\/\/eestispaad.ee\/lv\/product\/vr-elamus\/"]}]},{"@type":"ImageObject","inLanguage":"lv-LV","@id":"https:\/\/eestispaad.ee\/lv\/product\/vr-elamus\/#primaryimage","url":"https:\/\/eestispaad.ee\/wp-content\/uploads\/2023\/12\/Narva-Joesuu-Medical-Spa-27.png","contentUrl":"https:\/\/eestispaad.ee\/wp-content\/uploads\/2023\/12\/Narva-Joesuu-Medical-Spa-27.png","width":1600,"height":900},{"@type":"BreadcrumbList","@id":"https:\/\/eestispaad.ee\/lv\/product\/vr-elamus\/#breadcrumb","itemListElement":[{"@type":"ListItem","position":1,"name":"Home","item":"https:\/\/eestispaad.ee\/lv\/"},{"@type":"ListItem","position":2,"name":"Shop","item":"https:\/\/eestispaad.ee\/lv\/shop\/"},{"@type":"ListItem","position":3,"name":"VR istaba (virtu\u0101l\u0101s realit\u0101tes pieredze)"}]},{"@type":"WebSite","@id":"https:\/\/eestispaad.ee\/#website","url":"https:\/\/eestispaad.ee\/","name":"Eesti spaad","description":"","publisher":{"@id":"https:\/\/eestispaad.ee\/#organization"},"potentialAction":[{"@type":"SearchAction","target":{"@type":"EntryPoint","urlTemplate":"https:\/\/eestispaad.ee\/?s={search_term_string}"},"query-input":{"@type":"PropertyValueSpecification","valueRequired":true,"valueName":"search_term_string"}}],"inLanguage":"lv-LV"},{"@type":"Organization","@id":"https:\/\/eestispaad.ee\/#organization","name":"Eesti spaad","url":"https:\/\/eestispaad.ee\/","logo":{"@type":"ImageObject","inLanguage":"lv-LV","@id":"https:\/\/eestispaad.ee\/#\/schema\/logo\/image\/","url":"https:\/\/eestispaad.ee\/wp-content\/uploads\/2023\/12\/Screenshot-2023-12-09-at-21.42.51.png","contentUrl":"https:\/\/eestispaad.ee\/wp-content\/uploads\/2023\/12\/Screenshot-2023-12-09-at-21.42.51.png","width":2130,"height":396,"caption":"Eesti spaad"},"image":{"@id":"https:\/\/eestispaad.ee\/#\/schema\/logo\/image\/"},"sameAs":["https:\/\/www.facebook.com\/estonianspas"]}]}},"_links":{"self":[{"href":"https:\/\/eestispaad.ee\/lv\/wp-json\/wp\/v2\/product\/12266","targetHints":{"allow":["GET"]}}],"collection":[{"href":"https:\/\/eestispaad.ee\/lv\/wp-json\/wp\/v2\/product"}],"about":[{"href":"https:\/\/eestispaad.ee\/lv\/wp-json\/wp\/v2\/types\/product"}],"replies":[{"embeddable":true,"href":"https:\/\/eestispaad.ee\/lv\/wp-json\/wp\/v2\/comments?post=12266"}],"wp:featuredmedia":[{"embeddable":true,"href":"https:\/\/eestispaad.ee\/lv\/wp-json\/wp\/v2\/media\/12268"}],"wp:attachment":[{"href":"https:\/\/eestispaad.ee\/lv\/wp-json\/wp\/v2\/media?parent=12266"}],"wp:term":[{"taxonomy":"product_brand","embeddable":true,"href":"https:\/\/eestispaad.ee\/lv\/wp-json\/wp\/v2\/product_brand?post=12266"},{"taxonomy":"product_cat","embeddable":true,"href":"https:\/\/eestispaad.ee\/lv\/wp-json\/wp\/v2\/product_cat?post=12266"},{"taxonomy":"product_tag","embeddable":true,"href":"https:\/\/eestispaad.ee\/lv\/wp-json\/wp\/v2\/product_tag?post=12266"}],"curies":[{"name":"wp","href":"https:\/\/api.w.org\/{rel}","templated":true}]}}