{"id":12254,"date":"2023-12-22T15:07:23","date_gmt":"2023-12-22T13:07:23","guid":{"rendered":"https:\/\/eestispaad.ee\/product\/paikeseline-liivatuba\/"},"modified":"2026-04-30T12:11:23","modified_gmt":"2026-04-30T09:11:23","slug":"paikeseline-liivatuba","status":"publish","type":"product","link":"https:\/\/eestispaad.ee\/lv\/product\/paikeseline-liivatuba\/","title":{"rendered":"Saulain\u0101 smil\u0161u istaba \u2014 relaks\u0101cijas proced\u016bra atsl\u0101bin\u0101\u0161anai un atjauno\u0161anai (atjaunin\u0101\u0161anai)."},"content":{"rendered":"<p data-start=\"0\" data-end=\"124\">Elast\u012bga, tvirta \u0101da, ANTIAGE efekts, relaks\u0101cija un emocion\u0101l\u0101 spriedzes mazin\u0101\u0161ana \u2014 tas viss ir \u0161\u012bs proced\u016bras rezult\u0101ts.<\/p>\n<p data-start=\"126\" data-end=\"361\">It\u0101\u013cu apar\u0101ts, izmantojot kolag\u0113na lampas, stimul\u0113 kolag\u0113na veido\u0161an\u0101s procesu, k\u0101 ar\u012b uzlabo vielmai\u0146u. Spa gulta, kas piepild\u012bta ar silt\u0101m kvarca smilt\u012bm, sniedz pat\u012bkamu siltuma saj\u016btu, glu\u017ei k\u0101 smil\u0161u pludmal\u0113 vasaras atva\u013cin\u0101jum\u0101.<\/p>\n<p data-start=\"363\" data-end=\"517\" data-is-last-node=\"\" data-is-only-node=\"\">Sienas panelis no Himalaju s\u0101ls fl\u012bz\u0113m, uzsilstot, bag\u0101tina gaisu ar 92 miner\u0101liem, radot s\u0101ls alas efektu, kas labv\u0113l\u012bgi ietekm\u0113 \u0101du un organismu kopum\u0101.<\/p>\n<div>\n<p data-start=\"0\" data-end=\"35\">Papildu inform\u0101cija un rezerv\u0101cija:<br \/>\nT\u0101lrunis: +372 35 99 523<br data-start=\"61\" data-end=\"64\" \/>E-pasts: <a class=\"decorated-link cursor-pointer\" rel=\"noopener\" data-start=\"73\" data-end=\"91\" data-is-last-node=\"\">ilu@narvajoesuu.ee<\/a><\/p>\n<\/div>\n","protected":false},"excerpt":{"rendered":"<p data-start=\"0\" data-end=\"124\">Elast\u012bga, tvirta \u0101da, ANTIAGE efekts, relaks\u0101cija un emocion\u0101l\u0101 spriedzes mazin\u0101\u0161ana \u2014 tas viss ir \u0161\u012bs proced\u016bras rezult\u0101ts.<\/p>\n<p data-start=\"126\" data-end=\"361\">It\u0101\u013cu apar\u0101ts, izmantojot kolag\u0113na lampas, stimul\u0113 kolag\u0113na veido\u0161an\u0101s procesu, k\u0101 ar\u012b uzlabo vielmai\u0146u. Spa gulta, kas piepild\u012bta ar silt\u0101m kvarca smilt\u012bm, sniedz pat\u012bkamu siltuma saj\u016btu, glu\u017ei k\u0101 smil\u0161u pludmal\u0113 vasaras atva\u013cin\u0101jum\u0101.<\/p>\n<p data-start=\"363\" data-end=\"517\" data-is-last-node=\"\" data-is-only-node=\"\">Sienas panelis no Himalaju s\u0101ls fl\u012bz\u0113m, uzsilstot, bag\u0101tina gaisu ar 92 miner\u0101liem, radot s\u0101ls alas efektu, kas labv\u0113l\u012bgi ietekm\u0113 \u0101du un organismu kopum\u0101.<\/p>\n","protected":false},"featured_media":12255,"comment_status":"open","ping_status":"closed","template":"","meta":[],"product_brand":[],"product_cat":[458],"product_tag":[],"class_list":{"0":"post-12254","1":"product","2":"type-product","3":"status-publish","4":"has-post-thumbnail","6":"product_cat-proceduras","8":"first","9":"instock","10":"virtual","11":"purchasable","12":"product-type-simple"},"acf":[],"yoast_head":"<!-- This site is optimized with the Yoast SEO plugin v26.8 - https:\/\/yoast.com\/product\/yoast-seo-wordpress\/ -->\n<title>Saulain\u0101 smil\u0161u istaba \u2014 relaks\u0101cijas proced\u016bra atsl\u0101bin\u0101\u0161anai un atjauno\u0161anai (atjaunin\u0101\u0161anai). - Eestispaad<\/title>\n<meta name=\"description\" content=\"Elast\u012bga, tvirta \u0101da, ANTIAGE efekts, relaks\u0101cija un emocion\u0101l\u0101 spriedzes mazin\u0101\u0161ana \u2014 tas viss ir \u0161\u012bs proced\u016bras rezult\u0101ts.\" \/>\n<meta name=\"robots\" content=\"index, follow, max-snippet:-1, max-image-preview:large, max-video-preview:-1\" \/>\n<link rel=\"canonical\" href=\"https:\/\/eestispaad.ee\/lv\/product\/paikeseline-liivatuba\/\" \/>\n<meta property=\"og:locale\" content=\"lv_LV\" \/>\n<meta property=\"og:type\" content=\"article\" \/>\n<meta property=\"og:title\" content=\"Saulain\u0101 smil\u0161u istaba \u2014 relaks\u0101cijas proced\u016bra atsl\u0101bin\u0101\u0161anai un atjauno\u0161anai (atjaunin\u0101\u0161anai). - Eestispaad\" \/>\n<meta property=\"og:description\" content=\"Elast\u012bga, tvirta \u0101da, ANTIAGE efekts, relaks\u0101cija un emocion\u0101l\u0101 spriedzes mazin\u0101\u0161ana \u2014 tas viss ir \u0161\u012bs proced\u016bras rezult\u0101ts.\" \/>\n<meta property=\"og:url\" content=\"https:\/\/eestispaad.ee\/lv\/product\/paikeseline-liivatuba\/\" \/>\n<meta property=\"og:site_name\" content=\"Eestispaad\" \/>\n<meta property=\"article:publisher\" content=\"https:\/\/www.facebook.com\/estonianspas\" \/>\n<meta property=\"article:modified_time\" content=\"2026-04-30T09:11:23+00:00\" \/>\n<meta property=\"og:image\" content=\"https:\/\/eestispaad.ee\/wp-content\/uploads\/2023\/12\/Narva-Joesuu-Medical-Spa-28.png\" \/>\n\t<meta property=\"og:image:width\" content=\"1600\" \/>\n\t<meta property=\"og:image:height\" content=\"900\" \/>\n\t<meta property=\"og:image:type\" content=\"image\/png\" \/>\n<meta name=\"twitter:card\" content=\"summary_large_image\" \/>\n<meta name=\"twitter:label1\" content=\"Est. reading time\" \/>\n\t<meta name=\"twitter:data1\" content=\"1 minute\" \/>\n<script type=\"application\/ld+json\" class=\"yoast-schema-graph\">{\"@context\":\"https:\/\/schema.org\",\"@graph\":[{\"@type\":\"WebPage\",\"@id\":\"https:\/\/eestispaad.ee\/lv\/product\/paikeseline-liivatuba\/\",\"url\":\"https:\/\/eestispaad.ee\/lv\/product\/paikeseline-liivatuba\/\",\"name\":\"Saulain\u0101 smil\u0161u istaba \u2014 relaks\u0101cijas proced\u016bra atsl\u0101bin\u0101\u0161anai un atjauno\u0161anai (atjaunin\u0101\u0161anai). - Eestispaad\",\"isPartOf\":{\"@id\":\"https:\/\/eestispaad.ee\/#website\"},\"primaryImageOfPage\":{\"@id\":\"https:\/\/eestispaad.ee\/lv\/product\/paikeseline-liivatuba\/#primaryimage\"},\"image\":{\"@id\":\"https:\/\/eestispaad.ee\/lv\/product\/paikeseline-liivatuba\/#primaryimage\"},\"thumbnailUrl\":\"https:\/\/eestispaad.ee\/wp-content\/uploads\/2023\/12\/Narva-Joesuu-Medical-Spa-28.png\",\"datePublished\":\"2023-12-22T13:07:23+00:00\",\"dateModified\":\"2026-04-30T09:11:23+00:00\",\"description\":\"Elast\u012bga, tvirta \u0101da, ANTIAGE efekts, relaks\u0101cija un emocion\u0101l\u0101 spriedzes mazin\u0101\u0161ana \u2014 tas viss ir \u0161\u012bs proced\u016bras rezult\u0101ts.\",\"breadcrumb\":{\"@id\":\"https:\/\/eestispaad.ee\/lv\/product\/paikeseline-liivatuba\/#breadcrumb\"},\"inLanguage\":\"lv-LV\",\"potentialAction\":[{\"@type\":\"ReadAction\",\"target\":[\"https:\/\/eestispaad.ee\/lv\/product\/paikeseline-liivatuba\/\"]}]},{\"@type\":\"ImageObject\",\"inLanguage\":\"lv-LV\",\"@id\":\"https:\/\/eestispaad.ee\/lv\/product\/paikeseline-liivatuba\/#primaryimage\",\"url\":\"https:\/\/eestispaad.ee\/wp-content\/uploads\/2023\/12\/Narva-Joesuu-Medical-Spa-28.png\",\"contentUrl\":\"https:\/\/eestispaad.ee\/wp-content\/uploads\/2023\/12\/Narva-Joesuu-Medical-Spa-28.png\",\"width\":1600,\"height\":900},{\"@type\":\"BreadcrumbList\",\"@id\":\"https:\/\/eestispaad.ee\/lv\/product\/paikeseline-liivatuba\/#breadcrumb\",\"itemListElement\":[{\"@type\":\"ListItem\",\"position\":1,\"name\":\"Home\",\"item\":\"https:\/\/eestispaad.ee\/lv\/\"},{\"@type\":\"ListItem\",\"position\":2,\"name\":\"Shop\",\"item\":\"https:\/\/eestispaad.ee\/lv\/shop\/\"},{\"@type\":\"ListItem\",\"position\":3,\"name\":\"Saulain\u0101 smil\u0161u istaba \u2014 relaks\u0101cijas proced\u016bra atsl\u0101bin\u0101\u0161anai un atjauno\u0161anai (atjaunin\u0101\u0161anai).\"}]},{\"@type\":\"WebSite\",\"@id\":\"https:\/\/eestispaad.ee\/#website\",\"url\":\"https:\/\/eestispaad.ee\/\",\"name\":\"Eesti spaad\",\"description\":\"\",\"publisher\":{\"@id\":\"https:\/\/eestispaad.ee\/#organization\"},\"potentialAction\":[{\"@type\":\"SearchAction\",\"target\":{\"@type\":\"EntryPoint\",\"urlTemplate\":\"https:\/\/eestispaad.ee\/?s={search_term_string}\"},\"query-input\":{\"@type\":\"PropertyValueSpecification\",\"valueRequired\":true,\"valueName\":\"search_term_string\"}}],\"inLanguage\":\"lv-LV\"},{\"@type\":\"Organization\",\"@id\":\"https:\/\/eestispaad.ee\/#organization\",\"name\":\"Eesti spaad\",\"url\":\"https:\/\/eestispaad.ee\/\",\"logo\":{\"@type\":\"ImageObject\",\"inLanguage\":\"lv-LV\",\"@id\":\"https:\/\/eestispaad.ee\/#\/schema\/logo\/image\/\",\"url\":\"https:\/\/eestispaad.ee\/wp-content\/uploads\/2023\/12\/Screenshot-2023-12-09-at-21.42.51.png\",\"contentUrl\":\"https:\/\/eestispaad.ee\/wp-content\/uploads\/2023\/12\/Screenshot-2023-12-09-at-21.42.51.png\",\"width\":2130,\"height\":396,\"caption\":\"Eesti spaad\"},\"image\":{\"@id\":\"https:\/\/eestispaad.ee\/#\/schema\/logo\/image\/\"},\"sameAs\":[\"https:\/\/www.facebook.com\/estonianspas\"]}]}<\/script>\n<!-- \/ Yoast SEO plugin. -->","yoast_head_json":{"title":"Saulain\u0101 smil\u0161u istaba \u2014 relaks\u0101cijas proced\u016bra atsl\u0101bin\u0101\u0161anai un atjauno\u0161anai (atjaunin\u0101\u0161anai). - Eestispaad","description":"Elast\u012bga, tvirta \u0101da, ANTIAGE efekts, relaks\u0101cija un emocion\u0101l\u0101 spriedzes mazin\u0101\u0161ana \u2014 tas viss ir \u0161\u012bs proced\u016bras rezult\u0101ts.","robots":{"index":"index","follow":"follow","max-snippet":"max-snippet:-1","max-image-preview":"max-image-preview:large","max-video-preview":"max-video-preview:-1"},"canonical":"https:\/\/eestispaad.ee\/lv\/product\/paikeseline-liivatuba\/","og_locale":"lv_LV","og_type":"article","og_title":"Saulain\u0101 smil\u0161u istaba \u2014 relaks\u0101cijas proced\u016bra atsl\u0101bin\u0101\u0161anai un atjauno\u0161anai (atjaunin\u0101\u0161anai). - Eestispaad","og_description":"Elast\u012bga, tvirta \u0101da, ANTIAGE efekts, relaks\u0101cija un emocion\u0101l\u0101 spriedzes mazin\u0101\u0161ana \u2014 tas viss ir \u0161\u012bs proced\u016bras rezult\u0101ts.","og_url":"https:\/\/eestispaad.ee\/lv\/product\/paikeseline-liivatuba\/","og_site_name":"Eestispaad","article_publisher":"https:\/\/www.facebook.com\/estonianspas","article_modified_time":"2026-04-30T09:11:23+00:00","og_image":[{"width":1600,"height":900,"url":"https:\/\/eestispaad.ee\/wp-content\/uploads\/2023\/12\/Narva-Joesuu-Medical-Spa-28.png","type":"image\/png"}],"twitter_card":"summary_large_image","twitter_misc":{"Est. reading time":"1 minute"},"schema":{"@context":"https:\/\/schema.org","@graph":[{"@type":"WebPage","@id":"https:\/\/eestispaad.ee\/lv\/product\/paikeseline-liivatuba\/","url":"https:\/\/eestispaad.ee\/lv\/product\/paikeseline-liivatuba\/","name":"Saulain\u0101 smil\u0161u istaba \u2014 relaks\u0101cijas proced\u016bra atsl\u0101bin\u0101\u0161anai un atjauno\u0161anai (atjaunin\u0101\u0161anai). - Eestispaad","isPartOf":{"@id":"https:\/\/eestispaad.ee\/#website"},"primaryImageOfPage":{"@id":"https:\/\/eestispaad.ee\/lv\/product\/paikeseline-liivatuba\/#primaryimage"},"image":{"@id":"https:\/\/eestispaad.ee\/lv\/product\/paikeseline-liivatuba\/#primaryimage"},"thumbnailUrl":"https:\/\/eestispaad.ee\/wp-content\/uploads\/2023\/12\/Narva-Joesuu-Medical-Spa-28.png","datePublished":"2023-12-22T13:07:23+00:00","dateModified":"2026-04-30T09:11:23+00:00","description":"Elast\u012bga, tvirta \u0101da, ANTIAGE efekts, relaks\u0101cija un emocion\u0101l\u0101 spriedzes mazin\u0101\u0161ana \u2014 tas viss ir \u0161\u012bs proced\u016bras rezult\u0101ts.","breadcrumb":{"@id":"https:\/\/eestispaad.ee\/lv\/product\/paikeseline-liivatuba\/#breadcrumb"},"inLanguage":"lv-LV","potentialAction":[{"@type":"ReadAction","target":["https:\/\/eestispaad.ee\/lv\/product\/paikeseline-liivatuba\/"]}]},{"@type":"ImageObject","inLanguage":"lv-LV","@id":"https:\/\/eestispaad.ee\/lv\/product\/paikeseline-liivatuba\/#primaryimage","url":"https:\/\/eestispaad.ee\/wp-content\/uploads\/2023\/12\/Narva-Joesuu-Medical-Spa-28.png","contentUrl":"https:\/\/eestispaad.ee\/wp-content\/uploads\/2023\/12\/Narva-Joesuu-Medical-Spa-28.png","width":1600,"height":900},{"@type":"BreadcrumbList","@id":"https:\/\/eestispaad.ee\/lv\/product\/paikeseline-liivatuba\/#breadcrumb","itemListElement":[{"@type":"ListItem","position":1,"name":"Home","item":"https:\/\/eestispaad.ee\/lv\/"},{"@type":"ListItem","position":2,"name":"Shop","item":"https:\/\/eestispaad.ee\/lv\/shop\/"},{"@type":"ListItem","position":3,"name":"Saulain\u0101 smil\u0161u istaba \u2014 relaks\u0101cijas proced\u016bra atsl\u0101bin\u0101\u0161anai un atjauno\u0161anai (atjaunin\u0101\u0161anai)."}]},{"@type":"WebSite","@id":"https:\/\/eestispaad.ee\/#website","url":"https:\/\/eestispaad.ee\/","name":"Eesti spaad","description":"","publisher":{"@id":"https:\/\/eestispaad.ee\/#organization"},"potentialAction":[{"@type":"SearchAction","target":{"@type":"EntryPoint","urlTemplate":"https:\/\/eestispaad.ee\/?s={search_term_string}"},"query-input":{"@type":"PropertyValueSpecification","valueRequired":true,"valueName":"search_term_string"}}],"inLanguage":"lv-LV"},{"@type":"Organization","@id":"https:\/\/eestispaad.ee\/#organization","name":"Eesti spaad","url":"https:\/\/eestispaad.ee\/","logo":{"@type":"ImageObject","inLanguage":"lv-LV","@id":"https:\/\/eestispaad.ee\/#\/schema\/logo\/image\/","url":"https:\/\/eestispaad.ee\/wp-content\/uploads\/2023\/12\/Screenshot-2023-12-09-at-21.42.51.png","contentUrl":"https:\/\/eestispaad.ee\/wp-content\/uploads\/2023\/12\/Screenshot-2023-12-09-at-21.42.51.png","width":2130,"height":396,"caption":"Eesti spaad"},"image":{"@id":"https:\/\/eestispaad.ee\/#\/schema\/logo\/image\/"},"sameAs":["https:\/\/www.facebook.com\/estonianspas"]}]}},"_links":{"self":[{"href":"https:\/\/eestispaad.ee\/lv\/wp-json\/wp\/v2\/product\/12254","targetHints":{"allow":["GET"]}}],"collection":[{"href":"https:\/\/eestispaad.ee\/lv\/wp-json\/wp\/v2\/product"}],"about":[{"href":"https:\/\/eestispaad.ee\/lv\/wp-json\/wp\/v2\/types\/product"}],"replies":[{"embeddable":true,"href":"https:\/\/eestispaad.ee\/lv\/wp-json\/wp\/v2\/comments?post=12254"}],"wp:featuredmedia":[{"embeddable":true,"href":"https:\/\/eestispaad.ee\/lv\/wp-json\/wp\/v2\/media\/12255"}],"wp:attachment":[{"href":"https:\/\/eestispaad.ee\/lv\/wp-json\/wp\/v2\/media?parent=12254"}],"wp:term":[{"taxonomy":"product_brand","embeddable":true,"href":"https:\/\/eestispaad.ee\/lv\/wp-json\/wp\/v2\/product_brand?post=12254"},{"taxonomy":"product_cat","embeddable":true,"href":"https:\/\/eestispaad.ee\/lv\/wp-json\/wp\/v2\/product_cat?post=12254"},{"taxonomy":"product_tag","embeddable":true,"href":"https:\/\/eestispaad.ee\/lv\/wp-json\/wp\/v2\/product_tag?post=12254"}],"curies":[{"name":"wp","href":"https:\/\/api.w.org\/{rel}","templated":true}]}}