{"id":12235,"date":"2023-12-22T15:29:30","date_gmt":"2023-12-22T13:29:30","guid":{"rendered":"https:\/\/eestispaad.ee\/product\/anti-age-fototeraapia-aparaadiga-omega-light\/"},"modified":"2026-04-30T11:49:13","modified_gmt":"2026-04-30T08:49:13","slug":"anti-age-fototeraapia-aparaadiga-omega-light","status":"publish","type":"product","link":"https:\/\/eestispaad.ee\/lv\/product\/anti-age-fototeraapia-aparaadiga-omega-light\/","title":{"rendered":"Gaismas diodes relaks\u0113jo\u0161\u0101 terapija ar apar\u0101tu Omega Light"},"content":{"rendered":"<p data-start=\"0\" data-end=\"243\">LED relaks\u0113jo\u0161\u0101 terapija ar apar\u0101tu Omega Light tiek izmantota visu \u0101das tipu efekt\u012bvai kop\u0161anai un atjauno\u0161anai. Proced\u016bra nekav\u0113joties uzlabo noguru\u0161as un bl\u0101vas \u0101das st\u0101vokli, stimul\u0113 toks\u012bnu izvad\u012b\u0161anu, uzlabo un izl\u012bdzina sejas \u0101das toni.<\/p>\n<p data-start=\"245\" data-end=\"415\" data-is-last-node=\"\" data-is-only-node=\"\">Jau p\u0113c vienas proced\u016bras \u0101da k\u013c\u016bst paman\u0101mi mitrin\u0101t\u0101ka, glud\u0101ka un mirdzo\u0161\u0101ka. Aps\u0101rtuma un kairin\u0101juma efekti samazin\u0101s, bet kolag\u0113na un elast\u012bna veido\u0161an\u0101s pa\u0101trin\u0101s.<\/p>\n<div class=\"wp-block-image\"><img decoding=\"async\" class=\"alignnone wp-image-5512 size-medium\" src=\"https:\/\/eestispaad.ee\/wp-content\/uploads\/2023\/12\/Narva-Joesuu-Medical-Spa-34-300x169.png\" alt=\"anti-age fototeraapia\" width=\"300\" height=\"169\" srcset=\"https:\/\/eestispaad.ee\/wp-content\/uploads\/2023\/12\/Narva-Joesuu-Medical-Spa-34-300x169.png 300w, https:\/\/eestispaad.ee\/wp-content\/uploads\/2023\/12\/Narva-Joesuu-Medical-Spa-34-1024x576.png 1024w, https:\/\/eestispaad.ee\/wp-content\/uploads\/2023\/12\/Narva-Joesuu-Medical-Spa-34-768x432.png 768w, https:\/\/eestispaad.ee\/wp-content\/uploads\/2023\/12\/Narva-Joesuu-Medical-Spa-34-1536x864.png 1536w, https:\/\/eestispaad.ee\/wp-content\/uploads\/2023\/12\/Narva-Joesuu-Medical-Spa-34-1568x882.png 1568w, https:\/\/eestispaad.ee\/wp-content\/uploads\/2023\/12\/Narva-Joesuu-Medical-Spa-34-600x338.png 600w, https:\/\/eestispaad.ee\/wp-content\/uploads\/2023\/12\/Narva-Joesuu-Medical-Spa-34-100x56.png 100w, https:\/\/eestispaad.ee\/wp-content\/uploads\/2023\/12\/Narva-Joesuu-Medical-Spa-34.png 1600w\" sizes=\"(max-width: 300px) 100vw, 300px\" \/><\/div>\n<p data-start=\"0\" data-end=\"348\">Unik\u0101la ier\u012bce, kas veic fotodinamisko terapiju. Pateicoties kl\u012bniski pier\u0101d\u012btai gaismas diodes (LED) tehnolo\u0123ijai, tiek sasniegti lieliski rezult\u0101ti pla\u0161a spektra \u0101das probl\u0113mu gad\u012bjum\u0101, tostarp \u0101das noveco\u0161an\u0101s, aknes, roz\u0101cijas, pigment\u0101cijas, k\u0101 ar\u012b iekais\u012bgu slim\u012bbu (ekz\u0113ma, dermat\u012bts, psori\u0101ze) \u0101rst\u0113\u0161an\u0101. Ieteicams lietot 1\u20133 reizes ned\u0113\u013c\u0101.<\/p>\n<p data-start=\"350\" data-end=\"376\">Ier\u012bcei ir \u0161\u0101da iedarb\u012bba:<\/p>\n<p data-start=\"378\" data-end=\"1092\" data-is-last-node=\"\" data-is-only-node=\"\">Sarkan\u0101 gaisma \u2014 pa\u0101trina kolag\u0113na un elast\u012bna veido\u0161anos; uzlabo asinsriti, uzlabo un izl\u012bdzina \u0101das toni<br data-start=\"484\" data-end=\"487\" \/>Zil\u0101 gaisma \u2014 izn\u012bcina bakt\u0113rijas, mazina aknes izrais\u012btu kairin\u0101jumu un iekaisumu<br data-start=\"569\" data-end=\"572\" data-is-only-node=\"\" \/>Za\u013c\u0101 gaisma \u2014 veicina toks\u012bnu izvad\u012b\u0161anu, tai ir nomierino\u0161a iedarb\u012bba<br data-start=\"642\" data-end=\"645\" \/>Dzelten\u0101 gaisma \u2014 regul\u0113 melan\u012bna veido\u0161anos, samazina pigment\u0101ciju un aps\u0101rtumu, mazina t\u016bsku<br data-start=\"739\" data-end=\"742\" \/>Gai\u0161i zil\u0101 gaisma \u2014 m\u012bkstina, mitrina, nomierina, pal\u0113nina priek\u0161laic\u012bgu noveco\u0161anos. Iedarbojas uz novecojo\u0161u, stipri dehidr\u0113tu \u0101du, stimul\u0113 kolag\u0113na sint\u0113zi<br data-start=\"900\" data-end=\"903\" \/>Balt\u0101 gaisma \u2014 nomierina, toniz\u0113, uzlabo kosm\u0113tisko proced\u016bru efektu, anti-stress, detoksik\u0101cija<br data-start=\"999\" data-end=\"1002\" \/>Violet\u0101 gaisma \u2014 izvada toks\u012bnus, relaks\u0113, atjauno \u0101das turgoru un tonusu, anti-age efekts<\/p>\n<div>\n<section class=\"text-token-text-primary w-full focus:outline-none [--shadow-height:45px] has-data-writing-block:pointer-events-none has-data-writing-block:-mt-(--shadow-height) has-data-writing-block:pt-(--shadow-height) [&amp;:has([data-writing-block])&gt;*]:pointer-events-auto R6Vx5W_threadScrollVars scroll-mb-[calc(var(--scroll-root-safe-area-inset-bottom,0px)+var(--thread-response-height))] scroll-mt-(--header-height)\" dir=\"auto\" data-turn-id=\"fa1aecdb-cd30-4125-b848-661d8463d324\" data-testid=\"conversation-turn-31\" data-scroll-anchor=\"false\" data-turn=\"user\"><\/section>\n<section class=\"text-token-text-primary w-full focus:outline-none [--shadow-height:45px] has-data-writing-block:pointer-events-none has-data-writing-block:-mt-(--shadow-height) has-data-writing-block:pt-(--shadow-height) [&amp;:has([data-writing-block])&gt;*]:pointer-events-auto [content-visibility:auto] supports-[content-visibility:auto]:[contain-intrinsic-size:auto_100lvh] R6Vx5W_threadScrollVars scroll-mb-[calc(var(--scroll-root-safe-area-inset-bottom,0px)+var(--thread-response-height))] scroll-mt-[calc(var(--header-height)+min(200px,max(70px,20svh)))]\" dir=\"auto\" data-turn-id=\"request-WEB:d14f7a2a-54a7-445a-aa38-dc678acb9420-15\" data-testid=\"conversation-turn-32\" data-scroll-anchor=\"false\" data-turn=\"assistant\">\n<div class=\"text-base my-auto mx-auto pb-10 [--thread-content-margin:var(--thread-content-margin-xs,calc(var(--spacing)*4))] @w-sm\/main:[--thread-content-margin:var(--thread-content-margin-sm,calc(var(--spacing)*6))] @w-lg\/main:[--thread-content-margin:var(--thread-content-margin-lg,calc(var(--spacing)*16))] px-(--thread-content-margin)\">\n<div class=\"[--thread-content-max-width:40rem] @w-lg\/main:[--thread-content-max-width:48rem] mx-auto max-w-(--thread-content-max-width) flex-1 group\/turn-messages focus-visible:outline-hidden relative flex w-full min-w-0 flex-col agent-turn\">\n<div class=\"flex max-w-full flex-col gap-4 grow\">\n<div class=\"min-h-8 text-message relative flex w-full flex-col items-end gap-2 text-start break-words whitespace-normal outline-none keyboard-focused:focus-ring [.text-message+&amp;]:mt-1\" dir=\"auto\" data-message-author-role=\"assistant\" data-message-id=\"7c4e96da-09bf-473d-b0d1-127c3bbab6e4\" data-message-model-slug=\"gpt-5-3-mini\" data-turn-start-message=\"true\">\n<div class=\"flex w-full flex-col gap-1 empty:hidden\">\n<div class=\"markdown prose dark:prose-invert w-full wrap-break-word light markdown-new-styling\">\n<p data-start=\"0\" data-end=\"35\">Papildu inform\u0101cija un rezerv\u0101cija:<\/p>\n<p data-start=\"37\" data-end=\"91\" data-is-last-node=\"\" data-is-only-node=\"\">T\u0101lrunis: +372 35 99 523<br data-start=\"61\" data-end=\"64\" \/>E-pasts: <a class=\"decorated-link cursor-pointer\" rel=\"noopener\" data-start=\"73\" data-end=\"91\" data-is-last-node=\"\">ilu@narvajoesuu.ee<\/a><\/p>\n<\/div>\n<\/div>\n<\/div>\n<\/div>\n<\/div>\n<\/div>\n<\/section>\n<\/div>\n<p>&nbsp;<\/p>\n","protected":false},"excerpt":{"rendered":"<p data-start=\"0\" data-end=\"243\">LED relaks\u0113jo\u0161\u0101 terapija ar apar\u0101tu Omega Light tiek izmantota visu \u0101das tipu efekt\u012bvai kop\u0161anai un atjauno\u0161anai. Proced\u016bra nekav\u0113joties uzlabo noguru\u0161as un bl\u0101vas \u0101das st\u0101vokli, stimul\u0113 toks\u012bnu izvad\u012b\u0161anu, uzlabo un izl\u012bdzina sejas \u0101das toni.<\/p>\n<p data-start=\"245\" data-end=\"415\" data-is-last-node=\"\" data-is-only-node=\"\">Jau p\u0113c vienas proced\u016bras \u0101da k\u013c\u016bst paman\u0101mi mitrin\u0101t\u0101ka, glud\u0101ka un mirdzo\u0161\u0101ka. Aps\u0101rtuma un kairin\u0101juma efekti samazin\u0101s, bet kolag\u0113na un elast\u012bna veido\u0161an\u0101s pa\u0101trin\u0101s.<\/p>\n<div class=\"wp-block-image\"><\/div>\n","protected":false},"featured_media":12236,"comment_status":"open","ping_status":"closed","template":"","meta":[],"product_brand":[],"product_cat":[458],"product_tag":[],"class_list":{"0":"post-12235","1":"product","2":"type-product","3":"status-publish","4":"has-post-thumbnail","6":"product_cat-proceduras","8":"first","9":"instock","10":"virtual","11":"purchasable","12":"product-type-simple"},"acf":[],"yoast_head":"<!-- This site is optimized with the Yoast SEO plugin v26.8 - https:\/\/yoast.com\/product\/yoast-seo-wordpress\/ -->\n<title>Gaismas diodes relaks\u0113jo\u0161\u0101 terapija ar apar\u0101tu Omega Light - Eestispaad<\/title>\n<meta name=\"description\" content=\"LED relaks\u0113jo\u0161\u0101 terapija ar apar\u0101tu Omega Light tiek izmantota visu \u0101das tipu efekt\u012bvai kop\u0161anai un atjauno\u0161anai.\" \/>\n<meta name=\"robots\" content=\"index, follow, max-snippet:-1, max-image-preview:large, max-video-preview:-1\" \/>\n<link rel=\"canonical\" href=\"https:\/\/eestispaad.ee\/lv\/product\/anti-age-fototeraapia-aparaadiga-omega-light\/\" \/>\n<meta property=\"og:locale\" content=\"lv_LV\" \/>\n<meta property=\"og:type\" content=\"article\" \/>\n<meta property=\"og:title\" content=\"Gaismas diodes relaks\u0113jo\u0161\u0101 terapija ar apar\u0101tu Omega Light - Eestispaad\" \/>\n<meta property=\"og:description\" content=\"LED relaks\u0113jo\u0161\u0101 terapija ar apar\u0101tu Omega Light tiek izmantota visu \u0101das tipu efekt\u012bvai kop\u0161anai un atjauno\u0161anai.\" \/>\n<meta property=\"og:url\" content=\"https:\/\/eestispaad.ee\/lv\/product\/anti-age-fototeraapia-aparaadiga-omega-light\/\" \/>\n<meta property=\"og:site_name\" content=\"Eestispaad\" \/>\n<meta property=\"article:publisher\" content=\"https:\/\/www.facebook.com\/estonianspas\" \/>\n<meta property=\"article:modified_time\" content=\"2026-04-30T08:49:13+00:00\" \/>\n<meta property=\"og:image\" content=\"https:\/\/eestispaad.ee\/wp-content\/uploads\/2023\/12\/Narva-Joesuu-Medical-Spa-35.png\" \/>\n\t<meta property=\"og:image:width\" content=\"1600\" \/>\n\t<meta property=\"og:image:height\" content=\"900\" \/>\n\t<meta property=\"og:image:type\" content=\"image\/png\" \/>\n<meta name=\"twitter:card\" content=\"summary_large_image\" \/>\n<meta name=\"twitter:label1\" content=\"Est. reading time\" \/>\n\t<meta name=\"twitter:data1\" content=\"2 minutes\" \/>\n<script type=\"application\/ld+json\" class=\"yoast-schema-graph\">{\"@context\":\"https:\/\/schema.org\",\"@graph\":[{\"@type\":\"WebPage\",\"@id\":\"https:\/\/eestispaad.ee\/lv\/product\/anti-age-fototeraapia-aparaadiga-omega-light\/\",\"url\":\"https:\/\/eestispaad.ee\/lv\/product\/anti-age-fototeraapia-aparaadiga-omega-light\/\",\"name\":\"Gaismas diodes relaks\u0113jo\u0161\u0101 terapija ar apar\u0101tu Omega Light - Eestispaad\",\"isPartOf\":{\"@id\":\"https:\/\/eestispaad.ee\/#website\"},\"primaryImageOfPage\":{\"@id\":\"https:\/\/eestispaad.ee\/lv\/product\/anti-age-fototeraapia-aparaadiga-omega-light\/#primaryimage\"},\"image\":{\"@id\":\"https:\/\/eestispaad.ee\/lv\/product\/anti-age-fototeraapia-aparaadiga-omega-light\/#primaryimage\"},\"thumbnailUrl\":\"https:\/\/eestispaad.ee\/wp-content\/uploads\/2023\/12\/Narva-Joesuu-Medical-Spa-35.png\",\"datePublished\":\"2023-12-22T13:29:30+00:00\",\"dateModified\":\"2026-04-30T08:49:13+00:00\",\"description\":\"LED relaks\u0113jo\u0161\u0101 terapija ar apar\u0101tu Omega Light tiek izmantota visu \u0101das tipu efekt\u012bvai kop\u0161anai un atjauno\u0161anai.\",\"breadcrumb\":{\"@id\":\"https:\/\/eestispaad.ee\/lv\/product\/anti-age-fototeraapia-aparaadiga-omega-light\/#breadcrumb\"},\"inLanguage\":\"lv-LV\",\"potentialAction\":[{\"@type\":\"ReadAction\",\"target\":[\"https:\/\/eestispaad.ee\/lv\/product\/anti-age-fototeraapia-aparaadiga-omega-light\/\"]}]},{\"@type\":\"ImageObject\",\"inLanguage\":\"lv-LV\",\"@id\":\"https:\/\/eestispaad.ee\/lv\/product\/anti-age-fototeraapia-aparaadiga-omega-light\/#primaryimage\",\"url\":\"https:\/\/eestispaad.ee\/wp-content\/uploads\/2023\/12\/Narva-Joesuu-Medical-Spa-35.png\",\"contentUrl\":\"https:\/\/eestispaad.ee\/wp-content\/uploads\/2023\/12\/Narva-Joesuu-Medical-Spa-35.png\",\"width\":1600,\"height\":900},{\"@type\":\"BreadcrumbList\",\"@id\":\"https:\/\/eestispaad.ee\/lv\/product\/anti-age-fototeraapia-aparaadiga-omega-light\/#breadcrumb\",\"itemListElement\":[{\"@type\":\"ListItem\",\"position\":1,\"name\":\"Home\",\"item\":\"https:\/\/eestispaad.ee\/lv\/\"},{\"@type\":\"ListItem\",\"position\":2,\"name\":\"Shop\",\"item\":\"https:\/\/eestispaad.ee\/lv\/shop\/\"},{\"@type\":\"ListItem\",\"position\":3,\"name\":\"Gaismas diodes relaks\u0113jo\u0161\u0101 terapija ar apar\u0101tu Omega Light\"}]},{\"@type\":\"WebSite\",\"@id\":\"https:\/\/eestispaad.ee\/#website\",\"url\":\"https:\/\/eestispaad.ee\/\",\"name\":\"Eesti spaad\",\"description\":\"\",\"publisher\":{\"@id\":\"https:\/\/eestispaad.ee\/#organization\"},\"potentialAction\":[{\"@type\":\"SearchAction\",\"target\":{\"@type\":\"EntryPoint\",\"urlTemplate\":\"https:\/\/eestispaad.ee\/?s={search_term_string}\"},\"query-input\":{\"@type\":\"PropertyValueSpecification\",\"valueRequired\":true,\"valueName\":\"search_term_string\"}}],\"inLanguage\":\"lv-LV\"},{\"@type\":\"Organization\",\"@id\":\"https:\/\/eestispaad.ee\/#organization\",\"name\":\"Eesti spaad\",\"url\":\"https:\/\/eestispaad.ee\/\",\"logo\":{\"@type\":\"ImageObject\",\"inLanguage\":\"lv-LV\",\"@id\":\"https:\/\/eestispaad.ee\/#\/schema\/logo\/image\/\",\"url\":\"https:\/\/eestispaad.ee\/wp-content\/uploads\/2023\/12\/Screenshot-2023-12-09-at-21.42.51.png\",\"contentUrl\":\"https:\/\/eestispaad.ee\/wp-content\/uploads\/2023\/12\/Screenshot-2023-12-09-at-21.42.51.png\",\"width\":2130,\"height\":396,\"caption\":\"Eesti spaad\"},\"image\":{\"@id\":\"https:\/\/eestispaad.ee\/#\/schema\/logo\/image\/\"},\"sameAs\":[\"https:\/\/www.facebook.com\/estonianspas\"]}]}<\/script>\n<!-- \/ Yoast SEO plugin. -->","yoast_head_json":{"title":"Gaismas diodes relaks\u0113jo\u0161\u0101 terapija ar apar\u0101tu Omega Light - Eestispaad","description":"LED relaks\u0113jo\u0161\u0101 terapija ar apar\u0101tu Omega Light tiek izmantota visu \u0101das tipu efekt\u012bvai kop\u0161anai un atjauno\u0161anai.","robots":{"index":"index","follow":"follow","max-snippet":"max-snippet:-1","max-image-preview":"max-image-preview:large","max-video-preview":"max-video-preview:-1"},"canonical":"https:\/\/eestispaad.ee\/lv\/product\/anti-age-fototeraapia-aparaadiga-omega-light\/","og_locale":"lv_LV","og_type":"article","og_title":"Gaismas diodes relaks\u0113jo\u0161\u0101 terapija ar apar\u0101tu Omega Light - Eestispaad","og_description":"LED relaks\u0113jo\u0161\u0101 terapija ar apar\u0101tu Omega Light tiek izmantota visu \u0101das tipu efekt\u012bvai kop\u0161anai un atjauno\u0161anai.","og_url":"https:\/\/eestispaad.ee\/lv\/product\/anti-age-fototeraapia-aparaadiga-omega-light\/","og_site_name":"Eestispaad","article_publisher":"https:\/\/www.facebook.com\/estonianspas","article_modified_time":"2026-04-30T08:49:13+00:00","og_image":[{"width":1600,"height":900,"url":"https:\/\/eestispaad.ee\/wp-content\/uploads\/2023\/12\/Narva-Joesuu-Medical-Spa-35.png","type":"image\/png"}],"twitter_card":"summary_large_image","twitter_misc":{"Est. reading time":"2 minutes"},"schema":{"@context":"https:\/\/schema.org","@graph":[{"@type":"WebPage","@id":"https:\/\/eestispaad.ee\/lv\/product\/anti-age-fototeraapia-aparaadiga-omega-light\/","url":"https:\/\/eestispaad.ee\/lv\/product\/anti-age-fototeraapia-aparaadiga-omega-light\/","name":"Gaismas diodes relaks\u0113jo\u0161\u0101 terapija ar apar\u0101tu Omega Light - Eestispaad","isPartOf":{"@id":"https:\/\/eestispaad.ee\/#website"},"primaryImageOfPage":{"@id":"https:\/\/eestispaad.ee\/lv\/product\/anti-age-fototeraapia-aparaadiga-omega-light\/#primaryimage"},"image":{"@id":"https:\/\/eestispaad.ee\/lv\/product\/anti-age-fototeraapia-aparaadiga-omega-light\/#primaryimage"},"thumbnailUrl":"https:\/\/eestispaad.ee\/wp-content\/uploads\/2023\/12\/Narva-Joesuu-Medical-Spa-35.png","datePublished":"2023-12-22T13:29:30+00:00","dateModified":"2026-04-30T08:49:13+00:00","description":"LED relaks\u0113jo\u0161\u0101 terapija ar apar\u0101tu Omega Light tiek izmantota visu \u0101das tipu efekt\u012bvai kop\u0161anai un atjauno\u0161anai.","breadcrumb":{"@id":"https:\/\/eestispaad.ee\/lv\/product\/anti-age-fototeraapia-aparaadiga-omega-light\/#breadcrumb"},"inLanguage":"lv-LV","potentialAction":[{"@type":"ReadAction","target":["https:\/\/eestispaad.ee\/lv\/product\/anti-age-fototeraapia-aparaadiga-omega-light\/"]}]},{"@type":"ImageObject","inLanguage":"lv-LV","@id":"https:\/\/eestispaad.ee\/lv\/product\/anti-age-fototeraapia-aparaadiga-omega-light\/#primaryimage","url":"https:\/\/eestispaad.ee\/wp-content\/uploads\/2023\/12\/Narva-Joesuu-Medical-Spa-35.png","contentUrl":"https:\/\/eestispaad.ee\/wp-content\/uploads\/2023\/12\/Narva-Joesuu-Medical-Spa-35.png","width":1600,"height":900},{"@type":"BreadcrumbList","@id":"https:\/\/eestispaad.ee\/lv\/product\/anti-age-fototeraapia-aparaadiga-omega-light\/#breadcrumb","itemListElement":[{"@type":"ListItem","position":1,"name":"Home","item":"https:\/\/eestispaad.ee\/lv\/"},{"@type":"ListItem","position":2,"name":"Shop","item":"https:\/\/eestispaad.ee\/lv\/shop\/"},{"@type":"ListItem","position":3,"name":"Gaismas diodes relaks\u0113jo\u0161\u0101 terapija ar apar\u0101tu Omega Light"}]},{"@type":"WebSite","@id":"https:\/\/eestispaad.ee\/#website","url":"https:\/\/eestispaad.ee\/","name":"Eesti spaad","description":"","publisher":{"@id":"https:\/\/eestispaad.ee\/#organization"},"potentialAction":[{"@type":"SearchAction","target":{"@type":"EntryPoint","urlTemplate":"https:\/\/eestispaad.ee\/?s={search_term_string}"},"query-input":{"@type":"PropertyValueSpecification","valueRequired":true,"valueName":"search_term_string"}}],"inLanguage":"lv-LV"},{"@type":"Organization","@id":"https:\/\/eestispaad.ee\/#organization","name":"Eesti spaad","url":"https:\/\/eestispaad.ee\/","logo":{"@type":"ImageObject","inLanguage":"lv-LV","@id":"https:\/\/eestispaad.ee\/#\/schema\/logo\/image\/","url":"https:\/\/eestispaad.ee\/wp-content\/uploads\/2023\/12\/Screenshot-2023-12-09-at-21.42.51.png","contentUrl":"https:\/\/eestispaad.ee\/wp-content\/uploads\/2023\/12\/Screenshot-2023-12-09-at-21.42.51.png","width":2130,"height":396,"caption":"Eesti spaad"},"image":{"@id":"https:\/\/eestispaad.ee\/#\/schema\/logo\/image\/"},"sameAs":["https:\/\/www.facebook.com\/estonianspas"]}]}},"_links":{"self":[{"href":"https:\/\/eestispaad.ee\/lv\/wp-json\/wp\/v2\/product\/12235","targetHints":{"allow":["GET"]}}],"collection":[{"href":"https:\/\/eestispaad.ee\/lv\/wp-json\/wp\/v2\/product"}],"about":[{"href":"https:\/\/eestispaad.ee\/lv\/wp-json\/wp\/v2\/types\/product"}],"replies":[{"embeddable":true,"href":"https:\/\/eestispaad.ee\/lv\/wp-json\/wp\/v2\/comments?post=12235"}],"wp:featuredmedia":[{"embeddable":true,"href":"https:\/\/eestispaad.ee\/lv\/wp-json\/wp\/v2\/media\/12236"}],"wp:attachment":[{"href":"https:\/\/eestispaad.ee\/lv\/wp-json\/wp\/v2\/media?parent=12235"}],"wp:term":[{"taxonomy":"product_brand","embeddable":true,"href":"https:\/\/eestispaad.ee\/lv\/wp-json\/wp\/v2\/product_brand?post=12235"},{"taxonomy":"product_cat","embeddable":true,"href":"https:\/\/eestispaad.ee\/lv\/wp-json\/wp\/v2\/product_cat?post=12235"},{"taxonomy":"product_tag","embeddable":true,"href":"https:\/\/eestispaad.ee\/lv\/wp-json\/wp\/v2\/product_tag?post=12235"}],"curies":[{"name":"wp","href":"https:\/\/api.w.org\/{rel}","templated":true}]}}