{"id":12223,"date":"2023-10-24T12:33:15","date_gmt":"2023-10-24T09:33:15","guid":{"rendered":"https:\/\/eestispaad.ee\/product\/saunakeskuse-ja-basseni-2h-paase\/"},"modified":"2026-04-30T11:20:42","modified_gmt":"2026-04-30T08:20:42","slug":"saunakeskuse-ja-basseni-2h-paase","status":"publish","type":"product","link":"https:\/\/eestispaad.ee\/lv\/product\/saunakeskuse-ja-basseni-2h-paase\/","title":{"rendered":"2 stundu piek\u013cuve saunu centram un baseinam (Sv\u2013C)"},"content":{"rendered":"<div class=\"wp-block-image\"><\/div>\n<p data-start=\"0\" data-end=\"274\">M\u016bsu atjaunotais saunu centrs ar baseinu pal\u012bdz\u0113s jums atbr\u012bvoties no da\u017e\u0101d\u0101m kait\u0113m un ir lieliski piem\u0113rots spriedzes un stresa mazin\u0101\u0161anai. M\u0113s pied\u0101v\u0101jam tr\u012bs da\u017e\u0101das saunas (tvaika, arom\u0101ta un somu saunu), k\u0101 ar\u012b burbu\u013cvannas, baseina un san\u0101rija izmanto\u0161anas iesp\u0113jas.<\/p>\n<p data-start=\"276\" data-end=\"469\" data-is-last-node=\"\" data-is-only-node=\"\">No apr\u012b\u013ca l\u012bdz oktobrim ir atv\u0113rts Igaunijas liel\u0101kais apsild\u0101mais \u0101ra baseins. Gan baseini, gan burbu\u013cvanna tiek piepild\u012bti ar visaugst\u0101k\u0101s t\u012br\u012bbas pak\u0101pes \u016bdeni no m\u016bsu pa\u0161u art\u0113zisk\u0101 urbuma.<\/p>\n<div class=\"wp-block-image\"><\/div>\n","protected":false},"excerpt":{"rendered":"<p data-start=\"0\" data-end=\"274\">M\u016bsu atjaunotais saunu centrs ar baseinu pal\u012bdz\u0113s jums atbr\u012bvoties no da\u017e\u0101d\u0101m kait\u0113m un ir lieliski piem\u0113rots spriedzes un stresa mazin\u0101\u0161anai. M\u0113s pied\u0101v\u0101jam tr\u012bs da\u017e\u0101das saunas (tvaika, arom\u0101ta un somu saunu), k\u0101 ar\u012b burbu\u013cvannas, baseina un san\u0101rija izmanto\u0161anas iesp\u0113jas.<\/p>\n<p data-start=\"276\" data-end=\"469\" data-is-last-node=\"\" data-is-only-node=\"\">No apr\u012b\u013ca l\u012bdz oktobrim ir atv\u0113rts Igaunijas liel\u0101kais apsild\u0101mais \u0101ra baseins. Gan baseini, gan burbu\u013cvanna tiek piepild\u012bti ar visaugst\u0101k\u0101s t\u012br\u012bbas pak\u0101pes \u016bdeni no m\u016bsu pa\u0161u art\u0113zisk\u0101 urbuma.<\/p>\n","protected":false},"featured_media":7295,"comment_status":"open","ping_status":"closed","template":"","meta":[],"product_brand":[],"product_cat":[462],"product_tag":[],"class_list":{"0":"post-12223","1":"product","2":"type-product","3":"status-publish","4":"has-post-thumbnail","6":"product_cat-pirtis-un-baseini","8":"first","9":"instock","10":"virtual","11":"purchasable","12":"product-type-simple"},"acf":[],"yoast_head":"<!-- This site is optimized with the Yoast SEO plugin v26.8 - https:\/\/yoast.com\/product\/yoast-seo-wordpress\/ -->\n<title>2 stundu piek\u013cuve saunu centram un baseinam (Sv\u2013C) - Eestispaad<\/title>\n<meta name=\"description\" content=\"Narva-J\u00f5esuu Medical Spas on kolm erinevat saunat (auru-, aroomi- ja Soome saun), mullivanni, basseini ja sanaariumi kasutamise v\u00f5imalus.\" \/>\n<meta name=\"robots\" content=\"index, follow, max-snippet:-1, max-image-preview:large, max-video-preview:-1\" \/>\n<link rel=\"canonical\" href=\"https:\/\/eestispaad.ee\/lv\/product\/saunakeskuse-ja-basseni-2h-paase\/\" \/>\n<meta property=\"og:locale\" content=\"lv_LV\" \/>\n<meta property=\"og:type\" content=\"article\" \/>\n<meta property=\"og:title\" content=\"2 stundu piek\u013cuve saunu centram un baseinam (Sv\u2013C) - Eestispaad\" \/>\n<meta property=\"og:description\" content=\"Narva-J\u00f5esuu Medical Spas on kolm erinevat saunat (auru-, aroomi- ja Soome saun), mullivanni, basseini ja sanaariumi kasutamise v\u00f5imalus.\" \/>\n<meta property=\"og:url\" content=\"https:\/\/eestispaad.ee\/lv\/product\/saunakeskuse-ja-basseni-2h-paase\/\" \/>\n<meta property=\"og:site_name\" content=\"Eestispaad\" \/>\n<meta property=\"article:publisher\" content=\"https:\/\/www.facebook.com\/estonianspas\" \/>\n<meta property=\"article:modified_time\" content=\"2026-04-30T08:20:42+00:00\" \/>\n<meta property=\"og:image\" content=\"https:\/\/eestispaad.ee\/wp-content\/uploads\/2024\/04\/Eestispaad-1-1024x576.png\" \/>\n\t<meta property=\"og:image:width\" content=\"1024\" \/>\n\t<meta property=\"og:image:height\" content=\"576\" \/>\n\t<meta property=\"og:image:type\" content=\"image\/png\" \/>\n<meta name=\"twitter:card\" content=\"summary_large_image\" \/>\n<meta name=\"twitter:label1\" content=\"Est. reading time\" \/>\n\t<meta name=\"twitter:data1\" content=\"1 minute\" \/>\n<script type=\"application\/ld+json\" class=\"yoast-schema-graph\">{\"@context\":\"https:\/\/schema.org\",\"@graph\":[{\"@type\":\"WebPage\",\"@id\":\"https:\/\/eestispaad.ee\/lv\/product\/saunakeskuse-ja-basseni-2h-paase\/\",\"url\":\"https:\/\/eestispaad.ee\/lv\/product\/saunakeskuse-ja-basseni-2h-paase\/\",\"name\":\"2 stundu piek\u013cuve saunu centram un baseinam (Sv\u2013C) - Eestispaad\",\"isPartOf\":{\"@id\":\"https:\/\/eestispaad.ee\/#website\"},\"primaryImageOfPage\":{\"@id\":\"https:\/\/eestispaad.ee\/lv\/product\/saunakeskuse-ja-basseni-2h-paase\/#primaryimage\"},\"image\":{\"@id\":\"https:\/\/eestispaad.ee\/lv\/product\/saunakeskuse-ja-basseni-2h-paase\/#primaryimage\"},\"thumbnailUrl\":\"https:\/\/eestispaad.ee\/wp-content\/uploads\/2024\/04\/Eestispaad-1.png\",\"datePublished\":\"2023-10-24T09:33:15+00:00\",\"dateModified\":\"2026-04-30T08:20:42+00:00\",\"description\":\"Narva-J\u00f5esuu Medical Spas on kolm erinevat saunat (auru-, aroomi- ja Soome saun), mullivanni, basseini ja sanaariumi kasutamise v\u00f5imalus.\",\"breadcrumb\":{\"@id\":\"https:\/\/eestispaad.ee\/lv\/product\/saunakeskuse-ja-basseni-2h-paase\/#breadcrumb\"},\"inLanguage\":\"lv-LV\",\"potentialAction\":[{\"@type\":\"ReadAction\",\"target\":[\"https:\/\/eestispaad.ee\/lv\/product\/saunakeskuse-ja-basseni-2h-paase\/\"]}]},{\"@type\":\"ImageObject\",\"inLanguage\":\"lv-LV\",\"@id\":\"https:\/\/eestispaad.ee\/lv\/product\/saunakeskuse-ja-basseni-2h-paase\/#primaryimage\",\"url\":\"https:\/\/eestispaad.ee\/wp-content\/uploads\/2024\/04\/Eestispaad-1.png\",\"contentUrl\":\"https:\/\/eestispaad.ee\/wp-content\/uploads\/2024\/04\/Eestispaad-1.png\",\"width\":1600,\"height\":900},{\"@type\":\"BreadcrumbList\",\"@id\":\"https:\/\/eestispaad.ee\/lv\/product\/saunakeskuse-ja-basseni-2h-paase\/#breadcrumb\",\"itemListElement\":[{\"@type\":\"ListItem\",\"position\":1,\"name\":\"Home\",\"item\":\"https:\/\/eestispaad.ee\/lv\/\"},{\"@type\":\"ListItem\",\"position\":2,\"name\":\"Shop\",\"item\":\"https:\/\/eestispaad.ee\/lv\/shop\/\"},{\"@type\":\"ListItem\",\"position\":3,\"name\":\"2 stundu piek\u013cuve saunu centram un baseinam (Sv\u2013C)\"}]},{\"@type\":\"WebSite\",\"@id\":\"https:\/\/eestispaad.ee\/#website\",\"url\":\"https:\/\/eestispaad.ee\/\",\"name\":\"Eesti spaad\",\"description\":\"\",\"publisher\":{\"@id\":\"https:\/\/eestispaad.ee\/#organization\"},\"potentialAction\":[{\"@type\":\"SearchAction\",\"target\":{\"@type\":\"EntryPoint\",\"urlTemplate\":\"https:\/\/eestispaad.ee\/?s={search_term_string}\"},\"query-input\":{\"@type\":\"PropertyValueSpecification\",\"valueRequired\":true,\"valueName\":\"search_term_string\"}}],\"inLanguage\":\"lv-LV\"},{\"@type\":\"Organization\",\"@id\":\"https:\/\/eestispaad.ee\/#organization\",\"name\":\"Eesti spaad\",\"url\":\"https:\/\/eestispaad.ee\/\",\"logo\":{\"@type\":\"ImageObject\",\"inLanguage\":\"lv-LV\",\"@id\":\"https:\/\/eestispaad.ee\/#\/schema\/logo\/image\/\",\"url\":\"https:\/\/eestispaad.ee\/wp-content\/uploads\/2023\/12\/Screenshot-2023-12-09-at-21.42.51.png\",\"contentUrl\":\"https:\/\/eestispaad.ee\/wp-content\/uploads\/2023\/12\/Screenshot-2023-12-09-at-21.42.51.png\",\"width\":2130,\"height\":396,\"caption\":\"Eesti spaad\"},\"image\":{\"@id\":\"https:\/\/eestispaad.ee\/#\/schema\/logo\/image\/\"},\"sameAs\":[\"https:\/\/www.facebook.com\/estonianspas\"]}]}<\/script>\n<!-- \/ Yoast SEO plugin. -->","yoast_head_json":{"title":"2 stundu piek\u013cuve saunu centram un baseinam (Sv\u2013C) - Eestispaad","description":"Narva-J\u00f5esuu Medical Spas on kolm erinevat saunat (auru-, aroomi- ja Soome saun), mullivanni, basseini ja sanaariumi kasutamise v\u00f5imalus.","robots":{"index":"index","follow":"follow","max-snippet":"max-snippet:-1","max-image-preview":"max-image-preview:large","max-video-preview":"max-video-preview:-1"},"canonical":"https:\/\/eestispaad.ee\/lv\/product\/saunakeskuse-ja-basseni-2h-paase\/","og_locale":"lv_LV","og_type":"article","og_title":"2 stundu piek\u013cuve saunu centram un baseinam (Sv\u2013C) - Eestispaad","og_description":"Narva-J\u00f5esuu Medical Spas on kolm erinevat saunat (auru-, aroomi- ja Soome saun), mullivanni, basseini ja sanaariumi kasutamise v\u00f5imalus.","og_url":"https:\/\/eestispaad.ee\/lv\/product\/saunakeskuse-ja-basseni-2h-paase\/","og_site_name":"Eestispaad","article_publisher":"https:\/\/www.facebook.com\/estonianspas","article_modified_time":"2026-04-30T08:20:42+00:00","og_image":[{"width":1024,"height":576,"url":"https:\/\/eestispaad.ee\/wp-content\/uploads\/2024\/04\/Eestispaad-1-1024x576.png","type":"image\/png"}],"twitter_card":"summary_large_image","twitter_misc":{"Est. reading time":"1 minute"},"schema":{"@context":"https:\/\/schema.org","@graph":[{"@type":"WebPage","@id":"https:\/\/eestispaad.ee\/lv\/product\/saunakeskuse-ja-basseni-2h-paase\/","url":"https:\/\/eestispaad.ee\/lv\/product\/saunakeskuse-ja-basseni-2h-paase\/","name":"2 stundu piek\u013cuve saunu centram un baseinam (Sv\u2013C) - Eestispaad","isPartOf":{"@id":"https:\/\/eestispaad.ee\/#website"},"primaryImageOfPage":{"@id":"https:\/\/eestispaad.ee\/lv\/product\/saunakeskuse-ja-basseni-2h-paase\/#primaryimage"},"image":{"@id":"https:\/\/eestispaad.ee\/lv\/product\/saunakeskuse-ja-basseni-2h-paase\/#primaryimage"},"thumbnailUrl":"https:\/\/eestispaad.ee\/wp-content\/uploads\/2024\/04\/Eestispaad-1.png","datePublished":"2023-10-24T09:33:15+00:00","dateModified":"2026-04-30T08:20:42+00:00","description":"Narva-J\u00f5esuu Medical Spas on kolm erinevat saunat (auru-, aroomi- ja Soome saun), mullivanni, basseini ja sanaariumi kasutamise v\u00f5imalus.","breadcrumb":{"@id":"https:\/\/eestispaad.ee\/lv\/product\/saunakeskuse-ja-basseni-2h-paase\/#breadcrumb"},"inLanguage":"lv-LV","potentialAction":[{"@type":"ReadAction","target":["https:\/\/eestispaad.ee\/lv\/product\/saunakeskuse-ja-basseni-2h-paase\/"]}]},{"@type":"ImageObject","inLanguage":"lv-LV","@id":"https:\/\/eestispaad.ee\/lv\/product\/saunakeskuse-ja-basseni-2h-paase\/#primaryimage","url":"https:\/\/eestispaad.ee\/wp-content\/uploads\/2024\/04\/Eestispaad-1.png","contentUrl":"https:\/\/eestispaad.ee\/wp-content\/uploads\/2024\/04\/Eestispaad-1.png","width":1600,"height":900},{"@type":"BreadcrumbList","@id":"https:\/\/eestispaad.ee\/lv\/product\/saunakeskuse-ja-basseni-2h-paase\/#breadcrumb","itemListElement":[{"@type":"ListItem","position":1,"name":"Home","item":"https:\/\/eestispaad.ee\/lv\/"},{"@type":"ListItem","position":2,"name":"Shop","item":"https:\/\/eestispaad.ee\/lv\/shop\/"},{"@type":"ListItem","position":3,"name":"2 stundu piek\u013cuve saunu centram un baseinam (Sv\u2013C)"}]},{"@type":"WebSite","@id":"https:\/\/eestispaad.ee\/#website","url":"https:\/\/eestispaad.ee\/","name":"Eesti spaad","description":"","publisher":{"@id":"https:\/\/eestispaad.ee\/#organization"},"potentialAction":[{"@type":"SearchAction","target":{"@type":"EntryPoint","urlTemplate":"https:\/\/eestispaad.ee\/?s={search_term_string}"},"query-input":{"@type":"PropertyValueSpecification","valueRequired":true,"valueName":"search_term_string"}}],"inLanguage":"lv-LV"},{"@type":"Organization","@id":"https:\/\/eestispaad.ee\/#organization","name":"Eesti spaad","url":"https:\/\/eestispaad.ee\/","logo":{"@type":"ImageObject","inLanguage":"lv-LV","@id":"https:\/\/eestispaad.ee\/#\/schema\/logo\/image\/","url":"https:\/\/eestispaad.ee\/wp-content\/uploads\/2023\/12\/Screenshot-2023-12-09-at-21.42.51.png","contentUrl":"https:\/\/eestispaad.ee\/wp-content\/uploads\/2023\/12\/Screenshot-2023-12-09-at-21.42.51.png","width":2130,"height":396,"caption":"Eesti spaad"},"image":{"@id":"https:\/\/eestispaad.ee\/#\/schema\/logo\/image\/"},"sameAs":["https:\/\/www.facebook.com\/estonianspas"]}]}},"_links":{"self":[{"href":"https:\/\/eestispaad.ee\/lv\/wp-json\/wp\/v2\/product\/12223","targetHints":{"allow":["GET"]}}],"collection":[{"href":"https:\/\/eestispaad.ee\/lv\/wp-json\/wp\/v2\/product"}],"about":[{"href":"https:\/\/eestispaad.ee\/lv\/wp-json\/wp\/v2\/types\/product"}],"replies":[{"embeddable":true,"href":"https:\/\/eestispaad.ee\/lv\/wp-json\/wp\/v2\/comments?post=12223"}],"wp:featuredmedia":[{"embeddable":true,"href":"https:\/\/eestispaad.ee\/lv\/wp-json\/wp\/v2\/media\/7295"}],"wp:attachment":[{"href":"https:\/\/eestispaad.ee\/lv\/wp-json\/wp\/v2\/media?parent=12223"}],"wp:term":[{"taxonomy":"product_brand","embeddable":true,"href":"https:\/\/eestispaad.ee\/lv\/wp-json\/wp\/v2\/product_brand?post=12223"},{"taxonomy":"product_cat","embeddable":true,"href":"https:\/\/eestispaad.ee\/lv\/wp-json\/wp\/v2\/product_cat?post=12223"},{"taxonomy":"product_tag","embeddable":true,"href":"https:\/\/eestispaad.ee\/lv\/wp-json\/wp\/v2\/product_tag?post=12223"}],"curies":[{"name":"wp","href":"https:\/\/api.w.org\/{rel}","templated":true}]}}