{"id":6835,"date":"2023-08-22T20:04:57","date_gmt":"2023-08-22T17:04:57","guid":{"rendered":"https:\/\/eestispaad.ee\/?page_id=6835"},"modified":"2026-01-12T13:51:20","modified_gmt":"2026-01-12T11:51:20","slug":"ostutingimused","status":"publish","type":"page","link":"https:\/\/eestispaad.ee\/lv\/ostutingimused\/","title":{"rendered":"Ieg\u0101des noteikumi"},"content":{"rendered":"\n<p><strong>Online broneeringukeskkonna m\u00fc\u00fcgitingimused<\/strong><\/p>\n\n\n\n<p>1. \u00dcldtingimused<\/p>\n\n\n\n<p>1.1. Spaapakettide ja spaateenuste m\u00fc\u00fcgitingimused kehtivad isiku (edaspidi Klient) ja selle spaa vahel, millise ettev\u00f5tte teenus v\u00f5i pakett on keskkonnast eestispaad.ee soetatud.<\/p>\n\n\n\n<p>1.2. Lisaks k\u00e4esolevatele tingimustele reguleerivad online broneeringukeskkonna vahendusel teenuste ostmisel tekkivaid \u00f5igussuhteid Eesti Vabariigis kehtivad \u00f5igusaktid.<\/p>\n\n\n\n<p>1.3. Online broneeringukeskkonnas tohib tehinguid teha v\u00e4hemalt 18 aastane teov\u00f5imeline isik. N\u00f5uetele mittevastava isiku poolt sooritatud tellimuste tagaj\u00e4rgede eest vastutab isik, kelle pangakontot v\u00f5i krediitkaarti kasutades on tasu maksmine sooritatud.<\/p>\n\n\n\n<p>2. Hinnainfo ja maksetingimused<\/p>\n\n\n\n<p>2.1. K\u00f5ik hinnad on eurodes ja sisaldavad Eesti Vabariigis kehtestatud k\u00e4ibemaksu.<\/p>\n\n\n\n<p>2.2. J\u00e4lgige t\u00e4helepanelikult valitud hinnainfot. Ettemaks on kohustuslik k\u00f5ikidele tellitud toodetele ja teenustele.<\/p>\n\n\n\n<p>2.3. Klient tasub tellimuse eest ettemaksuna kogu m\u00fc\u00fcgihinna. Tasu maksmisega kinnitab klient, et on tutvunud k\u00f5ikide teenusepakkuja poolt online broneeringukeskkonnas k\u00e4ttesaadavaks tehtud tingimuste ja reeglitega ning aktsepteerib neid. Tasumine toimub v\u00e4ljaspool online broneeringukeskkonda turvalises maksekeskkonnas.<\/p>\n\n\n\n<p>3. Tellimus, tellimuse t\u00fchistamine ja raha tagastamine<\/p>\n\n\n\n<p>3.1. Tellimuse tegemisel palun sisestage online broneeringukeskkonnas n\u00f5utud andmed. Teie tellimus on kinnitatud, kui olete saanud tellimuse kinnituse.<\/p>\n\n\n\n<p>3.2. Tellimuse esitamiseks on vajalik pangakaardi olemasolu.<\/p>\n\n\n\n<p>3.3. Tellimust saab vastavalt toote kirjelduses olevatele tellimuse t\u00fchistamise reeglitele. Tellimuse t\u00fchistamiseks palume saata teade e-kirjale, mille leiate tellimuse kinnituselt.<\/p>\n\n\n\n<p>Tagasimakse tehakse samale arvelduskontole, millelt ostu eest tasuti.<\/p>\n\n\n\n<h2 class=\"wp-block-heading\">Kinkekaardi ostutingimused.<\/h2>\n\n\n\n<p>Eesti spaade kinkekaart \u2013 see on ideaalne v\u00f5imalus kinkida oma l\u00e4hedasele meeldej\u00e4\u00e4vaid elamusi ja l\u00f5\u00f5gastavaid puhkusehetki. Leia meie ettev\u00f5tete hulgast endale sobivaim ja broneeri teenused ette.<\/p>\n\n\n\n<h2 class=\"wp-block-heading\">Oluline info Eesti Spaaliidu kinkekaartide kohta:<\/h2>\n\n\n\n<ul class=\"wp-block-list\">\n<li>Kinkekaart on kasutatav nimekirjas olevas spaahotellis majutusteenuse v\u00f5i majutusega spaapaketi eest tasumisel eelneva broneeringu alusel ja hotelli vastuv\u00f5tuletis.<\/li>\n\n\n\n<li>Rahalised kinkekaardid kehtivad 12 kuud alates ostuhetkest.<\/li>\n\n\n\n<li>Kinkekaarte saab kasutada kaardil m\u00e4rgitud kehtivusaja ja summa piires.<\/li>\n\n\n\n<li>Kinkekaartide eest ei saa osta uusi kinkekaarte.<\/li>\n\n\n\n<li>Kinkekaart ei ole vahetatav rahaks.<\/li>\n\n\n\n<li>Kaduma l\u00e4inud kaarti ei asendata.<\/li>\n\n\n\n<li>Kinkekaarte saab tellida&nbsp;<a href=\"http:\/\/www.eestispaad.ee\/\">www.eestispaad.ee&nbsp;<\/a>asuvast e-poest. Kaardid v\u00e4ljastatakse tellimusvormil sisestatud saaja e-post aadressile pdf failina.<\/li>\n\n\n\n<li>Palun v\u00f5ta kinkekaart kindlasti teenust lunastades kaasa!<\/li>\n\n\n\n<li>Palume kinkekaardi alusel tarbitavad teenused eelnevalt sinu poolt valitud ettev\u00f5ttes broneerida,&nbsp;broneerimisel m\u00e4rkida kindlasti \u00e4ra kinkekaardi number<\/li>\n\n\n\n<li>Kinkekaartide kehtivusaega ei pikendata<\/li>\n<\/ul>\n\n\n\n<h2 class=\"wp-block-heading\">Kinkekaart kehtib kasutamiseks ainult allj\u00e4rgnevates spaahotellides ja eelbroneeringu alusel:<\/h2>\n\n\n\n<ul class=\"wp-block-list\">\n<li><a href=\"https:\/\/www.aurakeskus.ee\/\">Aura Keskus<\/a><\/li>\n\n\n\n<li><a href=\"https:\/\/eestispaad.ee\/hotel\/estonia-medical-spa-hotel\/\">Estonia Medical Spa &amp; Hotel<\/a><\/li>\n\n\n\n<li><a href=\"https:\/\/eestispaad.ee\/hotel\/estonia-resort-hotel-spa\/\">Estonia Resort Hotel &amp; Spa<\/a><\/li>\n\n\n\n<li><a href=\"https:\/\/eestispaad.ee\/hotel\/fra-mare-thalasso-spa\/\">Fra Mare Thalasso Spa<\/a><\/li>\n\n\n\n<li><a href=\"https:\/\/eestispaad.ee\/hotel\/kalev-spa-hotell-veekeskus\/\">Kalev Spa Hotell &amp; Veekeskus<\/a><\/li>\n\n\n\n<li><a href=\"https:\/\/eestispaad.ee\/hotel\/lossispaa-wagenkull\/\">Lossispaa Wagenk\u00fcll<\/a><\/li>\n\n\n\n<li><a href=\"https:\/\/eestispaad.ee\/hotel\/narva-joesuu-medical-spa\/\">Narva-J\u00f5esuu Medical Spa<\/a><\/li>\n\n\n\n<li><a href=\"https:\/\/eestispaad.ee\/hotel\/puhajarve-spa-puhkekeskus\/\">P\u00fchaj\u00e4rve Spa &amp; Puhkekeskus<\/a><\/li>\n\n\n\n<li><a href=\"https:\/\/eestispaad.ee\/hotel\/suure-jaani-tervisekoda-veekeskus\/\">Suure-Jaani Tervisekoda<\/a><\/li>\n\n\n\n<li><a href=\"https:\/\/eestispaad.ee\/hotel\/tervis-ravispaahotell\/\">Tervis Ravispaahotell<\/a><\/li>\n\n\n\n<li><a href=\"https:\/\/eestispaad.ee\/hotel\/tervise-paradiis-spaa-hotell-ja-veekeskus\/\">Tervise Paradiis Spa Hotell &amp; Veekeskus<\/a><\/li>\n\n\n\n<li><a href=\"https:\/\/eestispaad.ee\/hotel\/toila-spa-hotell\/\">Toila Spa Hotell<\/a><\/li>\n\n\n\n<li><a href=\"https:\/\/eestispaad.ee\/hotel\/varska-kuurortravikeskus\/\">V\u00e4rska Kuurortravikeskus<\/a><\/li>\n\n\n\n<li><a href=\"https:\/\/eestispaad.ee\/hotel\/viiking-spaa-hotell\/\">Viiking Spa Hotel<\/a><\/li>\n\n\n\n<li><a href=\"https:\/\/eestispaad.ee\/hotel\/v-spa\/\">V Spa<\/a><\/li>\n<\/ul>\n\n\n\n<p>Juhul kui tarbitavate toodete\/teenuste summa \u00fcletab kinkekaardi v\u00e4\u00e4rtuse, siis nende eest tasub kinkekaardi omanik t\u00e4iendavalt. Kinkekaardi kasutamata summat on v\u00f5imalik kasutada j\u00e4rgmisel kasutuskorral. Kinkekaarti ei vahetata sularahaks. Korraga saab tasuda ka mitme kinkekaardiga. Kinkekaart ei ole personaalne ning seda v\u00f5ib edasi anda kolmandatele isikutele. Kinkekaartide kehtivusaega ei pikendata. Kinkekaardi paljundamine mistahes viisil on keelatud, v\u00f5ltsingud konfiskeeritakse. Kinkekaardid on eelnevalt nummerdatud ja omavad turvaelementi.<\/p>\n\n\n\n<p><\/p>\n","protected":false},"excerpt":{"rendered":"<p>Online broneeringukeskkonna m\u00fc\u00fcgitingimused 1. \u00dcldtingimused 1.1. Spaapakettide ja spaateenuste m\u00fc\u00fcgitingimused kehtivad isiku (edaspidi Klient) ja selle spaa vahel, millise ettev\u00f5tte teenus v\u00f5i pakett on keskkonnast eestispaad.ee soetatud. 1.2. Lisaks k\u00e4esolevatele tingimustele reguleerivad online broneeringukeskkonna vahendusel teenuste ostmisel tekkivaid \u00f5igussuhteid Eesti Vabariigis kehtivad \u00f5igusaktid. 1.3. Online broneeringukeskkonnas tohib tehinguid teha v\u00e4hemalt 18 aastane teov\u00f5imeline isik. N\u00f5uetele [&hellip;]<\/p>\n","protected":false},"author":1,"featured_media":0,"parent":0,"menu_order":0,"comment_status":"closed","ping_status":"closed","template":"","meta":{"footnotes":""},"class_list":["post-6835","page","type-page","status-publish","hentry"],"acf":[],"yoast_head":"<!-- This site is optimized with the Yoast SEO plugin v26.8 - https:\/\/yoast.com\/product\/yoast-seo-wordpress\/ -->\n<title>Ieg\u0101des noteikumi - Eestispaad<\/title>\n<meta name=\"robots\" content=\"index, follow, max-snippet:-1, max-image-preview:large, max-video-preview:-1\" \/>\n<link rel=\"canonical\" href=\"https:\/\/eestispaad.ee\/lv\/ostutingimused\/\" \/>\n<meta property=\"og:locale\" content=\"lv_LV\" \/>\n<meta property=\"og:type\" content=\"article\" \/>\n<meta property=\"og:title\" content=\"Ieg\u0101des noteikumi - Eestispaad\" \/>\n<meta property=\"og:description\" content=\"Online broneeringukeskkonna m\u00fc\u00fcgitingimused 1. \u00dcldtingimused 1.1. Spaapakettide ja spaateenuste m\u00fc\u00fcgitingimused kehtivad isiku (edaspidi Klient) ja selle spaa vahel, millise ettev\u00f5tte teenus v\u00f5i pakett on keskkonnast eestispaad.ee soetatud. 1.2. Lisaks k\u00e4esolevatele tingimustele reguleerivad online broneeringukeskkonna vahendusel teenuste ostmisel tekkivaid \u00f5igussuhteid Eesti Vabariigis kehtivad \u00f5igusaktid. 1.3. Online broneeringukeskkonnas tohib tehinguid teha v\u00e4hemalt 18 aastane teov\u00f5imeline isik. N\u00f5uetele [&hellip;]\" \/>\n<meta property=\"og:url\" content=\"https:\/\/eestispaad.ee\/lv\/ostutingimused\/\" \/>\n<meta property=\"og:site_name\" content=\"Eestispaad\" \/>\n<meta property=\"article:publisher\" content=\"https:\/\/www.facebook.com\/estonianspas\" \/>\n<meta property=\"article:modified_time\" content=\"2026-01-12T11:51:20+00:00\" \/>\n<meta name=\"twitter:card\" content=\"summary_large_image\" \/>\n<meta name=\"twitter:label1\" content=\"Est. reading time\" \/>\n\t<meta name=\"twitter:data1\" content=\"3 minutes\" \/>\n<script type=\"application\/ld+json\" class=\"yoast-schema-graph\">{\"@context\":\"https:\/\/schema.org\",\"@graph\":[{\"@type\":\"WebPage\",\"@id\":\"https:\/\/eestispaad.ee\/lv\/ostutingimused\/\",\"url\":\"https:\/\/eestispaad.ee\/lv\/ostutingimused\/\",\"name\":\"Ieg\u0101des noteikumi - Eestispaad\",\"isPartOf\":{\"@id\":\"https:\/\/eestispaad.ee\/#website\"},\"datePublished\":\"2023-08-22T17:04:57+00:00\",\"dateModified\":\"2026-01-12T11:51:20+00:00\",\"breadcrumb\":{\"@id\":\"https:\/\/eestispaad.ee\/lv\/ostutingimused\/#breadcrumb\"},\"inLanguage\":\"lv-LV\",\"potentialAction\":[{\"@type\":\"ReadAction\",\"target\":[\"https:\/\/eestispaad.ee\/lv\/ostutingimused\/\"]}]},{\"@type\":\"BreadcrumbList\",\"@id\":\"https:\/\/eestispaad.ee\/lv\/ostutingimused\/#breadcrumb\",\"itemListElement\":[{\"@type\":\"ListItem\",\"position\":1,\"name\":\"Home\",\"item\":\"https:\/\/eestispaad.ee\/lv\/\"},{\"@type\":\"ListItem\",\"position\":2,\"name\":\"Ieg\u0101des noteikumi\"}]},{\"@type\":\"WebSite\",\"@id\":\"https:\/\/eestispaad.ee\/#website\",\"url\":\"https:\/\/eestispaad.ee\/\",\"name\":\"Eesti spaad\",\"description\":\"\",\"publisher\":{\"@id\":\"https:\/\/eestispaad.ee\/#organization\"},\"potentialAction\":[{\"@type\":\"SearchAction\",\"target\":{\"@type\":\"EntryPoint\",\"urlTemplate\":\"https:\/\/eestispaad.ee\/?s={search_term_string}\"},\"query-input\":{\"@type\":\"PropertyValueSpecification\",\"valueRequired\":true,\"valueName\":\"search_term_string\"}}],\"inLanguage\":\"lv-LV\"},{\"@type\":\"Organization\",\"@id\":\"https:\/\/eestispaad.ee\/#organization\",\"name\":\"Eesti spaad\",\"url\":\"https:\/\/eestispaad.ee\/\",\"logo\":{\"@type\":\"ImageObject\",\"inLanguage\":\"lv-LV\",\"@id\":\"https:\/\/eestispaad.ee\/#\/schema\/logo\/image\/\",\"url\":\"https:\/\/eestispaad.ee\/wp-content\/uploads\/2023\/12\/Screenshot-2023-12-09-at-21.42.51.png\",\"contentUrl\":\"https:\/\/eestispaad.ee\/wp-content\/uploads\/2023\/12\/Screenshot-2023-12-09-at-21.42.51.png\",\"width\":2130,\"height\":396,\"caption\":\"Eesti spaad\"},\"image\":{\"@id\":\"https:\/\/eestispaad.ee\/#\/schema\/logo\/image\/\"},\"sameAs\":[\"https:\/\/www.facebook.com\/estonianspas\"]}]}<\/script>\n<!-- \/ Yoast SEO plugin. -->","yoast_head_json":{"title":"Ieg\u0101des noteikumi - Eestispaad","robots":{"index":"index","follow":"follow","max-snippet":"max-snippet:-1","max-image-preview":"max-image-preview:large","max-video-preview":"max-video-preview:-1"},"canonical":"https:\/\/eestispaad.ee\/lv\/ostutingimused\/","og_locale":"lv_LV","og_type":"article","og_title":"Ieg\u0101des noteikumi - Eestispaad","og_description":"Online broneeringukeskkonna m\u00fc\u00fcgitingimused 1. \u00dcldtingimused 1.1. Spaapakettide ja spaateenuste m\u00fc\u00fcgitingimused kehtivad isiku (edaspidi Klient) ja selle spaa vahel, millise ettev\u00f5tte teenus v\u00f5i pakett on keskkonnast eestispaad.ee soetatud. 1.2. Lisaks k\u00e4esolevatele tingimustele reguleerivad online broneeringukeskkonna vahendusel teenuste ostmisel tekkivaid \u00f5igussuhteid Eesti Vabariigis kehtivad \u00f5igusaktid. 1.3. Online broneeringukeskkonnas tohib tehinguid teha v\u00e4hemalt 18 aastane teov\u00f5imeline isik. N\u00f5uetele [&hellip;]","og_url":"https:\/\/eestispaad.ee\/lv\/ostutingimused\/","og_site_name":"Eestispaad","article_publisher":"https:\/\/www.facebook.com\/estonianspas","article_modified_time":"2026-01-12T11:51:20+00:00","twitter_card":"summary_large_image","twitter_misc":{"Est. reading time":"3 minutes"},"schema":{"@context":"https:\/\/schema.org","@graph":[{"@type":"WebPage","@id":"https:\/\/eestispaad.ee\/lv\/ostutingimused\/","url":"https:\/\/eestispaad.ee\/lv\/ostutingimused\/","name":"Ieg\u0101des noteikumi - Eestispaad","isPartOf":{"@id":"https:\/\/eestispaad.ee\/#website"},"datePublished":"2023-08-22T17:04:57+00:00","dateModified":"2026-01-12T11:51:20+00:00","breadcrumb":{"@id":"https:\/\/eestispaad.ee\/lv\/ostutingimused\/#breadcrumb"},"inLanguage":"lv-LV","potentialAction":[{"@type":"ReadAction","target":["https:\/\/eestispaad.ee\/lv\/ostutingimused\/"]}]},{"@type":"BreadcrumbList","@id":"https:\/\/eestispaad.ee\/lv\/ostutingimused\/#breadcrumb","itemListElement":[{"@type":"ListItem","position":1,"name":"Home","item":"https:\/\/eestispaad.ee\/lv\/"},{"@type":"ListItem","position":2,"name":"Ieg\u0101des noteikumi"}]},{"@type":"WebSite","@id":"https:\/\/eestispaad.ee\/#website","url":"https:\/\/eestispaad.ee\/","name":"Eesti spaad","description":"","publisher":{"@id":"https:\/\/eestispaad.ee\/#organization"},"potentialAction":[{"@type":"SearchAction","target":{"@type":"EntryPoint","urlTemplate":"https:\/\/eestispaad.ee\/?s={search_term_string}"},"query-input":{"@type":"PropertyValueSpecification","valueRequired":true,"valueName":"search_term_string"}}],"inLanguage":"lv-LV"},{"@type":"Organization","@id":"https:\/\/eestispaad.ee\/#organization","name":"Eesti spaad","url":"https:\/\/eestispaad.ee\/","logo":{"@type":"ImageObject","inLanguage":"lv-LV","@id":"https:\/\/eestispaad.ee\/#\/schema\/logo\/image\/","url":"https:\/\/eestispaad.ee\/wp-content\/uploads\/2023\/12\/Screenshot-2023-12-09-at-21.42.51.png","contentUrl":"https:\/\/eestispaad.ee\/wp-content\/uploads\/2023\/12\/Screenshot-2023-12-09-at-21.42.51.png","width":2130,"height":396,"caption":"Eesti spaad"},"image":{"@id":"https:\/\/eestispaad.ee\/#\/schema\/logo\/image\/"},"sameAs":["https:\/\/www.facebook.com\/estonianspas"]}]}},"_links":{"self":[{"href":"https:\/\/eestispaad.ee\/lv\/wp-json\/wp\/v2\/pages\/6835","targetHints":{"allow":["GET"]}}],"collection":[{"href":"https:\/\/eestispaad.ee\/lv\/wp-json\/wp\/v2\/pages"}],"about":[{"href":"https:\/\/eestispaad.ee\/lv\/wp-json\/wp\/v2\/types\/page"}],"author":[{"embeddable":true,"href":"https:\/\/eestispaad.ee\/lv\/wp-json\/wp\/v2\/users\/1"}],"replies":[{"embeddable":true,"href":"https:\/\/eestispaad.ee\/lv\/wp-json\/wp\/v2\/comments?post=6835"}],"version-history":[{"count":3,"href":"https:\/\/eestispaad.ee\/lv\/wp-json\/wp\/v2\/pages\/6835\/revisions"}],"predecessor-version":[{"id":10509,"href":"https:\/\/eestispaad.ee\/lv\/wp-json\/wp\/v2\/pages\/6835\/revisions\/10509"}],"wp:attachment":[{"href":"https:\/\/eestispaad.ee\/lv\/wp-json\/wp\/v2\/media?parent=6835"}],"curies":[{"name":"wp","href":"https:\/\/api.w.org\/{rel}","templated":true}]}}