{"id":8678,"date":"2023-06-28T13:57:39","date_gmt":"2023-06-28T10:57:39","guid":{"rendered":"https:\/\/eestispaad.ee\/?post_type=product&#038;p=8678"},"modified":"2026-02-13T11:33:03","modified_gmt":"2026-02-13T09:33:03","slug":"lahjakortti-25","status":"publish","type":"product","link":"https:\/\/eestispaad.ee\/fi\/tuote\/lahjakortti-25\/","title":{"rendered":"Lahjakortti 25\u20ac"},"content":{"rendered":"<ul>\r\n<li>Voit valita lahjakortissa olevalle summalle sopivan palvelun.<\/li>\r\n<li>Lahjakortti on voimassa 12 kuukautta. Lahjakortin voi k\u00e4ytt\u00e4\u00e4 kortissa mainitun voimassaoloajan kuluessa.<\/li>\r\n<li>Lahjakorttia ei palauteta, eik\u00e4 sit\u00e4 voi vaihtaa rahaksi.<\/li>\r\n<li>Jos ostosumma on pienempi kuin kortin arvo, k\u00e4ytt\u00e4m\u00e4t\u00f6nt\u00e4 summaa ei palauteta.<\/li>\r\n<\/ul>\r\n<p><strong>Lahjakortin voi k\u00e4ytt\u00e4\u00e4:<\/strong><\/p>\r\n<ul>\r\n<li><a href=\"https:\/\/www.aurakeskus.ee\/\">Aura Keskus<\/a><\/li>\r\n<!-- \/wp:post-content -->\r\n\r\n<!-- wp:list-item -->\r\n<li><a href=\"https:\/\/eestispaad.ee\/hotel\/estonia-medical-spa-hotel\/\">Estonia Medical Spa &amp; Hotel<\/a><\/li>\r\n<!-- \/wp:list-item -->\r\n\r\n<!-- wp:list-item -->\r\n<li><a href=\"https:\/\/eestispaad.ee\/hotel\/estonia-resort-hotel-spa\/\">Estonia Resort Hotel &amp; Spa<\/a><\/li>\r\n<!-- \/wp:list-item -->\r\n\r\n<!-- wp:list-item -->\r\n<li><a href=\"https:\/\/eestispaad.ee\/hotel\/fra-mare-thalasso-spa\/\">Fra Mare Thalasso Spa<\/a><\/li>\r\n<!-- \/wp:list-item -->\r\n\r\n<!-- wp:list-item -->\r\n<li><a href=\"https:\/\/eestispaad.ee\/hotel\/kalev-spa-hotell-veekeskus\/\">Kalev Spa Hotell &amp; Veekeskus<\/a><\/li>\r\n<!-- \/wp:list-item -->\r\n\r\n<!-- wp:list-item -->\r\n<li><a href=\"https:\/\/eestispaad.ee\/hotel\/lossispaa-wagenkull\/\">Lossispaa Wagenk\u00fcll<\/a><\/li>\r\n<!-- \/wp:list-item -->\r\n\r\n<!-- wp:list-item -->\r\n<li><a href=\"https:\/\/eestispaad.ee\/hotel\/narva-joesuu-medical-spa\/\">Narva-J\u00f5esuu Medical Spa<\/a><\/li>\r\n<!-- \/wp:list-item -->\r\n\r\n<!-- wp:list-item -->\r\n<li><a href=\"https:\/\/eestispaad.ee\/hotel\/puhajarve-spa-puhkekeskus\/\">P\u00fchaj\u00e4rve Spa &amp; Puhkekeskus<\/a><\/li>\r\n<!-- \/wp:list-item -->\r\n\r\n<!-- wp:list-item -->\r\n<li><a href=\"https:\/\/eestispaad.ee\/hotel\/suure-jaani-tervisekoda-veekeskus\/\">Suure-Jaani Tervisekoda<\/a><\/li>\r\n<!-- \/wp:list-item -->\r\n\r\n<!-- wp:list-item -->\r\n<li><a href=\"https:\/\/eestispaad.ee\/hotel\/tervis-ravispaahotell\/\">Tervis Ravispaahotell<\/a><\/li>\r\n<!-- \/wp:list-item -->\r\n\r\n<!-- wp:list-item -->\r\n<li><a href=\"https:\/\/eestispaad.ee\/hotel\/tervise-paradiis-spaa-hotell-ja-veekeskus\/\">Tervise Paradiis Spa Hotell &amp; Veekeskus<\/a><\/li>\r\n<!-- \/wp:list-item -->\r\n\r\n<!-- wp:list-item -->\r\n<li><a href=\"https:\/\/eestispaad.ee\/hotel\/toila-spa-hotell\/\">Toila Spa Hotell<\/a><\/li>\r\n<!-- \/wp:list-item -->\r\n\r\n<!-- wp:list-item -->\r\n<li><a href=\"https:\/\/eestispaad.ee\/hotel\/varska-kuurortravikeskus\/\">V\u00e4rska Kuurortravikeskus<\/a><\/li>\r\n<!-- \/wp:list-item -->\r\n\r\n<!-- wp:list-item -->\r\n<li><a href=\"https:\/\/eestispaad.ee\/hotel\/viiking-spaa-hotell\/\">Viiking Spa Hotel<\/a><\/li>\r\n<!-- \/wp:list-item -->\r\n\r\n<!-- wp:list-item -->\r\n<li><a href=\"https:\/\/eestispaad.ee\/hotel\/v-spa\/\">V Spa<\/a><\/li>\r\n<!-- \/wp:list-item --><\/ul>\r\n<!-- \/wp:list -->","protected":false},"excerpt":{"rendered":"<p>Voit valita lahjakortissa olevalle summalle sopivan palvelun. Lahjakortti on voimassa 12 kuukautta. Lahjakortin voi k\u00e4ytt\u00e4\u00e4 kortissa mainitun voimassaoloajan kuluessa. Lahjakorttia ei palauteta, eik\u00e4 sit\u00e4 voi vaihtaa rahaksi. Jos ostosumma on pienempi kuin kortin arvo, k\u00e4ytt\u00e4m\u00e4t\u00f6nt\u00e4 summaa ei palauteta. Lahjakortin voi k\u00e4ytt\u00e4\u00e4: Aura Keskus Estonia Medical Spa &amp; Hotel Estonia Resort Hotel &amp; Spa Fra Mare [&hellip;]<\/p>\n","protected":false},"featured_media":6119,"comment_status":"open","ping_status":"closed","template":"","meta":[],"product_brand":[],"product_cat":[214],"product_tag":[],"class_list":{"0":"post-8678","1":"product","2":"type-product","3":"status-publish","4":"has-post-thumbnail","6":"product_cat-lahjakortit","8":"first","9":"instock","10":"virtual","11":"purchasable","12":"product-type-simple"},"acf":[],"yoast_head":"<!-- This site is optimized with the Yoast SEO plugin v26.8 - https:\/\/yoast.com\/product\/yoast-seo-wordpress\/ -->\n<title>Lahjakortti 25\u20ac - Eestispaad<\/title>\n<meta name=\"robots\" content=\"index, follow, max-snippet:-1, max-image-preview:large, max-video-preview:-1\" \/>\n<link rel=\"canonical\" href=\"https:\/\/eestispaad.ee\/fi\/tuote\/lahjakortti-25\/\" \/>\n<meta property=\"og:locale\" content=\"fi_FI\" \/>\n<meta property=\"og:type\" content=\"article\" \/>\n<meta property=\"og:title\" content=\"Lahjakortti 25\u20ac - Eestispaad\" \/>\n<meta property=\"og:description\" content=\"Voit valita lahjakortissa olevalle summalle sopivan palvelun. Lahjakortti on voimassa 12 kuukautta. Lahjakortin voi k\u00e4ytt\u00e4\u00e4 kortissa mainitun voimassaoloajan kuluessa. Lahjakorttia ei palauteta, eik\u00e4 sit\u00e4 voi vaihtaa rahaksi. Jos ostosumma on pienempi kuin kortin arvo, k\u00e4ytt\u00e4m\u00e4t\u00f6nt\u00e4 summaa ei palauteta. Lahjakortin voi k\u00e4ytt\u00e4\u00e4: Aura Keskus Estonia Medical Spa &amp; Hotel Estonia Resort Hotel &amp; Spa Fra Mare [&hellip;]\" \/>\n<meta property=\"og:url\" content=\"https:\/\/eestispaad.ee\/fi\/tuote\/lahjakortti-25\/\" \/>\n<meta property=\"og:site_name\" content=\"Eestispaad\" \/>\n<meta property=\"article:publisher\" content=\"https:\/\/www.facebook.com\/estonianspas\" \/>\n<meta property=\"article:modified_time\" content=\"2026-02-13T09:33:03+00:00\" \/>\n<meta property=\"og:image\" content=\"https:\/\/eestispaad.ee\/wp-content\/uploads\/2023\/06\/espal_kinkekaart_bassein_1080x1080_Insta_1.jpg\" \/>\n\t<meta property=\"og:image:width\" content=\"1080\" \/>\n\t<meta property=\"og:image:height\" content=\"769\" \/>\n\t<meta property=\"og:image:type\" content=\"image\/jpeg\" \/>\n<meta name=\"twitter:card\" content=\"summary_large_image\" \/>\n<meta name=\"twitter:label1\" content=\"Est. reading time\" \/>\n\t<meta name=\"twitter:data1\" content=\"1 minuutti\" \/>\n<script type=\"application\/ld+json\" class=\"yoast-schema-graph\">{\"@context\":\"https:\/\/schema.org\",\"@graph\":[{\"@type\":\"WebPage\",\"@id\":\"https:\/\/eestispaad.ee\/fi\/tuote\/lahjakortti-25\/\",\"url\":\"https:\/\/eestispaad.ee\/fi\/tuote\/lahjakortti-25\/\",\"name\":\"Lahjakortti 25\u20ac - Eestispaad\",\"isPartOf\":{\"@id\":\"https:\/\/eestispaad.ee\/#website\"},\"primaryImageOfPage\":{\"@id\":\"https:\/\/eestispaad.ee\/fi\/tuote\/lahjakortti-25\/#primaryimage\"},\"image\":{\"@id\":\"https:\/\/eestispaad.ee\/fi\/tuote\/lahjakortti-25\/#primaryimage\"},\"thumbnailUrl\":\"https:\/\/eestispaad.ee\/wp-content\/uploads\/2023\/06\/espal_kinkekaart_bassein_1080x1080_Insta_1.jpg\",\"datePublished\":\"2023-06-28T10:57:39+00:00\",\"dateModified\":\"2026-02-13T09:33:03+00:00\",\"breadcrumb\":{\"@id\":\"https:\/\/eestispaad.ee\/fi\/tuote\/lahjakortti-25\/#breadcrumb\"},\"inLanguage\":\"fi\",\"potentialAction\":[{\"@type\":\"ReadAction\",\"target\":[\"https:\/\/eestispaad.ee\/fi\/tuote\/lahjakortti-25\/\"]}]},{\"@type\":\"ImageObject\",\"inLanguage\":\"fi\",\"@id\":\"https:\/\/eestispaad.ee\/fi\/tuote\/lahjakortti-25\/#primaryimage\",\"url\":\"https:\/\/eestispaad.ee\/wp-content\/uploads\/2023\/06\/espal_kinkekaart_bassein_1080x1080_Insta_1.jpg\",\"contentUrl\":\"https:\/\/eestispaad.ee\/wp-content\/uploads\/2023\/06\/espal_kinkekaart_bassein_1080x1080_Insta_1.jpg\",\"width\":1080,\"height\":769},{\"@type\":\"BreadcrumbList\",\"@id\":\"https:\/\/eestispaad.ee\/fi\/tuote\/lahjakortti-25\/#breadcrumb\",\"itemListElement\":[{\"@type\":\"ListItem\",\"position\":1,\"name\":\"Home\",\"item\":\"https:\/\/eestispaad.ee\/fi\/\"},{\"@type\":\"ListItem\",\"position\":2,\"name\":\"Shop\",\"item\":\"https:\/\/eestispaad.ee\/fi\/shop\/\"},{\"@type\":\"ListItem\",\"position\":3,\"name\":\"Lahjakortti 25\u20ac\"}]},{\"@type\":\"WebSite\",\"@id\":\"https:\/\/eestispaad.ee\/#website\",\"url\":\"https:\/\/eestispaad.ee\/\",\"name\":\"Eesti spaad\",\"description\":\"\",\"publisher\":{\"@id\":\"https:\/\/eestispaad.ee\/#organization\"},\"potentialAction\":[{\"@type\":\"SearchAction\",\"target\":{\"@type\":\"EntryPoint\",\"urlTemplate\":\"https:\/\/eestispaad.ee\/?s={search_term_string}\"},\"query-input\":{\"@type\":\"PropertyValueSpecification\",\"valueRequired\":true,\"valueName\":\"search_term_string\"}}],\"inLanguage\":\"fi\"},{\"@type\":\"Organization\",\"@id\":\"https:\/\/eestispaad.ee\/#organization\",\"name\":\"Eesti spaad\",\"url\":\"https:\/\/eestispaad.ee\/\",\"logo\":{\"@type\":\"ImageObject\",\"inLanguage\":\"fi\",\"@id\":\"https:\/\/eestispaad.ee\/#\/schema\/logo\/image\/\",\"url\":\"https:\/\/eestispaad.ee\/wp-content\/uploads\/2023\/12\/Screenshot-2023-12-09-at-21.42.51.png\",\"contentUrl\":\"https:\/\/eestispaad.ee\/wp-content\/uploads\/2023\/12\/Screenshot-2023-12-09-at-21.42.51.png\",\"width\":2130,\"height\":396,\"caption\":\"Eesti spaad\"},\"image\":{\"@id\":\"https:\/\/eestispaad.ee\/#\/schema\/logo\/image\/\"},\"sameAs\":[\"https:\/\/www.facebook.com\/estonianspas\"]}]}<\/script>\n<!-- \/ Yoast SEO plugin. -->","yoast_head_json":{"title":"Lahjakortti 25\u20ac - Eestispaad","robots":{"index":"index","follow":"follow","max-snippet":"max-snippet:-1","max-image-preview":"max-image-preview:large","max-video-preview":"max-video-preview:-1"},"canonical":"https:\/\/eestispaad.ee\/fi\/tuote\/lahjakortti-25\/","og_locale":"fi_FI","og_type":"article","og_title":"Lahjakortti 25\u20ac - Eestispaad","og_description":"Voit valita lahjakortissa olevalle summalle sopivan palvelun. Lahjakortti on voimassa 12 kuukautta. Lahjakortin voi k\u00e4ytt\u00e4\u00e4 kortissa mainitun voimassaoloajan kuluessa. Lahjakorttia ei palauteta, eik\u00e4 sit\u00e4 voi vaihtaa rahaksi. Jos ostosumma on pienempi kuin kortin arvo, k\u00e4ytt\u00e4m\u00e4t\u00f6nt\u00e4 summaa ei palauteta. Lahjakortin voi k\u00e4ytt\u00e4\u00e4: Aura Keskus Estonia Medical Spa &amp; Hotel Estonia Resort Hotel &amp; Spa Fra Mare [&hellip;]","og_url":"https:\/\/eestispaad.ee\/fi\/tuote\/lahjakortti-25\/","og_site_name":"Eestispaad","article_publisher":"https:\/\/www.facebook.com\/estonianspas","article_modified_time":"2026-02-13T09:33:03+00:00","og_image":[{"width":1080,"height":769,"url":"https:\/\/eestispaad.ee\/wp-content\/uploads\/2023\/06\/espal_kinkekaart_bassein_1080x1080_Insta_1.jpg","type":"image\/jpeg"}],"twitter_card":"summary_large_image","twitter_misc":{"Est. reading time":"1 minuutti"},"schema":{"@context":"https:\/\/schema.org","@graph":[{"@type":"WebPage","@id":"https:\/\/eestispaad.ee\/fi\/tuote\/lahjakortti-25\/","url":"https:\/\/eestispaad.ee\/fi\/tuote\/lahjakortti-25\/","name":"Lahjakortti 25\u20ac - Eestispaad","isPartOf":{"@id":"https:\/\/eestispaad.ee\/#website"},"primaryImageOfPage":{"@id":"https:\/\/eestispaad.ee\/fi\/tuote\/lahjakortti-25\/#primaryimage"},"image":{"@id":"https:\/\/eestispaad.ee\/fi\/tuote\/lahjakortti-25\/#primaryimage"},"thumbnailUrl":"https:\/\/eestispaad.ee\/wp-content\/uploads\/2023\/06\/espal_kinkekaart_bassein_1080x1080_Insta_1.jpg","datePublished":"2023-06-28T10:57:39+00:00","dateModified":"2026-02-13T09:33:03+00:00","breadcrumb":{"@id":"https:\/\/eestispaad.ee\/fi\/tuote\/lahjakortti-25\/#breadcrumb"},"inLanguage":"fi","potentialAction":[{"@type":"ReadAction","target":["https:\/\/eestispaad.ee\/fi\/tuote\/lahjakortti-25\/"]}]},{"@type":"ImageObject","inLanguage":"fi","@id":"https:\/\/eestispaad.ee\/fi\/tuote\/lahjakortti-25\/#primaryimage","url":"https:\/\/eestispaad.ee\/wp-content\/uploads\/2023\/06\/espal_kinkekaart_bassein_1080x1080_Insta_1.jpg","contentUrl":"https:\/\/eestispaad.ee\/wp-content\/uploads\/2023\/06\/espal_kinkekaart_bassein_1080x1080_Insta_1.jpg","width":1080,"height":769},{"@type":"BreadcrumbList","@id":"https:\/\/eestispaad.ee\/fi\/tuote\/lahjakortti-25\/#breadcrumb","itemListElement":[{"@type":"ListItem","position":1,"name":"Home","item":"https:\/\/eestispaad.ee\/fi\/"},{"@type":"ListItem","position":2,"name":"Shop","item":"https:\/\/eestispaad.ee\/fi\/shop\/"},{"@type":"ListItem","position":3,"name":"Lahjakortti 25\u20ac"}]},{"@type":"WebSite","@id":"https:\/\/eestispaad.ee\/#website","url":"https:\/\/eestispaad.ee\/","name":"Eesti spaad","description":"","publisher":{"@id":"https:\/\/eestispaad.ee\/#organization"},"potentialAction":[{"@type":"SearchAction","target":{"@type":"EntryPoint","urlTemplate":"https:\/\/eestispaad.ee\/?s={search_term_string}"},"query-input":{"@type":"PropertyValueSpecification","valueRequired":true,"valueName":"search_term_string"}}],"inLanguage":"fi"},{"@type":"Organization","@id":"https:\/\/eestispaad.ee\/#organization","name":"Eesti spaad","url":"https:\/\/eestispaad.ee\/","logo":{"@type":"ImageObject","inLanguage":"fi","@id":"https:\/\/eestispaad.ee\/#\/schema\/logo\/image\/","url":"https:\/\/eestispaad.ee\/wp-content\/uploads\/2023\/12\/Screenshot-2023-12-09-at-21.42.51.png","contentUrl":"https:\/\/eestispaad.ee\/wp-content\/uploads\/2023\/12\/Screenshot-2023-12-09-at-21.42.51.png","width":2130,"height":396,"caption":"Eesti spaad"},"image":{"@id":"https:\/\/eestispaad.ee\/#\/schema\/logo\/image\/"},"sameAs":["https:\/\/www.facebook.com\/estonianspas"]}]}},"_links":{"self":[{"href":"https:\/\/eestispaad.ee\/fi\/wp-json\/wp\/v2\/product\/8678","targetHints":{"allow":["GET"]}}],"collection":[{"href":"https:\/\/eestispaad.ee\/fi\/wp-json\/wp\/v2\/product"}],"about":[{"href":"https:\/\/eestispaad.ee\/fi\/wp-json\/wp\/v2\/types\/product"}],"replies":[{"embeddable":true,"href":"https:\/\/eestispaad.ee\/fi\/wp-json\/wp\/v2\/comments?post=8678"}],"wp:featuredmedia":[{"embeddable":true,"href":"https:\/\/eestispaad.ee\/fi\/wp-json\/wp\/v2\/media\/6119"}],"wp:attachment":[{"href":"https:\/\/eestispaad.ee\/fi\/wp-json\/wp\/v2\/media?parent=8678"}],"wp:term":[{"taxonomy":"product_brand","embeddable":true,"href":"https:\/\/eestispaad.ee\/fi\/wp-json\/wp\/v2\/product_brand?post=8678"},{"taxonomy":"product_cat","embeddable":true,"href":"https:\/\/eestispaad.ee\/fi\/wp-json\/wp\/v2\/product_cat?post=8678"},{"taxonomy":"product_tag","embeddable":true,"href":"https:\/\/eestispaad.ee\/fi\/wp-json\/wp\/v2\/product_tag?post=8678"}],"curies":[{"name":"wp","href":"https:\/\/api.w.org\/{rel}","templated":true}]}}