{"id":7556,"date":"2024-05-22T16:21:02","date_gmt":"2024-05-22T13:21:02","guid":{"rendered":"https:\/\/eestispaad.ee\/?post_type=product&#038;p=7556"},"modified":"2024-05-22T16:26:07","modified_gmt":"2024-05-22T13:26:07","slug":"trim-slim-infrapunapussihoito-75-min-v-spa","status":"publish","type":"product","link":"https:\/\/eestispaad.ee\/fi\/tuote\/trim-slim-infrapunapussihoito-75-min-v-spa\/","title":{"rendered":"Trim &amp; Slim infrapunapussihoito (75 min) V Spa"},"content":{"rendered":"<p>Vartaloa hoikentava infrapunapussihoito suklaa-piparminttukuorinnalla. Hoito sis\u00e4lt\u00e4\u00e4 kokovartalokuorinnan piparminttua ja suklaata sis\u00e4lt\u00e4v\u00e4ll\u00e4 kuorinta-aineella, merimineraaleja sis\u00e4lt\u00e4v\u00e4n vartalonaamion ja t\u00e4m\u00e4n j\u00e4lkeen selluliittia poistavan voiteen. Lis\u00e4tehoa antaa infrapunapussi, joka auttaa poistamaan selluliittia ja tehostaa my\u00f6s naamion vaikutusta. Hoito v\u00e4hent\u00e4\u00e4 selluliittia, virkist\u00e4\u00e4 ja antaa keveyden tunteen. Infrapunapussin l\u00e4mp\u00f6tila on 40-50 astetta. K\u00e4ytt\u00f6alueet: selluliitti, lihasj\u00e4nnitykset, veltostunut iho, uniongelmat, turvotus. Vasta-aiheet: ihotaudit, palovammat, selk\u00e4rangan sairaudet, kuumeen nostamat virustaudit, syd\u00e4mentahdistin, luunmurtumat, diabetes, kasvaimet, \u00e4skett\u00e4iset leikkaukset, osteoporoosi, verenpainetaudit, raskaus, imetys, anhidroosi, implantit (mm. metallinivelet)<\/p>\n","protected":false},"excerpt":{"rendered":"<p>Vartaloa hoikentava infrapunapussihoito suklaa-piparminttukuorinnalla. Hoito sis\u00e4lt\u00e4\u00e4 kokovartalokuorinnan piparminttua ja suklaata sis\u00e4lt\u00e4v\u00e4ll\u00e4 kuorinta-aineella, merimineraaleja sis\u00e4lt\u00e4v\u00e4n vartalonaamion ja t\u00e4m\u00e4n j\u00e4lkeen selluliittia poistavan voiteen. Lis\u00e4tehoa antaa infrapunapussi, joka auttaa poistamaan selluliittia ja tehostaa my\u00f6s naamion vaikutusta. Hoito v\u00e4hent\u00e4\u00e4 selluliittia, virkist\u00e4\u00e4 ja antaa keveyden tunteen. Infrapunapussin l\u00e4mp\u00f6tila on 40-50 astetta. K\u00e4ytt\u00f6alueet: selluliitti, lihasj\u00e4nnitykset, veltostunut iho, uniongelmat, turvotus. Vasta-aiheet: ihotaudit, [&hellip;]<\/p>\n","protected":false},"featured_media":7552,"comment_status":"open","ping_status":"closed","template":"","meta":[],"product_brand":[],"product_cat":[86],"product_tag":[],"class_list":{"0":"post-7556","1":"product","2":"type-product","3":"status-publish","4":"has-post-thumbnail","6":"product_cat-hoidot","8":"first","9":"instock","10":"virtual","11":"purchasable","12":"product-type-simple"},"acf":[],"yoast_head":"<!-- This site is optimized with the Yoast SEO plugin v26.8 - https:\/\/yoast.com\/product\/yoast-seo-wordpress\/ -->\n<title>Trim &amp; Slim infrapunapussihoito (75 min) V Spa - Eestispaad<\/title>\n<meta name=\"robots\" content=\"index, follow, max-snippet:-1, max-image-preview:large, max-video-preview:-1\" \/>\n<link rel=\"canonical\" href=\"https:\/\/eestispaad.ee\/fi\/tuote\/trim-slim-infrapunapussihoito-75-min-v-spa\/\" \/>\n<meta property=\"og:locale\" content=\"fi_FI\" \/>\n<meta property=\"og:type\" content=\"article\" \/>\n<meta property=\"og:title\" content=\"Trim &amp; Slim infrapunapussihoito (75 min) V Spa - Eestispaad\" \/>\n<meta property=\"og:description\" content=\"Vartaloa hoikentava infrapunapussihoito suklaa-piparminttukuorinnalla. Hoito sis\u00e4lt\u00e4\u00e4 kokovartalokuorinnan piparminttua ja suklaata sis\u00e4lt\u00e4v\u00e4ll\u00e4 kuorinta-aineella, merimineraaleja sis\u00e4lt\u00e4v\u00e4n vartalonaamion ja t\u00e4m\u00e4n j\u00e4lkeen selluliittia poistavan voiteen. Lis\u00e4tehoa antaa infrapunapussi, joka auttaa poistamaan selluliittia ja tehostaa my\u00f6s naamion vaikutusta. Hoito v\u00e4hent\u00e4\u00e4 selluliittia, virkist\u00e4\u00e4 ja antaa keveyden tunteen. Infrapunapussin l\u00e4mp\u00f6tila on 40-50 astetta. K\u00e4ytt\u00f6alueet: selluliitti, lihasj\u00e4nnitykset, veltostunut iho, uniongelmat, turvotus. Vasta-aiheet: ihotaudit, [&hellip;]\" \/>\n<meta property=\"og:url\" content=\"https:\/\/eestispaad.ee\/fi\/tuote\/trim-slim-infrapunapussihoito-75-min-v-spa\/\" \/>\n<meta property=\"og:site_name\" content=\"Eestispaad\" \/>\n<meta property=\"article:publisher\" content=\"https:\/\/www.facebook.com\/estonianspas\" \/>\n<meta property=\"article:modified_time\" content=\"2024-05-22T13:26:07+00:00\" \/>\n<meta property=\"og:image\" content=\"https:\/\/eestispaad.ee\/wp-content\/uploads\/2024\/05\/PA7A1057-copy-scaled.jpg\" \/>\n\t<meta property=\"og:image:width\" content=\"2560\" \/>\n\t<meta property=\"og:image:height\" content=\"1688\" \/>\n\t<meta property=\"og:image:type\" content=\"image\/jpeg\" \/>\n<meta name=\"twitter:card\" content=\"summary_large_image\" \/>\n<meta name=\"twitter:label1\" content=\"Est. reading time\" \/>\n\t<meta name=\"twitter:data1\" content=\"1 minuutti\" \/>\n<script type=\"application\/ld+json\" class=\"yoast-schema-graph\">{\"@context\":\"https:\/\/schema.org\",\"@graph\":[{\"@type\":\"WebPage\",\"@id\":\"https:\/\/eestispaad.ee\/fi\/tuote\/trim-slim-infrapunapussihoito-75-min-v-spa\/\",\"url\":\"https:\/\/eestispaad.ee\/fi\/tuote\/trim-slim-infrapunapussihoito-75-min-v-spa\/\",\"name\":\"Trim &amp; Slim infrapunapussihoito (75 min) V Spa - Eestispaad\",\"isPartOf\":{\"@id\":\"https:\/\/eestispaad.ee\/#website\"},\"primaryImageOfPage\":{\"@id\":\"https:\/\/eestispaad.ee\/fi\/tuote\/trim-slim-infrapunapussihoito-75-min-v-spa\/#primaryimage\"},\"image\":{\"@id\":\"https:\/\/eestispaad.ee\/fi\/tuote\/trim-slim-infrapunapussihoito-75-min-v-spa\/#primaryimage\"},\"thumbnailUrl\":\"https:\/\/eestispaad.ee\/wp-content\/uploads\/2024\/05\/PA7A1057-copy-scaled.jpg\",\"datePublished\":\"2024-05-22T13:21:02+00:00\",\"dateModified\":\"2024-05-22T13:26:07+00:00\",\"breadcrumb\":{\"@id\":\"https:\/\/eestispaad.ee\/fi\/tuote\/trim-slim-infrapunapussihoito-75-min-v-spa\/#breadcrumb\"},\"inLanguage\":\"fi\",\"potentialAction\":[{\"@type\":\"ReadAction\",\"target\":[\"https:\/\/eestispaad.ee\/fi\/tuote\/trim-slim-infrapunapussihoito-75-min-v-spa\/\"]}]},{\"@type\":\"ImageObject\",\"inLanguage\":\"fi\",\"@id\":\"https:\/\/eestispaad.ee\/fi\/tuote\/trim-slim-infrapunapussihoito-75-min-v-spa\/#primaryimage\",\"url\":\"https:\/\/eestispaad.ee\/wp-content\/uploads\/2024\/05\/PA7A1057-copy-scaled.jpg\",\"contentUrl\":\"https:\/\/eestispaad.ee\/wp-content\/uploads\/2024\/05\/PA7A1057-copy-scaled.jpg\",\"width\":2560,\"height\":1688},{\"@type\":\"BreadcrumbList\",\"@id\":\"https:\/\/eestispaad.ee\/fi\/tuote\/trim-slim-infrapunapussihoito-75-min-v-spa\/#breadcrumb\",\"itemListElement\":[{\"@type\":\"ListItem\",\"position\":1,\"name\":\"Home\",\"item\":\"https:\/\/eestispaad.ee\/fi\/\"},{\"@type\":\"ListItem\",\"position\":2,\"name\":\"Shop\",\"item\":\"https:\/\/eestispaad.ee\/fi\/shop\/\"},{\"@type\":\"ListItem\",\"position\":3,\"name\":\"Trim &amp; Slim infrapunapussihoito (75 min) V Spa\"}]},{\"@type\":\"WebSite\",\"@id\":\"https:\/\/eestispaad.ee\/#website\",\"url\":\"https:\/\/eestispaad.ee\/\",\"name\":\"Eesti spaad\",\"description\":\"\",\"publisher\":{\"@id\":\"https:\/\/eestispaad.ee\/#organization\"},\"potentialAction\":[{\"@type\":\"SearchAction\",\"target\":{\"@type\":\"EntryPoint\",\"urlTemplate\":\"https:\/\/eestispaad.ee\/?s={search_term_string}\"},\"query-input\":{\"@type\":\"PropertyValueSpecification\",\"valueRequired\":true,\"valueName\":\"search_term_string\"}}],\"inLanguage\":\"fi\"},{\"@type\":\"Organization\",\"@id\":\"https:\/\/eestispaad.ee\/#organization\",\"name\":\"Eesti spaad\",\"url\":\"https:\/\/eestispaad.ee\/\",\"logo\":{\"@type\":\"ImageObject\",\"inLanguage\":\"fi\",\"@id\":\"https:\/\/eestispaad.ee\/#\/schema\/logo\/image\/\",\"url\":\"https:\/\/eestispaad.ee\/wp-content\/uploads\/2023\/12\/Screenshot-2023-12-09-at-21.42.51.png\",\"contentUrl\":\"https:\/\/eestispaad.ee\/wp-content\/uploads\/2023\/12\/Screenshot-2023-12-09-at-21.42.51.png\",\"width\":2130,\"height\":396,\"caption\":\"Eesti spaad\"},\"image\":{\"@id\":\"https:\/\/eestispaad.ee\/#\/schema\/logo\/image\/\"},\"sameAs\":[\"https:\/\/www.facebook.com\/estonianspas\"]}]}<\/script>\n<!-- \/ Yoast SEO plugin. -->","yoast_head_json":{"title":"Trim &amp; Slim infrapunapussihoito (75 min) V Spa - Eestispaad","robots":{"index":"index","follow":"follow","max-snippet":"max-snippet:-1","max-image-preview":"max-image-preview:large","max-video-preview":"max-video-preview:-1"},"canonical":"https:\/\/eestispaad.ee\/fi\/tuote\/trim-slim-infrapunapussihoito-75-min-v-spa\/","og_locale":"fi_FI","og_type":"article","og_title":"Trim &amp; Slim infrapunapussihoito (75 min) V Spa - Eestispaad","og_description":"Vartaloa hoikentava infrapunapussihoito suklaa-piparminttukuorinnalla. Hoito sis\u00e4lt\u00e4\u00e4 kokovartalokuorinnan piparminttua ja suklaata sis\u00e4lt\u00e4v\u00e4ll\u00e4 kuorinta-aineella, merimineraaleja sis\u00e4lt\u00e4v\u00e4n vartalonaamion ja t\u00e4m\u00e4n j\u00e4lkeen selluliittia poistavan voiteen. Lis\u00e4tehoa antaa infrapunapussi, joka auttaa poistamaan selluliittia ja tehostaa my\u00f6s naamion vaikutusta. Hoito v\u00e4hent\u00e4\u00e4 selluliittia, virkist\u00e4\u00e4 ja antaa keveyden tunteen. Infrapunapussin l\u00e4mp\u00f6tila on 40-50 astetta. K\u00e4ytt\u00f6alueet: selluliitti, lihasj\u00e4nnitykset, veltostunut iho, uniongelmat, turvotus. Vasta-aiheet: ihotaudit, [&hellip;]","og_url":"https:\/\/eestispaad.ee\/fi\/tuote\/trim-slim-infrapunapussihoito-75-min-v-spa\/","og_site_name":"Eestispaad","article_publisher":"https:\/\/www.facebook.com\/estonianspas","article_modified_time":"2024-05-22T13:26:07+00:00","og_image":[{"width":2560,"height":1688,"url":"https:\/\/eestispaad.ee\/wp-content\/uploads\/2024\/05\/PA7A1057-copy-scaled.jpg","type":"image\/jpeg"}],"twitter_card":"summary_large_image","twitter_misc":{"Est. reading time":"1 minuutti"},"schema":{"@context":"https:\/\/schema.org","@graph":[{"@type":"WebPage","@id":"https:\/\/eestispaad.ee\/fi\/tuote\/trim-slim-infrapunapussihoito-75-min-v-spa\/","url":"https:\/\/eestispaad.ee\/fi\/tuote\/trim-slim-infrapunapussihoito-75-min-v-spa\/","name":"Trim &amp; Slim infrapunapussihoito (75 min) V Spa - Eestispaad","isPartOf":{"@id":"https:\/\/eestispaad.ee\/#website"},"primaryImageOfPage":{"@id":"https:\/\/eestispaad.ee\/fi\/tuote\/trim-slim-infrapunapussihoito-75-min-v-spa\/#primaryimage"},"image":{"@id":"https:\/\/eestispaad.ee\/fi\/tuote\/trim-slim-infrapunapussihoito-75-min-v-spa\/#primaryimage"},"thumbnailUrl":"https:\/\/eestispaad.ee\/wp-content\/uploads\/2024\/05\/PA7A1057-copy-scaled.jpg","datePublished":"2024-05-22T13:21:02+00:00","dateModified":"2024-05-22T13:26:07+00:00","breadcrumb":{"@id":"https:\/\/eestispaad.ee\/fi\/tuote\/trim-slim-infrapunapussihoito-75-min-v-spa\/#breadcrumb"},"inLanguage":"fi","potentialAction":[{"@type":"ReadAction","target":["https:\/\/eestispaad.ee\/fi\/tuote\/trim-slim-infrapunapussihoito-75-min-v-spa\/"]}]},{"@type":"ImageObject","inLanguage":"fi","@id":"https:\/\/eestispaad.ee\/fi\/tuote\/trim-slim-infrapunapussihoito-75-min-v-spa\/#primaryimage","url":"https:\/\/eestispaad.ee\/wp-content\/uploads\/2024\/05\/PA7A1057-copy-scaled.jpg","contentUrl":"https:\/\/eestispaad.ee\/wp-content\/uploads\/2024\/05\/PA7A1057-copy-scaled.jpg","width":2560,"height":1688},{"@type":"BreadcrumbList","@id":"https:\/\/eestispaad.ee\/fi\/tuote\/trim-slim-infrapunapussihoito-75-min-v-spa\/#breadcrumb","itemListElement":[{"@type":"ListItem","position":1,"name":"Home","item":"https:\/\/eestispaad.ee\/fi\/"},{"@type":"ListItem","position":2,"name":"Shop","item":"https:\/\/eestispaad.ee\/fi\/shop\/"},{"@type":"ListItem","position":3,"name":"Trim &amp; Slim infrapunapussihoito (75 min) V Spa"}]},{"@type":"WebSite","@id":"https:\/\/eestispaad.ee\/#website","url":"https:\/\/eestispaad.ee\/","name":"Eesti spaad","description":"","publisher":{"@id":"https:\/\/eestispaad.ee\/#organization"},"potentialAction":[{"@type":"SearchAction","target":{"@type":"EntryPoint","urlTemplate":"https:\/\/eestispaad.ee\/?s={search_term_string}"},"query-input":{"@type":"PropertyValueSpecification","valueRequired":true,"valueName":"search_term_string"}}],"inLanguage":"fi"},{"@type":"Organization","@id":"https:\/\/eestispaad.ee\/#organization","name":"Eesti spaad","url":"https:\/\/eestispaad.ee\/","logo":{"@type":"ImageObject","inLanguage":"fi","@id":"https:\/\/eestispaad.ee\/#\/schema\/logo\/image\/","url":"https:\/\/eestispaad.ee\/wp-content\/uploads\/2023\/12\/Screenshot-2023-12-09-at-21.42.51.png","contentUrl":"https:\/\/eestispaad.ee\/wp-content\/uploads\/2023\/12\/Screenshot-2023-12-09-at-21.42.51.png","width":2130,"height":396,"caption":"Eesti spaad"},"image":{"@id":"https:\/\/eestispaad.ee\/#\/schema\/logo\/image\/"},"sameAs":["https:\/\/www.facebook.com\/estonianspas"]}]}},"_links":{"self":[{"href":"https:\/\/eestispaad.ee\/fi\/wp-json\/wp\/v2\/product\/7556","targetHints":{"allow":["GET"]}}],"collection":[{"href":"https:\/\/eestispaad.ee\/fi\/wp-json\/wp\/v2\/product"}],"about":[{"href":"https:\/\/eestispaad.ee\/fi\/wp-json\/wp\/v2\/types\/product"}],"replies":[{"embeddable":true,"href":"https:\/\/eestispaad.ee\/fi\/wp-json\/wp\/v2\/comments?post=7556"}],"wp:featuredmedia":[{"embeddable":true,"href":"https:\/\/eestispaad.ee\/fi\/wp-json\/wp\/v2\/media\/7552"}],"wp:attachment":[{"href":"https:\/\/eestispaad.ee\/fi\/wp-json\/wp\/v2\/media?parent=7556"}],"wp:term":[{"taxonomy":"product_brand","embeddable":true,"href":"https:\/\/eestispaad.ee\/fi\/wp-json\/wp\/v2\/product_brand?post=7556"},{"taxonomy":"product_cat","embeddable":true,"href":"https:\/\/eestispaad.ee\/fi\/wp-json\/wp\/v2\/product_cat?post=7556"},{"taxonomy":"product_tag","embeddable":true,"href":"https:\/\/eestispaad.ee\/fi\/wp-json\/wp\/v2\/product_tag?post=7556"}],"curies":[{"name":"wp","href":"https:\/\/api.w.org\/{rel}","templated":true}]}}