{"id":7523,"date":"2024-05-22T13:26:20","date_gmt":"2024-05-22T10:26:20","guid":{"rendered":"https:\/\/eestispaad.ee\/?post_type=product&#038;p=7523"},"modified":"2024-05-22T14:09:30","modified_gmt":"2024-05-22T11:09:30","slug":"paahieronta-lampimalla-oljylla","status":"publish","type":"product","link":"https:\/\/eestispaad.ee\/fi\/tuote\/paahieronta-lampimalla-oljylla\/","title":{"rendered":"P\u00e4\u00e4hieronta l\u00e4mpim\u00e4ll\u00e4 \u00f6ljyll\u00e4 (30 min) V Spa"},"content":{"rendered":"<p>L\u00e4mpim\u00e4ll\u00e4 \u00f6ljyll\u00e4 teht\u00e4v\u00e4 p\u00e4\u00e4hieronta on nautinnollinen kokemus, joka v\u00e4hent\u00e4\u00e4 stressihormoneja ja auttaa sit\u00e4 kautta kehoa rentoutumaan. Se sopii erityisesti sinulle, jos kaipaat apua stressiin, j\u00e4nnitysp\u00e4\u00e4ns\u00e4rkyyn, unettomuuteen, hiustenl\u00e4ht\u00f6\u00f6n ja hartiaseudun j\u00e4nnityksiin, sill\u00e4 hieronnassa k\u00e4sitell\u00e4\u00e4n my\u00f6s hartiaseutu ja niska. K\u00e4yt\u00e4mme hoidossa l\u00e4mmitetty\u00e4 ryp\u00e4lesiemen\u00f6ljy\u00e4, joka kosteuttaa ja ravitsee p\u00e4\u00e4nahkaa. Hieronta vilkastuttaa verenkiertoa ja edist\u00e4\u00e4 hiustenkasvua.<\/p>\n","protected":false},"excerpt":{"rendered":"<p>L\u00e4mpim\u00e4ll\u00e4 \u00f6ljyll\u00e4 teht\u00e4v\u00e4 p\u00e4\u00e4hieronta on nautinnollinen kokemus, joka v\u00e4hent\u00e4\u00e4 stressihormoneja ja auttaa sit\u00e4 kautta kehoa rentoutumaan. Se sopii erityisesti sinulle, jos kaipaat apua stressiin, j\u00e4nnitysp\u00e4\u00e4ns\u00e4rkyyn, unettomuuteen, hiustenl\u00e4ht\u00f6\u00f6n ja hartiaseudun j\u00e4nnityksiin, sill\u00e4 hieronnassa k\u00e4sitell\u00e4\u00e4n my\u00f6s hartiaseutu ja niska. K\u00e4yt\u00e4mme hoidossa l\u00e4mmitetty\u00e4 ryp\u00e4lesiemen\u00f6ljy\u00e4, joka kosteuttaa ja ravitsee p\u00e4\u00e4nahkaa. Hieronta vilkastuttaa verenkiertoa ja edist\u00e4\u00e4 hiustenkasvua.<\/p>\n","protected":false},"featured_media":6290,"comment_status":"open","ping_status":"closed","template":"","meta":[],"product_brand":[],"product_cat":[86],"product_tag":[],"class_list":{"0":"post-7523","1":"product","2":"type-product","3":"status-publish","4":"has-post-thumbnail","6":"product_cat-hoidot","8":"first","9":"instock","10":"virtual","11":"purchasable","12":"product-type-simple"},"acf":[],"yoast_head":"<!-- This site is optimized with the Yoast SEO plugin v26.8 - https:\/\/yoast.com\/product\/yoast-seo-wordpress\/ -->\n<title>P\u00e4\u00e4hieronta l\u00e4mpim\u00e4ll\u00e4 \u00f6ljyll\u00e4 (30 min) V Spa - Eestispaad<\/title>\n<meta name=\"robots\" content=\"index, follow, max-snippet:-1, max-image-preview:large, max-video-preview:-1\" \/>\n<link rel=\"canonical\" href=\"https:\/\/eestispaad.ee\/fi\/tuote\/paahieronta-lampimalla-oljylla\/\" \/>\n<meta property=\"og:locale\" content=\"fi_FI\" \/>\n<meta property=\"og:type\" content=\"article\" \/>\n<meta property=\"og:title\" content=\"P\u00e4\u00e4hieronta l\u00e4mpim\u00e4ll\u00e4 \u00f6ljyll\u00e4 (30 min) V Spa - Eestispaad\" \/>\n<meta property=\"og:description\" content=\"L\u00e4mpim\u00e4ll\u00e4 \u00f6ljyll\u00e4 teht\u00e4v\u00e4 p\u00e4\u00e4hieronta on nautinnollinen kokemus, joka v\u00e4hent\u00e4\u00e4 stressihormoneja ja auttaa sit\u00e4 kautta kehoa rentoutumaan. Se sopii erityisesti sinulle, jos kaipaat apua stressiin, j\u00e4nnitysp\u00e4\u00e4ns\u00e4rkyyn, unettomuuteen, hiustenl\u00e4ht\u00f6\u00f6n ja hartiaseudun j\u00e4nnityksiin, sill\u00e4 hieronnassa k\u00e4sitell\u00e4\u00e4n my\u00f6s hartiaseutu ja niska. K\u00e4yt\u00e4mme hoidossa l\u00e4mmitetty\u00e4 ryp\u00e4lesiemen\u00f6ljy\u00e4, joka kosteuttaa ja ravitsee p\u00e4\u00e4nahkaa. Hieronta vilkastuttaa verenkiertoa ja edist\u00e4\u00e4 hiustenkasvua.\" \/>\n<meta property=\"og:url\" content=\"https:\/\/eestispaad.ee\/fi\/tuote\/paahieronta-lampimalla-oljylla\/\" \/>\n<meta property=\"og:site_name\" content=\"Eestispaad\" \/>\n<meta property=\"article:publisher\" content=\"https:\/\/www.facebook.com\/estonianspas\" \/>\n<meta property=\"article:modified_time\" content=\"2024-05-22T11:09:30+00:00\" \/>\n<meta property=\"og:image\" content=\"https:\/\/eestispaad.ee\/wp-content\/uploads\/2024\/02\/VSpa-peamassaaz.jpg\" \/>\n\t<meta property=\"og:image:width\" content=\"2048\" \/>\n\t<meta property=\"og:image:height\" content=\"1365\" \/>\n\t<meta property=\"og:image:type\" content=\"image\/jpeg\" \/>\n<meta name=\"twitter:card\" content=\"summary_large_image\" \/>\n<meta name=\"twitter:label1\" content=\"Est. reading time\" \/>\n\t<meta name=\"twitter:data1\" content=\"1 minuutti\" \/>\n<script type=\"application\/ld+json\" class=\"yoast-schema-graph\">{\"@context\":\"https:\/\/schema.org\",\"@graph\":[{\"@type\":\"WebPage\",\"@id\":\"https:\/\/eestispaad.ee\/fi\/tuote\/paahieronta-lampimalla-oljylla\/\",\"url\":\"https:\/\/eestispaad.ee\/fi\/tuote\/paahieronta-lampimalla-oljylla\/\",\"name\":\"P\u00e4\u00e4hieronta l\u00e4mpim\u00e4ll\u00e4 \u00f6ljyll\u00e4 (30 min) V Spa - Eestispaad\",\"isPartOf\":{\"@id\":\"https:\/\/eestispaad.ee\/#website\"},\"primaryImageOfPage\":{\"@id\":\"https:\/\/eestispaad.ee\/fi\/tuote\/paahieronta-lampimalla-oljylla\/#primaryimage\"},\"image\":{\"@id\":\"https:\/\/eestispaad.ee\/fi\/tuote\/paahieronta-lampimalla-oljylla\/#primaryimage\"},\"thumbnailUrl\":\"https:\/\/eestispaad.ee\/wp-content\/uploads\/2024\/02\/VSpa-peamassaaz.jpg\",\"datePublished\":\"2024-05-22T10:26:20+00:00\",\"dateModified\":\"2024-05-22T11:09:30+00:00\",\"breadcrumb\":{\"@id\":\"https:\/\/eestispaad.ee\/fi\/tuote\/paahieronta-lampimalla-oljylla\/#breadcrumb\"},\"inLanguage\":\"fi\",\"potentialAction\":[{\"@type\":\"ReadAction\",\"target\":[\"https:\/\/eestispaad.ee\/fi\/tuote\/paahieronta-lampimalla-oljylla\/\"]}]},{\"@type\":\"ImageObject\",\"inLanguage\":\"fi\",\"@id\":\"https:\/\/eestispaad.ee\/fi\/tuote\/paahieronta-lampimalla-oljylla\/#primaryimage\",\"url\":\"https:\/\/eestispaad.ee\/wp-content\/uploads\/2024\/02\/VSpa-peamassaaz.jpg\",\"contentUrl\":\"https:\/\/eestispaad.ee\/wp-content\/uploads\/2024\/02\/VSpa-peamassaaz.jpg\",\"width\":2048,\"height\":1365},{\"@type\":\"BreadcrumbList\",\"@id\":\"https:\/\/eestispaad.ee\/fi\/tuote\/paahieronta-lampimalla-oljylla\/#breadcrumb\",\"itemListElement\":[{\"@type\":\"ListItem\",\"position\":1,\"name\":\"Home\",\"item\":\"https:\/\/eestispaad.ee\/fi\/\"},{\"@type\":\"ListItem\",\"position\":2,\"name\":\"Shop\",\"item\":\"https:\/\/eestispaad.ee\/fi\/shop\/\"},{\"@type\":\"ListItem\",\"position\":3,\"name\":\"P\u00e4\u00e4hieronta l\u00e4mpim\u00e4ll\u00e4 \u00f6ljyll\u00e4 (30 min) V Spa\"}]},{\"@type\":\"WebSite\",\"@id\":\"https:\/\/eestispaad.ee\/#website\",\"url\":\"https:\/\/eestispaad.ee\/\",\"name\":\"Eesti spaad\",\"description\":\"\",\"publisher\":{\"@id\":\"https:\/\/eestispaad.ee\/#organization\"},\"potentialAction\":[{\"@type\":\"SearchAction\",\"target\":{\"@type\":\"EntryPoint\",\"urlTemplate\":\"https:\/\/eestispaad.ee\/?s={search_term_string}\"},\"query-input\":{\"@type\":\"PropertyValueSpecification\",\"valueRequired\":true,\"valueName\":\"search_term_string\"}}],\"inLanguage\":\"fi\"},{\"@type\":\"Organization\",\"@id\":\"https:\/\/eestispaad.ee\/#organization\",\"name\":\"Eesti spaad\",\"url\":\"https:\/\/eestispaad.ee\/\",\"logo\":{\"@type\":\"ImageObject\",\"inLanguage\":\"fi\",\"@id\":\"https:\/\/eestispaad.ee\/#\/schema\/logo\/image\/\",\"url\":\"https:\/\/eestispaad.ee\/wp-content\/uploads\/2023\/12\/Screenshot-2023-12-09-at-21.42.51.png\",\"contentUrl\":\"https:\/\/eestispaad.ee\/wp-content\/uploads\/2023\/12\/Screenshot-2023-12-09-at-21.42.51.png\",\"width\":2130,\"height\":396,\"caption\":\"Eesti spaad\"},\"image\":{\"@id\":\"https:\/\/eestispaad.ee\/#\/schema\/logo\/image\/\"},\"sameAs\":[\"https:\/\/www.facebook.com\/estonianspas\"]}]}<\/script>\n<!-- \/ Yoast SEO plugin. -->","yoast_head_json":{"title":"P\u00e4\u00e4hieronta l\u00e4mpim\u00e4ll\u00e4 \u00f6ljyll\u00e4 (30 min) V Spa - Eestispaad","robots":{"index":"index","follow":"follow","max-snippet":"max-snippet:-1","max-image-preview":"max-image-preview:large","max-video-preview":"max-video-preview:-1"},"canonical":"https:\/\/eestispaad.ee\/fi\/tuote\/paahieronta-lampimalla-oljylla\/","og_locale":"fi_FI","og_type":"article","og_title":"P\u00e4\u00e4hieronta l\u00e4mpim\u00e4ll\u00e4 \u00f6ljyll\u00e4 (30 min) V Spa - Eestispaad","og_description":"L\u00e4mpim\u00e4ll\u00e4 \u00f6ljyll\u00e4 teht\u00e4v\u00e4 p\u00e4\u00e4hieronta on nautinnollinen kokemus, joka v\u00e4hent\u00e4\u00e4 stressihormoneja ja auttaa sit\u00e4 kautta kehoa rentoutumaan. Se sopii erityisesti sinulle, jos kaipaat apua stressiin, j\u00e4nnitysp\u00e4\u00e4ns\u00e4rkyyn, unettomuuteen, hiustenl\u00e4ht\u00f6\u00f6n ja hartiaseudun j\u00e4nnityksiin, sill\u00e4 hieronnassa k\u00e4sitell\u00e4\u00e4n my\u00f6s hartiaseutu ja niska. K\u00e4yt\u00e4mme hoidossa l\u00e4mmitetty\u00e4 ryp\u00e4lesiemen\u00f6ljy\u00e4, joka kosteuttaa ja ravitsee p\u00e4\u00e4nahkaa. Hieronta vilkastuttaa verenkiertoa ja edist\u00e4\u00e4 hiustenkasvua.","og_url":"https:\/\/eestispaad.ee\/fi\/tuote\/paahieronta-lampimalla-oljylla\/","og_site_name":"Eestispaad","article_publisher":"https:\/\/www.facebook.com\/estonianspas","article_modified_time":"2024-05-22T11:09:30+00:00","og_image":[{"width":2048,"height":1365,"url":"https:\/\/eestispaad.ee\/wp-content\/uploads\/2024\/02\/VSpa-peamassaaz.jpg","type":"image\/jpeg"}],"twitter_card":"summary_large_image","twitter_misc":{"Est. reading time":"1 minuutti"},"schema":{"@context":"https:\/\/schema.org","@graph":[{"@type":"WebPage","@id":"https:\/\/eestispaad.ee\/fi\/tuote\/paahieronta-lampimalla-oljylla\/","url":"https:\/\/eestispaad.ee\/fi\/tuote\/paahieronta-lampimalla-oljylla\/","name":"P\u00e4\u00e4hieronta l\u00e4mpim\u00e4ll\u00e4 \u00f6ljyll\u00e4 (30 min) V Spa - Eestispaad","isPartOf":{"@id":"https:\/\/eestispaad.ee\/#website"},"primaryImageOfPage":{"@id":"https:\/\/eestispaad.ee\/fi\/tuote\/paahieronta-lampimalla-oljylla\/#primaryimage"},"image":{"@id":"https:\/\/eestispaad.ee\/fi\/tuote\/paahieronta-lampimalla-oljylla\/#primaryimage"},"thumbnailUrl":"https:\/\/eestispaad.ee\/wp-content\/uploads\/2024\/02\/VSpa-peamassaaz.jpg","datePublished":"2024-05-22T10:26:20+00:00","dateModified":"2024-05-22T11:09:30+00:00","breadcrumb":{"@id":"https:\/\/eestispaad.ee\/fi\/tuote\/paahieronta-lampimalla-oljylla\/#breadcrumb"},"inLanguage":"fi","potentialAction":[{"@type":"ReadAction","target":["https:\/\/eestispaad.ee\/fi\/tuote\/paahieronta-lampimalla-oljylla\/"]}]},{"@type":"ImageObject","inLanguage":"fi","@id":"https:\/\/eestispaad.ee\/fi\/tuote\/paahieronta-lampimalla-oljylla\/#primaryimage","url":"https:\/\/eestispaad.ee\/wp-content\/uploads\/2024\/02\/VSpa-peamassaaz.jpg","contentUrl":"https:\/\/eestispaad.ee\/wp-content\/uploads\/2024\/02\/VSpa-peamassaaz.jpg","width":2048,"height":1365},{"@type":"BreadcrumbList","@id":"https:\/\/eestispaad.ee\/fi\/tuote\/paahieronta-lampimalla-oljylla\/#breadcrumb","itemListElement":[{"@type":"ListItem","position":1,"name":"Home","item":"https:\/\/eestispaad.ee\/fi\/"},{"@type":"ListItem","position":2,"name":"Shop","item":"https:\/\/eestispaad.ee\/fi\/shop\/"},{"@type":"ListItem","position":3,"name":"P\u00e4\u00e4hieronta l\u00e4mpim\u00e4ll\u00e4 \u00f6ljyll\u00e4 (30 min) V Spa"}]},{"@type":"WebSite","@id":"https:\/\/eestispaad.ee\/#website","url":"https:\/\/eestispaad.ee\/","name":"Eesti spaad","description":"","publisher":{"@id":"https:\/\/eestispaad.ee\/#organization"},"potentialAction":[{"@type":"SearchAction","target":{"@type":"EntryPoint","urlTemplate":"https:\/\/eestispaad.ee\/?s={search_term_string}"},"query-input":{"@type":"PropertyValueSpecification","valueRequired":true,"valueName":"search_term_string"}}],"inLanguage":"fi"},{"@type":"Organization","@id":"https:\/\/eestispaad.ee\/#organization","name":"Eesti spaad","url":"https:\/\/eestispaad.ee\/","logo":{"@type":"ImageObject","inLanguage":"fi","@id":"https:\/\/eestispaad.ee\/#\/schema\/logo\/image\/","url":"https:\/\/eestispaad.ee\/wp-content\/uploads\/2023\/12\/Screenshot-2023-12-09-at-21.42.51.png","contentUrl":"https:\/\/eestispaad.ee\/wp-content\/uploads\/2023\/12\/Screenshot-2023-12-09-at-21.42.51.png","width":2130,"height":396,"caption":"Eesti spaad"},"image":{"@id":"https:\/\/eestispaad.ee\/#\/schema\/logo\/image\/"},"sameAs":["https:\/\/www.facebook.com\/estonianspas"]}]}},"_links":{"self":[{"href":"https:\/\/eestispaad.ee\/fi\/wp-json\/wp\/v2\/product\/7523","targetHints":{"allow":["GET"]}}],"collection":[{"href":"https:\/\/eestispaad.ee\/fi\/wp-json\/wp\/v2\/product"}],"about":[{"href":"https:\/\/eestispaad.ee\/fi\/wp-json\/wp\/v2\/types\/product"}],"replies":[{"embeddable":true,"href":"https:\/\/eestispaad.ee\/fi\/wp-json\/wp\/v2\/comments?post=7523"}],"wp:featuredmedia":[{"embeddable":true,"href":"https:\/\/eestispaad.ee\/fi\/wp-json\/wp\/v2\/media\/6290"}],"wp:attachment":[{"href":"https:\/\/eestispaad.ee\/fi\/wp-json\/wp\/v2\/media?parent=7523"}],"wp:term":[{"taxonomy":"product_brand","embeddable":true,"href":"https:\/\/eestispaad.ee\/fi\/wp-json\/wp\/v2\/product_brand?post=7523"},{"taxonomy":"product_cat","embeddable":true,"href":"https:\/\/eestispaad.ee\/fi\/wp-json\/wp\/v2\/product_cat?post=7523"},{"taxonomy":"product_tag","embeddable":true,"href":"https:\/\/eestispaad.ee\/fi\/wp-json\/wp\/v2\/product_tag?post=7523"}],"curies":[{"name":"wp","href":"https:\/\/api.w.org\/{rel}","templated":true}]}}