{"id":7513,"date":"2024-05-22T10:47:11","date_gmt":"2024-05-22T07:47:11","guid":{"rendered":"https:\/\/eestispaad.ee\/?post_type=product&#038;p=7513"},"modified":"2024-05-22T14:12:28","modified_gmt":"2024-05-22T11:12:28","slug":"aromahieronta","status":"publish","type":"product","link":"https:\/\/eestispaad.ee\/fi\/tuote\/aromahieronta\/","title":{"rendered":"Aromahieronta (60 min) V Spa"},"content":{"rendered":"<p>Ihanteellinen hieronta kehon, sielun ja mielen tasapainoittamiseksi. Aromihieronta on rentouttava hieronta, jota tehd\u00e4\u00e4n eteeristen \u00f6ljyjen sekoituksen kera. Eteeriset \u00f6ljyt pysyv\u00e4t kehossa jopa 72 tuntia, nuorentavat kudoksia ja parantavat ihon kimmoisuutta. Aromihieronta koostuu hitaista ja rauhottavista, sivelevist\u00e4 liikkeist\u00e4. Aromihieronta sopii rentoutumiseen, ja on ihanteellinen ollessasi yliv\u00e4synyt ja stressiss\u00e4.<\/p>\n","protected":false},"excerpt":{"rendered":"<p>Ihanteellinen hieronta kehon, sielun ja mielen tasapainoittamiseksi. Aromihieronta on rentouttava hieronta, jota tehd\u00e4\u00e4n eteeristen \u00f6ljyjen sekoituksen kera. Eteeriset \u00f6ljyt pysyv\u00e4t kehossa jopa 72 tuntia, nuorentavat kudoksia ja parantavat ihon kimmoisuutta. Aromihieronta koostuu hitaista ja rauhottavista, sivelevist\u00e4 liikkeist\u00e4. Aromihieronta sopii rentoutumiseen, ja on ihanteellinen ollessasi yliv\u00e4synyt ja stressiss\u00e4.<\/p>\n","protected":false},"featured_media":6266,"comment_status":"open","ping_status":"closed","template":"","meta":[],"product_brand":[],"product_cat":[86],"product_tag":[],"class_list":{"0":"post-7513","1":"product","2":"type-product","3":"status-publish","4":"has-post-thumbnail","6":"product_cat-hoidot","8":"first","9":"instock","10":"virtual","11":"purchasable","12":"product-type-simple"},"acf":[],"yoast_head":"<!-- This site is optimized with the Yoast SEO plugin v26.8 - https:\/\/yoast.com\/product\/yoast-seo-wordpress\/ -->\n<title>Aromahieronta (60 min) V Spa - Eestispaad<\/title>\n<meta name=\"robots\" content=\"index, follow, max-snippet:-1, max-image-preview:large, max-video-preview:-1\" \/>\n<link rel=\"canonical\" href=\"https:\/\/eestispaad.ee\/fi\/tuote\/aromahieronta\/\" \/>\n<meta property=\"og:locale\" content=\"fi_FI\" \/>\n<meta property=\"og:type\" content=\"article\" \/>\n<meta property=\"og:title\" content=\"Aromahieronta (60 min) V Spa - Eestispaad\" \/>\n<meta property=\"og:description\" content=\"Ihanteellinen hieronta kehon, sielun ja mielen tasapainoittamiseksi. Aromihieronta on rentouttava hieronta, jota tehd\u00e4\u00e4n eteeristen \u00f6ljyjen sekoituksen kera. Eteeriset \u00f6ljyt pysyv\u00e4t kehossa jopa 72 tuntia, nuorentavat kudoksia ja parantavat ihon kimmoisuutta. Aromihieronta koostuu hitaista ja rauhottavista, sivelevist\u00e4 liikkeist\u00e4. Aromihieronta sopii rentoutumiseen, ja on ihanteellinen ollessasi yliv\u00e4synyt ja stressiss\u00e4.\" \/>\n<meta property=\"og:url\" content=\"https:\/\/eestispaad.ee\/fi\/tuote\/aromahieronta\/\" \/>\n<meta property=\"og:site_name\" content=\"Eestispaad\" \/>\n<meta property=\"article:publisher\" content=\"https:\/\/www.facebook.com\/estonianspas\" \/>\n<meta property=\"article:modified_time\" content=\"2024-05-22T11:12:28+00:00\" \/>\n<meta property=\"og:image\" content=\"https:\/\/eestispaad.ee\/wp-content\/uploads\/2024\/02\/VSpa-loogastus-kuunaldega2.jpg\" \/>\n\t<meta property=\"og:image:width\" content=\"1365\" \/>\n\t<meta property=\"og:image:height\" content=\"2048\" \/>\n\t<meta property=\"og:image:type\" content=\"image\/jpeg\" \/>\n<meta name=\"twitter:card\" content=\"summary_large_image\" \/>\n<meta name=\"twitter:label1\" content=\"Est. reading time\" \/>\n\t<meta name=\"twitter:data1\" content=\"1 minuutti\" \/>\n<script type=\"application\/ld+json\" class=\"yoast-schema-graph\">{\"@context\":\"https:\/\/schema.org\",\"@graph\":[{\"@type\":\"WebPage\",\"@id\":\"https:\/\/eestispaad.ee\/fi\/tuote\/aromahieronta\/\",\"url\":\"https:\/\/eestispaad.ee\/fi\/tuote\/aromahieronta\/\",\"name\":\"Aromahieronta (60 min) V Spa - Eestispaad\",\"isPartOf\":{\"@id\":\"https:\/\/eestispaad.ee\/#website\"},\"primaryImageOfPage\":{\"@id\":\"https:\/\/eestispaad.ee\/fi\/tuote\/aromahieronta\/#primaryimage\"},\"image\":{\"@id\":\"https:\/\/eestispaad.ee\/fi\/tuote\/aromahieronta\/#primaryimage\"},\"thumbnailUrl\":\"https:\/\/eestispaad.ee\/wp-content\/uploads\/2024\/02\/VSpa-loogastus-kuunaldega2.jpg\",\"datePublished\":\"2024-05-22T07:47:11+00:00\",\"dateModified\":\"2024-05-22T11:12:28+00:00\",\"breadcrumb\":{\"@id\":\"https:\/\/eestispaad.ee\/fi\/tuote\/aromahieronta\/#breadcrumb\"},\"inLanguage\":\"fi\",\"potentialAction\":[{\"@type\":\"ReadAction\",\"target\":[\"https:\/\/eestispaad.ee\/fi\/tuote\/aromahieronta\/\"]}]},{\"@type\":\"ImageObject\",\"inLanguage\":\"fi\",\"@id\":\"https:\/\/eestispaad.ee\/fi\/tuote\/aromahieronta\/#primaryimage\",\"url\":\"https:\/\/eestispaad.ee\/wp-content\/uploads\/2024\/02\/VSpa-loogastus-kuunaldega2.jpg\",\"contentUrl\":\"https:\/\/eestispaad.ee\/wp-content\/uploads\/2024\/02\/VSpa-loogastus-kuunaldega2.jpg\",\"width\":1365,\"height\":2048},{\"@type\":\"BreadcrumbList\",\"@id\":\"https:\/\/eestispaad.ee\/fi\/tuote\/aromahieronta\/#breadcrumb\",\"itemListElement\":[{\"@type\":\"ListItem\",\"position\":1,\"name\":\"Home\",\"item\":\"https:\/\/eestispaad.ee\/fi\/\"},{\"@type\":\"ListItem\",\"position\":2,\"name\":\"Shop\",\"item\":\"https:\/\/eestispaad.ee\/fi\/shop\/\"},{\"@type\":\"ListItem\",\"position\":3,\"name\":\"Aromahieronta (60 min) V Spa\"}]},{\"@type\":\"WebSite\",\"@id\":\"https:\/\/eestispaad.ee\/#website\",\"url\":\"https:\/\/eestispaad.ee\/\",\"name\":\"Eesti spaad\",\"description\":\"\",\"publisher\":{\"@id\":\"https:\/\/eestispaad.ee\/#organization\"},\"potentialAction\":[{\"@type\":\"SearchAction\",\"target\":{\"@type\":\"EntryPoint\",\"urlTemplate\":\"https:\/\/eestispaad.ee\/?s={search_term_string}\"},\"query-input\":{\"@type\":\"PropertyValueSpecification\",\"valueRequired\":true,\"valueName\":\"search_term_string\"}}],\"inLanguage\":\"fi\"},{\"@type\":\"Organization\",\"@id\":\"https:\/\/eestispaad.ee\/#organization\",\"name\":\"Eesti spaad\",\"url\":\"https:\/\/eestispaad.ee\/\",\"logo\":{\"@type\":\"ImageObject\",\"inLanguage\":\"fi\",\"@id\":\"https:\/\/eestispaad.ee\/#\/schema\/logo\/image\/\",\"url\":\"https:\/\/eestispaad.ee\/wp-content\/uploads\/2023\/12\/Screenshot-2023-12-09-at-21.42.51.png\",\"contentUrl\":\"https:\/\/eestispaad.ee\/wp-content\/uploads\/2023\/12\/Screenshot-2023-12-09-at-21.42.51.png\",\"width\":2130,\"height\":396,\"caption\":\"Eesti spaad\"},\"image\":{\"@id\":\"https:\/\/eestispaad.ee\/#\/schema\/logo\/image\/\"},\"sameAs\":[\"https:\/\/www.facebook.com\/estonianspas\"]}]}<\/script>\n<!-- \/ Yoast SEO plugin. -->","yoast_head_json":{"title":"Aromahieronta (60 min) V Spa - Eestispaad","robots":{"index":"index","follow":"follow","max-snippet":"max-snippet:-1","max-image-preview":"max-image-preview:large","max-video-preview":"max-video-preview:-1"},"canonical":"https:\/\/eestispaad.ee\/fi\/tuote\/aromahieronta\/","og_locale":"fi_FI","og_type":"article","og_title":"Aromahieronta (60 min) V Spa - Eestispaad","og_description":"Ihanteellinen hieronta kehon, sielun ja mielen tasapainoittamiseksi. Aromihieronta on rentouttava hieronta, jota tehd\u00e4\u00e4n eteeristen \u00f6ljyjen sekoituksen kera. Eteeriset \u00f6ljyt pysyv\u00e4t kehossa jopa 72 tuntia, nuorentavat kudoksia ja parantavat ihon kimmoisuutta. Aromihieronta koostuu hitaista ja rauhottavista, sivelevist\u00e4 liikkeist\u00e4. Aromihieronta sopii rentoutumiseen, ja on ihanteellinen ollessasi yliv\u00e4synyt ja stressiss\u00e4.","og_url":"https:\/\/eestispaad.ee\/fi\/tuote\/aromahieronta\/","og_site_name":"Eestispaad","article_publisher":"https:\/\/www.facebook.com\/estonianspas","article_modified_time":"2024-05-22T11:12:28+00:00","og_image":[{"width":1365,"height":2048,"url":"https:\/\/eestispaad.ee\/wp-content\/uploads\/2024\/02\/VSpa-loogastus-kuunaldega2.jpg","type":"image\/jpeg"}],"twitter_card":"summary_large_image","twitter_misc":{"Est. reading time":"1 minuutti"},"schema":{"@context":"https:\/\/schema.org","@graph":[{"@type":"WebPage","@id":"https:\/\/eestispaad.ee\/fi\/tuote\/aromahieronta\/","url":"https:\/\/eestispaad.ee\/fi\/tuote\/aromahieronta\/","name":"Aromahieronta (60 min) V Spa - Eestispaad","isPartOf":{"@id":"https:\/\/eestispaad.ee\/#website"},"primaryImageOfPage":{"@id":"https:\/\/eestispaad.ee\/fi\/tuote\/aromahieronta\/#primaryimage"},"image":{"@id":"https:\/\/eestispaad.ee\/fi\/tuote\/aromahieronta\/#primaryimage"},"thumbnailUrl":"https:\/\/eestispaad.ee\/wp-content\/uploads\/2024\/02\/VSpa-loogastus-kuunaldega2.jpg","datePublished":"2024-05-22T07:47:11+00:00","dateModified":"2024-05-22T11:12:28+00:00","breadcrumb":{"@id":"https:\/\/eestispaad.ee\/fi\/tuote\/aromahieronta\/#breadcrumb"},"inLanguage":"fi","potentialAction":[{"@type":"ReadAction","target":["https:\/\/eestispaad.ee\/fi\/tuote\/aromahieronta\/"]}]},{"@type":"ImageObject","inLanguage":"fi","@id":"https:\/\/eestispaad.ee\/fi\/tuote\/aromahieronta\/#primaryimage","url":"https:\/\/eestispaad.ee\/wp-content\/uploads\/2024\/02\/VSpa-loogastus-kuunaldega2.jpg","contentUrl":"https:\/\/eestispaad.ee\/wp-content\/uploads\/2024\/02\/VSpa-loogastus-kuunaldega2.jpg","width":1365,"height":2048},{"@type":"BreadcrumbList","@id":"https:\/\/eestispaad.ee\/fi\/tuote\/aromahieronta\/#breadcrumb","itemListElement":[{"@type":"ListItem","position":1,"name":"Home","item":"https:\/\/eestispaad.ee\/fi\/"},{"@type":"ListItem","position":2,"name":"Shop","item":"https:\/\/eestispaad.ee\/fi\/shop\/"},{"@type":"ListItem","position":3,"name":"Aromahieronta (60 min) V Spa"}]},{"@type":"WebSite","@id":"https:\/\/eestispaad.ee\/#website","url":"https:\/\/eestispaad.ee\/","name":"Eesti spaad","description":"","publisher":{"@id":"https:\/\/eestispaad.ee\/#organization"},"potentialAction":[{"@type":"SearchAction","target":{"@type":"EntryPoint","urlTemplate":"https:\/\/eestispaad.ee\/?s={search_term_string}"},"query-input":{"@type":"PropertyValueSpecification","valueRequired":true,"valueName":"search_term_string"}}],"inLanguage":"fi"},{"@type":"Organization","@id":"https:\/\/eestispaad.ee\/#organization","name":"Eesti spaad","url":"https:\/\/eestispaad.ee\/","logo":{"@type":"ImageObject","inLanguage":"fi","@id":"https:\/\/eestispaad.ee\/#\/schema\/logo\/image\/","url":"https:\/\/eestispaad.ee\/wp-content\/uploads\/2023\/12\/Screenshot-2023-12-09-at-21.42.51.png","contentUrl":"https:\/\/eestispaad.ee\/wp-content\/uploads\/2023\/12\/Screenshot-2023-12-09-at-21.42.51.png","width":2130,"height":396,"caption":"Eesti spaad"},"image":{"@id":"https:\/\/eestispaad.ee\/#\/schema\/logo\/image\/"},"sameAs":["https:\/\/www.facebook.com\/estonianspas"]}]}},"_links":{"self":[{"href":"https:\/\/eestispaad.ee\/fi\/wp-json\/wp\/v2\/product\/7513","targetHints":{"allow":["GET"]}}],"collection":[{"href":"https:\/\/eestispaad.ee\/fi\/wp-json\/wp\/v2\/product"}],"about":[{"href":"https:\/\/eestispaad.ee\/fi\/wp-json\/wp\/v2\/types\/product"}],"replies":[{"embeddable":true,"href":"https:\/\/eestispaad.ee\/fi\/wp-json\/wp\/v2\/comments?post=7513"}],"wp:featuredmedia":[{"embeddable":true,"href":"https:\/\/eestispaad.ee\/fi\/wp-json\/wp\/v2\/media\/6266"}],"wp:attachment":[{"href":"https:\/\/eestispaad.ee\/fi\/wp-json\/wp\/v2\/media?parent=7513"}],"wp:term":[{"taxonomy":"product_brand","embeddable":true,"href":"https:\/\/eestispaad.ee\/fi\/wp-json\/wp\/v2\/product_brand?post=7513"},{"taxonomy":"product_cat","embeddable":true,"href":"https:\/\/eestispaad.ee\/fi\/wp-json\/wp\/v2\/product_cat?post=7513"},{"taxonomy":"product_tag","embeddable":true,"href":"https:\/\/eestispaad.ee\/fi\/wp-json\/wp\/v2\/product_tag?post=7513"}],"curies":[{"name":"wp","href":"https:\/\/api.w.org\/{rel}","templated":true}]}}