{"id":7455,"date":"2023-10-19T13:14:12","date_gmt":"2023-10-19T10:14:12","guid":{"rendered":"https:\/\/eestispaad.ee\/product\/loogastav-bali-massaazrituaal-50-min\/"},"modified":"2025-11-07T15:45:17","modified_gmt":"2025-11-07T13:45:17","slug":"loogastav-bali-massaazrituaal-50-min","status":"publish","type":"product","link":"https:\/\/eestispaad.ee\/fi\/tuote\/loogastav-bali-massaazrituaal-50-min\/","title":{"rendered":"Cinq Mondes l\u00f5\u00f5gastav Bali massaa\u017erituaal kehale 50 min Kalev Spa&#8217;s"},"content":{"rendered":"<p><i>Luba sellel Bali saare traditsioonidest inspireeritud massaa\u017eil koos Cinq Mondes\u2019 Tropical Nuts kehapalsamiga viia end rahu oaasi k\u00fctkeisse. Meeli k\u00fctkestava massaa\u017eielamuse jooksul saad nautida m\u00f5nusaid venitusi ning Tai massaa\u017ei \u00f5rnalt nahka siluvat tehnikat.<\/i><\/p>\n<p>Massaa\u017ei jooksul kasutab iluteenindaja Cinq Mondes troopiliste p\u00e4hklite ekstraktidega kehal sulavat kehapalsamit, mis sisaldab kookose, tamanu p\u00e4hkli ja kemiri p\u00e4hkli \u00f5lisid, mis toidavad nahka s\u00fcgavuti ja aitavad taastada kuiva ja elutu naha s\u00e4ra ja pehmuse. Kehapalsami aroomi annavad pehmelt v\u00fcrtsikad bergamott, seedripuu ja guajakipuu, mis viivad sind l\u00f5hnade abil seiklema kaugesse Siiami kuningriiki.<\/p>\n<p>Bali massaa\u017e aitab taastada keha painduvuse ja liikuvuse \u2013 selleks kasutab iluteenindaja aeglaseid ja \u00f5rnu liigutusi ning keha venitamise tehnikaid. Eraldi v\u00f5tted on teie kuklapiirkonnas soojendatud r\u00e4tikuga, et leevendada pingeid \u00fclaseljas.<\/p>\n<p>Kombineerides rahustavaid massaa\u017eitehnikaid ja looduslike koostisosadega tooteid, annab see hoolitsus v\u00f5imaluse t\u00e4ielikult l\u00f5\u00f5gastuda! P\u00e4rast massaa\u017ei on kogu keha lihased \u00f5rnalt venitatud ning nahk m\u00e4rgatavalt kaunim ja s\u00fcgavuti niisutatud.<\/p>\n<p>&nbsp;<\/p>\n<p>Kalev Spa hotelli salong Ilu &amp; Heaolu on avatud:<\/p>\n<p>T-L 10.00-19.00<\/p>\n<p>P, E SULETUD<\/p>\n<p>&nbsp;<\/p>\n<p>Rohkem infot: +372 649 3350 v\u00f5i wellness@kalevspa.ee<\/p>\n","protected":false},"excerpt":{"rendered":"<p><i>L\u00f5\u00f5gastav Bali massaa\u017e \u00fchendab endas \u00f5rnad venitused ja s\u00fcgava Bali massaa\u017ei, mille nahka siluvad liigutused aitavad l\u00f5dvestada liigeseid ning stimuleerida keha energiapunkte, et l\u00f5\u00f5gastada t\u00e4ielikult nii keha kui ka vaimu.<\/i><\/p>\n","protected":false},"featured_media":1565,"comment_status":"open","ping_status":"closed","template":"","meta":[],"product_brand":[],"product_cat":[86],"product_tag":[],"class_list":{"0":"post-7455","1":"product","2":"type-product","3":"status-publish","4":"has-post-thumbnail","6":"product_cat-hoidot","8":"first","9":"instock","10":"virtual","11":"purchasable","12":"product-type-simple"},"acf":[],"yoast_head":"<!-- This site is optimized with the Yoast SEO plugin v26.8 - https:\/\/yoast.com\/product\/yoast-seo-wordpress\/ -->\n<title>L\u00f5\u00f5gastav Bali massaa\u017erituaal 50 min - Eestispaad<\/title>\n<meta name=\"description\" content=\"Meeli k\u00fctkestava massaa\u017eielamuse jooksul saad nautida m\u00f5nusaid venitusi ning Tai massaa\u017ei \u00f5rnalt nahka siluvat tehnikat.\" \/>\n<meta name=\"robots\" content=\"index, follow, max-snippet:-1, max-image-preview:large, max-video-preview:-1\" \/>\n<link rel=\"canonical\" href=\"https:\/\/eestispaad.ee\/fi\/tuote\/loogastav-bali-massaazrituaal-50-min\/\" \/>\n<meta property=\"og:locale\" content=\"fi_FI\" \/>\n<meta property=\"og:type\" content=\"article\" \/>\n<meta property=\"og:title\" content=\"L\u00f5\u00f5gastav Bali massaa\u017erituaal 50 min - Eestispaad\" \/>\n<meta property=\"og:description\" content=\"Meeli k\u00fctkestava massaa\u017eielamuse jooksul saad nautida m\u00f5nusaid venitusi ning Tai massaa\u017ei \u00f5rnalt nahka siluvat tehnikat.\" \/>\n<meta property=\"og:url\" content=\"https:\/\/eestispaad.ee\/fi\/tuote\/loogastav-bali-massaazrituaal-50-min\/\" \/>\n<meta property=\"og:site_name\" content=\"Eestispaad\" \/>\n<meta property=\"article:publisher\" content=\"https:\/\/www.facebook.com\/estonianspas\" \/>\n<meta property=\"article:modified_time\" content=\"2025-11-07T13:45:17+00:00\" \/>\n<meta property=\"og:image\" content=\"https:\/\/eestispaad.ee\/wp-content\/uploads\/2023\/10\/00003-5-mondes-corps-@amandine.ramet_-scaled.jpg\" \/>\n\t<meta property=\"og:image:width\" content=\"2560\" \/>\n\t<meta property=\"og:image:height\" content=\"1707\" \/>\n\t<meta property=\"og:image:type\" content=\"image\/jpeg\" \/>\n<meta name=\"twitter:card\" content=\"summary_large_image\" \/>\n<meta name=\"twitter:label1\" content=\"Est. reading time\" \/>\n\t<meta name=\"twitter:data1\" content=\"1 minuutti\" \/>\n<script type=\"application\/ld+json\" class=\"yoast-schema-graph\">{\"@context\":\"https:\/\/schema.org\",\"@graph\":[{\"@type\":\"WebPage\",\"@id\":\"https:\/\/eestispaad.ee\/fi\/tuote\/loogastav-bali-massaazrituaal-50-min\/\",\"url\":\"https:\/\/eestispaad.ee\/fi\/tuote\/loogastav-bali-massaazrituaal-50-min\/\",\"name\":\"L\u00f5\u00f5gastav Bali massaa\u017erituaal 50 min - Eestispaad\",\"isPartOf\":{\"@id\":\"https:\/\/eestispaad.ee\/#website\"},\"primaryImageOfPage\":{\"@id\":\"https:\/\/eestispaad.ee\/fi\/tuote\/loogastav-bali-massaazrituaal-50-min\/#primaryimage\"},\"image\":{\"@id\":\"https:\/\/eestispaad.ee\/fi\/tuote\/loogastav-bali-massaazrituaal-50-min\/#primaryimage\"},\"thumbnailUrl\":\"https:\/\/eestispaad.ee\/wp-content\/uploads\/2023\/10\/00003-5-mondes-corps-@amandine.ramet_-scaled.jpg\",\"datePublished\":\"2023-10-19T10:14:12+00:00\",\"dateModified\":\"2025-11-07T13:45:17+00:00\",\"description\":\"Meeli k\u00fctkestava massaa\u017eielamuse jooksul saad nautida m\u00f5nusaid venitusi ning Tai massaa\u017ei \u00f5rnalt nahka siluvat tehnikat.\",\"breadcrumb\":{\"@id\":\"https:\/\/eestispaad.ee\/fi\/tuote\/loogastav-bali-massaazrituaal-50-min\/#breadcrumb\"},\"inLanguage\":\"fi\",\"potentialAction\":[{\"@type\":\"ReadAction\",\"target\":[\"https:\/\/eestispaad.ee\/fi\/tuote\/loogastav-bali-massaazrituaal-50-min\/\"]}]},{\"@type\":\"ImageObject\",\"inLanguage\":\"fi\",\"@id\":\"https:\/\/eestispaad.ee\/fi\/tuote\/loogastav-bali-massaazrituaal-50-min\/#primaryimage\",\"url\":\"https:\/\/eestispaad.ee\/wp-content\/uploads\/2023\/10\/00003-5-mondes-corps-@amandine.ramet_-scaled.jpg\",\"contentUrl\":\"https:\/\/eestispaad.ee\/wp-content\/uploads\/2023\/10\/00003-5-mondes-corps-@amandine.ramet_-scaled.jpg\",\"width\":2560,\"height\":1707,\"caption\":\"Kalev Spa ilukeskuse klassikaline massaa\u017e\"},{\"@type\":\"BreadcrumbList\",\"@id\":\"https:\/\/eestispaad.ee\/fi\/tuote\/loogastav-bali-massaazrituaal-50-min\/#breadcrumb\",\"itemListElement\":[{\"@type\":\"ListItem\",\"position\":1,\"name\":\"Home\",\"item\":\"https:\/\/eestispaad.ee\/fi\/\"},{\"@type\":\"ListItem\",\"position\":2,\"name\":\"Shop\",\"item\":\"https:\/\/eestispaad.ee\/fi\/shop\/\"},{\"@type\":\"ListItem\",\"position\":3,\"name\":\"Cinq Mondes l\u00f5\u00f5gastav Bali massaa\u017erituaal kehale 50 min Kalev Spa&#8217;s\"}]},{\"@type\":\"WebSite\",\"@id\":\"https:\/\/eestispaad.ee\/#website\",\"url\":\"https:\/\/eestispaad.ee\/\",\"name\":\"Eesti spaad\",\"description\":\"\",\"publisher\":{\"@id\":\"https:\/\/eestispaad.ee\/#organization\"},\"potentialAction\":[{\"@type\":\"SearchAction\",\"target\":{\"@type\":\"EntryPoint\",\"urlTemplate\":\"https:\/\/eestispaad.ee\/?s={search_term_string}\"},\"query-input\":{\"@type\":\"PropertyValueSpecification\",\"valueRequired\":true,\"valueName\":\"search_term_string\"}}],\"inLanguage\":\"fi\"},{\"@type\":\"Organization\",\"@id\":\"https:\/\/eestispaad.ee\/#organization\",\"name\":\"Eesti spaad\",\"url\":\"https:\/\/eestispaad.ee\/\",\"logo\":{\"@type\":\"ImageObject\",\"inLanguage\":\"fi\",\"@id\":\"https:\/\/eestispaad.ee\/#\/schema\/logo\/image\/\",\"url\":\"https:\/\/eestispaad.ee\/wp-content\/uploads\/2023\/12\/Screenshot-2023-12-09-at-21.42.51.png\",\"contentUrl\":\"https:\/\/eestispaad.ee\/wp-content\/uploads\/2023\/12\/Screenshot-2023-12-09-at-21.42.51.png\",\"width\":2130,\"height\":396,\"caption\":\"Eesti spaad\"},\"image\":{\"@id\":\"https:\/\/eestispaad.ee\/#\/schema\/logo\/image\/\"},\"sameAs\":[\"https:\/\/www.facebook.com\/estonianspas\"]}]}<\/script>\n<!-- \/ Yoast SEO plugin. -->","yoast_head_json":{"title":"L\u00f5\u00f5gastav Bali massaa\u017erituaal 50 min - Eestispaad","description":"Meeli k\u00fctkestava massaa\u017eielamuse jooksul saad nautida m\u00f5nusaid venitusi ning Tai massaa\u017ei \u00f5rnalt nahka siluvat tehnikat.","robots":{"index":"index","follow":"follow","max-snippet":"max-snippet:-1","max-image-preview":"max-image-preview:large","max-video-preview":"max-video-preview:-1"},"canonical":"https:\/\/eestispaad.ee\/fi\/tuote\/loogastav-bali-massaazrituaal-50-min\/","og_locale":"fi_FI","og_type":"article","og_title":"L\u00f5\u00f5gastav Bali massaa\u017erituaal 50 min - Eestispaad","og_description":"Meeli k\u00fctkestava massaa\u017eielamuse jooksul saad nautida m\u00f5nusaid venitusi ning Tai massaa\u017ei \u00f5rnalt nahka siluvat tehnikat.","og_url":"https:\/\/eestispaad.ee\/fi\/tuote\/loogastav-bali-massaazrituaal-50-min\/","og_site_name":"Eestispaad","article_publisher":"https:\/\/www.facebook.com\/estonianspas","article_modified_time":"2025-11-07T13:45:17+00:00","og_image":[{"width":2560,"height":1707,"url":"https:\/\/eestispaad.ee\/wp-content\/uploads\/2023\/10\/00003-5-mondes-corps-@amandine.ramet_-scaled.jpg","type":"image\/jpeg"}],"twitter_card":"summary_large_image","twitter_misc":{"Est. reading time":"1 minuutti"},"schema":{"@context":"https:\/\/schema.org","@graph":[{"@type":"WebPage","@id":"https:\/\/eestispaad.ee\/fi\/tuote\/loogastav-bali-massaazrituaal-50-min\/","url":"https:\/\/eestispaad.ee\/fi\/tuote\/loogastav-bali-massaazrituaal-50-min\/","name":"L\u00f5\u00f5gastav Bali massaa\u017erituaal 50 min - Eestispaad","isPartOf":{"@id":"https:\/\/eestispaad.ee\/#website"},"primaryImageOfPage":{"@id":"https:\/\/eestispaad.ee\/fi\/tuote\/loogastav-bali-massaazrituaal-50-min\/#primaryimage"},"image":{"@id":"https:\/\/eestispaad.ee\/fi\/tuote\/loogastav-bali-massaazrituaal-50-min\/#primaryimage"},"thumbnailUrl":"https:\/\/eestispaad.ee\/wp-content\/uploads\/2023\/10\/00003-5-mondes-corps-@amandine.ramet_-scaled.jpg","datePublished":"2023-10-19T10:14:12+00:00","dateModified":"2025-11-07T13:45:17+00:00","description":"Meeli k\u00fctkestava massaa\u017eielamuse jooksul saad nautida m\u00f5nusaid venitusi ning Tai massaa\u017ei \u00f5rnalt nahka siluvat tehnikat.","breadcrumb":{"@id":"https:\/\/eestispaad.ee\/fi\/tuote\/loogastav-bali-massaazrituaal-50-min\/#breadcrumb"},"inLanguage":"fi","potentialAction":[{"@type":"ReadAction","target":["https:\/\/eestispaad.ee\/fi\/tuote\/loogastav-bali-massaazrituaal-50-min\/"]}]},{"@type":"ImageObject","inLanguage":"fi","@id":"https:\/\/eestispaad.ee\/fi\/tuote\/loogastav-bali-massaazrituaal-50-min\/#primaryimage","url":"https:\/\/eestispaad.ee\/wp-content\/uploads\/2023\/10\/00003-5-mondes-corps-@amandine.ramet_-scaled.jpg","contentUrl":"https:\/\/eestispaad.ee\/wp-content\/uploads\/2023\/10\/00003-5-mondes-corps-@amandine.ramet_-scaled.jpg","width":2560,"height":1707,"caption":"Kalev Spa ilukeskuse klassikaline massaa\u017e"},{"@type":"BreadcrumbList","@id":"https:\/\/eestispaad.ee\/fi\/tuote\/loogastav-bali-massaazrituaal-50-min\/#breadcrumb","itemListElement":[{"@type":"ListItem","position":1,"name":"Home","item":"https:\/\/eestispaad.ee\/fi\/"},{"@type":"ListItem","position":2,"name":"Shop","item":"https:\/\/eestispaad.ee\/fi\/shop\/"},{"@type":"ListItem","position":3,"name":"Cinq Mondes l\u00f5\u00f5gastav Bali massaa\u017erituaal kehale 50 min Kalev Spa&#8217;s"}]},{"@type":"WebSite","@id":"https:\/\/eestispaad.ee\/#website","url":"https:\/\/eestispaad.ee\/","name":"Eesti spaad","description":"","publisher":{"@id":"https:\/\/eestispaad.ee\/#organization"},"potentialAction":[{"@type":"SearchAction","target":{"@type":"EntryPoint","urlTemplate":"https:\/\/eestispaad.ee\/?s={search_term_string}"},"query-input":{"@type":"PropertyValueSpecification","valueRequired":true,"valueName":"search_term_string"}}],"inLanguage":"fi"},{"@type":"Organization","@id":"https:\/\/eestispaad.ee\/#organization","name":"Eesti spaad","url":"https:\/\/eestispaad.ee\/","logo":{"@type":"ImageObject","inLanguage":"fi","@id":"https:\/\/eestispaad.ee\/#\/schema\/logo\/image\/","url":"https:\/\/eestispaad.ee\/wp-content\/uploads\/2023\/12\/Screenshot-2023-12-09-at-21.42.51.png","contentUrl":"https:\/\/eestispaad.ee\/wp-content\/uploads\/2023\/12\/Screenshot-2023-12-09-at-21.42.51.png","width":2130,"height":396,"caption":"Eesti spaad"},"image":{"@id":"https:\/\/eestispaad.ee\/#\/schema\/logo\/image\/"},"sameAs":["https:\/\/www.facebook.com\/estonianspas"]}]}},"_links":{"self":[{"href":"https:\/\/eestispaad.ee\/fi\/wp-json\/wp\/v2\/product\/7455","targetHints":{"allow":["GET"]}}],"collection":[{"href":"https:\/\/eestispaad.ee\/fi\/wp-json\/wp\/v2\/product"}],"about":[{"href":"https:\/\/eestispaad.ee\/fi\/wp-json\/wp\/v2\/types\/product"}],"replies":[{"embeddable":true,"href":"https:\/\/eestispaad.ee\/fi\/wp-json\/wp\/v2\/comments?post=7455"}],"wp:featuredmedia":[{"embeddable":true,"href":"https:\/\/eestispaad.ee\/fi\/wp-json\/wp\/v2\/media\/1565"}],"wp:attachment":[{"href":"https:\/\/eestispaad.ee\/fi\/wp-json\/wp\/v2\/media?parent=7455"}],"wp:term":[{"taxonomy":"product_brand","embeddable":true,"href":"https:\/\/eestispaad.ee\/fi\/wp-json\/wp\/v2\/product_brand?post=7455"},{"taxonomy":"product_cat","embeddable":true,"href":"https:\/\/eestispaad.ee\/fi\/wp-json\/wp\/v2\/product_cat?post=7455"},{"taxonomy":"product_tag","embeddable":true,"href":"https:\/\/eestispaad.ee\/fi\/wp-json\/wp\/v2\/product_tag?post=7455"}],"curies":[{"name":"wp","href":"https:\/\/api.w.org\/{rel}","templated":true}]}}