{"id":12294,"date":"2023-10-20T09:07:38","date_gmt":"2023-10-20T06:07:38","guid":{"rendered":"https:\/\/eestispaad.ee\/product\/restoran-kuurort\/"},"modified":"2026-04-30T13:52:00","modified_gmt":"2026-04-30T10:52:00","slug":"restoran-kuurort","status":"publish","type":"product","link":"https:\/\/eestispaad.ee\/fi\/tuote\/restoran-kuurort\/","title":{"rendered":"Ravintola Kuurort"},"content":{"rendered":"<p data-start=\"25\" data-end=\"83\">Ravintola \u201cKUURORT\u201d on t\u00e4ydellinen paikka tilaisuudellesi!<\/p>\n<p data-start=\"85\" data-end=\"311\">Meill\u00e4 on kaikki tarvittava kevyen juhlatunnelman luomiseksi, jossa voit rentoutua ja nauttia herkullisista ruoista, omaper\u00e4isist\u00e4 juomista, yst\u00e4v\u00e4llisest\u00e4 palvelusta sek\u00e4 huolettomasta ilmapiirist\u00e4 \u2013 aivan kuin lomakohteessa.<\/p>\n<p data-start=\"313\" data-end=\"570\">Ravintolan menu on selke\u00e4 ja helposti ymm\u00e4rrett\u00e4v\u00e4. Raaka-aineiden v\u00e4h\u00e4inen k\u00e4sittely takaa t\u00e4ytel\u00e4isen ja t\u00e4ysin luonnollisen maun.<br data-start=\"445\" data-end=\"448\" \/>Menun kautta keitti\u00f6mestari v\u00e4litt\u00e4\u00e4 lomakaupungin tunnelmaa, jossa yhdistyv\u00e4t kauneus ja nautinto kiireett\u00f6m\u00e4st\u00e4 levosta.<\/p>\n<p data-start=\"572\" data-end=\"679\">Ravintola sijaitsee \u00abMedical SPA Narva-J\u00f5esuu\u00bb -keskuksen IV kerroksessa ja siihen mahtuu jopa 40 henkil\u00f6\u00e4.<\/p>\n","protected":false},"excerpt":{"rendered":"<p data-start=\"25\" data-end=\"83\">Ravintola \u201cKUURORT\u201d on t\u00e4ydellinen paikka tilaisuudellesi!<\/p>\n<p data-start=\"85\" data-end=\"311\">Meill\u00e4 on kaikki tarvittava kevyen juhlatunnelman luomiseksi, jossa voit rentoutua ja nauttia herkullisista ruoista, omaper\u00e4isist\u00e4 juomista, yst\u00e4v\u00e4llisest\u00e4 palvelusta sek\u00e4 huolettomasta ilmapiirist\u00e4 \u2013 aivan kuin lomakohteessa.<\/p>\n<p data-start=\"313\" data-end=\"570\">Ravintolan menu on selke\u00e4 ja helposti ymm\u00e4rrett\u00e4v\u00e4. Raaka-aineiden v\u00e4h\u00e4inen k\u00e4sittely takaa t\u00e4ytel\u00e4isen ja t\u00e4ysin luonnollisen maun.<br data-start=\"445\" data-end=\"448\" \/>Menun kautta keitti\u00f6mestari v\u00e4litt\u00e4\u00e4 lomakaupungin tunnelmaa, jossa yhdistyv\u00e4t kauneus ja nautinto kiireett\u00f6m\u00e4st\u00e4 levosta.<\/p>\n<p data-start=\"572\" data-end=\"679\">Ravintola sijaitsee \u00abMedical SPA Narva-J\u00f5esuu\u00bb -keskuksen IV kerroksessa ja siihen mahtuu jopa 40 henkil\u00f6\u00e4.<\/p>\n<p>\u0430\u0441\u044b\u0449\u0435\u043d\u043d\u044b\u0439 \u0438 \u043f\u043e\u043b\u043d\u043e\u0441\u0442\u044c\u044e \u043d\u0430\u0442\u0443\u0440\u0430\u043b\u044c\u043d\u044b\u0439 \u0432\u043a\u0443\u0441.<\/p>\n<p><span class=\"HwtZe\" lang=\"ru\"><span class=\"jCAhz ChMk0b\"><span class=\"ryNqvb\">\u0427\u0435\u0440\u0435\u0437 \u043c\u0435\u043d\u044e \u0448\u0435\u0444-\u043f\u043e\u0432\u0430\u0440 \u043f\u0435\u0440\u0435\u0434\u0430\u0435\u0442 \u0430\u0442\u043c\u043e\u0441\u0444\u0435\u0440\u0443 \u043a\u0443\u0440\u043e\u0440\u0442\u043d\u043e\u0433\u043e \u0433\u043e\u0440\u043e\u0434\u0430, \u0432 \u043a\u043e\u0442\u043e\u0440\u043e\u043c \u043f\u0435\u0440\u0435\u043f\u043b\u0435\u0442\u0430\u044e\u0442\u0441\u044f \u043a\u0440\u0430\u0441\u043e\u0442\u0430 \u0438 \u043d\u0430\u0441\u043b\u0430\u0436\u0434\u0435\u043d\u0438\u0435 \u043d\u0435\u0442\u043e\u0440\u043e\u043f\u043b\u0438\u0432\u044b\u043c \u043e\u0442\u0434\u044b\u0445\u043e\u043c.<\/span><\/span><\/span><\/p>\n<p><span class=\"HwtZe\" lang=\"ru\"><span class=\"jCAhz ChMk0b\"><span class=\"ryNqvb\">\u0420\u0435\u0441\u0442\u043e\u0440\u0430\u043d \u0440\u0430\u0441\u043f\u043e\u043b\u043e\u0436\u0435\u043d \u043d\u0430 IV \u044d\u0442\u0430\u0436\u0435\u00a0 \u00abMedical SPA Narva-J\u00f5esuu\u00bb \u0438 \u0432\u043c\u0435\u0449\u0430\u0435\u0442 \u0434\u043e 40 \u0447\u0435\u043b\u043e\u0432\u0435\u043a.<\/span><\/span><\/span><\/p>\n","protected":false},"featured_media":2364,"comment_status":"open","ping_status":"closed","template":"","meta":[],"product_brand":[],"product_cat":[166],"product_tag":[],"class_list":{"0":"post-12294","1":"product","2":"type-product","3":"status-publish","4":"has-post-thumbnail","6":"product_cat-ravintolat","8":"first","9":"instock","10":"virtual","11":"purchasable","12":"product-type-simple"},"acf":[],"yoast_head":"<!-- This site is optimized with the Yoast SEO plugin v26.8 - https:\/\/yoast.com\/product\/yoast-seo-wordpress\/ -->\n<title>Narva-J\u00f5esuu Medical Spa Ravintola Kuurort - Eestispaad<\/title>\n<meta name=\"description\" content=\"Narva-J\u00f5esuu Medical Spa Restoran Kuurort pakub k\u00f5ik vajaliku piduliku \u00f5hkkonna loomiseks ja oma s\u00fcndmuste t\u00e4histamiseks.\" \/>\n<meta name=\"robots\" content=\"index, follow, max-snippet:-1, max-image-preview:large, max-video-preview:-1\" \/>\n<link rel=\"canonical\" href=\"https:\/\/eestispaad.ee\/fi\/tuote\/restoran-kuurort\/\" \/>\n<meta property=\"og:locale\" content=\"fi_FI\" \/>\n<meta property=\"og:type\" content=\"article\" \/>\n<meta property=\"og:title\" content=\"Narva-J\u00f5esuu Medical Spa Ravintola Kuurort - Eestispaad\" \/>\n<meta property=\"og:description\" content=\"Narva-J\u00f5esuu Medical Spa Restoran Kuurort pakub k\u00f5ik vajaliku piduliku \u00f5hkkonna loomiseks ja oma s\u00fcndmuste t\u00e4histamiseks.\" \/>\n<meta property=\"og:url\" content=\"https:\/\/eestispaad.ee\/fi\/tuote\/restoran-kuurort\/\" \/>\n<meta property=\"og:site_name\" content=\"Eestispaad\" \/>\n<meta property=\"article:publisher\" content=\"https:\/\/www.facebook.com\/estonianspas\" \/>\n<meta property=\"article:modified_time\" content=\"2026-04-30T10:52:00+00:00\" \/>\n<meta property=\"og:image\" content=\"https:\/\/eestispaad.ee\/wp-content\/uploads\/2023\/10\/DSC04653-scaled.jpg\" \/>\n\t<meta property=\"og:image:width\" content=\"2560\" \/>\n\t<meta property=\"og:image:height\" content=\"1710\" \/>\n\t<meta property=\"og:image:type\" content=\"image\/jpeg\" \/>\n<meta name=\"twitter:card\" content=\"summary_large_image\" \/>\n<meta name=\"twitter:label1\" content=\"Est. reading time\" \/>\n\t<meta name=\"twitter:data1\" content=\"1 minuutti\" \/>\n<script type=\"application\/ld+json\" class=\"yoast-schema-graph\">{\"@context\":\"https:\/\/schema.org\",\"@graph\":[{\"@type\":\"WebPage\",\"@id\":\"https:\/\/eestispaad.ee\/fi\/tuote\/restoran-kuurort\/\",\"url\":\"https:\/\/eestispaad.ee\/fi\/tuote\/restoran-kuurort\/\",\"name\":\"Narva-J\u00f5esuu Medical Spa Ravintola Kuurort - Eestispaad\",\"isPartOf\":{\"@id\":\"https:\/\/eestispaad.ee\/#website\"},\"primaryImageOfPage\":{\"@id\":\"https:\/\/eestispaad.ee\/fi\/tuote\/restoran-kuurort\/#primaryimage\"},\"image\":{\"@id\":\"https:\/\/eestispaad.ee\/fi\/tuote\/restoran-kuurort\/#primaryimage\"},\"thumbnailUrl\":\"https:\/\/eestispaad.ee\/wp-content\/uploads\/2023\/10\/DSC04653-scaled.jpg\",\"datePublished\":\"2023-10-20T06:07:38+00:00\",\"dateModified\":\"2026-04-30T10:52:00+00:00\",\"description\":\"Narva-J\u00f5esuu Medical Spa Restoran Kuurort pakub k\u00f5ik vajaliku piduliku \u00f5hkkonna loomiseks ja oma s\u00fcndmuste t\u00e4histamiseks.\",\"breadcrumb\":{\"@id\":\"https:\/\/eestispaad.ee\/fi\/tuote\/restoran-kuurort\/#breadcrumb\"},\"inLanguage\":\"fi\",\"potentialAction\":[{\"@type\":\"ReadAction\",\"target\":[\"https:\/\/eestispaad.ee\/fi\/tuote\/restoran-kuurort\/\"]}]},{\"@type\":\"ImageObject\",\"inLanguage\":\"fi\",\"@id\":\"https:\/\/eestispaad.ee\/fi\/tuote\/restoran-kuurort\/#primaryimage\",\"url\":\"https:\/\/eestispaad.ee\/wp-content\/uploads\/2023\/10\/DSC04653-scaled.jpg\",\"contentUrl\":\"https:\/\/eestispaad.ee\/wp-content\/uploads\/2023\/10\/DSC04653-scaled.jpg\",\"width\":2560,\"height\":1710},{\"@type\":\"BreadcrumbList\",\"@id\":\"https:\/\/eestispaad.ee\/fi\/tuote\/restoran-kuurort\/#breadcrumb\",\"itemListElement\":[{\"@type\":\"ListItem\",\"position\":1,\"name\":\"Home\",\"item\":\"https:\/\/eestispaad.ee\/fi\/\"},{\"@type\":\"ListItem\",\"position\":2,\"name\":\"Shop\",\"item\":\"https:\/\/eestispaad.ee\/fi\/shop\/\"},{\"@type\":\"ListItem\",\"position\":3,\"name\":\"Ravintola Kuurort\"}]},{\"@type\":\"WebSite\",\"@id\":\"https:\/\/eestispaad.ee\/#website\",\"url\":\"https:\/\/eestispaad.ee\/\",\"name\":\"Eesti spaad\",\"description\":\"\",\"publisher\":{\"@id\":\"https:\/\/eestispaad.ee\/#organization\"},\"potentialAction\":[{\"@type\":\"SearchAction\",\"target\":{\"@type\":\"EntryPoint\",\"urlTemplate\":\"https:\/\/eestispaad.ee\/?s={search_term_string}\"},\"query-input\":{\"@type\":\"PropertyValueSpecification\",\"valueRequired\":true,\"valueName\":\"search_term_string\"}}],\"inLanguage\":\"fi\"},{\"@type\":\"Organization\",\"@id\":\"https:\/\/eestispaad.ee\/#organization\",\"name\":\"Eesti spaad\",\"url\":\"https:\/\/eestispaad.ee\/\",\"logo\":{\"@type\":\"ImageObject\",\"inLanguage\":\"fi\",\"@id\":\"https:\/\/eestispaad.ee\/#\/schema\/logo\/image\/\",\"url\":\"https:\/\/eestispaad.ee\/wp-content\/uploads\/2023\/12\/Screenshot-2023-12-09-at-21.42.51.png\",\"contentUrl\":\"https:\/\/eestispaad.ee\/wp-content\/uploads\/2023\/12\/Screenshot-2023-12-09-at-21.42.51.png\",\"width\":2130,\"height\":396,\"caption\":\"Eesti spaad\"},\"image\":{\"@id\":\"https:\/\/eestispaad.ee\/#\/schema\/logo\/image\/\"},\"sameAs\":[\"https:\/\/www.facebook.com\/estonianspas\"]}]}<\/script>\n<!-- \/ Yoast SEO plugin. -->","yoast_head_json":{"title":"Narva-J\u00f5esuu Medical Spa Ravintola Kuurort - Eestispaad","description":"Narva-J\u00f5esuu Medical Spa Restoran Kuurort pakub k\u00f5ik vajaliku piduliku \u00f5hkkonna loomiseks ja oma s\u00fcndmuste t\u00e4histamiseks.","robots":{"index":"index","follow":"follow","max-snippet":"max-snippet:-1","max-image-preview":"max-image-preview:large","max-video-preview":"max-video-preview:-1"},"canonical":"https:\/\/eestispaad.ee\/fi\/tuote\/restoran-kuurort\/","og_locale":"fi_FI","og_type":"article","og_title":"Narva-J\u00f5esuu Medical Spa Ravintola Kuurort - Eestispaad","og_description":"Narva-J\u00f5esuu Medical Spa Restoran Kuurort pakub k\u00f5ik vajaliku piduliku \u00f5hkkonna loomiseks ja oma s\u00fcndmuste t\u00e4histamiseks.","og_url":"https:\/\/eestispaad.ee\/fi\/tuote\/restoran-kuurort\/","og_site_name":"Eestispaad","article_publisher":"https:\/\/www.facebook.com\/estonianspas","article_modified_time":"2026-04-30T10:52:00+00:00","og_image":[{"width":2560,"height":1710,"url":"https:\/\/eestispaad.ee\/wp-content\/uploads\/2023\/10\/DSC04653-scaled.jpg","type":"image\/jpeg"}],"twitter_card":"summary_large_image","twitter_misc":{"Est. reading time":"1 minuutti"},"schema":{"@context":"https:\/\/schema.org","@graph":[{"@type":"WebPage","@id":"https:\/\/eestispaad.ee\/fi\/tuote\/restoran-kuurort\/","url":"https:\/\/eestispaad.ee\/fi\/tuote\/restoran-kuurort\/","name":"Narva-J\u00f5esuu Medical Spa Ravintola Kuurort - Eestispaad","isPartOf":{"@id":"https:\/\/eestispaad.ee\/#website"},"primaryImageOfPage":{"@id":"https:\/\/eestispaad.ee\/fi\/tuote\/restoran-kuurort\/#primaryimage"},"image":{"@id":"https:\/\/eestispaad.ee\/fi\/tuote\/restoran-kuurort\/#primaryimage"},"thumbnailUrl":"https:\/\/eestispaad.ee\/wp-content\/uploads\/2023\/10\/DSC04653-scaled.jpg","datePublished":"2023-10-20T06:07:38+00:00","dateModified":"2026-04-30T10:52:00+00:00","description":"Narva-J\u00f5esuu Medical Spa Restoran Kuurort pakub k\u00f5ik vajaliku piduliku \u00f5hkkonna loomiseks ja oma s\u00fcndmuste t\u00e4histamiseks.","breadcrumb":{"@id":"https:\/\/eestispaad.ee\/fi\/tuote\/restoran-kuurort\/#breadcrumb"},"inLanguage":"fi","potentialAction":[{"@type":"ReadAction","target":["https:\/\/eestispaad.ee\/fi\/tuote\/restoran-kuurort\/"]}]},{"@type":"ImageObject","inLanguage":"fi","@id":"https:\/\/eestispaad.ee\/fi\/tuote\/restoran-kuurort\/#primaryimage","url":"https:\/\/eestispaad.ee\/wp-content\/uploads\/2023\/10\/DSC04653-scaled.jpg","contentUrl":"https:\/\/eestispaad.ee\/wp-content\/uploads\/2023\/10\/DSC04653-scaled.jpg","width":2560,"height":1710},{"@type":"BreadcrumbList","@id":"https:\/\/eestispaad.ee\/fi\/tuote\/restoran-kuurort\/#breadcrumb","itemListElement":[{"@type":"ListItem","position":1,"name":"Home","item":"https:\/\/eestispaad.ee\/fi\/"},{"@type":"ListItem","position":2,"name":"Shop","item":"https:\/\/eestispaad.ee\/fi\/shop\/"},{"@type":"ListItem","position":3,"name":"Ravintola Kuurort"}]},{"@type":"WebSite","@id":"https:\/\/eestispaad.ee\/#website","url":"https:\/\/eestispaad.ee\/","name":"Eesti spaad","description":"","publisher":{"@id":"https:\/\/eestispaad.ee\/#organization"},"potentialAction":[{"@type":"SearchAction","target":{"@type":"EntryPoint","urlTemplate":"https:\/\/eestispaad.ee\/?s={search_term_string}"},"query-input":{"@type":"PropertyValueSpecification","valueRequired":true,"valueName":"search_term_string"}}],"inLanguage":"fi"},{"@type":"Organization","@id":"https:\/\/eestispaad.ee\/#organization","name":"Eesti spaad","url":"https:\/\/eestispaad.ee\/","logo":{"@type":"ImageObject","inLanguage":"fi","@id":"https:\/\/eestispaad.ee\/#\/schema\/logo\/image\/","url":"https:\/\/eestispaad.ee\/wp-content\/uploads\/2023\/12\/Screenshot-2023-12-09-at-21.42.51.png","contentUrl":"https:\/\/eestispaad.ee\/wp-content\/uploads\/2023\/12\/Screenshot-2023-12-09-at-21.42.51.png","width":2130,"height":396,"caption":"Eesti spaad"},"image":{"@id":"https:\/\/eestispaad.ee\/#\/schema\/logo\/image\/"},"sameAs":["https:\/\/www.facebook.com\/estonianspas"]}]}},"_links":{"self":[{"href":"https:\/\/eestispaad.ee\/fi\/wp-json\/wp\/v2\/product\/12294","targetHints":{"allow":["GET"]}}],"collection":[{"href":"https:\/\/eestispaad.ee\/fi\/wp-json\/wp\/v2\/product"}],"about":[{"href":"https:\/\/eestispaad.ee\/fi\/wp-json\/wp\/v2\/types\/product"}],"replies":[{"embeddable":true,"href":"https:\/\/eestispaad.ee\/fi\/wp-json\/wp\/v2\/comments?post=12294"}],"wp:featuredmedia":[{"embeddable":true,"href":"https:\/\/eestispaad.ee\/fi\/wp-json\/wp\/v2\/media\/2364"}],"wp:attachment":[{"href":"https:\/\/eestispaad.ee\/fi\/wp-json\/wp\/v2\/media?parent=12294"}],"wp:term":[{"taxonomy":"product_brand","embeddable":true,"href":"https:\/\/eestispaad.ee\/fi\/wp-json\/wp\/v2\/product_brand?post=12294"},{"taxonomy":"product_cat","embeddable":true,"href":"https:\/\/eestispaad.ee\/fi\/wp-json\/wp\/v2\/product_cat?post=12294"},{"taxonomy":"product_tag","embeddable":true,"href":"https:\/\/eestispaad.ee\/fi\/wp-json\/wp\/v2\/product_tag?post=12294"}],"curies":[{"name":"wp","href":"https:\/\/api.w.org\/{rel}","templated":true}]}}