{"id":12284,"date":"2023-12-11T15:17:10","date_gmt":"2023-12-11T13:17:10","guid":{"rendered":"https:\/\/eestispaad.ee\/product\/troopikatuba\/"},"modified":"2026-04-30T13:44:25","modified_gmt":"2026-04-30T10:44:25","slug":"troopikatuba","status":"publish","type":"product","link":"https:\/\/eestispaad.ee\/fi\/tuote\/troopikatuba\/","title":{"rendered":"Trooppinen huone: syv\u00e4 rentoutuminen ja t\u00e4ydellinen mielenrauha"},"content":{"rendered":"<p class=\"wp-el\">Uudista kehosi ja mielesi uudessa trooppisessa huoneessamme. T\u00e4\u00e4ll\u00e4 voit ottaa omaa aikaa ja t\u00e4ytt\u00e4\u00e4 kehosi ja mielesi uudella energialla.<\/p>\n<figure class=\"wp-block-image size-full\"><\/figure>\n<p class=\"wp-el\">Trooppisen huoneen innovatiivinen vesiaaltoj\u00e4rjestelm\u00e4 tarjoaa syv\u00e4n rentoutumisen ja auttaa saavuttamaan t\u00e4ydellisen mielenrauhan. Vau-efektin luo huoneessa oleva vesiputous. Miellytt\u00e4v\u00e4 valo ja trooppinen kasvillisuus luovat kes\u00e4n tunteen, olipa vuodenaika mik\u00e4 tahansa.<\/p>\n<p class=\"wp-el\">L\u00e4mmin vesis\u00e4nky tarjoaa rentouttavan hieronnan. J\u00e4nnitys, huoli ja stressi katoavat ja niiden tilalle tulevat syv\u00e4 rauha ja hyvinvointi.<\/p>\n<div>\n<div><b>Lis\u00e4tiedot ja varaukset:<\/b><\/div>\n<div>Puh:\u00a0+372 35 99 523<br \/>\nS\u00e4hkoposti:\u00a0ilu@narvajoesuu.ee<\/div>\n<\/div>\n","protected":false},"excerpt":{"rendered":"<p class=\"wp-el\">Uudista kehosi ja mielesi uudessa trooppisessa huoneessamme. T\u00e4\u00e4ll\u00e4 voit ottaa omaa aikaa ja t\u00e4ytt\u00e4\u00e4 kehosi ja mielesi uudella energialla.<\/p>\n<figure class=\"wp-block-image size-full\"><\/figure>\n<p class=\"wp-el\">Trooppisen huoneen innovatiivinen vesiaaltoj\u00e4rjestelm\u00e4 tarjoaa syv\u00e4n rentoutumisen ja auttaa saavuttamaan t\u00e4ydellisen mielenrauhan. Vau-efektin luo huoneessa oleva vesiputous. Miellytt\u00e4v\u00e4 valo ja trooppinen kasvillisuus luovat kes\u00e4n tunteen, olipa vuodenaika mik\u00e4 tahansa.<\/p>\n<p class=\"wp-el\">L\u00e4mmin vesis\u00e4nky tarjoaa rentouttavan hieronnan. J\u00e4nnitys, huoli ja stressi katoavat ja niiden tilalle tulevat syv\u00e4 rauha ja hyvinvointi.<\/p>\n","protected":false},"featured_media":4121,"comment_status":"open","ping_status":"closed","template":"","meta":[],"product_brand":[],"product_cat":[86],"product_tag":[],"class_list":{"0":"post-12284","1":"product","2":"type-product","3":"status-publish","4":"has-post-thumbnail","6":"product_cat-hoidot","8":"first","9":"instock","10":"virtual","11":"purchasable","12":"product-type-simple"},"acf":[],"yoast_head":"<!-- This site is optimized with the Yoast SEO plugin v26.8 - https:\/\/yoast.com\/product\/yoast-seo-wordpress\/ -->\n<title>Trooppinen huone: syv\u00e4 rentoutuminen ja t\u00e4ydellinen mielenrauha Narva-J\u00f5esuu Medical Spa - Eestispaad<\/title>\n<meta name=\"description\" content=\"Uudista kehosi ja mielesi uudessa trooppisessa huoneessamme. T\u00e4\u00e4ll\u00e4 voit ottaa omaa aikaa ja t\u00e4ytt\u00e4\u00e4 kehosi ja mielesi uudella energialla.\" \/>\n<meta name=\"robots\" content=\"index, follow, max-snippet:-1, max-image-preview:large, max-video-preview:-1\" \/>\n<link rel=\"canonical\" href=\"https:\/\/eestispaad.ee\/fi\/tuote\/troopikatuba\/\" \/>\n<meta property=\"og:locale\" content=\"fi_FI\" \/>\n<meta property=\"og:type\" content=\"article\" \/>\n<meta property=\"og:title\" content=\"Trooppinen huone: syv\u00e4 rentoutuminen ja t\u00e4ydellinen mielenrauha Narva-J\u00f5esuu Medical Spa - Eestispaad\" \/>\n<meta property=\"og:description\" content=\"Uudista kehosi ja mielesi uudessa trooppisessa huoneessamme. T\u00e4\u00e4ll\u00e4 voit ottaa omaa aikaa ja t\u00e4ytt\u00e4\u00e4 kehosi ja mielesi uudella energialla.\" \/>\n<meta property=\"og:url\" content=\"https:\/\/eestispaad.ee\/fi\/tuote\/troopikatuba\/\" \/>\n<meta property=\"og:site_name\" content=\"Eestispaad\" \/>\n<meta property=\"article:publisher\" content=\"https:\/\/www.facebook.com\/estonianspas\" \/>\n<meta property=\"article:modified_time\" content=\"2026-04-30T10:44:25+00:00\" \/>\n<meta property=\"og:image\" content=\"https:\/\/eestispaad.ee\/wp-content\/uploads\/2023\/11\/Troopika-tuba-1024x576.png\" \/>\n\t<meta property=\"og:image:width\" content=\"1024\" \/>\n\t<meta property=\"og:image:height\" content=\"576\" \/>\n\t<meta property=\"og:image:type\" content=\"image\/png\" \/>\n<meta name=\"twitter:card\" content=\"summary_large_image\" \/>\n<meta name=\"twitter:label1\" content=\"Est. reading time\" \/>\n\t<meta name=\"twitter:data1\" content=\"1 minuutti\" \/>\n<script type=\"application\/ld+json\" class=\"yoast-schema-graph\">{\"@context\":\"https:\/\/schema.org\",\"@graph\":[{\"@type\":\"WebPage\",\"@id\":\"https:\/\/eestispaad.ee\/fi\/tuote\/troopikatuba\/\",\"url\":\"https:\/\/eestispaad.ee\/fi\/tuote\/troopikatuba\/\",\"name\":\"Trooppinen huone: syv\u00e4 rentoutuminen ja t\u00e4ydellinen mielenrauha Narva-J\u00f5esuu Medical Spa - Eestispaad\",\"isPartOf\":{\"@id\":\"https:\/\/eestispaad.ee\/#website\"},\"primaryImageOfPage\":{\"@id\":\"https:\/\/eestispaad.ee\/fi\/tuote\/troopikatuba\/#primaryimage\"},\"image\":{\"@id\":\"https:\/\/eestispaad.ee\/fi\/tuote\/troopikatuba\/#primaryimage\"},\"thumbnailUrl\":\"https:\/\/eestispaad.ee\/wp-content\/uploads\/2023\/11\/Troopika-tuba.png\",\"datePublished\":\"2023-12-11T13:17:10+00:00\",\"dateModified\":\"2026-04-30T10:44:25+00:00\",\"description\":\"Uudista kehosi ja mielesi uudessa trooppisessa huoneessamme. T\u00e4\u00e4ll\u00e4 voit ottaa omaa aikaa ja t\u00e4ytt\u00e4\u00e4 kehosi ja mielesi uudella energialla.\",\"breadcrumb\":{\"@id\":\"https:\/\/eestispaad.ee\/fi\/tuote\/troopikatuba\/#breadcrumb\"},\"inLanguage\":\"fi\",\"potentialAction\":[{\"@type\":\"ReadAction\",\"target\":[\"https:\/\/eestispaad.ee\/fi\/tuote\/troopikatuba\/\"]}]},{\"@type\":\"ImageObject\",\"inLanguage\":\"fi\",\"@id\":\"https:\/\/eestispaad.ee\/fi\/tuote\/troopikatuba\/#primaryimage\",\"url\":\"https:\/\/eestispaad.ee\/wp-content\/uploads\/2023\/11\/Troopika-tuba.png\",\"contentUrl\":\"https:\/\/eestispaad.ee\/wp-content\/uploads\/2023\/11\/Troopika-tuba.png\",\"width\":1600,\"height\":900},{\"@type\":\"BreadcrumbList\",\"@id\":\"https:\/\/eestispaad.ee\/fi\/tuote\/troopikatuba\/#breadcrumb\",\"itemListElement\":[{\"@type\":\"ListItem\",\"position\":1,\"name\":\"Home\",\"item\":\"https:\/\/eestispaad.ee\/fi\/\"},{\"@type\":\"ListItem\",\"position\":2,\"name\":\"Shop\",\"item\":\"https:\/\/eestispaad.ee\/fi\/shop\/\"},{\"@type\":\"ListItem\",\"position\":3,\"name\":\"Trooppinen huone: syv\u00e4 rentoutuminen ja t\u00e4ydellinen mielenrauha\"}]},{\"@type\":\"WebSite\",\"@id\":\"https:\/\/eestispaad.ee\/#website\",\"url\":\"https:\/\/eestispaad.ee\/\",\"name\":\"Eesti spaad\",\"description\":\"\",\"publisher\":{\"@id\":\"https:\/\/eestispaad.ee\/#organization\"},\"potentialAction\":[{\"@type\":\"SearchAction\",\"target\":{\"@type\":\"EntryPoint\",\"urlTemplate\":\"https:\/\/eestispaad.ee\/?s={search_term_string}\"},\"query-input\":{\"@type\":\"PropertyValueSpecification\",\"valueRequired\":true,\"valueName\":\"search_term_string\"}}],\"inLanguage\":\"fi\"},{\"@type\":\"Organization\",\"@id\":\"https:\/\/eestispaad.ee\/#organization\",\"name\":\"Eesti spaad\",\"url\":\"https:\/\/eestispaad.ee\/\",\"logo\":{\"@type\":\"ImageObject\",\"inLanguage\":\"fi\",\"@id\":\"https:\/\/eestispaad.ee\/#\/schema\/logo\/image\/\",\"url\":\"https:\/\/eestispaad.ee\/wp-content\/uploads\/2023\/12\/Screenshot-2023-12-09-at-21.42.51.png\",\"contentUrl\":\"https:\/\/eestispaad.ee\/wp-content\/uploads\/2023\/12\/Screenshot-2023-12-09-at-21.42.51.png\",\"width\":2130,\"height\":396,\"caption\":\"Eesti spaad\"},\"image\":{\"@id\":\"https:\/\/eestispaad.ee\/#\/schema\/logo\/image\/\"},\"sameAs\":[\"https:\/\/www.facebook.com\/estonianspas\"]}]}<\/script>\n<!-- \/ Yoast SEO plugin. -->","yoast_head_json":{"title":"Trooppinen huone: syv\u00e4 rentoutuminen ja t\u00e4ydellinen mielenrauha Narva-J\u00f5esuu Medical Spa - Eestispaad","description":"Uudista kehosi ja mielesi uudessa trooppisessa huoneessamme. T\u00e4\u00e4ll\u00e4 voit ottaa omaa aikaa ja t\u00e4ytt\u00e4\u00e4 kehosi ja mielesi uudella energialla.","robots":{"index":"index","follow":"follow","max-snippet":"max-snippet:-1","max-image-preview":"max-image-preview:large","max-video-preview":"max-video-preview:-1"},"canonical":"https:\/\/eestispaad.ee\/fi\/tuote\/troopikatuba\/","og_locale":"fi_FI","og_type":"article","og_title":"Trooppinen huone: syv\u00e4 rentoutuminen ja t\u00e4ydellinen mielenrauha Narva-J\u00f5esuu Medical Spa - Eestispaad","og_description":"Uudista kehosi ja mielesi uudessa trooppisessa huoneessamme. T\u00e4\u00e4ll\u00e4 voit ottaa omaa aikaa ja t\u00e4ytt\u00e4\u00e4 kehosi ja mielesi uudella energialla.","og_url":"https:\/\/eestispaad.ee\/fi\/tuote\/troopikatuba\/","og_site_name":"Eestispaad","article_publisher":"https:\/\/www.facebook.com\/estonianspas","article_modified_time":"2026-04-30T10:44:25+00:00","og_image":[{"width":1024,"height":576,"url":"https:\/\/eestispaad.ee\/wp-content\/uploads\/2023\/11\/Troopika-tuba-1024x576.png","type":"image\/png"}],"twitter_card":"summary_large_image","twitter_misc":{"Est. reading time":"1 minuutti"},"schema":{"@context":"https:\/\/schema.org","@graph":[{"@type":"WebPage","@id":"https:\/\/eestispaad.ee\/fi\/tuote\/troopikatuba\/","url":"https:\/\/eestispaad.ee\/fi\/tuote\/troopikatuba\/","name":"Trooppinen huone: syv\u00e4 rentoutuminen ja t\u00e4ydellinen mielenrauha Narva-J\u00f5esuu Medical Spa - Eestispaad","isPartOf":{"@id":"https:\/\/eestispaad.ee\/#website"},"primaryImageOfPage":{"@id":"https:\/\/eestispaad.ee\/fi\/tuote\/troopikatuba\/#primaryimage"},"image":{"@id":"https:\/\/eestispaad.ee\/fi\/tuote\/troopikatuba\/#primaryimage"},"thumbnailUrl":"https:\/\/eestispaad.ee\/wp-content\/uploads\/2023\/11\/Troopika-tuba.png","datePublished":"2023-12-11T13:17:10+00:00","dateModified":"2026-04-30T10:44:25+00:00","description":"Uudista kehosi ja mielesi uudessa trooppisessa huoneessamme. T\u00e4\u00e4ll\u00e4 voit ottaa omaa aikaa ja t\u00e4ytt\u00e4\u00e4 kehosi ja mielesi uudella energialla.","breadcrumb":{"@id":"https:\/\/eestispaad.ee\/fi\/tuote\/troopikatuba\/#breadcrumb"},"inLanguage":"fi","potentialAction":[{"@type":"ReadAction","target":["https:\/\/eestispaad.ee\/fi\/tuote\/troopikatuba\/"]}]},{"@type":"ImageObject","inLanguage":"fi","@id":"https:\/\/eestispaad.ee\/fi\/tuote\/troopikatuba\/#primaryimage","url":"https:\/\/eestispaad.ee\/wp-content\/uploads\/2023\/11\/Troopika-tuba.png","contentUrl":"https:\/\/eestispaad.ee\/wp-content\/uploads\/2023\/11\/Troopika-tuba.png","width":1600,"height":900},{"@type":"BreadcrumbList","@id":"https:\/\/eestispaad.ee\/fi\/tuote\/troopikatuba\/#breadcrumb","itemListElement":[{"@type":"ListItem","position":1,"name":"Home","item":"https:\/\/eestispaad.ee\/fi\/"},{"@type":"ListItem","position":2,"name":"Shop","item":"https:\/\/eestispaad.ee\/fi\/shop\/"},{"@type":"ListItem","position":3,"name":"Trooppinen huone: syv\u00e4 rentoutuminen ja t\u00e4ydellinen mielenrauha"}]},{"@type":"WebSite","@id":"https:\/\/eestispaad.ee\/#website","url":"https:\/\/eestispaad.ee\/","name":"Eesti spaad","description":"","publisher":{"@id":"https:\/\/eestispaad.ee\/#organization"},"potentialAction":[{"@type":"SearchAction","target":{"@type":"EntryPoint","urlTemplate":"https:\/\/eestispaad.ee\/?s={search_term_string}"},"query-input":{"@type":"PropertyValueSpecification","valueRequired":true,"valueName":"search_term_string"}}],"inLanguage":"fi"},{"@type":"Organization","@id":"https:\/\/eestispaad.ee\/#organization","name":"Eesti spaad","url":"https:\/\/eestispaad.ee\/","logo":{"@type":"ImageObject","inLanguage":"fi","@id":"https:\/\/eestispaad.ee\/#\/schema\/logo\/image\/","url":"https:\/\/eestispaad.ee\/wp-content\/uploads\/2023\/12\/Screenshot-2023-12-09-at-21.42.51.png","contentUrl":"https:\/\/eestispaad.ee\/wp-content\/uploads\/2023\/12\/Screenshot-2023-12-09-at-21.42.51.png","width":2130,"height":396,"caption":"Eesti spaad"},"image":{"@id":"https:\/\/eestispaad.ee\/#\/schema\/logo\/image\/"},"sameAs":["https:\/\/www.facebook.com\/estonianspas"]}]}},"_links":{"self":[{"href":"https:\/\/eestispaad.ee\/fi\/wp-json\/wp\/v2\/product\/12284","targetHints":{"allow":["GET"]}}],"collection":[{"href":"https:\/\/eestispaad.ee\/fi\/wp-json\/wp\/v2\/product"}],"about":[{"href":"https:\/\/eestispaad.ee\/fi\/wp-json\/wp\/v2\/types\/product"}],"replies":[{"embeddable":true,"href":"https:\/\/eestispaad.ee\/fi\/wp-json\/wp\/v2\/comments?post=12284"}],"wp:featuredmedia":[{"embeddable":true,"href":"https:\/\/eestispaad.ee\/fi\/wp-json\/wp\/v2\/media\/4121"}],"wp:attachment":[{"href":"https:\/\/eestispaad.ee\/fi\/wp-json\/wp\/v2\/media?parent=12284"}],"wp:term":[{"taxonomy":"product_brand","embeddable":true,"href":"https:\/\/eestispaad.ee\/fi\/wp-json\/wp\/v2\/product_brand?post=12284"},{"taxonomy":"product_cat","embeddable":true,"href":"https:\/\/eestispaad.ee\/fi\/wp-json\/wp\/v2\/product_cat?post=12284"},{"taxonomy":"product_tag","embeddable":true,"href":"https:\/\/eestispaad.ee\/fi\/wp-json\/wp\/v2\/product_tag?post=12284"}],"curies":[{"name":"wp","href":"https:\/\/api.w.org\/{rel}","templated":true}]}}