{"id":12272,"date":"2023-12-13T16:11:59","date_gmt":"2023-12-13T14:11:59","guid":{"rendered":"https:\/\/eestispaad.ee\/product\/klassikaline-seljamassaaz-20-min\/"},"modified":"2026-04-30T12:32:23","modified_gmt":"2026-04-30T09:32:23","slug":"klassikaline-seljamassaaz-20-min","status":"publish","type":"product","link":"https:\/\/eestispaad.ee\/fi\/tuote\/klassikaline-seljamassaaz-20-min\/","title":{"rendered":"Klassinen selk\u00e4hieronta (20 min)"},"content":{"rendered":"<p>Hieronta v\u00e4hent\u00e4\u00e4 lihasj\u00e4nnityksi\u00e4, lihasten jaykkyytt\u00e4 ja kankeutta, parantaa lihasj\u00e4nteytt\u00e4 sek\u00e4 edistaa verenkiertoa ja lymfakiertoa. Se on erityisten tehokas j\u00e4lkihoitona. Hieronnan tuottama hyv\u00e4nolontunne auttaa kest\u00e4m\u00e4\u00e4n paremmin stressi\u00e4 ja lievitt\u00e4m\u00e4\u00e4n siit\u00e4. Sopii, jos haluat parantaa vointia ja voimiaan.<\/p>\n","protected":false},"excerpt":{"rendered":"<p>Hieronta v\u00e4hent\u00e4\u00e4 lihasj\u00e4nnityksi\u00e4, lihasten jaykkyytt\u00e4 ja kankeutta, parantaa lihasj\u00e4nteytt\u00e4 sek\u00e4 edistaa verenkiertoa ja lymfakiertoa. Se on erityisten tehokas j\u00e4lkihoitona. Hieronnan tuottama hyv\u00e4nolontunne auttaa kest\u00e4m\u00e4\u00e4n paremmin stressi\u00e4 ja lievitt\u00e4m\u00e4\u00e4n siit\u00e4. Sopii, jos haluat parantaa vointia ja voimiaan.<\/p>\n","protected":false},"featured_media":5333,"comment_status":"open","ping_status":"closed","template":"","meta":[],"product_brand":[],"product_cat":[86,178],"product_tag":[840],"class_list":{"0":"post-12272","1":"product","2":"type-product","3":"status-publish","4":"has-post-thumbnail","6":"product_cat-hoidot","7":"product_cat-muut-palvelut","8":"product_tag-massaaz","10":"first","11":"instock","12":"virtual","13":"purchasable","14":"product-type-simple"},"acf":[],"yoast_head":"<!-- This site is optimized with the Yoast SEO plugin v26.8 - https:\/\/yoast.com\/product\/yoast-seo-wordpress\/ -->\n<title>Klassinen selk\u00e4hieronta (20 min) - Eestispaad<\/title>\n<meta name=\"robots\" content=\"index, follow, max-snippet:-1, max-image-preview:large, max-video-preview:-1\" \/>\n<link rel=\"canonical\" href=\"https:\/\/eestispaad.ee\/fi\/tuote\/klassikaline-seljamassaaz-20-min\/\" \/>\n<meta property=\"og:locale\" content=\"fi_FI\" \/>\n<meta property=\"og:type\" content=\"article\" \/>\n<meta property=\"og:title\" content=\"Klassinen selk\u00e4hieronta (20 min) - Eestispaad\" \/>\n<meta property=\"og:description\" content=\"Hieronta v\u00e4hent\u00e4\u00e4 lihasj\u00e4nnityksi\u00e4, lihasten jaykkyytt\u00e4 ja kankeutta, parantaa lihasj\u00e4nteytt\u00e4 sek\u00e4 edistaa verenkiertoa ja lymfakiertoa. Se on erityisten tehokas j\u00e4lkihoitona. Hieronnan tuottama hyv\u00e4nolontunne auttaa kest\u00e4m\u00e4\u00e4n paremmin stressi\u00e4 ja lievitt\u00e4m\u00e4\u00e4n siit\u00e4. Sopii, jos haluat parantaa vointia ja voimiaan.\" \/>\n<meta property=\"og:url\" content=\"https:\/\/eestispaad.ee\/fi\/tuote\/klassikaline-seljamassaaz-20-min\/\" \/>\n<meta property=\"og:site_name\" content=\"Eestispaad\" \/>\n<meta property=\"article:publisher\" content=\"https:\/\/www.facebook.com\/estonianspas\" \/>\n<meta property=\"article:modified_time\" content=\"2026-04-30T09:32:23+00:00\" \/>\n<meta property=\"og:image\" content=\"https:\/\/eestispaad.ee\/wp-content\/uploads\/2023\/12\/Narva-Joesuu-Medical-Spa-26.png\" \/>\n\t<meta property=\"og:image:width\" content=\"1600\" \/>\n\t<meta property=\"og:image:height\" content=\"900\" \/>\n\t<meta property=\"og:image:type\" content=\"image\/png\" \/>\n<meta name=\"twitter:card\" content=\"summary_large_image\" \/>\n<meta name=\"twitter:label1\" content=\"Est. reading time\" \/>\n\t<meta name=\"twitter:data1\" content=\"1 minuutti\" \/>\n<script type=\"application\/ld+json\" class=\"yoast-schema-graph\">{\"@context\":\"https:\/\/schema.org\",\"@graph\":[{\"@type\":\"WebPage\",\"@id\":\"https:\/\/eestispaad.ee\/fi\/tuote\/klassikaline-seljamassaaz-20-min\/\",\"url\":\"https:\/\/eestispaad.ee\/fi\/tuote\/klassikaline-seljamassaaz-20-min\/\",\"name\":\"Klassinen selk\u00e4hieronta (20 min) - Eestispaad\",\"isPartOf\":{\"@id\":\"https:\/\/eestispaad.ee\/#website\"},\"primaryImageOfPage\":{\"@id\":\"https:\/\/eestispaad.ee\/fi\/tuote\/klassikaline-seljamassaaz-20-min\/#primaryimage\"},\"image\":{\"@id\":\"https:\/\/eestispaad.ee\/fi\/tuote\/klassikaline-seljamassaaz-20-min\/#primaryimage\"},\"thumbnailUrl\":\"https:\/\/eestispaad.ee\/wp-content\/uploads\/2023\/12\/Narva-Joesuu-Medical-Spa-26.png\",\"datePublished\":\"2023-12-13T14:11:59+00:00\",\"dateModified\":\"2026-04-30T09:32:23+00:00\",\"breadcrumb\":{\"@id\":\"https:\/\/eestispaad.ee\/fi\/tuote\/klassikaline-seljamassaaz-20-min\/#breadcrumb\"},\"inLanguage\":\"fi\",\"potentialAction\":[{\"@type\":\"ReadAction\",\"target\":[\"https:\/\/eestispaad.ee\/fi\/tuote\/klassikaline-seljamassaaz-20-min\/\"]}]},{\"@type\":\"ImageObject\",\"inLanguage\":\"fi\",\"@id\":\"https:\/\/eestispaad.ee\/fi\/tuote\/klassikaline-seljamassaaz-20-min\/#primaryimage\",\"url\":\"https:\/\/eestispaad.ee\/wp-content\/uploads\/2023\/12\/Narva-Joesuu-Medical-Spa-26.png\",\"contentUrl\":\"https:\/\/eestispaad.ee\/wp-content\/uploads\/2023\/12\/Narva-Joesuu-Medical-Spa-26.png\",\"width\":1600,\"height\":900},{\"@type\":\"BreadcrumbList\",\"@id\":\"https:\/\/eestispaad.ee\/fi\/tuote\/klassikaline-seljamassaaz-20-min\/#breadcrumb\",\"itemListElement\":[{\"@type\":\"ListItem\",\"position\":1,\"name\":\"Home\",\"item\":\"https:\/\/eestispaad.ee\/fi\/\"},{\"@type\":\"ListItem\",\"position\":2,\"name\":\"Shop\",\"item\":\"https:\/\/eestispaad.ee\/fi\/shop\/\"},{\"@type\":\"ListItem\",\"position\":3,\"name\":\"Klassinen selk\u00e4hieronta (20 min)\"}]},{\"@type\":\"WebSite\",\"@id\":\"https:\/\/eestispaad.ee\/#website\",\"url\":\"https:\/\/eestispaad.ee\/\",\"name\":\"Eesti spaad\",\"description\":\"\",\"publisher\":{\"@id\":\"https:\/\/eestispaad.ee\/#organization\"},\"potentialAction\":[{\"@type\":\"SearchAction\",\"target\":{\"@type\":\"EntryPoint\",\"urlTemplate\":\"https:\/\/eestispaad.ee\/?s={search_term_string}\"},\"query-input\":{\"@type\":\"PropertyValueSpecification\",\"valueRequired\":true,\"valueName\":\"search_term_string\"}}],\"inLanguage\":\"fi\"},{\"@type\":\"Organization\",\"@id\":\"https:\/\/eestispaad.ee\/#organization\",\"name\":\"Eesti spaad\",\"url\":\"https:\/\/eestispaad.ee\/\",\"logo\":{\"@type\":\"ImageObject\",\"inLanguage\":\"fi\",\"@id\":\"https:\/\/eestispaad.ee\/#\/schema\/logo\/image\/\",\"url\":\"https:\/\/eestispaad.ee\/wp-content\/uploads\/2023\/12\/Screenshot-2023-12-09-at-21.42.51.png\",\"contentUrl\":\"https:\/\/eestispaad.ee\/wp-content\/uploads\/2023\/12\/Screenshot-2023-12-09-at-21.42.51.png\",\"width\":2130,\"height\":396,\"caption\":\"Eesti spaad\"},\"image\":{\"@id\":\"https:\/\/eestispaad.ee\/#\/schema\/logo\/image\/\"},\"sameAs\":[\"https:\/\/www.facebook.com\/estonianspas\"]}]}<\/script>\n<!-- \/ Yoast SEO plugin. -->","yoast_head_json":{"title":"Klassinen selk\u00e4hieronta (20 min) - Eestispaad","robots":{"index":"index","follow":"follow","max-snippet":"max-snippet:-1","max-image-preview":"max-image-preview:large","max-video-preview":"max-video-preview:-1"},"canonical":"https:\/\/eestispaad.ee\/fi\/tuote\/klassikaline-seljamassaaz-20-min\/","og_locale":"fi_FI","og_type":"article","og_title":"Klassinen selk\u00e4hieronta (20 min) - Eestispaad","og_description":"Hieronta v\u00e4hent\u00e4\u00e4 lihasj\u00e4nnityksi\u00e4, lihasten jaykkyytt\u00e4 ja kankeutta, parantaa lihasj\u00e4nteytt\u00e4 sek\u00e4 edistaa verenkiertoa ja lymfakiertoa. Se on erityisten tehokas j\u00e4lkihoitona. Hieronnan tuottama hyv\u00e4nolontunne auttaa kest\u00e4m\u00e4\u00e4n paremmin stressi\u00e4 ja lievitt\u00e4m\u00e4\u00e4n siit\u00e4. Sopii, jos haluat parantaa vointia ja voimiaan.","og_url":"https:\/\/eestispaad.ee\/fi\/tuote\/klassikaline-seljamassaaz-20-min\/","og_site_name":"Eestispaad","article_publisher":"https:\/\/www.facebook.com\/estonianspas","article_modified_time":"2026-04-30T09:32:23+00:00","og_image":[{"width":1600,"height":900,"url":"https:\/\/eestispaad.ee\/wp-content\/uploads\/2023\/12\/Narva-Joesuu-Medical-Spa-26.png","type":"image\/png"}],"twitter_card":"summary_large_image","twitter_misc":{"Est. reading time":"1 minuutti"},"schema":{"@context":"https:\/\/schema.org","@graph":[{"@type":"WebPage","@id":"https:\/\/eestispaad.ee\/fi\/tuote\/klassikaline-seljamassaaz-20-min\/","url":"https:\/\/eestispaad.ee\/fi\/tuote\/klassikaline-seljamassaaz-20-min\/","name":"Klassinen selk\u00e4hieronta (20 min) - Eestispaad","isPartOf":{"@id":"https:\/\/eestispaad.ee\/#website"},"primaryImageOfPage":{"@id":"https:\/\/eestispaad.ee\/fi\/tuote\/klassikaline-seljamassaaz-20-min\/#primaryimage"},"image":{"@id":"https:\/\/eestispaad.ee\/fi\/tuote\/klassikaline-seljamassaaz-20-min\/#primaryimage"},"thumbnailUrl":"https:\/\/eestispaad.ee\/wp-content\/uploads\/2023\/12\/Narva-Joesuu-Medical-Spa-26.png","datePublished":"2023-12-13T14:11:59+00:00","dateModified":"2026-04-30T09:32:23+00:00","breadcrumb":{"@id":"https:\/\/eestispaad.ee\/fi\/tuote\/klassikaline-seljamassaaz-20-min\/#breadcrumb"},"inLanguage":"fi","potentialAction":[{"@type":"ReadAction","target":["https:\/\/eestispaad.ee\/fi\/tuote\/klassikaline-seljamassaaz-20-min\/"]}]},{"@type":"ImageObject","inLanguage":"fi","@id":"https:\/\/eestispaad.ee\/fi\/tuote\/klassikaline-seljamassaaz-20-min\/#primaryimage","url":"https:\/\/eestispaad.ee\/wp-content\/uploads\/2023\/12\/Narva-Joesuu-Medical-Spa-26.png","contentUrl":"https:\/\/eestispaad.ee\/wp-content\/uploads\/2023\/12\/Narva-Joesuu-Medical-Spa-26.png","width":1600,"height":900},{"@type":"BreadcrumbList","@id":"https:\/\/eestispaad.ee\/fi\/tuote\/klassikaline-seljamassaaz-20-min\/#breadcrumb","itemListElement":[{"@type":"ListItem","position":1,"name":"Home","item":"https:\/\/eestispaad.ee\/fi\/"},{"@type":"ListItem","position":2,"name":"Shop","item":"https:\/\/eestispaad.ee\/fi\/shop\/"},{"@type":"ListItem","position":3,"name":"Klassinen selk\u00e4hieronta (20 min)"}]},{"@type":"WebSite","@id":"https:\/\/eestispaad.ee\/#website","url":"https:\/\/eestispaad.ee\/","name":"Eesti spaad","description":"","publisher":{"@id":"https:\/\/eestispaad.ee\/#organization"},"potentialAction":[{"@type":"SearchAction","target":{"@type":"EntryPoint","urlTemplate":"https:\/\/eestispaad.ee\/?s={search_term_string}"},"query-input":{"@type":"PropertyValueSpecification","valueRequired":true,"valueName":"search_term_string"}}],"inLanguage":"fi"},{"@type":"Organization","@id":"https:\/\/eestispaad.ee\/#organization","name":"Eesti spaad","url":"https:\/\/eestispaad.ee\/","logo":{"@type":"ImageObject","inLanguage":"fi","@id":"https:\/\/eestispaad.ee\/#\/schema\/logo\/image\/","url":"https:\/\/eestispaad.ee\/wp-content\/uploads\/2023\/12\/Screenshot-2023-12-09-at-21.42.51.png","contentUrl":"https:\/\/eestispaad.ee\/wp-content\/uploads\/2023\/12\/Screenshot-2023-12-09-at-21.42.51.png","width":2130,"height":396,"caption":"Eesti spaad"},"image":{"@id":"https:\/\/eestispaad.ee\/#\/schema\/logo\/image\/"},"sameAs":["https:\/\/www.facebook.com\/estonianspas"]}]}},"_links":{"self":[{"href":"https:\/\/eestispaad.ee\/fi\/wp-json\/wp\/v2\/product\/12272","targetHints":{"allow":["GET"]}}],"collection":[{"href":"https:\/\/eestispaad.ee\/fi\/wp-json\/wp\/v2\/product"}],"about":[{"href":"https:\/\/eestispaad.ee\/fi\/wp-json\/wp\/v2\/types\/product"}],"replies":[{"embeddable":true,"href":"https:\/\/eestispaad.ee\/fi\/wp-json\/wp\/v2\/comments?post=12272"}],"wp:featuredmedia":[{"embeddable":true,"href":"https:\/\/eestispaad.ee\/fi\/wp-json\/wp\/v2\/media\/5333"}],"wp:attachment":[{"href":"https:\/\/eestispaad.ee\/fi\/wp-json\/wp\/v2\/media?parent=12272"}],"wp:term":[{"taxonomy":"product_brand","embeddable":true,"href":"https:\/\/eestispaad.ee\/fi\/wp-json\/wp\/v2\/product_brand?post=12272"},{"taxonomy":"product_cat","embeddable":true,"href":"https:\/\/eestispaad.ee\/fi\/wp-json\/wp\/v2\/product_cat?post=12272"},{"taxonomy":"product_tag","embeddable":true,"href":"https:\/\/eestispaad.ee\/fi\/wp-json\/wp\/v2\/product_tag?post=12272"}],"curies":[{"name":"wp","href":"https:\/\/api.w.org\/{rel}","templated":true}]}}