{"id":12263,"date":"2023-12-22T15:01:31","date_gmt":"2023-12-22T13:01:31","guid":{"rendered":"https:\/\/eestispaad.ee\/product\/vr-elamus\/"},"modified":"2026-04-30T12:24:41","modified_gmt":"2026-04-30T09:24:41","slug":"vr-elamus","status":"publish","type":"product","link":"https:\/\/eestispaad.ee\/fi\/tuote\/vr-elamus\/","title":{"rendered":"VR-kokemus"},"content":{"rendered":"<p>Jos haluat kokea jotain ennenn\u00e4kem\u00e4t\u00f6nt\u00e4, kokeile uutta trooppista virtuaalitodellisuushoitoamme.<\/p>\n<div class=\"wp-playlist wp-video-playlist wp-playlist-light\">\n\t\t<video controls=\"controls\" preload=\"none\" width=\"640\"\n\t\t height=\"360\"\t><\/video>\n\t<div class=\"wp-playlist-next\"><\/div>\n\t<div class=\"wp-playlist-prev\"><\/div>\n\t<noscript>\n\t<ol>\n\t\t<li><a href='https:\/\/eestispaad.ee\/wp-content\/uploads\/2023\/12\/Njoesuu-6okt.mp4'>Njoesuu 6okt<\/a><\/li>\t<\/ol>\n\t<\/noscript>\n\t<script type=\"application\/json\" class=\"wp-playlist-script\">{\"type\":\"video\",\"tracklist\":true,\"tracknumbers\":true,\"images\":true,\"artists\":true,\"tracks\":[{\"src\":\"https:\/\/eestispaad.ee\/wp-content\/uploads\/2023\/12\/Njoesuu-6okt.mp4\",\"type\":\"video\/mp4\",\"title\":\"Njoesuu 6okt\",\"caption\":\"\",\"description\":\"\",\"meta\":{\"length_formatted\":\"0:38\"},\"dimensions\":{\"original\":{\"width\":1280,\"height\":720},\"resized\":{\"width\":640,\"height\":360}},\"image\":{\"src\":\"https:\/\/eestispaad.ee\/wp-includes\/images\/media\/video.svg\",\"width\":48,\"height\":64},\"thumb\":{\"src\":\"https:\/\/eestispaad.ee\/wp-includes\/images\/media\/video.svg\",\"width\":48,\"height\":64}}]}<\/script>\n<\/div>\n\t\n<p class=\"wp-el\">Olet hetkess\u00e4 trooppisella rannalla nauttien meren aaltojen \u00e4\u00e4nest\u00e4, l\u00e4mpim\u00e4st\u00e4 rantahiekasta jalkojesi alla. Se on nopein tapa paeta todellisuudesta ja kokea jotain t\u00e4ysin uutta.<\/p>\n<p class=\"wp-el\">Virtuaalitodellisuushoito auttaa vakauttamaan emotionaalista tilaa, v\u00e4hent\u00e4m\u00e4\u00e4n ahdistuksen ja stressin tasoa ja v\u00e4symyksen tunnetta, parantamaan mielialaa ja aivojen tapaa k\u00e4sitell\u00e4 ja j\u00e4sent\u00e4\u00e4 aistimuksia. Keho p\u00e4\u00e4see eroon liiallisesta stressist\u00e4, rentoutuu ja paranee, ja kaiken t\u00e4m\u00e4n lis\u00e4ksi kokee upeita el\u00e4myksi\u00e4.<\/p>\n<div>\n<div><b>Lis\u00e4tiedot ja varaukset:<\/b><\/div>\n<div>Puh:\u00a0+372 35 99 523<br \/>\nS\u00e4hkoposti:\u00a0ilu@narvajoesuu.ee<\/div>\n<\/div>\n","protected":false},"excerpt":{"rendered":"<p class=\"wp-el\">Jos haluat kokea jotain ennenn\u00e4kem\u00e4t\u00f6nt\u00e4, kokeile uutta trooppista virtuaalitodellisuushoitoamme.<\/p>\n<p class=\"wp-el\">Olet hetkess\u00e4 trooppisella rannalla nauttien meren aaltojen \u00e4\u00e4nest\u00e4, l\u00e4mpim\u00e4st\u00e4 rantahiekasta jalkojesi alla. Se on nopein tapa paeta todellisuudesta ja kokea jotain t\u00e4ysin uutta.<\/p>\n<p class=\"wp-el\">Virtuaalitodellisuushoito auttaa vakauttamaan emotionaalista tilaa, v\u00e4hent\u00e4m\u00e4\u00e4n ahdistuksen ja stressin tasoa ja v\u00e4symyksen tunnetta, parantamaan mielialaa ja aivojen tapaa k\u00e4sitell\u00e4 ja j\u00e4sent\u00e4\u00e4 aistimuksia. Keho p\u00e4\u00e4see eroon liiallisesta stressist\u00e4, rentoutuu ja paranee, ja kaiken t\u00e4m\u00e4n lis\u00e4ksi kokee upeita el\u00e4myksi\u00e4.<\/p>\n","protected":false},"featured_media":5486,"comment_status":"open","ping_status":"closed","template":"","meta":[],"product_brand":[],"product_cat":[86],"product_tag":[],"class_list":{"0":"post-12263","1":"product","2":"type-product","3":"status-publish","4":"has-post-thumbnail","6":"product_cat-hoidot","8":"first","9":"instock","10":"virtual","11":"purchasable","12":"product-type-simple"},"acf":[],"yoast_head":"<!-- This site is optimized with the Yoast SEO plugin v26.8 - https:\/\/yoast.com\/product\/yoast-seo-wordpress\/ -->\n<title>VR elamus Narva-J\u00f5esuu Medical Spas - Eestispaad<\/title>\n<meta name=\"description\" content=\"Olet hetkess\u00e4 trooppisella rannalla nauttien meren aaltojen \u00e4\u00e4nest\u00e4, l\u00e4mpim\u00e4st\u00e4 rantahiekasta jalkojesi alla. Se on nopein tapa paeta todellisuudesta ja kokea jotain t\u00e4ysin uutta.\" \/>\n<meta name=\"robots\" content=\"index, follow, max-snippet:-1, max-image-preview:large, max-video-preview:-1\" \/>\n<link rel=\"canonical\" href=\"https:\/\/eestispaad.ee\/fi\/tuote\/vr-elamus\/\" \/>\n<meta property=\"og:locale\" content=\"fi_FI\" \/>\n<meta property=\"og:type\" content=\"article\" \/>\n<meta property=\"og:title\" content=\"VR elamus Narva-J\u00f5esuu Medical Spas - Eestispaad\" \/>\n<meta property=\"og:description\" content=\"Olet hetkess\u00e4 trooppisella rannalla nauttien meren aaltojen \u00e4\u00e4nest\u00e4, l\u00e4mpim\u00e4st\u00e4 rantahiekasta jalkojesi alla. Se on nopein tapa paeta todellisuudesta ja kokea jotain t\u00e4ysin uutta.\" \/>\n<meta property=\"og:url\" content=\"https:\/\/eestispaad.ee\/fi\/tuote\/vr-elamus\/\" \/>\n<meta property=\"og:site_name\" content=\"Eestispaad\" \/>\n<meta property=\"article:publisher\" content=\"https:\/\/www.facebook.com\/estonianspas\" \/>\n<meta property=\"article:modified_time\" content=\"2026-04-30T09:24:41+00:00\" \/>\n<meta property=\"og:image\" content=\"https:\/\/eestispaad.ee\/wp-content\/uploads\/2023\/12\/Narva-Joesuu-Medical-Spa-27.png\" \/>\n\t<meta property=\"og:image:width\" content=\"1600\" \/>\n\t<meta property=\"og:image:height\" content=\"900\" \/>\n\t<meta property=\"og:image:type\" content=\"image\/png\" \/>\n<meta name=\"twitter:card\" content=\"summary_large_image\" \/>\n<meta name=\"twitter:label1\" content=\"Est. reading time\" \/>\n\t<meta name=\"twitter:data1\" content=\"1 minuutti\" \/>\n<script type=\"application\/ld+json\" class=\"yoast-schema-graph\">{\"@context\":\"https:\/\/schema.org\",\"@graph\":[{\"@type\":\"WebPage\",\"@id\":\"https:\/\/eestispaad.ee\/fi\/tuote\/vr-elamus\/\",\"url\":\"https:\/\/eestispaad.ee\/fi\/tuote\/vr-elamus\/\",\"name\":\"VR elamus Narva-J\u00f5esuu Medical Spas - Eestispaad\",\"isPartOf\":{\"@id\":\"https:\/\/eestispaad.ee\/#website\"},\"primaryImageOfPage\":{\"@id\":\"https:\/\/eestispaad.ee\/fi\/tuote\/vr-elamus\/#primaryimage\"},\"image\":{\"@id\":\"https:\/\/eestispaad.ee\/fi\/tuote\/vr-elamus\/#primaryimage\"},\"thumbnailUrl\":\"https:\/\/eestispaad.ee\/wp-content\/uploads\/2023\/12\/Narva-Joesuu-Medical-Spa-27.png\",\"datePublished\":\"2023-12-22T13:01:31+00:00\",\"dateModified\":\"2026-04-30T09:24:41+00:00\",\"description\":\"Olet hetkess\u00e4 trooppisella rannalla nauttien meren aaltojen \u00e4\u00e4nest\u00e4, l\u00e4mpim\u00e4st\u00e4 rantahiekasta jalkojesi alla. Se on nopein tapa paeta todellisuudesta ja kokea jotain t\u00e4ysin uutta.\",\"breadcrumb\":{\"@id\":\"https:\/\/eestispaad.ee\/fi\/tuote\/vr-elamus\/#breadcrumb\"},\"inLanguage\":\"fi\",\"potentialAction\":[{\"@type\":\"ReadAction\",\"target\":[\"https:\/\/eestispaad.ee\/fi\/tuote\/vr-elamus\/\"]}]},{\"@type\":\"ImageObject\",\"inLanguage\":\"fi\",\"@id\":\"https:\/\/eestispaad.ee\/fi\/tuote\/vr-elamus\/#primaryimage\",\"url\":\"https:\/\/eestispaad.ee\/wp-content\/uploads\/2023\/12\/Narva-Joesuu-Medical-Spa-27.png\",\"contentUrl\":\"https:\/\/eestispaad.ee\/wp-content\/uploads\/2023\/12\/Narva-Joesuu-Medical-Spa-27.png\",\"width\":1600,\"height\":900},{\"@type\":\"BreadcrumbList\",\"@id\":\"https:\/\/eestispaad.ee\/fi\/tuote\/vr-elamus\/#breadcrumb\",\"itemListElement\":[{\"@type\":\"ListItem\",\"position\":1,\"name\":\"Home\",\"item\":\"https:\/\/eestispaad.ee\/fi\/\"},{\"@type\":\"ListItem\",\"position\":2,\"name\":\"Shop\",\"item\":\"https:\/\/eestispaad.ee\/fi\/shop\/\"},{\"@type\":\"ListItem\",\"position\":3,\"name\":\"VR-kokemus\"}]},{\"@type\":\"WebSite\",\"@id\":\"https:\/\/eestispaad.ee\/#website\",\"url\":\"https:\/\/eestispaad.ee\/\",\"name\":\"Eesti spaad\",\"description\":\"\",\"publisher\":{\"@id\":\"https:\/\/eestispaad.ee\/#organization\"},\"potentialAction\":[{\"@type\":\"SearchAction\",\"target\":{\"@type\":\"EntryPoint\",\"urlTemplate\":\"https:\/\/eestispaad.ee\/?s={search_term_string}\"},\"query-input\":{\"@type\":\"PropertyValueSpecification\",\"valueRequired\":true,\"valueName\":\"search_term_string\"}}],\"inLanguage\":\"fi\"},{\"@type\":\"Organization\",\"@id\":\"https:\/\/eestispaad.ee\/#organization\",\"name\":\"Eesti spaad\",\"url\":\"https:\/\/eestispaad.ee\/\",\"logo\":{\"@type\":\"ImageObject\",\"inLanguage\":\"fi\",\"@id\":\"https:\/\/eestispaad.ee\/#\/schema\/logo\/image\/\",\"url\":\"https:\/\/eestispaad.ee\/wp-content\/uploads\/2023\/12\/Screenshot-2023-12-09-at-21.42.51.png\",\"contentUrl\":\"https:\/\/eestispaad.ee\/wp-content\/uploads\/2023\/12\/Screenshot-2023-12-09-at-21.42.51.png\",\"width\":2130,\"height\":396,\"caption\":\"Eesti spaad\"},\"image\":{\"@id\":\"https:\/\/eestispaad.ee\/#\/schema\/logo\/image\/\"},\"sameAs\":[\"https:\/\/www.facebook.com\/estonianspas\"]}]}<\/script>\n<!-- \/ Yoast SEO plugin. -->","yoast_head_json":{"title":"VR elamus Narva-J\u00f5esuu Medical Spas - Eestispaad","description":"Olet hetkess\u00e4 trooppisella rannalla nauttien meren aaltojen \u00e4\u00e4nest\u00e4, l\u00e4mpim\u00e4st\u00e4 rantahiekasta jalkojesi alla. Se on nopein tapa paeta todellisuudesta ja kokea jotain t\u00e4ysin uutta.","robots":{"index":"index","follow":"follow","max-snippet":"max-snippet:-1","max-image-preview":"max-image-preview:large","max-video-preview":"max-video-preview:-1"},"canonical":"https:\/\/eestispaad.ee\/fi\/tuote\/vr-elamus\/","og_locale":"fi_FI","og_type":"article","og_title":"VR elamus Narva-J\u00f5esuu Medical Spas - Eestispaad","og_description":"Olet hetkess\u00e4 trooppisella rannalla nauttien meren aaltojen \u00e4\u00e4nest\u00e4, l\u00e4mpim\u00e4st\u00e4 rantahiekasta jalkojesi alla. Se on nopein tapa paeta todellisuudesta ja kokea jotain t\u00e4ysin uutta.","og_url":"https:\/\/eestispaad.ee\/fi\/tuote\/vr-elamus\/","og_site_name":"Eestispaad","article_publisher":"https:\/\/www.facebook.com\/estonianspas","article_modified_time":"2026-04-30T09:24:41+00:00","og_image":[{"width":1600,"height":900,"url":"https:\/\/eestispaad.ee\/wp-content\/uploads\/2023\/12\/Narva-Joesuu-Medical-Spa-27.png","type":"image\/png"}],"twitter_card":"summary_large_image","twitter_misc":{"Est. reading time":"1 minuutti"},"schema":{"@context":"https:\/\/schema.org","@graph":[{"@type":"WebPage","@id":"https:\/\/eestispaad.ee\/fi\/tuote\/vr-elamus\/","url":"https:\/\/eestispaad.ee\/fi\/tuote\/vr-elamus\/","name":"VR elamus Narva-J\u00f5esuu Medical Spas - Eestispaad","isPartOf":{"@id":"https:\/\/eestispaad.ee\/#website"},"primaryImageOfPage":{"@id":"https:\/\/eestispaad.ee\/fi\/tuote\/vr-elamus\/#primaryimage"},"image":{"@id":"https:\/\/eestispaad.ee\/fi\/tuote\/vr-elamus\/#primaryimage"},"thumbnailUrl":"https:\/\/eestispaad.ee\/wp-content\/uploads\/2023\/12\/Narva-Joesuu-Medical-Spa-27.png","datePublished":"2023-12-22T13:01:31+00:00","dateModified":"2026-04-30T09:24:41+00:00","description":"Olet hetkess\u00e4 trooppisella rannalla nauttien meren aaltojen \u00e4\u00e4nest\u00e4, l\u00e4mpim\u00e4st\u00e4 rantahiekasta jalkojesi alla. Se on nopein tapa paeta todellisuudesta ja kokea jotain t\u00e4ysin uutta.","breadcrumb":{"@id":"https:\/\/eestispaad.ee\/fi\/tuote\/vr-elamus\/#breadcrumb"},"inLanguage":"fi","potentialAction":[{"@type":"ReadAction","target":["https:\/\/eestispaad.ee\/fi\/tuote\/vr-elamus\/"]}]},{"@type":"ImageObject","inLanguage":"fi","@id":"https:\/\/eestispaad.ee\/fi\/tuote\/vr-elamus\/#primaryimage","url":"https:\/\/eestispaad.ee\/wp-content\/uploads\/2023\/12\/Narva-Joesuu-Medical-Spa-27.png","contentUrl":"https:\/\/eestispaad.ee\/wp-content\/uploads\/2023\/12\/Narva-Joesuu-Medical-Spa-27.png","width":1600,"height":900},{"@type":"BreadcrumbList","@id":"https:\/\/eestispaad.ee\/fi\/tuote\/vr-elamus\/#breadcrumb","itemListElement":[{"@type":"ListItem","position":1,"name":"Home","item":"https:\/\/eestispaad.ee\/fi\/"},{"@type":"ListItem","position":2,"name":"Shop","item":"https:\/\/eestispaad.ee\/fi\/shop\/"},{"@type":"ListItem","position":3,"name":"VR-kokemus"}]},{"@type":"WebSite","@id":"https:\/\/eestispaad.ee\/#website","url":"https:\/\/eestispaad.ee\/","name":"Eesti spaad","description":"","publisher":{"@id":"https:\/\/eestispaad.ee\/#organization"},"potentialAction":[{"@type":"SearchAction","target":{"@type":"EntryPoint","urlTemplate":"https:\/\/eestispaad.ee\/?s={search_term_string}"},"query-input":{"@type":"PropertyValueSpecification","valueRequired":true,"valueName":"search_term_string"}}],"inLanguage":"fi"},{"@type":"Organization","@id":"https:\/\/eestispaad.ee\/#organization","name":"Eesti spaad","url":"https:\/\/eestispaad.ee\/","logo":{"@type":"ImageObject","inLanguage":"fi","@id":"https:\/\/eestispaad.ee\/#\/schema\/logo\/image\/","url":"https:\/\/eestispaad.ee\/wp-content\/uploads\/2023\/12\/Screenshot-2023-12-09-at-21.42.51.png","contentUrl":"https:\/\/eestispaad.ee\/wp-content\/uploads\/2023\/12\/Screenshot-2023-12-09-at-21.42.51.png","width":2130,"height":396,"caption":"Eesti spaad"},"image":{"@id":"https:\/\/eestispaad.ee\/#\/schema\/logo\/image\/"},"sameAs":["https:\/\/www.facebook.com\/estonianspas"]}]}},"_links":{"self":[{"href":"https:\/\/eestispaad.ee\/fi\/wp-json\/wp\/v2\/product\/12263","targetHints":{"allow":["GET"]}}],"collection":[{"href":"https:\/\/eestispaad.ee\/fi\/wp-json\/wp\/v2\/product"}],"about":[{"href":"https:\/\/eestispaad.ee\/fi\/wp-json\/wp\/v2\/types\/product"}],"replies":[{"embeddable":true,"href":"https:\/\/eestispaad.ee\/fi\/wp-json\/wp\/v2\/comments?post=12263"}],"wp:featuredmedia":[{"embeddable":true,"href":"https:\/\/eestispaad.ee\/fi\/wp-json\/wp\/v2\/media\/5486"}],"wp:attachment":[{"href":"https:\/\/eestispaad.ee\/fi\/wp-json\/wp\/v2\/media?parent=12263"}],"wp:term":[{"taxonomy":"product_brand","embeddable":true,"href":"https:\/\/eestispaad.ee\/fi\/wp-json\/wp\/v2\/product_brand?post=12263"},{"taxonomy":"product_cat","embeddable":true,"href":"https:\/\/eestispaad.ee\/fi\/wp-json\/wp\/v2\/product_cat?post=12263"},{"taxonomy":"product_tag","embeddable":true,"href":"https:\/\/eestispaad.ee\/fi\/wp-json\/wp\/v2\/product_tag?post=12263"}],"curies":[{"name":"wp","href":"https:\/\/api.w.org\/{rel}","templated":true}]}}