{"id":12252,"date":"2023-12-22T15:07:23","date_gmt":"2023-12-22T13:07:23","guid":{"rendered":"https:\/\/eestispaad.ee\/product\/paikeseline-liivatuba\/"},"modified":"2026-04-30T12:09:13","modified_gmt":"2026-04-30T09:09:13","slug":"paikeseline-liivatuba","status":"publish","type":"product","link":"https:\/\/eestispaad.ee\/fi\/tuote\/paikeseline-liivatuba\/","title":{"rendered":"Aurinkoinen hiekkahuone, rentoutusmenetelm\u00e4 relaksointiin ja nuorentumiseen"},"content":{"rendered":"<p>Sulje silm\u00e4si, rentoudu ja nauti l\u00e4mpim\u00e4st\u00e4 kvartsihiekasta. Hengit\u00e4 ilmaa, joka on rikastettu 92 Himalajan suolan hivenaineella, ja rentoudu ihon nuorentamisprosesseja k\u00e4ynnist\u00e4vien lamppujen lempe\u00e4ss\u00e4 valossa.<\/p>\n<p class=\"wp-el\">Italialainen SCIC-valobiostimulaatiolaite kollageenilamppujen avulla stimuloi kollageenin tuotantoprosessia ja parantaa my\u00f6s aineenvaihduntaa. Ihosta tulee kiinte\u00e4 ja elastinen, ik\u00e4\u00e4ntymisprosessi hidastuu.<\/p>\n<p class=\"wp-el\">L\u00e4mpim\u00e4ll\u00e4 kvartsihiekalla t\u00e4ytetty kylpyl\u00e4sohva lievitt\u00e4\u00e4 lihas- ja hermoj\u00e4nnityst\u00e4, antaa miellytt\u00e4v\u00e4n l\u00e4mpim\u00e4n tunteen ik\u00e4\u00e4n kuin hiekkarannalla kes\u00e4lomalla. \u201dHiekkakylvyn\u201d rauhoittava kuiva l\u00e4mp\u00f6 l\u00e4mmitt\u00e4\u00e4 jokaista soluasi ja tarjoaa t\u00e4ydellisen rentoutumisen.<\/p>\n<p class=\"wp-el\">L\u00e4mmitettyn\u00e4 Himalajan suolalaatoista valmistettu sein\u00e4paneeli kyll\u00e4st\u00e4\u00e4 ilman 92 mineraalilla luoden suolaluolan vaikutelman, jolla on my\u00f6nteinen vaikutus ihoon ja koko elimist\u00f6\u00f6n.<\/p>\n<p class=\"wp-el\">Menettely vaikuttaa tehokkaasti kaikkiin ihotyyppeihin, my\u00f6s eritt\u00e4in herkk\u00e4\u00e4n ihoon. Ik\u00e4- tai kausirajoituksia ei ole.<\/p>\n<div>\n<div><b>Lis\u00e4tiedot ja varaukset:<\/b><\/div>\n<div>Puh:\u00a0+372 35 99 523<br \/>\nS\u00e4hkoposti:\u00a0ilu@narvajoesuu.ee<\/div>\n<\/div>\n","protected":false},"excerpt":{"rendered":"<p class=\"wp-el\">Italialainen SCIC-valobiostimulaatiolaite kollageenilamppujen avulla stimuloi kollageenin tuotantoprosessia ja parantaa my\u00f6s aineenvaihduntaa. Ihosta tulee kiinte\u00e4 ja elastinen, ik\u00e4\u00e4ntymisprosessi hidastuu.<\/p>\n<p class=\"wp-el\">L\u00e4mpim\u00e4ll\u00e4 kvartsihiekalla t\u00e4ytetty kylpyl\u00e4sohva lievitt\u00e4\u00e4 lihas- ja hermoj\u00e4nnityst\u00e4, antaa miellytt\u00e4v\u00e4n l\u00e4mpim\u00e4n tunteen ik\u00e4\u00e4n kuin hiekkarannalla kes\u00e4lomalla. \u201dHiekkakylvyn\u201d rauhoittava kuiva l\u00e4mp\u00f6 l\u00e4mmitt\u00e4\u00e4 jokaista soluasi ja tarjoaa t\u00e4ydellisen rentoutumisen.<\/p>\n<p class=\"wp-el\">L\u00e4mmitettyn\u00e4 Himalajan suolalaatoista valmistettu sein\u00e4paneeli kyll\u00e4st\u00e4\u00e4 ilman 92 mineraalilla luoden suolaluolan vaikutelman, jolla on my\u00f6nteinen vaikutus ihoon ja koko elimist\u00f6\u00f6n.<\/p>\n<p class=\"wp-el\">Menettely vaikuttaa tehokkaasti kaikkiin ihotyyppeihin, my\u00f6s eritt\u00e4in herkk\u00e4\u00e4n ihoon. Ik\u00e4- tai kausirajoituksia ei ole.<\/p>\n","protected":false},"featured_media":5491,"comment_status":"open","ping_status":"closed","template":"","meta":[],"product_brand":[],"product_cat":[86],"product_tag":[],"class_list":{"0":"post-12252","1":"product","2":"type-product","3":"status-publish","4":"has-post-thumbnail","6":"product_cat-hoidot","8":"first","9":"instock","10":"virtual","11":"purchasable","12":"product-type-simple"},"acf":[],"yoast_head":"<!-- This site is optimized with the Yoast SEO plugin v26.8 - https:\/\/yoast.com\/product\/yoast-seo-wordpress\/ -->\n<title>Aurinkoinen hiekkahuone, rentoutusmenetelm\u00e4 relaksointiin ja nuorentumiseen - Eestispaad<\/title>\n<meta name=\"description\" content=\"Italialainen SCIC-valobiostimulaatiolaite kollageenilamppujen avulla stimuloi kollageenin tuotantoprosessia ja parantaa my\u00f6s aineenvaihduntaa. Ihosta tulee kiinte\u00e4 ja elastinen, ik\u00e4\u00e4ntymisprosessi hidastuu.\" \/>\n<meta name=\"robots\" content=\"index, follow, max-snippet:-1, max-image-preview:large, max-video-preview:-1\" \/>\n<link rel=\"canonical\" href=\"https:\/\/eestispaad.ee\/fi\/tuote\/paikeseline-liivatuba\/\" \/>\n<meta property=\"og:locale\" content=\"fi_FI\" \/>\n<meta property=\"og:type\" content=\"article\" \/>\n<meta property=\"og:title\" content=\"Aurinkoinen hiekkahuone, rentoutusmenetelm\u00e4 relaksointiin ja nuorentumiseen - Eestispaad\" \/>\n<meta property=\"og:description\" content=\"Italialainen SCIC-valobiostimulaatiolaite kollageenilamppujen avulla stimuloi kollageenin tuotantoprosessia ja parantaa my\u00f6s aineenvaihduntaa. Ihosta tulee kiinte\u00e4 ja elastinen, ik\u00e4\u00e4ntymisprosessi hidastuu.\" \/>\n<meta property=\"og:url\" content=\"https:\/\/eestispaad.ee\/fi\/tuote\/paikeseline-liivatuba\/\" \/>\n<meta property=\"og:site_name\" content=\"Eestispaad\" \/>\n<meta property=\"article:publisher\" content=\"https:\/\/www.facebook.com\/estonianspas\" \/>\n<meta property=\"article:modified_time\" content=\"2026-04-30T09:09:13+00:00\" \/>\n<meta property=\"og:image\" content=\"https:\/\/eestispaad.ee\/wp-content\/uploads\/2023\/12\/Narva-Joesuu-Medical-Spa-28.png\" \/>\n\t<meta property=\"og:image:width\" content=\"1600\" \/>\n\t<meta property=\"og:image:height\" content=\"900\" \/>\n\t<meta property=\"og:image:type\" content=\"image\/png\" \/>\n<meta name=\"twitter:card\" content=\"summary_large_image\" \/>\n<meta name=\"twitter:label1\" content=\"Est. reading time\" \/>\n\t<meta name=\"twitter:data1\" content=\"1 minuutti\" \/>\n<script type=\"application\/ld+json\" class=\"yoast-schema-graph\">{\"@context\":\"https:\/\/schema.org\",\"@graph\":[{\"@type\":\"WebPage\",\"@id\":\"https:\/\/eestispaad.ee\/fi\/tuote\/paikeseline-liivatuba\/\",\"url\":\"https:\/\/eestispaad.ee\/fi\/tuote\/paikeseline-liivatuba\/\",\"name\":\"Aurinkoinen hiekkahuone, rentoutusmenetelm\u00e4 relaksointiin ja nuorentumiseen - Eestispaad\",\"isPartOf\":{\"@id\":\"https:\/\/eestispaad.ee\/#website\"},\"primaryImageOfPage\":{\"@id\":\"https:\/\/eestispaad.ee\/fi\/tuote\/paikeseline-liivatuba\/#primaryimage\"},\"image\":{\"@id\":\"https:\/\/eestispaad.ee\/fi\/tuote\/paikeseline-liivatuba\/#primaryimage\"},\"thumbnailUrl\":\"https:\/\/eestispaad.ee\/wp-content\/uploads\/2023\/12\/Narva-Joesuu-Medical-Spa-28.png\",\"datePublished\":\"2023-12-22T13:07:23+00:00\",\"dateModified\":\"2026-04-30T09:09:13+00:00\",\"description\":\"Italialainen SCIC-valobiostimulaatiolaite kollageenilamppujen avulla stimuloi kollageenin tuotantoprosessia ja parantaa my\u00f6s aineenvaihduntaa. Ihosta tulee kiinte\u00e4 ja elastinen, ik\u00e4\u00e4ntymisprosessi hidastuu.\",\"breadcrumb\":{\"@id\":\"https:\/\/eestispaad.ee\/fi\/tuote\/paikeseline-liivatuba\/#breadcrumb\"},\"inLanguage\":\"fi\",\"potentialAction\":[{\"@type\":\"ReadAction\",\"target\":[\"https:\/\/eestispaad.ee\/fi\/tuote\/paikeseline-liivatuba\/\"]}]},{\"@type\":\"ImageObject\",\"inLanguage\":\"fi\",\"@id\":\"https:\/\/eestispaad.ee\/fi\/tuote\/paikeseline-liivatuba\/#primaryimage\",\"url\":\"https:\/\/eestispaad.ee\/wp-content\/uploads\/2023\/12\/Narva-Joesuu-Medical-Spa-28.png\",\"contentUrl\":\"https:\/\/eestispaad.ee\/wp-content\/uploads\/2023\/12\/Narva-Joesuu-Medical-Spa-28.png\",\"width\":1600,\"height\":900},{\"@type\":\"BreadcrumbList\",\"@id\":\"https:\/\/eestispaad.ee\/fi\/tuote\/paikeseline-liivatuba\/#breadcrumb\",\"itemListElement\":[{\"@type\":\"ListItem\",\"position\":1,\"name\":\"Home\",\"item\":\"https:\/\/eestispaad.ee\/fi\/\"},{\"@type\":\"ListItem\",\"position\":2,\"name\":\"Shop\",\"item\":\"https:\/\/eestispaad.ee\/fi\/shop\/\"},{\"@type\":\"ListItem\",\"position\":3,\"name\":\"Aurinkoinen hiekkahuone, rentoutusmenetelm\u00e4 relaksointiin ja nuorentumiseen\"}]},{\"@type\":\"WebSite\",\"@id\":\"https:\/\/eestispaad.ee\/#website\",\"url\":\"https:\/\/eestispaad.ee\/\",\"name\":\"Eesti spaad\",\"description\":\"\",\"publisher\":{\"@id\":\"https:\/\/eestispaad.ee\/#organization\"},\"potentialAction\":[{\"@type\":\"SearchAction\",\"target\":{\"@type\":\"EntryPoint\",\"urlTemplate\":\"https:\/\/eestispaad.ee\/?s={search_term_string}\"},\"query-input\":{\"@type\":\"PropertyValueSpecification\",\"valueRequired\":true,\"valueName\":\"search_term_string\"}}],\"inLanguage\":\"fi\"},{\"@type\":\"Organization\",\"@id\":\"https:\/\/eestispaad.ee\/#organization\",\"name\":\"Eesti spaad\",\"url\":\"https:\/\/eestispaad.ee\/\",\"logo\":{\"@type\":\"ImageObject\",\"inLanguage\":\"fi\",\"@id\":\"https:\/\/eestispaad.ee\/#\/schema\/logo\/image\/\",\"url\":\"https:\/\/eestispaad.ee\/wp-content\/uploads\/2023\/12\/Screenshot-2023-12-09-at-21.42.51.png\",\"contentUrl\":\"https:\/\/eestispaad.ee\/wp-content\/uploads\/2023\/12\/Screenshot-2023-12-09-at-21.42.51.png\",\"width\":2130,\"height\":396,\"caption\":\"Eesti spaad\"},\"image\":{\"@id\":\"https:\/\/eestispaad.ee\/#\/schema\/logo\/image\/\"},\"sameAs\":[\"https:\/\/www.facebook.com\/estonianspas\"]}]}<\/script>\n<!-- \/ Yoast SEO plugin. -->","yoast_head_json":{"title":"Aurinkoinen hiekkahuone, rentoutusmenetelm\u00e4 relaksointiin ja nuorentumiseen - Eestispaad","description":"Italialainen SCIC-valobiostimulaatiolaite kollageenilamppujen avulla stimuloi kollageenin tuotantoprosessia ja parantaa my\u00f6s aineenvaihduntaa. Ihosta tulee kiinte\u00e4 ja elastinen, ik\u00e4\u00e4ntymisprosessi hidastuu.","robots":{"index":"index","follow":"follow","max-snippet":"max-snippet:-1","max-image-preview":"max-image-preview:large","max-video-preview":"max-video-preview:-1"},"canonical":"https:\/\/eestispaad.ee\/fi\/tuote\/paikeseline-liivatuba\/","og_locale":"fi_FI","og_type":"article","og_title":"Aurinkoinen hiekkahuone, rentoutusmenetelm\u00e4 relaksointiin ja nuorentumiseen - Eestispaad","og_description":"Italialainen SCIC-valobiostimulaatiolaite kollageenilamppujen avulla stimuloi kollageenin tuotantoprosessia ja parantaa my\u00f6s aineenvaihduntaa. Ihosta tulee kiinte\u00e4 ja elastinen, ik\u00e4\u00e4ntymisprosessi hidastuu.","og_url":"https:\/\/eestispaad.ee\/fi\/tuote\/paikeseline-liivatuba\/","og_site_name":"Eestispaad","article_publisher":"https:\/\/www.facebook.com\/estonianspas","article_modified_time":"2026-04-30T09:09:13+00:00","og_image":[{"width":1600,"height":900,"url":"https:\/\/eestispaad.ee\/wp-content\/uploads\/2023\/12\/Narva-Joesuu-Medical-Spa-28.png","type":"image\/png"}],"twitter_card":"summary_large_image","twitter_misc":{"Est. reading time":"1 minuutti"},"schema":{"@context":"https:\/\/schema.org","@graph":[{"@type":"WebPage","@id":"https:\/\/eestispaad.ee\/fi\/tuote\/paikeseline-liivatuba\/","url":"https:\/\/eestispaad.ee\/fi\/tuote\/paikeseline-liivatuba\/","name":"Aurinkoinen hiekkahuone, rentoutusmenetelm\u00e4 relaksointiin ja nuorentumiseen - Eestispaad","isPartOf":{"@id":"https:\/\/eestispaad.ee\/#website"},"primaryImageOfPage":{"@id":"https:\/\/eestispaad.ee\/fi\/tuote\/paikeseline-liivatuba\/#primaryimage"},"image":{"@id":"https:\/\/eestispaad.ee\/fi\/tuote\/paikeseline-liivatuba\/#primaryimage"},"thumbnailUrl":"https:\/\/eestispaad.ee\/wp-content\/uploads\/2023\/12\/Narva-Joesuu-Medical-Spa-28.png","datePublished":"2023-12-22T13:07:23+00:00","dateModified":"2026-04-30T09:09:13+00:00","description":"Italialainen SCIC-valobiostimulaatiolaite kollageenilamppujen avulla stimuloi kollageenin tuotantoprosessia ja parantaa my\u00f6s aineenvaihduntaa. Ihosta tulee kiinte\u00e4 ja elastinen, ik\u00e4\u00e4ntymisprosessi hidastuu.","breadcrumb":{"@id":"https:\/\/eestispaad.ee\/fi\/tuote\/paikeseline-liivatuba\/#breadcrumb"},"inLanguage":"fi","potentialAction":[{"@type":"ReadAction","target":["https:\/\/eestispaad.ee\/fi\/tuote\/paikeseline-liivatuba\/"]}]},{"@type":"ImageObject","inLanguage":"fi","@id":"https:\/\/eestispaad.ee\/fi\/tuote\/paikeseline-liivatuba\/#primaryimage","url":"https:\/\/eestispaad.ee\/wp-content\/uploads\/2023\/12\/Narva-Joesuu-Medical-Spa-28.png","contentUrl":"https:\/\/eestispaad.ee\/wp-content\/uploads\/2023\/12\/Narva-Joesuu-Medical-Spa-28.png","width":1600,"height":900},{"@type":"BreadcrumbList","@id":"https:\/\/eestispaad.ee\/fi\/tuote\/paikeseline-liivatuba\/#breadcrumb","itemListElement":[{"@type":"ListItem","position":1,"name":"Home","item":"https:\/\/eestispaad.ee\/fi\/"},{"@type":"ListItem","position":2,"name":"Shop","item":"https:\/\/eestispaad.ee\/fi\/shop\/"},{"@type":"ListItem","position":3,"name":"Aurinkoinen hiekkahuone, rentoutusmenetelm\u00e4 relaksointiin ja nuorentumiseen"}]},{"@type":"WebSite","@id":"https:\/\/eestispaad.ee\/#website","url":"https:\/\/eestispaad.ee\/","name":"Eesti spaad","description":"","publisher":{"@id":"https:\/\/eestispaad.ee\/#organization"},"potentialAction":[{"@type":"SearchAction","target":{"@type":"EntryPoint","urlTemplate":"https:\/\/eestispaad.ee\/?s={search_term_string}"},"query-input":{"@type":"PropertyValueSpecification","valueRequired":true,"valueName":"search_term_string"}}],"inLanguage":"fi"},{"@type":"Organization","@id":"https:\/\/eestispaad.ee\/#organization","name":"Eesti spaad","url":"https:\/\/eestispaad.ee\/","logo":{"@type":"ImageObject","inLanguage":"fi","@id":"https:\/\/eestispaad.ee\/#\/schema\/logo\/image\/","url":"https:\/\/eestispaad.ee\/wp-content\/uploads\/2023\/12\/Screenshot-2023-12-09-at-21.42.51.png","contentUrl":"https:\/\/eestispaad.ee\/wp-content\/uploads\/2023\/12\/Screenshot-2023-12-09-at-21.42.51.png","width":2130,"height":396,"caption":"Eesti spaad"},"image":{"@id":"https:\/\/eestispaad.ee\/#\/schema\/logo\/image\/"},"sameAs":["https:\/\/www.facebook.com\/estonianspas"]}]}},"_links":{"self":[{"href":"https:\/\/eestispaad.ee\/fi\/wp-json\/wp\/v2\/product\/12252","targetHints":{"allow":["GET"]}}],"collection":[{"href":"https:\/\/eestispaad.ee\/fi\/wp-json\/wp\/v2\/product"}],"about":[{"href":"https:\/\/eestispaad.ee\/fi\/wp-json\/wp\/v2\/types\/product"}],"replies":[{"embeddable":true,"href":"https:\/\/eestispaad.ee\/fi\/wp-json\/wp\/v2\/comments?post=12252"}],"wp:featuredmedia":[{"embeddable":true,"href":"https:\/\/eestispaad.ee\/fi\/wp-json\/wp\/v2\/media\/5491"}],"wp:attachment":[{"href":"https:\/\/eestispaad.ee\/fi\/wp-json\/wp\/v2\/media?parent=12252"}],"wp:term":[{"taxonomy":"product_brand","embeddable":true,"href":"https:\/\/eestispaad.ee\/fi\/wp-json\/wp\/v2\/product_brand?post=12252"},{"taxonomy":"product_cat","embeddable":true,"href":"https:\/\/eestispaad.ee\/fi\/wp-json\/wp\/v2\/product_cat?post=12252"},{"taxonomy":"product_tag","embeddable":true,"href":"https:\/\/eestispaad.ee\/fi\/wp-json\/wp\/v2\/product_tag?post=12252"}],"curies":[{"name":"wp","href":"https:\/\/api.w.org\/{rel}","templated":true}]}}