{"id":12233,"date":"2023-12-22T15:29:30","date_gmt":"2023-12-22T13:29:30","guid":{"rendered":"https:\/\/eestispaad.ee\/product\/anti-age-fototeraapia-aparaadiga-omega-light\/"},"modified":"2026-04-30T11:44:17","modified_gmt":"2026-04-30T08:44:17","slug":"anti-age-fototeraapia-aparaadiga-omega-light","status":"publish","type":"product","link":"https:\/\/eestispaad.ee\/fi\/tuote\/anti-age-fototeraapia-aparaadiga-omega-light\/","title":{"rendered":"Anti-age valohoito Omega Light-laitteella"},"content":{"rendered":"<p>Anti-age valohoitoa Omega Light-laitteella k\u00e4ytet\u00e4\u00e4n kaikkien ihotyyppien tehokkaaseen hoitoon ja regenerointiin. Hoito elvytt\u00e4\u00e4 v\u00e4litt\u00f6m\u00e4sti v\u00e4syneen ja samean ihon, edist\u00e4\u00e4 myrkkyjen poistoa, parantaa ja tasoittaa ihoa. Vaikka yhden hoitokerran j\u00e4lkeen iho n\u00e4ytt\u00e4\u00e4 huomattavalta kosteampi, sile\u00e4mpi ja kirkkaampi. Punoitus ja \u00e4rsytys v\u00e4henee, kollageenin ja elastiinin muodostuminen nopeutuu.<\/p>\n<div class=\"wp-block-image\"><img decoding=\"async\" class=\"alignnone wp-image-5512 size-medium\" src=\"https:\/\/eestispaad.ee\/wp-content\/uploads\/2023\/12\/Narva-Joesuu-Medical-Spa-34-300x169.png\" alt=\"anti-age fototeraapia\" width=\"300\" height=\"169\" srcset=\"https:\/\/eestispaad.ee\/wp-content\/uploads\/2023\/12\/Narva-Joesuu-Medical-Spa-34-300x169.png 300w, https:\/\/eestispaad.ee\/wp-content\/uploads\/2023\/12\/Narva-Joesuu-Medical-Spa-34-1024x576.png 1024w, https:\/\/eestispaad.ee\/wp-content\/uploads\/2023\/12\/Narva-Joesuu-Medical-Spa-34-768x432.png 768w, https:\/\/eestispaad.ee\/wp-content\/uploads\/2023\/12\/Narva-Joesuu-Medical-Spa-34-1536x864.png 1536w, https:\/\/eestispaad.ee\/wp-content\/uploads\/2023\/12\/Narva-Joesuu-Medical-Spa-34-1568x882.png 1568w, https:\/\/eestispaad.ee\/wp-content\/uploads\/2023\/12\/Narva-Joesuu-Medical-Spa-34-600x338.png 600w, https:\/\/eestispaad.ee\/wp-content\/uploads\/2023\/12\/Narva-Joesuu-Medical-Spa-34-100x56.png 100w, https:\/\/eestispaad.ee\/wp-content\/uploads\/2023\/12\/Narva-Joesuu-Medical-Spa-34.png 1600w\" sizes=\"(max-width: 300px) 100vw, 300px\" \/><\/div>\n<p class=\"wp-el\">Ainutlaatuinen laite, jolla voi tehd\u00e4 valohoitoa. Kliinisesti tutkitun LEDin ansiosta saavutetaan erinomaisia tuloksia useiden levinneiden iho-ongelmien hoidossa kuten ik\u00e4\u00e4ntyminen, akne, ruusufinni, pigmentaatio ja tulehdukselliset sairaudet (ekseema, dermatiitti, psoriaasi). Suosittelemme k\u00e4ytt\u00e4m\u00e4\u00e4n 1-3 kertaa viikossa.<\/p>\n<p class=\"wp-el\"><strong>Laitteella on seuraava vaikutus:<\/strong><\/p>\n<ul class=\"wp-el wp-block-list\">\n<li>Punainen valo \u2013 nopeuttaa kollageenin ja elastiinin muodostumista; elvytt\u00e4\u00e4 verenkiertoa, parantaa ja tasoittaa ihon v\u00e4ri\u00e4<\/li>\n<li>Sininen valo \u2013 h\u00e4vitt\u00e4\u00e4 bakteereja, lievitt\u00e4\u00e4 \u00e4rsytyst\u00e4 ja aknetulehdusta<\/li>\n<li>Vihre\u00e4 valo \u2013 edist\u00e4\u00e4 myrkkyjen poistumista, rauhoittava vaikutus<\/li>\n<li>Keltainen valo \u2013 s\u00e4\u00e4telee melatoniinitasoa, v\u00e4hent\u00e4\u00e4 pigmentaatiota ja punoitusta, lievitt\u00e4\u00e4 turvotusta<\/li>\n<li>Vaaleansininen valo \u2013 pehment\u00e4\u00e4, kosteuttaa ja rauhoittaa ihoa, hidastaa ennenaikaista ik\u00e4\u00e4ntymist\u00e4. Vaikuttaa sameaan, voimakkaasti kuivuneeseen ihoon, stimuloi kollageenin muodostumista<\/li>\n<li>Valkoinen valo \u2013 rauhoittaa, elvytt\u00e4\u00e4, vahvistaa hoidon vaikutusta, stressi\u00e4 lievitt\u00e4v\u00e4, detox<\/li>\n<li>Violetti valo \u2013 poistaa myrkkyj\u00e4, rentouttaa, palauttaa kimmoisuuden, ik\u00e4\u00e4ntymisen est\u00e4v\u00e4<\/li>\n<\/ul>\n<div><b>Lis\u00e4tiedot ja varaukset:<\/b><\/div>\n<div>Puh: +372 35 99 523<br \/>\nS\u00e4hkoposti: ilu@narvajoesuu.ee<\/div>\n<p>&nbsp;<\/p>\n","protected":false},"excerpt":{"rendered":"<p>Anti-age valohoitoa Omega Light-laitteella k\u00e4ytet\u00e4\u00e4n kaikkien ihotyyppien tehokkaaseen hoitoon ja regenerointiin. Hoito elvytt\u00e4\u00e4 v\u00e4litt\u00f6m\u00e4sti v\u00e4syneen ja samean ihon, edist\u00e4\u00e4 myrkkyjen poistoa, parantaa ja tasoittaa ihoa. Vaikka yhden hoitokerran j\u00e4lkeen iho n\u00e4ytt\u00e4\u00e4 huomattavalta kosteampi, sile\u00e4mpi ja kirkkaampi. Punoitus ja \u00e4rsytys v\u00e4henee, kollageenin ja elastiinin muodostuminen nopeutuu.<\/p>\n","protected":false},"featured_media":5510,"comment_status":"open","ping_status":"closed","template":"","meta":[],"product_brand":[],"product_cat":[86],"product_tag":[],"class_list":{"0":"post-12233","1":"product","2":"type-product","3":"status-publish","4":"has-post-thumbnail","6":"product_cat-hoidot","8":"first","9":"instock","10":"virtual","11":"purchasable","12":"product-type-simple"},"acf":[],"yoast_head":"<!-- This site is optimized with the Yoast SEO plugin v26.8 - https:\/\/yoast.com\/product\/yoast-seo-wordpress\/ -->\n<title>Anti-age valohoito Omega Light-laitteella - Eestispaad<\/title>\n<meta name=\"description\" content=\"Anti-age valohoitoa Omega Light-laitteella k\u00e4ytet\u00e4\u00e4n kaikkien ihotyyppien tehokkaaseen hoitoon ja regenerointiin..\" \/>\n<meta name=\"robots\" content=\"index, follow, max-snippet:-1, max-image-preview:large, max-video-preview:-1\" \/>\n<link rel=\"canonical\" href=\"https:\/\/eestispaad.ee\/fi\/tuote\/anti-age-fototeraapia-aparaadiga-omega-light\/\" \/>\n<meta property=\"og:locale\" content=\"fi_FI\" \/>\n<meta property=\"og:type\" content=\"article\" \/>\n<meta property=\"og:title\" content=\"Anti-age valohoito Omega Light-laitteella - Eestispaad\" \/>\n<meta property=\"og:description\" content=\"Anti-age valohoitoa Omega Light-laitteella k\u00e4ytet\u00e4\u00e4n kaikkien ihotyyppien tehokkaaseen hoitoon ja regenerointiin..\" \/>\n<meta property=\"og:url\" content=\"https:\/\/eestispaad.ee\/fi\/tuote\/anti-age-fototeraapia-aparaadiga-omega-light\/\" \/>\n<meta property=\"og:site_name\" content=\"Eestispaad\" \/>\n<meta property=\"article:publisher\" content=\"https:\/\/www.facebook.com\/estonianspas\" \/>\n<meta property=\"article:modified_time\" content=\"2026-04-30T08:44:17+00:00\" \/>\n<meta property=\"og:image\" content=\"https:\/\/eestispaad.ee\/wp-content\/uploads\/2023\/12\/Narva-Joesuu-Medical-Spa-35.png\" \/>\n\t<meta property=\"og:image:width\" content=\"1600\" \/>\n\t<meta property=\"og:image:height\" content=\"900\" \/>\n\t<meta property=\"og:image:type\" content=\"image\/png\" \/>\n<meta name=\"twitter:card\" content=\"summary_large_image\" \/>\n<meta name=\"twitter:label1\" content=\"Est. reading time\" \/>\n\t<meta name=\"twitter:data1\" content=\"2 minuutti\" \/>\n<script type=\"application\/ld+json\" class=\"yoast-schema-graph\">{\"@context\":\"https:\/\/schema.org\",\"@graph\":[{\"@type\":\"WebPage\",\"@id\":\"https:\/\/eestispaad.ee\/fi\/tuote\/anti-age-fototeraapia-aparaadiga-omega-light\/\",\"url\":\"https:\/\/eestispaad.ee\/fi\/tuote\/anti-age-fototeraapia-aparaadiga-omega-light\/\",\"name\":\"Anti-age valohoito Omega Light-laitteella - Eestispaad\",\"isPartOf\":{\"@id\":\"https:\/\/eestispaad.ee\/#website\"},\"primaryImageOfPage\":{\"@id\":\"https:\/\/eestispaad.ee\/fi\/tuote\/anti-age-fototeraapia-aparaadiga-omega-light\/#primaryimage\"},\"image\":{\"@id\":\"https:\/\/eestispaad.ee\/fi\/tuote\/anti-age-fototeraapia-aparaadiga-omega-light\/#primaryimage\"},\"thumbnailUrl\":\"https:\/\/eestispaad.ee\/wp-content\/uploads\/2023\/12\/Narva-Joesuu-Medical-Spa-35.png\",\"datePublished\":\"2023-12-22T13:29:30+00:00\",\"dateModified\":\"2026-04-30T08:44:17+00:00\",\"description\":\"Anti-age valohoitoa Omega Light-laitteella k\u00e4ytet\u00e4\u00e4n kaikkien ihotyyppien tehokkaaseen hoitoon ja regenerointiin..\",\"breadcrumb\":{\"@id\":\"https:\/\/eestispaad.ee\/fi\/tuote\/anti-age-fototeraapia-aparaadiga-omega-light\/#breadcrumb\"},\"inLanguage\":\"fi\",\"potentialAction\":[{\"@type\":\"ReadAction\",\"target\":[\"https:\/\/eestispaad.ee\/fi\/tuote\/anti-age-fototeraapia-aparaadiga-omega-light\/\"]}]},{\"@type\":\"ImageObject\",\"inLanguage\":\"fi\",\"@id\":\"https:\/\/eestispaad.ee\/fi\/tuote\/anti-age-fototeraapia-aparaadiga-omega-light\/#primaryimage\",\"url\":\"https:\/\/eestispaad.ee\/wp-content\/uploads\/2023\/12\/Narva-Joesuu-Medical-Spa-35.png\",\"contentUrl\":\"https:\/\/eestispaad.ee\/wp-content\/uploads\/2023\/12\/Narva-Joesuu-Medical-Spa-35.png\",\"width\":1600,\"height\":900},{\"@type\":\"BreadcrumbList\",\"@id\":\"https:\/\/eestispaad.ee\/fi\/tuote\/anti-age-fototeraapia-aparaadiga-omega-light\/#breadcrumb\",\"itemListElement\":[{\"@type\":\"ListItem\",\"position\":1,\"name\":\"Home\",\"item\":\"https:\/\/eestispaad.ee\/fi\/\"},{\"@type\":\"ListItem\",\"position\":2,\"name\":\"Shop\",\"item\":\"https:\/\/eestispaad.ee\/fi\/shop\/\"},{\"@type\":\"ListItem\",\"position\":3,\"name\":\"Anti-age valohoito Omega Light-laitteella\"}]},{\"@type\":\"WebSite\",\"@id\":\"https:\/\/eestispaad.ee\/#website\",\"url\":\"https:\/\/eestispaad.ee\/\",\"name\":\"Eesti spaad\",\"description\":\"\",\"publisher\":{\"@id\":\"https:\/\/eestispaad.ee\/#organization\"},\"potentialAction\":[{\"@type\":\"SearchAction\",\"target\":{\"@type\":\"EntryPoint\",\"urlTemplate\":\"https:\/\/eestispaad.ee\/?s={search_term_string}\"},\"query-input\":{\"@type\":\"PropertyValueSpecification\",\"valueRequired\":true,\"valueName\":\"search_term_string\"}}],\"inLanguage\":\"fi\"},{\"@type\":\"Organization\",\"@id\":\"https:\/\/eestispaad.ee\/#organization\",\"name\":\"Eesti spaad\",\"url\":\"https:\/\/eestispaad.ee\/\",\"logo\":{\"@type\":\"ImageObject\",\"inLanguage\":\"fi\",\"@id\":\"https:\/\/eestispaad.ee\/#\/schema\/logo\/image\/\",\"url\":\"https:\/\/eestispaad.ee\/wp-content\/uploads\/2023\/12\/Screenshot-2023-12-09-at-21.42.51.png\",\"contentUrl\":\"https:\/\/eestispaad.ee\/wp-content\/uploads\/2023\/12\/Screenshot-2023-12-09-at-21.42.51.png\",\"width\":2130,\"height\":396,\"caption\":\"Eesti spaad\"},\"image\":{\"@id\":\"https:\/\/eestispaad.ee\/#\/schema\/logo\/image\/\"},\"sameAs\":[\"https:\/\/www.facebook.com\/estonianspas\"]}]}<\/script>\n<!-- \/ Yoast SEO plugin. -->","yoast_head_json":{"title":"Anti-age valohoito Omega Light-laitteella - Eestispaad","description":"Anti-age valohoitoa Omega Light-laitteella k\u00e4ytet\u00e4\u00e4n kaikkien ihotyyppien tehokkaaseen hoitoon ja regenerointiin..","robots":{"index":"index","follow":"follow","max-snippet":"max-snippet:-1","max-image-preview":"max-image-preview:large","max-video-preview":"max-video-preview:-1"},"canonical":"https:\/\/eestispaad.ee\/fi\/tuote\/anti-age-fototeraapia-aparaadiga-omega-light\/","og_locale":"fi_FI","og_type":"article","og_title":"Anti-age valohoito Omega Light-laitteella - Eestispaad","og_description":"Anti-age valohoitoa Omega Light-laitteella k\u00e4ytet\u00e4\u00e4n kaikkien ihotyyppien tehokkaaseen hoitoon ja regenerointiin..","og_url":"https:\/\/eestispaad.ee\/fi\/tuote\/anti-age-fototeraapia-aparaadiga-omega-light\/","og_site_name":"Eestispaad","article_publisher":"https:\/\/www.facebook.com\/estonianspas","article_modified_time":"2026-04-30T08:44:17+00:00","og_image":[{"width":1600,"height":900,"url":"https:\/\/eestispaad.ee\/wp-content\/uploads\/2023\/12\/Narva-Joesuu-Medical-Spa-35.png","type":"image\/png"}],"twitter_card":"summary_large_image","twitter_misc":{"Est. reading time":"2 minuutti"},"schema":{"@context":"https:\/\/schema.org","@graph":[{"@type":"WebPage","@id":"https:\/\/eestispaad.ee\/fi\/tuote\/anti-age-fototeraapia-aparaadiga-omega-light\/","url":"https:\/\/eestispaad.ee\/fi\/tuote\/anti-age-fototeraapia-aparaadiga-omega-light\/","name":"Anti-age valohoito Omega Light-laitteella - Eestispaad","isPartOf":{"@id":"https:\/\/eestispaad.ee\/#website"},"primaryImageOfPage":{"@id":"https:\/\/eestispaad.ee\/fi\/tuote\/anti-age-fototeraapia-aparaadiga-omega-light\/#primaryimage"},"image":{"@id":"https:\/\/eestispaad.ee\/fi\/tuote\/anti-age-fototeraapia-aparaadiga-omega-light\/#primaryimage"},"thumbnailUrl":"https:\/\/eestispaad.ee\/wp-content\/uploads\/2023\/12\/Narva-Joesuu-Medical-Spa-35.png","datePublished":"2023-12-22T13:29:30+00:00","dateModified":"2026-04-30T08:44:17+00:00","description":"Anti-age valohoitoa Omega Light-laitteella k\u00e4ytet\u00e4\u00e4n kaikkien ihotyyppien tehokkaaseen hoitoon ja regenerointiin..","breadcrumb":{"@id":"https:\/\/eestispaad.ee\/fi\/tuote\/anti-age-fototeraapia-aparaadiga-omega-light\/#breadcrumb"},"inLanguage":"fi","potentialAction":[{"@type":"ReadAction","target":["https:\/\/eestispaad.ee\/fi\/tuote\/anti-age-fototeraapia-aparaadiga-omega-light\/"]}]},{"@type":"ImageObject","inLanguage":"fi","@id":"https:\/\/eestispaad.ee\/fi\/tuote\/anti-age-fototeraapia-aparaadiga-omega-light\/#primaryimage","url":"https:\/\/eestispaad.ee\/wp-content\/uploads\/2023\/12\/Narva-Joesuu-Medical-Spa-35.png","contentUrl":"https:\/\/eestispaad.ee\/wp-content\/uploads\/2023\/12\/Narva-Joesuu-Medical-Spa-35.png","width":1600,"height":900},{"@type":"BreadcrumbList","@id":"https:\/\/eestispaad.ee\/fi\/tuote\/anti-age-fototeraapia-aparaadiga-omega-light\/#breadcrumb","itemListElement":[{"@type":"ListItem","position":1,"name":"Home","item":"https:\/\/eestispaad.ee\/fi\/"},{"@type":"ListItem","position":2,"name":"Shop","item":"https:\/\/eestispaad.ee\/fi\/shop\/"},{"@type":"ListItem","position":3,"name":"Anti-age valohoito Omega Light-laitteella"}]},{"@type":"WebSite","@id":"https:\/\/eestispaad.ee\/#website","url":"https:\/\/eestispaad.ee\/","name":"Eesti spaad","description":"","publisher":{"@id":"https:\/\/eestispaad.ee\/#organization"},"potentialAction":[{"@type":"SearchAction","target":{"@type":"EntryPoint","urlTemplate":"https:\/\/eestispaad.ee\/?s={search_term_string}"},"query-input":{"@type":"PropertyValueSpecification","valueRequired":true,"valueName":"search_term_string"}}],"inLanguage":"fi"},{"@type":"Organization","@id":"https:\/\/eestispaad.ee\/#organization","name":"Eesti spaad","url":"https:\/\/eestispaad.ee\/","logo":{"@type":"ImageObject","inLanguage":"fi","@id":"https:\/\/eestispaad.ee\/#\/schema\/logo\/image\/","url":"https:\/\/eestispaad.ee\/wp-content\/uploads\/2023\/12\/Screenshot-2023-12-09-at-21.42.51.png","contentUrl":"https:\/\/eestispaad.ee\/wp-content\/uploads\/2023\/12\/Screenshot-2023-12-09-at-21.42.51.png","width":2130,"height":396,"caption":"Eesti spaad"},"image":{"@id":"https:\/\/eestispaad.ee\/#\/schema\/logo\/image\/"},"sameAs":["https:\/\/www.facebook.com\/estonianspas"]}]}},"_links":{"self":[{"href":"https:\/\/eestispaad.ee\/fi\/wp-json\/wp\/v2\/product\/12233","targetHints":{"allow":["GET"]}}],"collection":[{"href":"https:\/\/eestispaad.ee\/fi\/wp-json\/wp\/v2\/product"}],"about":[{"href":"https:\/\/eestispaad.ee\/fi\/wp-json\/wp\/v2\/types\/product"}],"replies":[{"embeddable":true,"href":"https:\/\/eestispaad.ee\/fi\/wp-json\/wp\/v2\/comments?post=12233"}],"wp:featuredmedia":[{"embeddable":true,"href":"https:\/\/eestispaad.ee\/fi\/wp-json\/wp\/v2\/media\/5510"}],"wp:attachment":[{"href":"https:\/\/eestispaad.ee\/fi\/wp-json\/wp\/v2\/media?parent=12233"}],"wp:term":[{"taxonomy":"product_brand","embeddable":true,"href":"https:\/\/eestispaad.ee\/fi\/wp-json\/wp\/v2\/product_brand?post=12233"},{"taxonomy":"product_cat","embeddable":true,"href":"https:\/\/eestispaad.ee\/fi\/wp-json\/wp\/v2\/product_cat?post=12233"},{"taxonomy":"product_tag","embeddable":true,"href":"https:\/\/eestispaad.ee\/fi\/wp-json\/wp\/v2\/product_tag?post=12233"}],"curies":[{"name":"wp","href":"https:\/\/api.w.org\/{rel}","templated":true}]}}