{"id":8690,"date":"2023-06-28T13:58:21","date_gmt":"2023-06-28T10:58:21","guid":{"rendered":"https:\/\/eestispaad.ee\/product\/kinkekaart-100\/"},"modified":"2026-02-13T11:26:00","modified_gmt":"2026-02-13T09:26:00","slug":"giftcard-100","status":"publish","type":"product","link":"https:\/\/eestispaad.ee\/en\/product\/giftcard-100\/","title":{"rendered":"Gift card 100\u20ac"},"content":{"rendered":"<ul>\r\n<li>The gift card can be used for accommodation services or spa packages with accommodation in the listed spa hotel, based on a prior reservation and at the hotel reception desk.<\/li>\r\n<li>The validity of the gift card is 12 months.<\/li>\r\n<li>The gift card can be used within the validity period and amount specified on the card.<\/li>\r\n<li>The gift card is non-returnable and cannot be exchanged for cash.<\/li>\r\n<li>New gift cards cannot be purchased with gift cards.<\/li>\r\n<li>Lost cards will not be replaced.<\/li>\r\n<li>Please make sure to bring the gift card with you when redeeming the service!<\/li>\r\n<\/ul>\r\n<p><strong>The gift card can be used for:<\/strong><\/p>\r\n<ul>\r\n<li><a href=\"https:\/\/www.aurakeskus.ee\/\">Aura Keskus<\/a><\/li>\r\n<!-- \/wp:post-content -->\r\n\r\n<!-- wp:list-item -->\r\n<li><a href=\"https:\/\/eestispaad.ee\/hotel\/estonia-medical-spa-hotel\/\">Estonia Medical Spa &amp; Hotel<\/a><\/li>\r\n<!-- \/wp:list-item -->\r\n\r\n<!-- wp:list-item -->\r\n<li><a href=\"https:\/\/eestispaad.ee\/hotel\/estonia-resort-hotel-spa\/\">Estonia Resort Hotel &amp; Spa<\/a><\/li>\r\n<!-- \/wp:list-item -->\r\n\r\n<!-- wp:list-item -->\r\n<li><a href=\"https:\/\/eestispaad.ee\/hotel\/fra-mare-thalasso-spa\/\">Fra Mare Thalasso Spa<\/a><\/li>\r\n<!-- \/wp:list-item -->\r\n\r\n<!-- wp:list-item -->\r\n<li><a href=\"https:\/\/eestispaad.ee\/hotel\/kalev-spa-hotell-veekeskus\/\">Kalev Spa Hotell &amp; Veekeskus<\/a><\/li>\r\n<!-- \/wp:list-item -->\r\n\r\n<!-- wp:list-item -->\r\n<li><a href=\"https:\/\/eestispaad.ee\/hotel\/lossispaa-wagenkull\/\">Lossispaa Wagenk\u00fcll<\/a><\/li>\r\n<!-- \/wp:list-item -->\r\n\r\n<!-- wp:list-item -->\r\n<li><a href=\"https:\/\/eestispaad.ee\/hotel\/narva-joesuu-medical-spa\/\">Narva-J\u00f5esuu Medical Spa<\/a><\/li>\r\n<!-- \/wp:list-item -->\r\n\r\n<!-- wp:list-item -->\r\n<li><a href=\"https:\/\/eestispaad.ee\/hotel\/puhajarve-spa-puhkekeskus\/\">P\u00fchaj\u00e4rve Spa &amp; Puhkekeskus<\/a><\/li>\r\n<!-- \/wp:list-item -->\r\n\r\n<!-- wp:list-item -->\r\n<li><a href=\"https:\/\/eestispaad.ee\/hotel\/suure-jaani-tervisekoda-veekeskus\/\">Suure-Jaani Tervisekoda<\/a><\/li>\r\n<!-- \/wp:list-item -->\r\n\r\n<!-- wp:list-item -->\r\n<li><a href=\"https:\/\/eestispaad.ee\/hotel\/tervis-ravispaahotell\/\">Tervis Ravispaahotell<\/a><\/li>\r\n<!-- \/wp:list-item -->\r\n\r\n<!-- wp:list-item -->\r\n<li><a href=\"https:\/\/eestispaad.ee\/hotel\/tervise-paradiis-spaa-hotell-ja-veekeskus\/\">Tervise Paradiis Spa Hotell &amp; Veekeskus<\/a><\/li>\r\n<!-- \/wp:list-item -->\r\n\r\n<!-- wp:list-item -->\r\n<li><a href=\"https:\/\/eestispaad.ee\/hotel\/toila-spa-hotell\/\">Toila Spa Hotell<\/a><\/li>\r\n<!-- \/wp:list-item -->\r\n\r\n<!-- wp:list-item -->\r\n<li><a href=\"https:\/\/eestispaad.ee\/hotel\/varska-kuurortravikeskus\/\">V\u00e4rska Kuurortravikeskus<\/a><\/li>\r\n<!-- \/wp:list-item -->\r\n\r\n<!-- wp:list-item -->\r\n<li><a href=\"https:\/\/eestispaad.ee\/hotel\/viiking-spaa-hotell\/\">Viiking Spa Hotel<\/a><\/li>\r\n<!-- \/wp:list-item -->\r\n\r\n<!-- wp:list-item -->\r\n<li><a href=\"https:\/\/eestispaad.ee\/hotel\/v-spa\/\">V Spa<\/a><\/li>\r\n<!-- \/wp:list-item --><\/ul>\r\n<p><!-- \/wp:list --><\/p>","protected":false},"excerpt":{"rendered":"<p>The gift card can be used for accommodation services or spa packages with accommodation in the listed spa hotel, based on a prior reservation and at the hotel reception desk. The validity of the gift card is 12 months. The gift card can be used within the validity period and amount specified on the card. [&hellip;]<\/p>\n","protected":false},"featured_media":6126,"comment_status":"open","ping_status":"closed","template":"","meta":[],"product_brand":[],"product_cat":[210],"product_tag":[],"class_list":{"0":"post-8690","1":"product","2":"type-product","3":"status-publish","4":"has-post-thumbnail","6":"product_cat-gift-cards","8":"first","9":"instock","10":"virtual","11":"purchasable","12":"product-type-simple"},"acf":[],"yoast_head":"<!-- This site is optimized with the Yoast SEO plugin v26.8 - https:\/\/yoast.com\/product\/yoast-seo-wordpress\/ -->\n<title>Gift card 100\u20ac spaahotellidele \u00fcle Eesti - Eestispaad<\/title>\n<meta name=\"description\" content=\"Eesti spaade kinkekaart - see on ideaalne v\u00f5imalus kinkida oma l\u00e4hedasele meeldej\u00e4\u00e4vaid elamusi ja l\u00f5\u00f5gastavaid puhkusehetki. Leia k\u00f5ige lemmikum spaa!\" \/>\n<meta name=\"robots\" content=\"index, follow, max-snippet:-1, max-image-preview:large, max-video-preview:-1\" \/>\n<link rel=\"canonical\" href=\"https:\/\/eestispaad.ee\/en\/product\/giftcard-100\/\" \/>\n<meta property=\"og:locale\" content=\"en_US\" \/>\n<meta property=\"og:type\" content=\"article\" \/>\n<meta property=\"og:title\" content=\"Gift card 100\u20ac spaahotellidele \u00fcle Eesti - Eestispaad\" \/>\n<meta property=\"og:description\" content=\"Eesti spaade kinkekaart - see on ideaalne v\u00f5imalus kinkida oma l\u00e4hedasele meeldej\u00e4\u00e4vaid elamusi ja l\u00f5\u00f5gastavaid puhkusehetki. Leia k\u00f5ige lemmikum spaa!\" \/>\n<meta property=\"og:url\" content=\"https:\/\/eestispaad.ee\/en\/product\/giftcard-100\/\" \/>\n<meta property=\"og:site_name\" content=\"Eestispaad\" \/>\n<meta property=\"article:publisher\" content=\"https:\/\/www.facebook.com\/estonianspas\" \/>\n<meta property=\"article:modified_time\" content=\"2026-02-13T09:26:00+00:00\" \/>\n<meta property=\"og:image\" content=\"https:\/\/eestispaad.ee\/wp-content\/uploads\/2023\/06\/espal_kinkekaart_hotell_1080x1080_Insta2.jpg\" \/>\n\t<meta property=\"og:image:width\" content=\"1080\" \/>\n\t<meta property=\"og:image:height\" content=\"770\" \/>\n\t<meta property=\"og:image:type\" content=\"image\/jpeg\" \/>\n<meta name=\"twitter:card\" content=\"summary_large_image\" \/>\n<meta name=\"twitter:label1\" content=\"Est. reading time\" \/>\n\t<meta name=\"twitter:data1\" content=\"2 minutes\" \/>\n<script type=\"application\/ld+json\" class=\"yoast-schema-graph\">{\"@context\":\"https:\/\/schema.org\",\"@graph\":[{\"@type\":\"WebPage\",\"@id\":\"https:\/\/eestispaad.ee\/en\/product\/giftcard-100\/\",\"url\":\"https:\/\/eestispaad.ee\/en\/product\/giftcard-100\/\",\"name\":\"Gift card 100\u20ac spaahotellidele \u00fcle Eesti - Eestispaad\",\"isPartOf\":{\"@id\":\"https:\/\/eestispaad.ee\/#website\"},\"primaryImageOfPage\":{\"@id\":\"https:\/\/eestispaad.ee\/en\/product\/giftcard-100\/#primaryimage\"},\"image\":{\"@id\":\"https:\/\/eestispaad.ee\/en\/product\/giftcard-100\/#primaryimage\"},\"thumbnailUrl\":\"https:\/\/eestispaad.ee\/wp-content\/uploads\/2023\/06\/espal_kinkekaart_hotell_1080x1080_Insta2.jpg\",\"datePublished\":\"2023-06-28T10:58:21+00:00\",\"dateModified\":\"2026-02-13T09:26:00+00:00\",\"description\":\"Eesti spaade kinkekaart - see on ideaalne v\u00f5imalus kinkida oma l\u00e4hedasele meeldej\u00e4\u00e4vaid elamusi ja l\u00f5\u00f5gastavaid puhkusehetki. Leia k\u00f5ige lemmikum spaa!\",\"breadcrumb\":{\"@id\":\"https:\/\/eestispaad.ee\/en\/product\/giftcard-100\/#breadcrumb\"},\"inLanguage\":\"en-US\",\"potentialAction\":[{\"@type\":\"ReadAction\",\"target\":[\"https:\/\/eestispaad.ee\/en\/product\/giftcard-100\/\"]}]},{\"@type\":\"ImageObject\",\"inLanguage\":\"en-US\",\"@id\":\"https:\/\/eestispaad.ee\/en\/product\/giftcard-100\/#primaryimage\",\"url\":\"https:\/\/eestispaad.ee\/wp-content\/uploads\/2023\/06\/espal_kinkekaart_hotell_1080x1080_Insta2.jpg\",\"contentUrl\":\"https:\/\/eestispaad.ee\/wp-content\/uploads\/2023\/06\/espal_kinkekaart_hotell_1080x1080_Insta2.jpg\",\"width\":1080,\"height\":770},{\"@type\":\"BreadcrumbList\",\"@id\":\"https:\/\/eestispaad.ee\/en\/product\/giftcard-100\/#breadcrumb\",\"itemListElement\":[{\"@type\":\"ListItem\",\"position\":1,\"name\":\"Home\",\"item\":\"https:\/\/eestispaad.ee\/en\/\"},{\"@type\":\"ListItem\",\"position\":2,\"name\":\"Shop\",\"item\":\"https:\/\/eestispaad.ee\/en\/shop-2\/\"},{\"@type\":\"ListItem\",\"position\":3,\"name\":\"Gift card 100\u20ac\"}]},{\"@type\":\"WebSite\",\"@id\":\"https:\/\/eestispaad.ee\/#website\",\"url\":\"https:\/\/eestispaad.ee\/\",\"name\":\"Eesti spaad\",\"description\":\"\",\"publisher\":{\"@id\":\"https:\/\/eestispaad.ee\/#organization\"},\"potentialAction\":[{\"@type\":\"SearchAction\",\"target\":{\"@type\":\"EntryPoint\",\"urlTemplate\":\"https:\/\/eestispaad.ee\/?s={search_term_string}\"},\"query-input\":{\"@type\":\"PropertyValueSpecification\",\"valueRequired\":true,\"valueName\":\"search_term_string\"}}],\"inLanguage\":\"en-US\"},{\"@type\":\"Organization\",\"@id\":\"https:\/\/eestispaad.ee\/#organization\",\"name\":\"Eesti spaad\",\"url\":\"https:\/\/eestispaad.ee\/\",\"logo\":{\"@type\":\"ImageObject\",\"inLanguage\":\"en-US\",\"@id\":\"https:\/\/eestispaad.ee\/#\/schema\/logo\/image\/\",\"url\":\"https:\/\/eestispaad.ee\/wp-content\/uploads\/2023\/12\/Screenshot-2023-12-09-at-21.42.51.png\",\"contentUrl\":\"https:\/\/eestispaad.ee\/wp-content\/uploads\/2023\/12\/Screenshot-2023-12-09-at-21.42.51.png\",\"width\":2130,\"height\":396,\"caption\":\"Eesti spaad\"},\"image\":{\"@id\":\"https:\/\/eestispaad.ee\/#\/schema\/logo\/image\/\"},\"sameAs\":[\"https:\/\/www.facebook.com\/estonianspas\"]}]}<\/script>\n<!-- \/ Yoast SEO plugin. -->","yoast_head_json":{"title":"Gift card 100\u20ac spaahotellidele \u00fcle Eesti - Eestispaad","description":"Eesti spaade kinkekaart - see on ideaalne v\u00f5imalus kinkida oma l\u00e4hedasele meeldej\u00e4\u00e4vaid elamusi ja l\u00f5\u00f5gastavaid puhkusehetki. Leia k\u00f5ige lemmikum spaa!","robots":{"index":"index","follow":"follow","max-snippet":"max-snippet:-1","max-image-preview":"max-image-preview:large","max-video-preview":"max-video-preview:-1"},"canonical":"https:\/\/eestispaad.ee\/en\/product\/giftcard-100\/","og_locale":"en_US","og_type":"article","og_title":"Gift card 100\u20ac spaahotellidele \u00fcle Eesti - Eestispaad","og_description":"Eesti spaade kinkekaart - see on ideaalne v\u00f5imalus kinkida oma l\u00e4hedasele meeldej\u00e4\u00e4vaid elamusi ja l\u00f5\u00f5gastavaid puhkusehetki. Leia k\u00f5ige lemmikum spaa!","og_url":"https:\/\/eestispaad.ee\/en\/product\/giftcard-100\/","og_site_name":"Eestispaad","article_publisher":"https:\/\/www.facebook.com\/estonianspas","article_modified_time":"2026-02-13T09:26:00+00:00","og_image":[{"width":1080,"height":770,"url":"https:\/\/eestispaad.ee\/wp-content\/uploads\/2023\/06\/espal_kinkekaart_hotell_1080x1080_Insta2.jpg","type":"image\/jpeg"}],"twitter_card":"summary_large_image","twitter_misc":{"Est. reading time":"2 minutes"},"schema":{"@context":"https:\/\/schema.org","@graph":[{"@type":"WebPage","@id":"https:\/\/eestispaad.ee\/en\/product\/giftcard-100\/","url":"https:\/\/eestispaad.ee\/en\/product\/giftcard-100\/","name":"Gift card 100\u20ac spaahotellidele \u00fcle Eesti - Eestispaad","isPartOf":{"@id":"https:\/\/eestispaad.ee\/#website"},"primaryImageOfPage":{"@id":"https:\/\/eestispaad.ee\/en\/product\/giftcard-100\/#primaryimage"},"image":{"@id":"https:\/\/eestispaad.ee\/en\/product\/giftcard-100\/#primaryimage"},"thumbnailUrl":"https:\/\/eestispaad.ee\/wp-content\/uploads\/2023\/06\/espal_kinkekaart_hotell_1080x1080_Insta2.jpg","datePublished":"2023-06-28T10:58:21+00:00","dateModified":"2026-02-13T09:26:00+00:00","description":"Eesti spaade kinkekaart - see on ideaalne v\u00f5imalus kinkida oma l\u00e4hedasele meeldej\u00e4\u00e4vaid elamusi ja l\u00f5\u00f5gastavaid puhkusehetki. Leia k\u00f5ige lemmikum spaa!","breadcrumb":{"@id":"https:\/\/eestispaad.ee\/en\/product\/giftcard-100\/#breadcrumb"},"inLanguage":"en-US","potentialAction":[{"@type":"ReadAction","target":["https:\/\/eestispaad.ee\/en\/product\/giftcard-100\/"]}]},{"@type":"ImageObject","inLanguage":"en-US","@id":"https:\/\/eestispaad.ee\/en\/product\/giftcard-100\/#primaryimage","url":"https:\/\/eestispaad.ee\/wp-content\/uploads\/2023\/06\/espal_kinkekaart_hotell_1080x1080_Insta2.jpg","contentUrl":"https:\/\/eestispaad.ee\/wp-content\/uploads\/2023\/06\/espal_kinkekaart_hotell_1080x1080_Insta2.jpg","width":1080,"height":770},{"@type":"BreadcrumbList","@id":"https:\/\/eestispaad.ee\/en\/product\/giftcard-100\/#breadcrumb","itemListElement":[{"@type":"ListItem","position":1,"name":"Home","item":"https:\/\/eestispaad.ee\/en\/"},{"@type":"ListItem","position":2,"name":"Shop","item":"https:\/\/eestispaad.ee\/en\/shop-2\/"},{"@type":"ListItem","position":3,"name":"Gift card 100\u20ac"}]},{"@type":"WebSite","@id":"https:\/\/eestispaad.ee\/#website","url":"https:\/\/eestispaad.ee\/","name":"Eesti spaad","description":"","publisher":{"@id":"https:\/\/eestispaad.ee\/#organization"},"potentialAction":[{"@type":"SearchAction","target":{"@type":"EntryPoint","urlTemplate":"https:\/\/eestispaad.ee\/?s={search_term_string}"},"query-input":{"@type":"PropertyValueSpecification","valueRequired":true,"valueName":"search_term_string"}}],"inLanguage":"en-US"},{"@type":"Organization","@id":"https:\/\/eestispaad.ee\/#organization","name":"Eesti spaad","url":"https:\/\/eestispaad.ee\/","logo":{"@type":"ImageObject","inLanguage":"en-US","@id":"https:\/\/eestispaad.ee\/#\/schema\/logo\/image\/","url":"https:\/\/eestispaad.ee\/wp-content\/uploads\/2023\/12\/Screenshot-2023-12-09-at-21.42.51.png","contentUrl":"https:\/\/eestispaad.ee\/wp-content\/uploads\/2023\/12\/Screenshot-2023-12-09-at-21.42.51.png","width":2130,"height":396,"caption":"Eesti spaad"},"image":{"@id":"https:\/\/eestispaad.ee\/#\/schema\/logo\/image\/"},"sameAs":["https:\/\/www.facebook.com\/estonianspas"]}]}},"_links":{"self":[{"href":"https:\/\/eestispaad.ee\/en\/wp-json\/wp\/v2\/product\/8690","targetHints":{"allow":["GET"]}}],"collection":[{"href":"https:\/\/eestispaad.ee\/en\/wp-json\/wp\/v2\/product"}],"about":[{"href":"https:\/\/eestispaad.ee\/en\/wp-json\/wp\/v2\/types\/product"}],"replies":[{"embeddable":true,"href":"https:\/\/eestispaad.ee\/en\/wp-json\/wp\/v2\/comments?post=8690"}],"wp:featuredmedia":[{"embeddable":true,"href":"https:\/\/eestispaad.ee\/en\/wp-json\/wp\/v2\/media\/6126"}],"wp:attachment":[{"href":"https:\/\/eestispaad.ee\/en\/wp-json\/wp\/v2\/media?parent=8690"}],"wp:term":[{"taxonomy":"product_brand","embeddable":true,"href":"https:\/\/eestispaad.ee\/en\/wp-json\/wp\/v2\/product_brand?post=8690"},{"taxonomy":"product_cat","embeddable":true,"href":"https:\/\/eestispaad.ee\/en\/wp-json\/wp\/v2\/product_cat?post=8690"},{"taxonomy":"product_tag","embeddable":true,"href":"https:\/\/eestispaad.ee\/en\/wp-json\/wp\/v2\/product_tag?post=8690"}],"curies":[{"name":"wp","href":"https:\/\/api.w.org\/{rel}","templated":true}]}}