{"id":1077,"date":"2023-01-25T13:40:41","date_gmt":"2023-01-25T11:40:41","guid":{"rendered":"https:\/\/test-eestispaad.miriada.ee\/privacy-policy\/"},"modified":"2023-10-09T16:20:12","modified_gmt":"2023-10-09T13:20:12","slug":"privacy-policy","status":"publish","type":"page","link":"https:\/\/eestispaad.ee\/en\/privacy-policy\/","title":{"rendered":"Privacy policy"},"content":{"rendered":"\n<h2 class=\"wp-block-heading\">Andmete T\u00f6\u00f6tlemise ja K\u00fcpsiste Kasutamise P\u00f5him\u00f5tted<\/h2>\n\n\n\n<p><strong>1. ANDMETE T\u00d6\u00d6TLEMISE P\u00d5HIM\u00d5TTED<\/strong><\/p>\n\n\n\n<p>1.1. Andmete t\u00f6\u00f6tlemise p\u00f5him\u00f5tted kehtivad Eesti Spaaliidu veebilehe Kasutajatele.<\/p>\n\n\n\n<p>Meie ettev\u00f5tja t\u00f6\u00f6tleb isikuandmeid ainult Teile teenuse osutamiseks (spaapaketi broneerimiseks v\u00f5i uudiskirjaga liitumiseks). Me ei edasta, m\u00fc\u00fc ega avalikusta Teie andmeid kolmandatele osapooltele ilma Teie eelneva n\u00f5usolekuta v\u00f5i seaduses s\u00e4testatud juhtudel.<\/p>\n\n\n\n<p><strong>Andmete kogumine<\/strong><\/p>\n\n\n\n<p><strong>Andmeid kogume spaapaketi broneerimise vormi t\u00e4itmisel.<\/strong><\/p>\n\n\n\n<p>1.2. Vormide t\u00e4itmisel jagunevad Tellija poolt esitamisele kuuluvad andmed kohustuslikeks ning vabatahtlikult edastatavateks andmeteks.<br>1.3. Kohustuslikult tuleb Tellijal edastada j\u00e4rgmised andmeid:<br>1.3.1. Nimi \u2013 vajalik broneeringu t\u00e4itmiseks ja tagamiseks;<br>1.3.2. E-posti aadress \u2013 vajalik broneeringu t\u00e4itmiseks ja vajadusel arvete esitamiseks;<br>1.3.3.&nbsp; Riik \u2013&nbsp;vajalik broneeringu t\u00e4itmiseks ja tagamiseks.<\/p>\n\n\n\n<p><strong>Emailiga liitmumisel andmete kogumine<\/strong><\/p>\n\n\n\n<p>1.4. Kohustuslikult tuleb Tellijal edastada j\u00e4rgmised andmeid:<br>1.4.1. Kohustuslik on e-mailiga liitumisel e-maili aadressi ning nime sisestamine.<br>1.5. Antud eraldi n\u00f5usolek andmete edastamisega on Tellija andnud n\u00f5usoleku oma kontaktandmete kasutamiseks otseturunduse eesm\u00e4rgil, st talle edastatakse turundusliku iseloomuga teadaandeid tema poolt antud kontaktandmeid kasutades.<br>1.6. Tellijal on igal ajal \u00f5igus otseturunduslikel eesm\u00e4rkidel saadetavate teadaannete saamisest loobuda. Juhend kommertsteadannetest loobumiseks on lisatud igale kommertsteadandele.<br>1.7. Tellija andmete vastutav t\u00f6\u00f6tleja on Eesti Spaaliit<em>,&nbsp;<\/em>registrikood 80002119, asukoht Sadama 9\/11, Haapsalu 90502, Eesti.<\/p>\n\n\n\n<p><strong>Andmete s\u00e4ilitamise aeg<\/strong><\/p>\n\n\n\n<p>1.8. Eesti Spaaliit s\u00e4ilitab andmeid nii kaua, kui neid on vaja andmete kasutamise eesm\u00e4rgi saavutamiseks v\u00f5i seadusest tulenevate n\u00f5ude aegumist\u00e4htaegade saabumiseni ja seadusest tuleneva dokumendi s\u00e4ilitust\u00e4htaja saabumiseni (vastavalt k\u00e4ibemaksuseadusele ning raamatupidamise seadusele 7 aastat).<\/p>\n\n\n\n<p><strong>Kliendi \u00f5igused andmete kasutamisega seoses<\/strong><\/p>\n\n\n\n<p>1.9. Tellijal on \u00f5igus saada Eesti Spaaliidu teavet enda andmete kasutamise kohta seaduses s\u00e4testatud korras ja ulatuses;<br>1.10. Tellijal on \u00f5igus n\u00f5uda Eesti Spaaliidult enda andmete kasutamise l\u00f5petamist ning andmete parandamist, sulgemist ja kustutamist;<br>1.11. Tellijal on \u00f5igus n\u00f5ustuda v\u00f5i keelata oma andmete kasutamine otseturunduseks v\u00f5i turunduslikel eesm\u00e4rkidel;<br>1.12. Tellijal on \u00f5igus p\u00f6\u00f6rduda oma \u00f5iguste kaitseks Andmekaitse Inspektsiooni ja kohtu poole.<br>1.13. K\u00f5iki isikuandmeid puudutavate k\u00fcsimuste korral on Teil \u00f5igus saata meile e-kiri&nbsp;<a href=\"mailto:info@estonianspas.eu\">info@estonianspas.eu<\/a>&nbsp;v\u00f5i helistada numbril +372 508 4020.<\/p>\n\n\n\n<p><strong>2. K\u00dcPSISTE KASUTAMISE P\u00d5HIM\u00d5TTED<\/strong><\/p>\n\n\n\n<p><strong>K\u00fcpsiste kasutamine<\/strong><\/p>\n\n\n\n<p>2.1. Kasutajate paremaks teenindamiseks kasutavad Eesti Spaaliidu veebilehed k\u00fcpsiseid ehk cookie\u2019sid.<br>2.2. Eesti Spaaliidule kuuluvad domeenid v\u00f5ivad muuhulgas sisaldada elementi, mis salvestavad k\u00fcpsiseid kolmandate isikute nimel.<\/p>\n\n\n\n<p><strong>K\u00fcpsistest keeldumine<\/strong><\/p>\n\n\n\n<p>2.3. Kasutajal on \u00f5igus keelduda k\u00fcpsiste salvestamisest arvutisse. Vastava soovi korral peab Tellija muutma oma veebilehitseja seadeid.<br>2.4. Eri t\u00fc\u00fcpi veebilehitsejad kasutavad k\u00fcpsiste keelamiseks erinevaid meetodeid. T\u00e4psem informatsioon on kuvatud veebilehel&nbsp;<a href=\"http:\/\/www.aki.ee\/et\/kupsised\" target=\"_blank\" rel=\"noreferrer noopener\">http:\/\/www.aki.ee\/et\/kupsised<\/a>&nbsp;v\u00f5i inglisekeelsel lehel&nbsp;<a href=\"http:\/\/www.allaboutcookies.org\/\" target=\"_blank\" rel=\"noreferrer noopener\">http:\/\/www.allaboutcookies.org\/<\/a>.<br>2.5. K\u00fcpsiste blokeerimisel peab Kasutaja arvestama, et k\u00f5ik veebilehe funktsioonid ei pruugi p\u00e4rast k\u00fcpsiste blokeerimist enam Kasutajale k\u00e4ttesaadavad olla.<\/p>\n\n\n\n<p><strong>Mis k\u00fcpsis ehk cookie?<\/strong><\/p>\n\n\n\n<p>2.6. K\u00fcpsis on tekstifail, mille saadavad ja salvestavad Kasutaja arvutisse veebilehed, mida kasutaja k\u00fclastab. K\u00fcpsis salvestatakse Kasutaja veebilehitseja failikataloogis. Juhul kui Kasutaja on veebilehte varem k\u00fclastanud, loeb veebilehitseja k\u00fcpsist ning edastab vastava teabe veebilehele v\u00f5i elemendile, mis k\u00fcpsise algul salvestas. Lisateave k\u00fcpsiste kohta on k\u00e4ttesaadav veebilehel&nbsp;<a href=\"http:\/\/www.aki.ee\/et\/kupsised\" target=\"_blank\" rel=\"noreferrer noopener\">www.aki.ee\/et\/kupsised<\/a>&nbsp;v\u00f5i inglisekeelsel lehel&nbsp;<a href=\"http:\/\/www.allaboutcookies.org\/\" target=\"_blank\" rel=\"noreferrer noopener\">http:\/\/www.allaboutcookies.org\/<\/a>.<br>2.7. K\u00fcpsised v\u00f5imaldavad j\u00e4lgida veebilehe kasutusstatistikat, rubriikide populaarsust ning muid veebilehel tehtavatest toiminguid. K\u00fcpsisest saadavat teavet kasutatakse veebilehe kasutusmugavuse ja sisu parandamise eesm\u00e4rgil.<\/p>\n\n\n\n<p><strong>Veebilehel kasutatavate k\u00fcpsiste t\u00fc\u00fcbid<\/strong><\/p>\n\n\n\n<p>2.8. P\u00fcsik\u00fcpsised on h\u00e4davajalikud veebilehel ringi liikumiseks ja selle funktsioonide kasutamiseks. P\u00fcsik\u00fcpsiste puudumisel ei saaks Kasutaja kasutada k\u00f5iki veebilehe funktsioone.<br>2.9. Sessioonik\u00fcpsised v\u00f5imaldavad veebilehel meelde j\u00e4tta Kasutaja poolt tehtud varasemaid valikud (n\u00e4iteks kasutajanimi, keelevalik jne) ning seel\u00e4bi pakkuda t\u00f5husamaid ja isikup\u00e4rasemaid funktsioone.<br>2.10. J\u00e4lgimisk\u00fcpsised koguvad andmeid Kasutaja k\u00e4itumisest veebilehel. J\u00e4lgimisk\u00fcpsisest saadav informatsioon v\u00f5imaldab t\u00f5sta veebilehe kasutusmugavust.<\/p>\n","protected":false},"excerpt":{"rendered":"<p>Andmete T\u00f6\u00f6tlemise ja K\u00fcpsiste Kasutamise P\u00f5him\u00f5tted 1. ANDMETE T\u00d6\u00d6TLEMISE P\u00d5HIM\u00d5TTED 1.1. Andmete t\u00f6\u00f6tlemise p\u00f5him\u00f5tted kehtivad Eesti Spaaliidu veebilehe Kasutajatele. Meie ettev\u00f5tja t\u00f6\u00f6tleb isikuandmeid ainult Teile teenuse osutamiseks (spaapaketi broneerimiseks v\u00f5i uudiskirjaga liitumiseks). Me ei edasta, m\u00fc\u00fc ega avalikusta Teie andmeid kolmandatele osapooltele ilma Teie eelneva n\u00f5usolekuta v\u00f5i seaduses s\u00e4testatud juhtudel. Andmete kogumine Andmeid kogume spaapaketi [&hellip;]<\/p>\n","protected":false},"author":1,"featured_media":0,"parent":0,"menu_order":0,"comment_status":"closed","ping_status":"open","template":"","meta":{"footnotes":""},"class_list":["post-1077","page","type-page","status-publish","hentry"],"acf":[],"yoast_head":"<!-- This site is optimized with the Yoast SEO plugin v26.8 - https:\/\/yoast.com\/product\/yoast-seo-wordpress\/ -->\n<title>Privacy policy - Eestispaad<\/title>\n<meta name=\"robots\" content=\"index, follow, max-snippet:-1, max-image-preview:large, max-video-preview:-1\" \/>\n<link rel=\"canonical\" href=\"https:\/\/eestispaad.ee\/privacy-policy\/\" \/>\n<meta property=\"og:locale\" content=\"en_US\" \/>\n<meta property=\"og:type\" content=\"article\" \/>\n<meta property=\"og:title\" content=\"Privacy policy - Eestispaad\" \/>\n<meta property=\"og:description\" content=\"Andmete T\u00f6\u00f6tlemise ja K\u00fcpsiste Kasutamise P\u00f5him\u00f5tted 1. ANDMETE T\u00d6\u00d6TLEMISE P\u00d5HIM\u00d5TTED 1.1. Andmete t\u00f6\u00f6tlemise p\u00f5him\u00f5tted kehtivad Eesti Spaaliidu veebilehe Kasutajatele. Meie ettev\u00f5tja t\u00f6\u00f6tleb isikuandmeid ainult Teile teenuse osutamiseks (spaapaketi broneerimiseks v\u00f5i uudiskirjaga liitumiseks). Me ei edasta, m\u00fc\u00fc ega avalikusta Teie andmeid kolmandatele osapooltele ilma Teie eelneva n\u00f5usolekuta v\u00f5i seaduses s\u00e4testatud juhtudel. Andmete kogumine Andmeid kogume spaapaketi [&hellip;]\" \/>\n<meta property=\"og:url\" content=\"https:\/\/eestispaad.ee\/privacy-policy\/\" \/>\n<meta property=\"og:site_name\" content=\"Eestispaad\" \/>\n<meta property=\"article:publisher\" content=\"https:\/\/www.facebook.com\/estonianspas\" \/>\n<meta property=\"article:modified_time\" content=\"2023-10-09T13:20:12+00:00\" \/>\n<meta name=\"twitter:card\" content=\"summary_large_image\" \/>\n<meta name=\"twitter:label1\" content=\"Est. reading time\" \/>\n\t<meta name=\"twitter:data1\" content=\"3 minutes\" \/>\n<script type=\"application\/ld+json\" class=\"yoast-schema-graph\">{\"@context\":\"https:\/\/schema.org\",\"@graph\":[{\"@type\":\"WebPage\",\"@id\":\"https:\/\/eestispaad.ee\/privacy-policy\/\",\"url\":\"https:\/\/eestispaad.ee\/privacy-policy\/\",\"name\":\"Privacy policy - Eestispaad\",\"isPartOf\":{\"@id\":\"https:\/\/eestispaad.ee\/#website\"},\"datePublished\":\"2023-01-25T11:40:41+00:00\",\"dateModified\":\"2023-10-09T13:20:12+00:00\",\"breadcrumb\":{\"@id\":\"https:\/\/eestispaad.ee\/privacy-policy\/#breadcrumb\"},\"inLanguage\":\"en-US\",\"potentialAction\":[{\"@type\":\"ReadAction\",\"target\":[\"https:\/\/eestispaad.ee\/privacy-policy\/\"]}]},{\"@type\":\"BreadcrumbList\",\"@id\":\"https:\/\/eestispaad.ee\/privacy-policy\/#breadcrumb\",\"itemListElement\":[{\"@type\":\"ListItem\",\"position\":1,\"name\":\"Home\",\"item\":\"https:\/\/eestispaad.ee\/en\/\"},{\"@type\":\"ListItem\",\"position\":2,\"name\":\"Privacy policy\"}]},{\"@type\":\"WebSite\",\"@id\":\"https:\/\/eestispaad.ee\/#website\",\"url\":\"https:\/\/eestispaad.ee\/\",\"name\":\"Eesti spaad\",\"description\":\"\",\"publisher\":{\"@id\":\"https:\/\/eestispaad.ee\/#organization\"},\"potentialAction\":[{\"@type\":\"SearchAction\",\"target\":{\"@type\":\"EntryPoint\",\"urlTemplate\":\"https:\/\/eestispaad.ee\/?s={search_term_string}\"},\"query-input\":{\"@type\":\"PropertyValueSpecification\",\"valueRequired\":true,\"valueName\":\"search_term_string\"}}],\"inLanguage\":\"en-US\"},{\"@type\":\"Organization\",\"@id\":\"https:\/\/eestispaad.ee\/#organization\",\"name\":\"Eesti spaad\",\"url\":\"https:\/\/eestispaad.ee\/\",\"logo\":{\"@type\":\"ImageObject\",\"inLanguage\":\"en-US\",\"@id\":\"https:\/\/eestispaad.ee\/#\/schema\/logo\/image\/\",\"url\":\"https:\/\/eestispaad.ee\/wp-content\/uploads\/2023\/12\/Screenshot-2023-12-09-at-21.42.51.png\",\"contentUrl\":\"https:\/\/eestispaad.ee\/wp-content\/uploads\/2023\/12\/Screenshot-2023-12-09-at-21.42.51.png\",\"width\":2130,\"height\":396,\"caption\":\"Eesti spaad\"},\"image\":{\"@id\":\"https:\/\/eestispaad.ee\/#\/schema\/logo\/image\/\"},\"sameAs\":[\"https:\/\/www.facebook.com\/estonianspas\"]}]}<\/script>\n<!-- \/ Yoast SEO plugin. -->","yoast_head_json":{"title":"Privacy policy - Eestispaad","robots":{"index":"index","follow":"follow","max-snippet":"max-snippet:-1","max-image-preview":"max-image-preview:large","max-video-preview":"max-video-preview:-1"},"canonical":"https:\/\/eestispaad.ee\/privacy-policy\/","og_locale":"en_US","og_type":"article","og_title":"Privacy policy - Eestispaad","og_description":"Andmete T\u00f6\u00f6tlemise ja K\u00fcpsiste Kasutamise P\u00f5him\u00f5tted 1. ANDMETE T\u00d6\u00d6TLEMISE P\u00d5HIM\u00d5TTED 1.1. Andmete t\u00f6\u00f6tlemise p\u00f5him\u00f5tted kehtivad Eesti Spaaliidu veebilehe Kasutajatele. Meie ettev\u00f5tja t\u00f6\u00f6tleb isikuandmeid ainult Teile teenuse osutamiseks (spaapaketi broneerimiseks v\u00f5i uudiskirjaga liitumiseks). Me ei edasta, m\u00fc\u00fc ega avalikusta Teie andmeid kolmandatele osapooltele ilma Teie eelneva n\u00f5usolekuta v\u00f5i seaduses s\u00e4testatud juhtudel. Andmete kogumine Andmeid kogume spaapaketi [&hellip;]","og_url":"https:\/\/eestispaad.ee\/privacy-policy\/","og_site_name":"Eestispaad","article_publisher":"https:\/\/www.facebook.com\/estonianspas","article_modified_time":"2023-10-09T13:20:12+00:00","twitter_card":"summary_large_image","twitter_misc":{"Est. reading time":"3 minutes"},"schema":{"@context":"https:\/\/schema.org","@graph":[{"@type":"WebPage","@id":"https:\/\/eestispaad.ee\/privacy-policy\/","url":"https:\/\/eestispaad.ee\/privacy-policy\/","name":"Privacy policy - Eestispaad","isPartOf":{"@id":"https:\/\/eestispaad.ee\/#website"},"datePublished":"2023-01-25T11:40:41+00:00","dateModified":"2023-10-09T13:20:12+00:00","breadcrumb":{"@id":"https:\/\/eestispaad.ee\/privacy-policy\/#breadcrumb"},"inLanguage":"en-US","potentialAction":[{"@type":"ReadAction","target":["https:\/\/eestispaad.ee\/privacy-policy\/"]}]},{"@type":"BreadcrumbList","@id":"https:\/\/eestispaad.ee\/privacy-policy\/#breadcrumb","itemListElement":[{"@type":"ListItem","position":1,"name":"Home","item":"https:\/\/eestispaad.ee\/en\/"},{"@type":"ListItem","position":2,"name":"Privacy policy"}]},{"@type":"WebSite","@id":"https:\/\/eestispaad.ee\/#website","url":"https:\/\/eestispaad.ee\/","name":"Eesti spaad","description":"","publisher":{"@id":"https:\/\/eestispaad.ee\/#organization"},"potentialAction":[{"@type":"SearchAction","target":{"@type":"EntryPoint","urlTemplate":"https:\/\/eestispaad.ee\/?s={search_term_string}"},"query-input":{"@type":"PropertyValueSpecification","valueRequired":true,"valueName":"search_term_string"}}],"inLanguage":"en-US"},{"@type":"Organization","@id":"https:\/\/eestispaad.ee\/#organization","name":"Eesti spaad","url":"https:\/\/eestispaad.ee\/","logo":{"@type":"ImageObject","inLanguage":"en-US","@id":"https:\/\/eestispaad.ee\/#\/schema\/logo\/image\/","url":"https:\/\/eestispaad.ee\/wp-content\/uploads\/2023\/12\/Screenshot-2023-12-09-at-21.42.51.png","contentUrl":"https:\/\/eestispaad.ee\/wp-content\/uploads\/2023\/12\/Screenshot-2023-12-09-at-21.42.51.png","width":2130,"height":396,"caption":"Eesti spaad"},"image":{"@id":"https:\/\/eestispaad.ee\/#\/schema\/logo\/image\/"},"sameAs":["https:\/\/www.facebook.com\/estonianspas"]}]}},"_links":{"self":[{"href":"https:\/\/eestispaad.ee\/en\/wp-json\/wp\/v2\/pages\/1077","targetHints":{"allow":["GET"]}}],"collection":[{"href":"https:\/\/eestispaad.ee\/en\/wp-json\/wp\/v2\/pages"}],"about":[{"href":"https:\/\/eestispaad.ee\/en\/wp-json\/wp\/v2\/types\/page"}],"author":[{"embeddable":true,"href":"https:\/\/eestispaad.ee\/en\/wp-json\/wp\/v2\/users\/1"}],"replies":[{"embeddable":true,"href":"https:\/\/eestispaad.ee\/en\/wp-json\/wp\/v2\/comments?post=1077"}],"version-history":[{"count":1,"href":"https:\/\/eestispaad.ee\/en\/wp-json\/wp\/v2\/pages\/1077\/revisions"}],"predecessor-version":[{"id":1078,"href":"https:\/\/eestispaad.ee\/en\/wp-json\/wp\/v2\/pages\/1077\/revisions\/1078"}],"wp:attachment":[{"href":"https:\/\/eestispaad.ee\/en\/wp-json\/wp\/v2\/media?parent=1077"}],"curies":[{"name":"wp","href":"https:\/\/api.w.org\/{rel}","templated":true}]}}