{"id":1054,"date":"2023-05-22T12:50:07","date_gmt":"2023-05-22T09:50:07","guid":{"rendered":"https:\/\/test-eestispaad.miriada.ee\/meist\/"},"modified":"2023-10-09T16:07:12","modified_gmt":"2023-10-09T13:07:12","slug":"meist","status":"publish","type":"page","link":"https:\/\/eestispaad.ee\/en\/meist\/","title":{"rendered":"About us"},"content":{"rendered":"\n<h2 class=\"wp-block-heading\">Spaa traditsioonid<\/h2>\n\n\n\n<p>Kuurortide teket Eestis soodustasid siinsed heade raviomadustega mudalademed ja kohalike arstide huvi tervisemuda ning ravisupluse rakendamise v\u00f5imaluse vastu ravipraktikas. Eesti kuurordid hakkasid arenema 19. sajandi keskel, oma tegevuse t\u00e4ishoo saavutasid nad sajandivahetuseks ja nende areng toimus kuni Esimese maailmas\u00f5jani.<\/p>\n\n\n\n<p>T\u00f5uke turismi elavnemiseks andis 1870. aastatel raudtee ehitamine. Nii kujunesid Haapsalu ja Narva-J\u00f5esuu piirkonnad kiiresti Venemaa tsaari \u00f5ukonna, vene rikaste ettev\u00f5tjate ning k\u00f5rgintelligentsi eelistatumateks puhkepaikadeks. Samal ajal kujunesid kuurortlinnadeks ka P\u00e4rnu ja Kuressaare.<\/p>\n\n\n\n<p>Kuurortide areng toimus t\u00e4ie hooga ka N\u00f5ukogude ajal. Laiendati olemasolevaid raviv\u00f5imalusi ning ehitati juurde uusi ravi- ja puhkekomplekse.<\/p>\n\n\n\n<p>T\u00e4na on Eesti Spaaliitu kuuluvad ettev\u00f5tted kaasaegse sisseseade, mugavate majutusv\u00f5imalustega ja laialdaste raviv\u00f5imalustega. Lisaks ravispaa (medical spa) teenustele pakuvad ettev\u00f5tted ka heaolu (wellness) teenuseid, iluteenuseid ning mitmek\u00fclgseid vaba aja veetmise v\u00f5imalusi.<\/p>\n\n\n\n<p><strong>Usume, et meie pikaajalised kogemused spaa teenuste pakkujatena aitavad Teil taastada tervist ja hoida elukvaliteeti.<\/strong><\/p>\n\n\n\n<h1 class=\"wp-block-heading\">This is heading 1<\/h1>\n\n\n\n<h2 class=\"wp-block-heading\">This is heading 2<\/h2>\n\n\n\n<h3 class=\"wp-block-heading\">This is heading 3<\/h3>\n\n\n\n<h4 class=\"wp-block-heading\">This is heading 4<\/h4>\n\n\n\n<p>This is a paragraph<\/p>\n\n\n\n<p>This is a second paragraph<\/p>\n\n\n\n<p><u>This text is underlined<\/u><\/p>\n\n\n\n<p><a href=\"http:\/\/www.google.com\" data-type=\"URL\" data-id=\"www.google.com\" target=\"_blank\" rel=\"noreferrer noopener\">This is a link<\/a><\/p>\n\n\n\n<p><strong>This is bold<\/strong><\/p>\n\n\n\n<ul class=\"wp-block-list\">\n<li>This is bullet list<\/li>\n\n\n\n<li>Another bullet<\/li>\n<\/ul>\n\n\n\n<ol class=\"wp-block-list\">\n<li>This is numbered list<\/li>\n\n\n\n<li>Another numbered<\/li>\n\n\n\n<li>And another<\/li>\n<\/ol>\n\n\n\n<p><\/p>\n","protected":false},"excerpt":{"rendered":"<p>Spaa traditsioonid Kuurortide teket Eestis soodustasid siinsed heade raviomadustega mudalademed ja kohalike arstide huvi tervisemuda ning ravisupluse rakendamise v\u00f5imaluse vastu ravipraktikas. Eesti kuurordid hakkasid arenema 19. sajandi keskel, oma tegevuse t\u00e4ishoo saavutasid nad sajandivahetuseks ja nende areng toimus kuni Esimese maailmas\u00f5jani. T\u00f5uke turismi elavnemiseks andis 1870. aastatel raudtee ehitamine. Nii kujunesid Haapsalu ja Narva-J\u00f5esuu piirkonnad [&hellip;]<\/p>\n","protected":false},"author":1,"featured_media":0,"parent":0,"menu_order":0,"comment_status":"closed","ping_status":"closed","template":"","meta":{"footnotes":""},"class_list":["post-1054","page","type-page","status-publish","hentry"],"acf":[],"yoast_head":"<!-- This site is optimized with the Yoast SEO plugin v26.8 - https:\/\/yoast.com\/product\/yoast-seo-wordpress\/ -->\n<title>About us - Eestispaad<\/title>\n<meta name=\"robots\" content=\"index, follow, max-snippet:-1, max-image-preview:large, max-video-preview:-1\" \/>\n<link rel=\"canonical\" href=\"https:\/\/eestispaad.ee\/meist\/\" \/>\n<meta property=\"og:locale\" content=\"en_US\" \/>\n<meta property=\"og:type\" content=\"article\" \/>\n<meta property=\"og:title\" content=\"About us - Eestispaad\" \/>\n<meta property=\"og:description\" content=\"Spaa traditsioonid Kuurortide teket Eestis soodustasid siinsed heade raviomadustega mudalademed ja kohalike arstide huvi tervisemuda ning ravisupluse rakendamise v\u00f5imaluse vastu ravipraktikas. Eesti kuurordid hakkasid arenema 19. sajandi keskel, oma tegevuse t\u00e4ishoo saavutasid nad sajandivahetuseks ja nende areng toimus kuni Esimese maailmas\u00f5jani. T\u00f5uke turismi elavnemiseks andis 1870. aastatel raudtee ehitamine. Nii kujunesid Haapsalu ja Narva-J\u00f5esuu piirkonnad [&hellip;]\" \/>\n<meta property=\"og:url\" content=\"https:\/\/eestispaad.ee\/meist\/\" \/>\n<meta property=\"og:site_name\" content=\"Eestispaad\" \/>\n<meta property=\"article:publisher\" content=\"https:\/\/www.facebook.com\/estonianspas\" \/>\n<meta property=\"article:modified_time\" content=\"2023-10-09T13:07:12+00:00\" \/>\n<meta name=\"twitter:card\" content=\"summary_large_image\" \/>\n<meta name=\"twitter:label1\" content=\"Est. reading time\" \/>\n\t<meta name=\"twitter:data1\" content=\"1 minute\" \/>\n<script type=\"application\/ld+json\" class=\"yoast-schema-graph\">{\"@context\":\"https:\/\/schema.org\",\"@graph\":[{\"@type\":\"WebPage\",\"@id\":\"https:\/\/eestispaad.ee\/meist\/\",\"url\":\"https:\/\/eestispaad.ee\/meist\/\",\"name\":\"About us - Eestispaad\",\"isPartOf\":{\"@id\":\"https:\/\/eestispaad.ee\/#website\"},\"datePublished\":\"2023-05-22T09:50:07+00:00\",\"dateModified\":\"2023-10-09T13:07:12+00:00\",\"breadcrumb\":{\"@id\":\"https:\/\/eestispaad.ee\/meist\/#breadcrumb\"},\"inLanguage\":\"en-US\",\"potentialAction\":[{\"@type\":\"ReadAction\",\"target\":[\"https:\/\/eestispaad.ee\/meist\/\"]}]},{\"@type\":\"BreadcrumbList\",\"@id\":\"https:\/\/eestispaad.ee\/meist\/#breadcrumb\",\"itemListElement\":[{\"@type\":\"ListItem\",\"position\":1,\"name\":\"Home\",\"item\":\"https:\/\/eestispaad.ee\/en\/\"},{\"@type\":\"ListItem\",\"position\":2,\"name\":\"About us\"}]},{\"@type\":\"WebSite\",\"@id\":\"https:\/\/eestispaad.ee\/#website\",\"url\":\"https:\/\/eestispaad.ee\/\",\"name\":\"Eesti spaad\",\"description\":\"\",\"publisher\":{\"@id\":\"https:\/\/eestispaad.ee\/#organization\"},\"potentialAction\":[{\"@type\":\"SearchAction\",\"target\":{\"@type\":\"EntryPoint\",\"urlTemplate\":\"https:\/\/eestispaad.ee\/?s={search_term_string}\"},\"query-input\":{\"@type\":\"PropertyValueSpecification\",\"valueRequired\":true,\"valueName\":\"search_term_string\"}}],\"inLanguage\":\"en-US\"},{\"@type\":\"Organization\",\"@id\":\"https:\/\/eestispaad.ee\/#organization\",\"name\":\"Eesti spaad\",\"url\":\"https:\/\/eestispaad.ee\/\",\"logo\":{\"@type\":\"ImageObject\",\"inLanguage\":\"en-US\",\"@id\":\"https:\/\/eestispaad.ee\/#\/schema\/logo\/image\/\",\"url\":\"https:\/\/eestispaad.ee\/wp-content\/uploads\/2023\/12\/Screenshot-2023-12-09-at-21.42.51.png\",\"contentUrl\":\"https:\/\/eestispaad.ee\/wp-content\/uploads\/2023\/12\/Screenshot-2023-12-09-at-21.42.51.png\",\"width\":2130,\"height\":396,\"caption\":\"Eesti spaad\"},\"image\":{\"@id\":\"https:\/\/eestispaad.ee\/#\/schema\/logo\/image\/\"},\"sameAs\":[\"https:\/\/www.facebook.com\/estonianspas\"]}]}<\/script>\n<!-- \/ Yoast SEO plugin. -->","yoast_head_json":{"title":"About us - Eestispaad","robots":{"index":"index","follow":"follow","max-snippet":"max-snippet:-1","max-image-preview":"max-image-preview:large","max-video-preview":"max-video-preview:-1"},"canonical":"https:\/\/eestispaad.ee\/meist\/","og_locale":"en_US","og_type":"article","og_title":"About us - Eestispaad","og_description":"Spaa traditsioonid Kuurortide teket Eestis soodustasid siinsed heade raviomadustega mudalademed ja kohalike arstide huvi tervisemuda ning ravisupluse rakendamise v\u00f5imaluse vastu ravipraktikas. Eesti kuurordid hakkasid arenema 19. sajandi keskel, oma tegevuse t\u00e4ishoo saavutasid nad sajandivahetuseks ja nende areng toimus kuni Esimese maailmas\u00f5jani. T\u00f5uke turismi elavnemiseks andis 1870. aastatel raudtee ehitamine. Nii kujunesid Haapsalu ja Narva-J\u00f5esuu piirkonnad [&hellip;]","og_url":"https:\/\/eestispaad.ee\/meist\/","og_site_name":"Eestispaad","article_publisher":"https:\/\/www.facebook.com\/estonianspas","article_modified_time":"2023-10-09T13:07:12+00:00","twitter_card":"summary_large_image","twitter_misc":{"Est. reading time":"1 minute"},"schema":{"@context":"https:\/\/schema.org","@graph":[{"@type":"WebPage","@id":"https:\/\/eestispaad.ee\/meist\/","url":"https:\/\/eestispaad.ee\/meist\/","name":"About us - Eestispaad","isPartOf":{"@id":"https:\/\/eestispaad.ee\/#website"},"datePublished":"2023-05-22T09:50:07+00:00","dateModified":"2023-10-09T13:07:12+00:00","breadcrumb":{"@id":"https:\/\/eestispaad.ee\/meist\/#breadcrumb"},"inLanguage":"en-US","potentialAction":[{"@type":"ReadAction","target":["https:\/\/eestispaad.ee\/meist\/"]}]},{"@type":"BreadcrumbList","@id":"https:\/\/eestispaad.ee\/meist\/#breadcrumb","itemListElement":[{"@type":"ListItem","position":1,"name":"Home","item":"https:\/\/eestispaad.ee\/en\/"},{"@type":"ListItem","position":2,"name":"About us"}]},{"@type":"WebSite","@id":"https:\/\/eestispaad.ee\/#website","url":"https:\/\/eestispaad.ee\/","name":"Eesti spaad","description":"","publisher":{"@id":"https:\/\/eestispaad.ee\/#organization"},"potentialAction":[{"@type":"SearchAction","target":{"@type":"EntryPoint","urlTemplate":"https:\/\/eestispaad.ee\/?s={search_term_string}"},"query-input":{"@type":"PropertyValueSpecification","valueRequired":true,"valueName":"search_term_string"}}],"inLanguage":"en-US"},{"@type":"Organization","@id":"https:\/\/eestispaad.ee\/#organization","name":"Eesti spaad","url":"https:\/\/eestispaad.ee\/","logo":{"@type":"ImageObject","inLanguage":"en-US","@id":"https:\/\/eestispaad.ee\/#\/schema\/logo\/image\/","url":"https:\/\/eestispaad.ee\/wp-content\/uploads\/2023\/12\/Screenshot-2023-12-09-at-21.42.51.png","contentUrl":"https:\/\/eestispaad.ee\/wp-content\/uploads\/2023\/12\/Screenshot-2023-12-09-at-21.42.51.png","width":2130,"height":396,"caption":"Eesti spaad"},"image":{"@id":"https:\/\/eestispaad.ee\/#\/schema\/logo\/image\/"},"sameAs":["https:\/\/www.facebook.com\/estonianspas"]}]}},"_links":{"self":[{"href":"https:\/\/eestispaad.ee\/en\/wp-json\/wp\/v2\/pages\/1054","targetHints":{"allow":["GET"]}}],"collection":[{"href":"https:\/\/eestispaad.ee\/en\/wp-json\/wp\/v2\/pages"}],"about":[{"href":"https:\/\/eestispaad.ee\/en\/wp-json\/wp\/v2\/types\/page"}],"author":[{"embeddable":true,"href":"https:\/\/eestispaad.ee\/en\/wp-json\/wp\/v2\/users\/1"}],"replies":[{"embeddable":true,"href":"https:\/\/eestispaad.ee\/en\/wp-json\/wp\/v2\/comments?post=1054"}],"version-history":[{"count":3,"href":"https:\/\/eestispaad.ee\/en\/wp-json\/wp\/v2\/pages\/1054\/revisions"}],"predecessor-version":[{"id":1057,"href":"https:\/\/eestispaad.ee\/en\/wp-json\/wp\/v2\/pages\/1054\/revisions\/1057"}],"wp:attachment":[{"href":"https:\/\/eestispaad.ee\/en\/wp-json\/wp\/v2\/media?parent=1054"}],"curies":[{"name":"wp","href":"https:\/\/api.w.org\/{rel}","templated":true}]}}